{"id":40117,"date":"2019-06-18T10:26:32","date_gmt":"2019-06-18T08:26:32","guid":{"rendered":"https:\/\/univet.hu\/?page_id=40117"},"modified":"2023-01-20T15:00:21","modified_gmt":"2023-01-20T14:00:21","slug":"a-karpat-medencei-oshonos-haszonallatfajok-fajtak-es-okotipusok-xxi-szazadi-genbanki-strategiajanak-tudomanyos-megalapozasa-es-fejlesztese-vekop-2-3-2-16-2016-00012","status":"publish","type":"page","link":"https:\/\/univet.hu\/hu\/egyetem\/palyazati-projektek\/eu-projektek\/a-karpat-medencei-oshonos-haszonallatfajok-fajtak-es-okotipusok-xxi-szazadi-genbanki-strategiajanak-tudomanyos-megalapozasa-es-fejlesztese-vekop-2-3-2-16-2016-00012\/","title":{"rendered":"A K\u00e1rp\u00e1t-medencei \u0151shonos haszon\u00e1llatfajok"},"content":{"rendered":"<p>A p\u00e1ly\u00e1zat r\u00e9szletei:<\/p> <p><strong>Projekt k\u00f3dja:<\/strong> VEKOP-2.3.2-16-2016-00012<\/p> <p><strong>Projekt c\u00edme<\/strong>: \u201eA K\u00e1rp\u00e1t-medencei \u0151shonos haszon\u00e1llatfajok, -fajt\u00e1k \u00e9s -\u00f6kot\u00edpusok XXI. sz\u00e1zadi g\u00e9nbanki strat\u00e9gi\u00e1j\u00e1nak tudom\u00e1nyos megalapoz\u00e1sa \u00e9s fejleszt\u00e9se\u201d<\/p> <p><strong>A felh\u00edv\u00e1s c\u00e9lja a strat\u00e9giai jelent\u0151s\u00e9g\u0171, nemzetk\u00f6zi m\u00e9rt\u00e9kkel is kiemelked\u0151 kutat\u00e1si m\u0171helyek (kiv\u00e1l\u00f3s\u00e1gi k\u00f6zpontok) \u00f6n\u00e1ll\u00f3an vagy egy\u00fcttm\u0171k\u00f6d\u00e9sben v\u00e9gzett kutat\u00e1si programjainak \u00e9s a kutat\u00e1si programhoz kapcsol\u00f3d\u00f3 infrastrukt\u00fara fejleszt\u00e9seinek t\u00e1mogat\u00e1sa volt.<\/strong><\/p> <p>Egyetem\u00fcnk a Nemzeti Agr\u00e1rkutat\u00e1si \u00e9s Innov\u00e1ci\u00f3s K\u00f6zpont, valamint a Szent Istv\u00e1n Egyetem mellett konzorciumi partnerk\u00e9nt vesz r\u00e9szt a projekt megval\u00f3s\u00edt\u00e1s\u00e1ban, melynek vezet\u0151je a Haszon\u00e1llat-g\u00e9nmeg\u0151rz\u00e9si K\u00f6zpont.<strong>A 659.101.086,- Ft \u00f6sszeg\u0171 t\u00e1mogat\u00e1sb\u00f3l egyetem\u00fcnk 100.156.500,- Ft-ot ford\u00edthat a szakmai munk\u00e1ra,<\/strong>\u00a0amelyben az \u00c1llatteny\u00e9szt\u00e9si, Takarm\u00e1nyoz\u00e1stani \u00e9s Labor\u00e1llat-tudom\u00e1nyi Tansz\u00e9k, illetve a Sz\u00fcl\u00e9szeti Tansz\u00e9k \u00e9s Haszon\u00e1llat-Gy\u00f3gy\u00e1szati Klinika munkat\u00e1rsai vesznek r\u00e9szt.<\/p> <p><strong>A projekt megval\u00f3s\u00edt\u00e1s\u00e1nak kezdete: <\/strong>2017. 07. 03.<\/p> <p><strong>A projekt fizikai befejez\u00e9s\u00e9nek hat\u00e1rideje: <\/strong>2022. 01. 06.<\/p> <p><strong>A megval\u00f3s\u00edtani tervezett eredm\u00e9nyek:<\/strong><\/p> <ul> <li>Virtu\u00e1lis g\u00e9nbankok \u00e9s 3D modellek t\u00f6bb \u00e1llatfajban,<\/li> <li>Haszon\u00e1llat-nukleusz \u00e1llom\u00e1nyok g\u00e9nbanki fejleszt\u00e9se \u00faj m\u00f3dszerekkel (fejleszt\u00e9s \u00e9s meg\u0151rz\u00e9s egyedi fenot\u00edpusos \u00e9s genot\u00edpusos vizsg\u00e1latok alapj\u00e1n)<\/li> <li>A mikroplazma fert\u0151z\u00e9s ond\u00f3mentes\u00edt\u00e9si lehet\u0151s\u00e9g\u00e9nek kidolgoz\u00e1sa l\u00fadban<\/li> <li>Ond\u00f3kezel\u00e9si m\u00f3dszer felhaszn\u00e1l\u00e1sa az ond\u00f3mint\u00e1k k\u00f3rokoz\u00f3kt\u00f3l val\u00f3 mentes\u00edt\u00e9s\u00e9re, kutya kriobank kialak\u00edt\u00e1sa<\/li> <li>In vivo haszon\u00e1llat-\u00e1llom\u00e1nyok fejleszt\u00e9se; genetikai mint\u00e1k gy\u0171jt\u00e9se (kutya \u00e9s m\u00e1s fajok ond\u00f3m\u00e9lyh\u0171t\u00e9si adatb\u00e1zisa, g\u00e9nbanki mint\u00e1k)<\/li> <\/ul> <p>&nbsp;<\/p> <p>&nbsp;<\/p>","protected":false},"excerpt":{"rendered":"<p>A p\u00e1ly\u00e1zat r\u00e9szletei: Projekt k\u00f3dja: VEKOP-2.3.2-16-2016-00012 Projekt c\u00edme: \u201eA K\u00e1rp\u00e1t-medencei \u0151shonos haszon\u00e1llatfajok, -fajt\u00e1k \u00e9s -\u00f6kot\u00edpusok XXI. sz\u00e1zadi g\u00e9nbanki strat\u00e9gi\u00e1j\u00e1nak tudom\u00e1nyos megalapoz\u00e1sa \u00e9s fejleszt\u00e9se\u201d A felh\u00edv\u00e1s c\u00e9lja a strat\u00e9giai jelent\u0151s\u00e9g\u0171, nemzetk\u00f6zi m\u00e9rt\u00e9kkel is kiemelked\u0151 kutat\u00e1si m\u0171helyek (kiv\u00e1l\u00f3s\u00e1gi k\u00f6zpontok) \u00f6n\u00e1ll\u00f3an vagy egy\u00fcttm\u0171k\u00f6d\u00e9sben v\u00e9gzett kutat\u00e1si programjainak \u00e9s a kutat\u00e1si programhoz kapcsol\u00f3d\u00f3 infrastrukt\u00fara fejleszt\u00e9seinek t\u00e1mogat\u00e1sa volt. Egyetem\u00fcnk a Nemzeti<\/p>\n","protected":false},"author":1195,"featured_media":0,"parent":45566,"menu_order":0,"comment_status":"closed","ping_status":"closed","template":"page-templates\/page-project.php","meta":{"_acf_changed":false,"footnotes":""},"categories":[],"tags":[],"class_list":["post-40117","page","type-page","status-publish","hentry"],"acf":[],"_links":{"self":[{"href":"https:\/\/univet.hu\/hu\/wp-json\/wp\/v2\/pages\/40117","targetHints":{"allow":["GET"]}}],"collection":[{"href":"https:\/\/univet.hu\/hu\/wp-json\/wp\/v2\/pages"}],"about":[{"href":"https:\/\/univet.hu\/hu\/wp-json\/wp\/v2\/types\/page"}],"author":[{"embeddable":true,"href":"https:\/\/univet.hu\/hu\/wp-json\/wp\/v2\/users\/1195"}],"replies":[{"embeddable":true,"href":"https:\/\/univet.hu\/hu\/wp-json\/wp\/v2\/comments?post=40117"}],"version-history":[{"count":0,"href":"https:\/\/univet.hu\/hu\/wp-json\/wp\/v2\/pages\/40117\/revisions"}],"up":[{"embeddable":true,"href":"https:\/\/univet.hu\/hu\/wp-json\/wp\/v2\/pages\/45566"}],"wp:attachment":[{"href":"https:\/\/univet.hu\/hu\/wp-json\/wp\/v2\/media?parent=40117"}],"wp:term":[{"taxonomy":"category","embeddable":true,"href":"https:\/\/univet.hu\/hu\/wp-json\/wp\/v2\/categories?post=40117"},{"taxonomy":"post_tag","embeddable":true,"href":"https:\/\/univet.hu\/hu\/wp-json\/wp\/v2\/tags?post=40117"}],"curies":[{"name":"wp","href":"https:\/\/api.w.org\/{rel}","templated":true}]}}