{"id":4054,"date":"2018-03-12T16:03:00","date_gmt":"2018-03-12T15:03:00","guid":{"rendered":"http:\/\/univet.hu\/egyetem\/munkatarsak\/kapiller-matyas\/"},"modified":"2026-02-10T04:02:57","modified_gmt":"2026-02-10T03:02:57","slug":"kapiller-matyas","status":"publish","type":"page","link":"https:\/\/univet.hu\/hu\/egyetem\/munkatarsak\/kapiller-matyas\/","title":{"rendered":"Kapiller M\u00e1ty\u00e1s"},"content":{"rendered":"<p>Fogad\u00f3\u00f3ra: oktat\u00e1si id\u0151szakban minden kedden 12:00-13:00<\/p> <h1>Bemutatkoz\u00e1s<\/h1> <p>Dr. Kapiller M\u00e1ty\u00e1s D\u00e1vid 1990-ben Szombathelyen sz\u00fcletett, gimn\u00e1ziumi tanulm\u00e1nya befejezt\u00e9vel felv\u00e9telt nyert a SZIE \u00c1llatorvos-tudom\u00e1nyi Kar\u00e1ra, majd 2017-ben \u00e1llatorvos-doktor diplom\u00e1t szerzett az \u00c1llatorvostudom\u00e1nyi Egyetemen.\u00a0 2018-t\u00f3l az Anat\u00f3miai \u00e9s Sz\u00f6vettani Tansz\u00e9k munkat\u00e1rsa, kezdetben tansz\u00e9ki \u00e1llatorvos, majd phd tanulm\u00e1nyait elkezdv\u00e9n 2021-t\u0151l egyetemi tan\u00e1rseg\u00e9d.<\/p> <h3>Oktat\u00f3i tev\u00e9kenys\u00e9ge:<\/h3> <ul> <li>\u00c1llatorvosi anat\u00f3mia I. II. III. magyar\/angol\/n\u00e9met nyelven<\/li> <li>\u00c1llatorvosi sz\u00f6vettan I. II. magyar\/angol\/n\u00e9met nyelven<\/li> <li>T\u00e1janat\u00f3mia magyar\/angol nyelven<\/li> <li>Lovaskult\u00fara k\u00e9pz\u00e9sben: A l\u00f3 anat\u00f3mi\u00e1ja t\u00e1rgy<\/li> <li>Patkol\u00f3kov\u00e1cs k\u00e9pz\u00e9sben: A l\u00f3 anat\u00f3mi\u00e1ja t\u00e1rgy<\/li> <\/ul> <h3>F\u0151bb kutat\u00e1si ter\u00fcletek:<\/h3> <p>Idegtudom\u00e1ny<\/p> <p>&nbsp;<\/p>","protected":false},"excerpt":{"rendered":"<p>Fogad\u00f3\u00f3ra: oktat\u00e1si id\u0151szakban minden kedden 12:00-13:00 Bemutatkoz\u00e1s Dr. Kapiller M\u00e1ty\u00e1s D\u00e1vid 1990-ben Szombathelyen sz\u00fcletett, gimn\u00e1ziumi tanulm\u00e1nya befejezt\u00e9vel felv\u00e9telt nyert a SZIE \u00c1llatorvos-tudom\u00e1nyi Kar\u00e1ra, majd 2017-ben \u00e1llatorvos-doktor diplom\u00e1t szerzett az \u00c1llatorvostudom\u00e1nyi Egyetemen.\u00a0 2018-t\u00f3l az Anat\u00f3miai \u00e9s Sz\u00f6vettani Tansz\u00e9k munkat\u00e1rsa, kezdetben tansz\u00e9ki \u00e1llatorvos, majd phd tanulm\u00e1nyait elkezdv\u00e9n 2021-t\u0151l egyetemi tan\u00e1rseg\u00e9d. Oktat\u00f3i tev\u00e9kenys\u00e9ge: \u00c1llatorvosi anat\u00f3mia I. II. III.<\/p>\n","protected":false},"author":5824,"featured_media":0,"parent":858,"menu_order":212,"comment_status":"closed","ping_status":"closed","template":"","meta":{"_acf_changed":false,"footnotes":""},"categories":[56],"tags":[],"class_list":["post-4054","page","type-page","status-publish","hentry","category-munkatarsak"],"acf":[],"_links":{"self":[{"href":"https:\/\/univet.hu\/hu\/wp-json\/wp\/v2\/pages\/4054","targetHints":{"allow":["GET"]}}],"collection":[{"href":"https:\/\/univet.hu\/hu\/wp-json\/wp\/v2\/pages"}],"about":[{"href":"https:\/\/univet.hu\/hu\/wp-json\/wp\/v2\/types\/page"}],"author":[{"embeddable":true,"href":"https:\/\/univet.hu\/hu\/wp-json\/wp\/v2\/users\/5824"}],"replies":[{"embeddable":true,"href":"https:\/\/univet.hu\/hu\/wp-json\/wp\/v2\/comments?post=4054"}],"version-history":[{"count":1,"href":"https:\/\/univet.hu\/hu\/wp-json\/wp\/v2\/pages\/4054\/revisions"}],"predecessor-version":[{"id":199694,"href":"https:\/\/univet.hu\/hu\/wp-json\/wp\/v2\/pages\/4054\/revisions\/199694"}],"up":[{"embeddable":true,"href":"https:\/\/univet.hu\/hu\/wp-json\/wp\/v2\/pages\/858"}],"wp:attachment":[{"href":"https:\/\/univet.hu\/hu\/wp-json\/wp\/v2\/media?parent=4054"}],"wp:term":[{"taxonomy":"category","embeddable":true,"href":"https:\/\/univet.hu\/hu\/wp-json\/wp\/v2\/categories?post=4054"},{"taxonomy":"post_tag","embeddable":true,"href":"https:\/\/univet.hu\/hu\/wp-json\/wp\/v2\/tags?post=4054"}],"curies":[{"name":"wp","href":"https:\/\/api.w.org\/{rel}","templated":true}]}}