{"id":4063,"date":"2016-08-02T12:41:00","date_gmt":"2016-08-02T10:41:00","guid":{"rendered":"http:\/\/univet.hu\/egyetem\/munkatarsak\/karancsi-zita\/"},"modified":"2026-02-10T04:02:58","modified_gmt":"2026-02-10T03:02:58","slug":"karancsi-zita","status":"publish","type":"page","link":"https:\/\/univet.hu\/hu\/egyetem\/munkatarsak\/karancsi-zita\/","title":{"rendered":"Karancsi Zita"},"content":{"rendered":"<p style=\"font-family: impact, sans-serif;\" align=\"justify\">Bemutatkoz\u00e1s<\/p> <p align=\"justify\">A Borsod-Aba\u00faj-Zempl\u00e9n megyei Kazincbarcik\u00e1n sz\u00fcletett \u00e9s v\u00e9gezte el\u0151tanulm\u00e1nyait miel\u0151tt a Szent Istv\u00e1n Egyetem \u00c1llatorvos-tudom\u00e1nyi Kar\u00e1ra jelentkezett, mint \u00e1llatorvostan hallgat\u00f3. Az egyetemi \u00e9veit 2014-ben v\u00e9gezte <em>summa cum laude<\/em> min\u0151s\u00edt\u00e9ssel. Egy \u00e9v kis\u00e1llatpraxisban elt\u00f6lt\u00f6tt id\u0151 ut\u00e1n, 2015. \u0151sz\u00e9n a Gy\u00f3gyszertani \u00e9s M\u00e9regtani Tansz\u00e9ken Dr. G\u00e1lfi P\u00e9ter \u00e9s Dr. Farkas Orsolya vezet\u00e9s\u00e9vel megkezdte PhD tanulm\u00e1nyait. Ezzel p\u00e1rhuzamosan 2016-ban Kis\u00e1llatgy\u00f3gy\u00e1sz szak\u00e1llatorvos k\u00e9pz\u00e9sre jelentkezett, melyet 2018-ban sikeresen befejezett.<\/p> <p align=\"justify\">Az egyetemen 2015. febru\u00e1rj\u00e1t\u00f3l dolgozik, mint klinikai \u00e1llatorvos, majd 2018. szeptember\u00e9t\u0151l, mint tan\u00e1rseg\u00e9d. Munk\u00e1ja sor\u00e1n sz\u00e1mos csoportnak tart \u00c1llatorvosi gy\u00f3gyszertan gyakorlatokat magyar \u00e9s angol nyelven, tov\u00e1bb\u00e1 r\u00e9szt vesz az \u00c1llatorvosi gy\u00f3gyszertan, az \u00c1llatorvosi toxikol\u00f3gia \u00e9s az Antimikrobi\u00e1lis szerek helyes haszn\u00e1lata c\u00edm\u0171 tant\u00e1rgy el\u0151ad\u00e1sainak megtart\u00e1s\u00e1ban mind magyar, mind angol nyelven. Minden \u00e9vben t\u00f6bb szakdolgoz\u00f3 \u00e9s TDK munk\u00e1t v\u00e9gz\u0151 hallgat\u00f3 t\u00e9mavezet\u00e9s\u00e9t v\u00e1llalja.<\/p> <p align=\"justify\">Kutat\u00e1si \u00e9s PhD t\u00e9m\u00e1ja sor\u00e1n term\u00e9szetes anyagok b\u00e9lh\u00e1mra gyakorolt j\u00f3t\u00e9kony hat\u00e1sait vizsg\u00e1lja <em>in vitro<\/em> k\u00f6r\u00fclm\u00e9nyek k\u00f6z\u00f6tt. F\u0151k\u00e9nt flavonoidokkal \u00e9s a k\u00fcl\u00f6nb\u00f6z\u0151 polifenol vegy\u00fcletekkel dolgozik IPEC-J2 sejtvonalon. Ezen fel\u00fcl m\u00e1s aktu\u00e1lis kutat\u00e1si t\u00e9m\u00e1kba is becsatlakozik, \u00edgy r\u00e9szt vesz antimikrobi\u00e1lis szerek, t\u00e1pl\u00e1l\u00e9kkieg\u00e9sz\u00edt\u0151k hat\u00e9konys\u00e1g\u00e1nak vizsg\u00e1lat\u00e1ban, k\u00fcl\u00f6nb\u00f6z\u0151 toxikol\u00f3giai vizsg\u00e1latokban, melyet a Gy\u00f3gyszertani \u00e9s M\u00e9regtani Tansz\u00e9k vezet\u00e9se alatt v\u00e9gez.<\/p> <hr align=\"center\" size=\"5\" width=\"60%\" \/> <p><span style=\"font-family: impact, sans-serif;\">El\u0151rehalad\u00e1s<\/span><\/p> <table style=\"height: 48px; width: 803px;\" width=\"750\"> <tbody> <tr style=\"height: 24px;\"> <td style=\"width: 176px; height: 24px; text-align: center;\">2015 &#8211;<\/td> <td style=\"width: 611px; height: 24px; text-align: center;\">PhD hallgat\u00f3, klinikai \u00e1llatorvos<\/td> <\/tr> <tr style=\"height: 24px;\"> <td style=\"width: 176px; height: 24px; text-align: center;\">2018 &#8211;<\/td> <td style=\"width: 611px; height: 24px; text-align: center;\">egyetemi tan\u00e1rseg\u00e9d<\/td> <\/tr> <\/tbody> <\/table> <p>&nbsp;<\/p> <hr align=\"center\" size=\"5\" width=\"60%\" \/> <p>&nbsp;<\/p> <p><span style=\"font-family: impact, sans-serif;\">Publik\u00e1ci\u00f3s lista (Top10)<\/span><\/p> <p style=\"text-align: center;\">MTMT:\u00a0<a href=\"https:\/\/m2.mtmt.hu\/gui2\/?type=authors&amp;mode=browse&amp;sel=authors10052060\">https:\/\/m2.mtmt.hu\/gui2\/?type=authors&amp;mode=browse&amp;sel=authors10052060<\/a><\/p> <table style=\"height: 398px; width: 1140px;\" width=\"1140\"> <tbody> <tr style=\"height: 86px;\"> <td style=\"width: 36px; height: 86px; text-align: center;\">1.<\/td> <td style=\"width: 1088px; height: 86px;\">\u00c1. Jerzsele, Z. Karancsi, E. P\u00e1szti-Gere, \u00c1. Sterczer, A. Bers\u00e9nyi, K. Fodor, D. Szab\u00f3, P. Vajdovich. Effects of p.o. administered xylitol in cats. J. Vet. Pharmachol Therap. 2018; 41:409-414.<\/td> <\/tr> <tr style=\"height: 54px;\"> <td style=\"width: 36px; height: 54px; text-align: center;\">2.<\/td> <td style=\"width: 1088px; height: 54px;\">Karancsi Z., Bal\u00e1zs A., G\u00e1lfi P., Farkas O.: Flavonoidok &#8211; \u00faj lehet\u0151s\u00e9gek az \u00e1llatgy\u00f3gy\u00e1szatban. Magyar \u00c1llatorvosok Lapja 2015. 137.\/695-704.<\/td> <\/tr> <tr style=\"height: 54px;\"> <td style=\"width: 36px; height: 54px; text-align: center;\">3.<\/td> <td style=\"width: 1088px; height: 54px;\">Karancsi, A.V. M\u00f3ritz, N. Lewin, A. M. Veres, \u00c1. Jerzsele, O. Farkas. Beneficial effect of fermented wheat germ extract in intestinal epithelial cells in case of lipopolysaccharide-evoked inflammation. Oxidative Medicine and Cellular Longevity. Accepted for publishing.<\/td> <\/tr> <tr style=\"height: 54px;\"> <td style=\"width: 36px; height: 54px; text-align: center;\">4.<\/td> <td style=\"width: 1088px; height: 54px;\">Suny\u00e1l O., Karancsi Z., Veres A. M., Jerzsele \u00c1.: Antibakteri\u00e1lis szerek haszn\u00e1lata a t\u00e1rs\u00e1llatgy\u00f3gy\u00e1szatban I. Magyar \u00c1llatorvosok Lapja 2018. 140\/361-374<\/td> <\/tr> <tr style=\"height: 31px;\"> <td style=\"width: 36px; height: 31px; text-align: center;\">5.<\/td> <td style=\"width: 1088px; height: 31px;\">L\u00e9n\u00e1rt \u00c1., Karancsi Z., Veres A. M., Jerzsele \u00c1.: A h\u00fagy\u00fati fert\u0151z\u00e9sek k\u00f3roktana \u00e9s korszer\u0171 gy\u00f3gykezel\u00e9se a kis\u00e1llatgy\u00f3gy\u00e1szatban. Magyar \u00c1llatorvosok Lapja 2018. 140\/401-410.<\/td> <\/tr> <tr style=\"height: 23px;\"> <td style=\"width: 36px; height: 23px; text-align: center;\">6.<\/td> <td style=\"width: 1088px; height: 23px;\">Roszkos Zs., Veres A. M., Karancsi Z., Jerzsele \u00c1.: Antibakteri\u00e1lis szerek haszn\u00e1lata a t\u00e1rs\u00e1llatgy\u00f3gy\u00e1szatban II. Magyar \u00c1llatorvosok Lapja 2018. 140\/669-683.<\/td> <\/tr> <tr style=\"height: 24px;\"> <td style=\"width: 36px; text-align: center; height: 24px;\">7.<\/td> <td style=\"width: 1088px; height: 24px;\">Karancsi Z., Jerzsele \u00c1., Sz\u00e9n\u00e1si E., Kiss K.: F\u00e9regellenes szerek klinikai farmakol\u00f3gi\u00e1ja t\u00e1rs\u00e1llatokban. Magyar \u00c1llatorvosok Lapja 2019. 141\/373-384.<\/td> <\/tr> <\/tbody> <\/table> <p>(Friss\u00edtve: 2021. augusztus)<\/p>","protected":false},"excerpt":{"rendered":"<p>Bemutatkoz\u00e1s A Borsod-Aba\u00faj-Zempl\u00e9n megyei Kazincbarcik\u00e1n sz\u00fcletett \u00e9s v\u00e9gezte el\u0151tanulm\u00e1nyait miel\u0151tt a Szent Istv\u00e1n Egyetem \u00c1llatorvos-tudom\u00e1nyi Kar\u00e1ra jelentkezett, mint \u00e1llatorvostan hallgat\u00f3. Az egyetemi \u00e9veit 2014-ben v\u00e9gezte summa cum laude min\u0151s\u00edt\u00e9ssel. Egy \u00e9v kis\u00e1llatpraxisban elt\u00f6lt\u00f6tt id\u0151 ut\u00e1n, 2015. \u0151sz\u00e9n a Gy\u00f3gyszertani \u00e9s M\u00e9regtani Tansz\u00e9ken Dr. G\u00e1lfi P\u00e9ter \u00e9s Dr. Farkas Orsolya vezet\u00e9s\u00e9vel megkezdte PhD tanulm\u00e1nyait. Ezzel p\u00e1rhuzamosan<\/p>\n","protected":false},"author":5824,"featured_media":0,"parent":858,"menu_order":212,"comment_status":"closed","ping_status":"closed","template":"","meta":{"_acf_changed":false,"footnotes":""},"categories":[56],"tags":[],"class_list":["post-4063","page","type-page","status-publish","hentry","category-munkatarsak"],"acf":[],"_links":{"self":[{"href":"https:\/\/univet.hu\/hu\/wp-json\/wp\/v2\/pages\/4063","targetHints":{"allow":["GET"]}}],"collection":[{"href":"https:\/\/univet.hu\/hu\/wp-json\/wp\/v2\/pages"}],"about":[{"href":"https:\/\/univet.hu\/hu\/wp-json\/wp\/v2\/types\/page"}],"author":[{"embeddable":true,"href":"https:\/\/univet.hu\/hu\/wp-json\/wp\/v2\/users\/5824"}],"replies":[{"embeddable":true,"href":"https:\/\/univet.hu\/hu\/wp-json\/wp\/v2\/comments?post=4063"}],"version-history":[{"count":1,"href":"https:\/\/univet.hu\/hu\/wp-json\/wp\/v2\/pages\/4063\/revisions"}],"predecessor-version":[{"id":199696,"href":"https:\/\/univet.hu\/hu\/wp-json\/wp\/v2\/pages\/4063\/revisions\/199696"}],"up":[{"embeddable":true,"href":"https:\/\/univet.hu\/hu\/wp-json\/wp\/v2\/pages\/858"}],"wp:attachment":[{"href":"https:\/\/univet.hu\/hu\/wp-json\/wp\/v2\/media?parent=4063"}],"wp:term":[{"taxonomy":"category","embeddable":true,"href":"https:\/\/univet.hu\/hu\/wp-json\/wp\/v2\/categories?post=4063"},{"taxonomy":"post_tag","embeddable":true,"href":"https:\/\/univet.hu\/hu\/wp-json\/wp\/v2\/tags?post=4063"}],"curies":[{"name":"wp","href":"https:\/\/api.w.org\/{rel}","templated":true}]}}