{"id":4078,"date":"2016-07-05T17:31:00","date_gmt":"2016-07-05T15:31:00","guid":{"rendered":"http:\/\/univet.hu\/egyetem\/munkatarsak\/keresztes-zsuzsanna\/"},"modified":"2026-02-10T04:02:59","modified_gmt":"2026-02-10T03:02:59","slug":"keresztes-zsuzsanna","status":"publish","type":"page","link":"https:\/\/univet.hu\/hu\/egyetem\/munkatarsak\/keresztes-zsuzsanna\/","title":{"rendered":"Keresztes Zsuzsanna"},"content":{"rendered":"<p>&nbsp;<\/p> <h2>Bemutatkoz\u00e1s<\/h2> <div> <p>V\u00e9gzetts\u00e9gem orvosi laborat\u00f3riumi technikai asszisztens.<\/p> <\/div> <h2>Tev\u00e9kenys\u00e9g<\/h2> <div> <p>Androl\u00f3giai \u00e9s assziszt\u00e1lt reprodukci\u00f3s feladatok.<\/p> <\/div>","protected":false},"excerpt":{"rendered":"<p>&nbsp; Bemutatkoz\u00e1s V\u00e9gzetts\u00e9gem orvosi laborat\u00f3riumi technikai asszisztens. Tev\u00e9kenys\u00e9g Androl\u00f3giai \u00e9s assziszt\u00e1lt reprodukci\u00f3s feladatok.<\/p>\n","protected":false},"author":5824,"featured_media":0,"parent":858,"menu_order":212,"comment_status":"closed","ping_status":"closed","template":"","meta":{"_acf_changed":false,"footnotes":""},"categories":[56],"tags":[],"class_list":["post-4078","page","type-page","status-publish","hentry","category-munkatarsak"],"acf":[],"_links":{"self":[{"href":"https:\/\/univet.hu\/hu\/wp-json\/wp\/v2\/pages\/4078","targetHints":{"allow":["GET"]}}],"collection":[{"href":"https:\/\/univet.hu\/hu\/wp-json\/wp\/v2\/pages"}],"about":[{"href":"https:\/\/univet.hu\/hu\/wp-json\/wp\/v2\/types\/page"}],"author":[{"embeddable":true,"href":"https:\/\/univet.hu\/hu\/wp-json\/wp\/v2\/users\/5824"}],"replies":[{"embeddable":true,"href":"https:\/\/univet.hu\/hu\/wp-json\/wp\/v2\/comments?post=4078"}],"version-history":[{"count":1,"href":"https:\/\/univet.hu\/hu\/wp-json\/wp\/v2\/pages\/4078\/revisions"}],"predecessor-version":[{"id":188447,"href":"https:\/\/univet.hu\/hu\/wp-json\/wp\/v2\/pages\/4078\/revisions\/188447"}],"up":[{"embeddable":true,"href":"https:\/\/univet.hu\/hu\/wp-json\/wp\/v2\/pages\/858"}],"wp:attachment":[{"href":"https:\/\/univet.hu\/hu\/wp-json\/wp\/v2\/media?parent=4078"}],"wp:term":[{"taxonomy":"category","embeddable":true,"href":"https:\/\/univet.hu\/hu\/wp-json\/wp\/v2\/categories?post=4078"},{"taxonomy":"post_tag","embeddable":true,"href":"https:\/\/univet.hu\/hu\/wp-json\/wp\/v2\/tags?post=4078"}],"curies":[{"name":"wp","href":"https:\/\/api.w.org\/{rel}","templated":true}]}}