{"id":4099,"date":"2016-08-02T13:19:00","date_gmt":"2016-08-02T11:19:00","guid":{"rendered":"http:\/\/univet.hu\/egyetem\/munkatarsak\/kis-janos\/"},"modified":"2026-02-10T04:00:03","modified_gmt":"2026-02-10T03:00:03","slug":"kis-janos","status":"publish","type":"page","link":"https:\/\/univet.hu\/hu\/egyetem\/munkatarsak\/kis-janos\/","title":{"rendered":"Kis J\u00e1nos"},"content":{"rendered":"<p><strong>Bemutatkoz\u00e1s<\/strong><\/p> <p>Dr. Kis J\u00e1nos vagyok, a Zool\u00f3giai Tansz\u00e9k tudom\u00e1nyos f\u0151munkat\u00e1rsa. A tansz\u00e9ken az alapk\u00e9pz\u00e9sben a Viselked\u00e9sbiol\u00f3gia \u00e9s Terepgyakorlat I. t\u00e1rgyak oktat\u00e1s\u00e1t v\u00e9gzem. A mesterk\u00e9pz\u00e9sben a Tudom\u00e1nyos Kommunik\u00e1ci\u00f3 \u00e9s P\u00e1ly\u00e1zat\u00edr\u00e1s, a Viselked\u00e9sbiol\u00f3giai M\u00f3dszerek \u00e9s a Journal Club 1 tant\u00e1rgyakat tan\u00edtom. Az \u00c1TE Doktori Iskol\u00e1ban Term\u00e9szettudom\u00e1nyos Kutat\u00e1sok Tervez\u00e9se, az Alkalmazott Biostatisztikus posztgradu\u00e1lis k\u00e9pz\u00e9sben Kutat\u00e1stervez\u00e9s t\u00e1rgyat tan\u00edtok. Kutat\u00e1si ter\u00fcletem lepk\u00e9k \u00f6kol\u00f3gi\u00e1ja \u00e9s viselked\u00e9sbiol\u00f3gi\u00e1ja.<\/p> <p>&nbsp;<\/p> <p><strong>F\u0151bb kutat\u00e1si ter\u00fcletek:<\/strong><\/p> <ul> <li>t\u00e1pl\u00e1lkoz\u00e1s-\u00f6kol\u00f3gia<\/li> <li>szaporod\u00e1si rendszer<\/li> <li>demogr\u00e1fia<\/li> <\/ul> <p>kis Apoll\u00f3-lepk\u00e9kn\u00e9l<\/p> <p><strong>T\u00e9mavezet\u00e9s<\/strong><\/p> <p>PhD-hallgat\u00f3k: 4<\/p> <p>MSc hallgat\u00f3k: 9<\/p> <p>BSc hallgat\u00f3k: 6<\/p> <p>TDK dolgozatok: 9<\/p> <p>&nbsp;<\/p> <p><strong>V\u00e1laszthat\u00f3 szakdolgozati t\u00e9m\u00e1k<\/strong><\/p> <p>2023 \u0151sz\u00e9t\u0151l v\u00e1rhat\u00f3 \u00faj t\u00e9ma<\/p> <p>&nbsp;<\/p> <p><strong>El\u0151rehalad\u00e1s<\/strong><\/p> <p>2020-jelen \u00c1llatorvostudom\u00e1nyi Egyetem, Zool\u00f3giai Tansz\u00e9k, tudom\u00e1nyos f\u0151munkat\u00e1rs<\/p> <p>2018 Habilit\u00e1ci\u00f3, \u00c1llatorvostudom\u00e1nyi Egyetem<\/p> <p>2005-2019 \u00c1llatorvostudom\u00e1nyi Egyetem, \u00d6kol\u00f3giai Tansz\u00e9k, tudom\u00e1nyos munkat\u00e1rs<\/p> <p>2001-2005 Szent Istv\u00e1n Egyetem, \u00c1llatorvos-tudom\u00e1nyi Kar, Zool\u00f3giai Int\u00e9zet, tudom\u00e1nyos seg\u00e9dmunkat\u00e1rs<\/p> <p>1998-2001 \u00c1llatorvos-tudom\u00e1nyi Egyetem, Zool\u00f3giai Int\u00e9zet, tudom\u00e1nyos m\u0171szaki \u00fcgyint\u00e9z\u0151<\/p> <p>1995-1998 E\u00f6tv\u00f6s Lor\u00e1nd Tudom\u00e1nyegyetem, Biol\u00f3gia Doktori Iskola<\/p> <p>1995 E\u00f6tv\u00f6s Lor\u00e1nd Tudom\u00e1nyegyetem okleveles biol\u00f3gus \u2013 angol szakford\u00edt\u00f3<\/p> <p>&nbsp;<\/p> <p><strong>Publik\u00e1ci\u00f3s lista (Top10) <\/strong><a href=\"https:\/\/m2.mtmt.hu\/gui2\/?type=authors&amp;mode=browse&amp;sel=10002125&amp;view=simpleList\"><strong>MTMT<\/strong><\/a> | <a href=\"https:\/\/scholar.google.com\/citations?user=bMXZlvQAAAAJ&amp;hl=en\"><strong>Google Scholar<\/strong><\/a> | <a href=\"https:\/\/orcid.org\/0000-0001-9354-1292\"><strong>ORCID<\/strong><\/a><\/p> <p>Vajna, F., Szigeti, V., Harnos, A. &amp; <strong>Kis, J.<\/strong> (2021) A kis apoll\u00f3lepke (Parnassius mnemosyne (LINNAEUS, 1758 )) nekt\u00e1rn\u00f6v\u00e9nyfajok k\u00f6zti v\u00e1laszt\u00e1sa. <em>\u00c1llattani K\u00f6zlem\u00e9nyek<\/em>, 106.\u00a0DOI: 10.20331\/AllKoz.2021.106.1-2.1<\/p> <p>Vajna, F., <strong>Kis, J.<\/strong> &amp; Szigeti, V. (2021) Measuring proboscis length in Lepidoptera: a review. <em>Zoomorphology<\/em>, 140, 1\u201315.\u00a0DOI: 10.1007\/s00435-020-00507-z<\/p> <p>Szigeti, V., Vajna, F., K\u0151r\u00f6si, \u00c1. &amp; <strong>Kis, J.<\/strong> (2020) Are all butterflies equal? Population-wise proboscis length variation predicts flower choice in a butterfly. <em>Animal Behaviour<\/em>, 163, 135\u2013143.\u00a0DOI: 10.1016\/j.anbehav.2020.03.008<\/p> <p>Szigeti, V., K\u0151r\u00f6si, \u00c1., Harnos, A. &amp; <strong>Kis, J.<\/strong> (2019) Lifelong foraging and individual specialisation are influenced by temporal changes of resource availability. <em>Oikos<\/em>, 128, 649\u2013658.\u00a0DOI: 10.1111\/oik.05400<\/p> <p>Szigeti, V., K\u0151r\u00f6si, \u00c1., Harnos, A. &amp; <strong>Kis, J.<\/strong> (2018) Temporal changes in floral resource availability and flower visitation in a butterfly. <em>Arthropod-Plant Interactions<\/em>, 12, 177\u2013189.\u00a0DOI: 10.1007\/s11829-017-9585-6<\/p> <p>Szigeti, V., K\u0151r\u00f6si, \u00c1., Harnos, A., Nagy, J. &amp; <strong>Kis, J.<\/strong> (2016) Measuring floral resource availability for insect pollinators in temperate grasslands \u2013 a review. <em>Ecological Entomology<\/em>, 41, 231\u2013240.\u00a0 DOI: 10.1111\/een.12298<\/p> <p>B\u00f3kony, V., Liker, A., Sz\u00e9kely, T. &amp; <strong>Kis, J.<\/strong> (2003) Melanin-based plumage coloration and flight displays in plovers and allies. <em>Proceedings. Biological sciences \/ The Royal Society<\/em>, 270, 2491\u20137.\u00a0DOI: 10.1098\/rspb.2003.2506<\/p> <p>Blomqvist, D., Andersson, M., K\u00fcpper, C., Cuthill, I.C., <strong>Kis, J.<\/strong>, Lanctot, R.B., Sandercock, B.K., Sz\u00e9kely, T., Wallander, J. &amp; Kempenaers, B. (2002) Genetic similarity between mates and extra-pair parentage in three species of shorebirds. <em>Nature<\/em>, 419, 613\u2013615.\u00a0DOI: 10.1038\/nature01104<\/p> <p><strong>Kis, J.<\/strong>, Liker, A. &amp; Sz\u00e9kely, T. (2000) Nest defence by Lapwings: observations on natural behaviour and an experiment. <em>Ardea<\/em>, 88, 155\u2013163.\u00a0WoS: 000165527100004<\/p> <p>Sz\u00e9kely, T., Cuthill, I.C. &amp; <strong>Kis, J.<\/strong> (1999) Brood desertion in Kentish polver: sex differences in remating opportunities. <em>Behavioral Ecology<\/em>, 10, 185\u2013190.\u00a0DOI: 10.1093\/beheco\/10.2.185<\/p>","protected":false},"excerpt":{"rendered":"<p>Bemutatkoz\u00e1s Dr. Kis J\u00e1nos vagyok, a Zool\u00f3giai Tansz\u00e9k tudom\u00e1nyos f\u0151munkat\u00e1rsa. A tansz\u00e9ken az alapk\u00e9pz\u00e9sben a Viselked\u00e9sbiol\u00f3gia \u00e9s Terepgyakorlat I. t\u00e1rgyak oktat\u00e1s\u00e1t v\u00e9gzem. A mesterk\u00e9pz\u00e9sben a Tudom\u00e1nyos Kommunik\u00e1ci\u00f3 \u00e9s P\u00e1ly\u00e1zat\u00edr\u00e1s, a Viselked\u00e9sbiol\u00f3giai M\u00f3dszerek \u00e9s a Journal Club 1 tant\u00e1rgyakat tan\u00edtom. Az \u00c1TE Doktori Iskol\u00e1ban Term\u00e9szettudom\u00e1nyos Kutat\u00e1sok Tervez\u00e9se, az Alkalmazott Biostatisztikus posztgradu\u00e1lis k\u00e9pz\u00e9sben Kutat\u00e1stervez\u00e9s t\u00e1rgyat tan\u00edtok. Kutat\u00e1si<\/p>\n","protected":false},"author":5824,"featured_media":0,"parent":858,"menu_order":210,"comment_status":"closed","ping_status":"closed","template":"","meta":{"_acf_changed":false,"footnotes":""},"categories":[56],"tags":[],"class_list":["post-4099","page","type-page","status-publish","hentry","category-munkatarsak"],"acf":[],"_links":{"self":[{"href":"https:\/\/univet.hu\/hu\/wp-json\/wp\/v2\/pages\/4099","targetHints":{"allow":["GET"]}}],"collection":[{"href":"https:\/\/univet.hu\/hu\/wp-json\/wp\/v2\/pages"}],"about":[{"href":"https:\/\/univet.hu\/hu\/wp-json\/wp\/v2\/types\/page"}],"author":[{"embeddable":true,"href":"https:\/\/univet.hu\/hu\/wp-json\/wp\/v2\/users\/5824"}],"replies":[{"embeddable":true,"href":"https:\/\/univet.hu\/hu\/wp-json\/wp\/v2\/comments?post=4099"}],"version-history":[{"count":1,"href":"https:\/\/univet.hu\/hu\/wp-json\/wp\/v2\/pages\/4099\/revisions"}],"predecessor-version":[{"id":199540,"href":"https:\/\/univet.hu\/hu\/wp-json\/wp\/v2\/pages\/4099\/revisions\/199540"}],"up":[{"embeddable":true,"href":"https:\/\/univet.hu\/hu\/wp-json\/wp\/v2\/pages\/858"}],"wp:attachment":[{"href":"https:\/\/univet.hu\/hu\/wp-json\/wp\/v2\/media?parent=4099"}],"wp:term":[{"taxonomy":"category","embeddable":true,"href":"https:\/\/univet.hu\/hu\/wp-json\/wp\/v2\/categories?post=4099"},{"taxonomy":"post_tag","embeddable":true,"href":"https:\/\/univet.hu\/hu\/wp-json\/wp\/v2\/tags?post=4099"}],"curies":[{"name":"wp","href":"https:\/\/api.w.org\/{rel}","templated":true}]}}