{"id":41057,"date":"2019-07-09T21:44:16","date_gmt":"2019-07-09T19:44:16","guid":{"rendered":"https:\/\/univet.hu\/?page_id=41057"},"modified":"2024-09-02T10:17:13","modified_gmt":"2024-09-02T08:17:13","slug":"oktatasi-hivatal-tajekoztatoi-a-magyar-allami-osztondijrol","status":"publish","type":"page","link":"https:\/\/univet.hu\/hu\/oktatas\/tanulmanyi-osztaly\/oktatasi-hivatal-tajekoztatoi-a-magyar-allami-osztondijrol\/","title":{"rendered":"Oktat\u00e1si Hivatal t\u00e1j\u00e9koztat\u00f3i a magyar \u00e1llami \u00f6szt\u00f6nd\u00edjr\u00f3l"},"content":{"rendered":"<p>A legfrissebb inform\u00e1ci\u00f3k<\/p> <p>2024.08.30<\/p> <p>A magyar \u00e1llami \u00f6szt\u00f6nd\u00edjas konstrukci\u00f3 felt\u00e9teleir\u0151l sz\u00f3l\u00f3 r\u00e9szletes inform\u00e1ci\u00f3kat itt tal\u00e1lja:<\/p> <p><a href=\"https:\/\/www.oktatas.hu\/magyar-allami-osztondij\/altalanos_tajekoztatok\">https:\/\/www.oktatas.hu\/magyar-allami-osztondij\/altalanos_tajekoztatok<\/a> <em>\u201eR\u00e9szletes t\u00e1j\u00e9koztat\u00f3 a magyar \u00e1llami \u00f6szt\u00f6nd\u00edjas jogviszonyr\u00f3l\u201d <\/em>c\u00edmen.<\/p> <ul> <li><a href=\"https:\/\/univet.hu\/wp-content\/uploads\/2024\/09\/magyar-allami-osztondij-besorolasi-dontes-melleklet-1.pdf\">A magyar \u00e1llami \u00f6szt\u00f6nd\u00edj felt\u00e9teleit bemutat\u00f3 egyoldalas t\u00e1j\u00e9koztat\u00f3\u00a0(pdf)<\/a><\/li> <li><a href=\"https:\/\/univet.hu\/wp-content\/uploads\/2024\/09\/hungarian-state-grant-onepager.pdf\">The Hungarian state grant one pager (pdf)<\/a><\/li> <\/ul> <p>&nbsp;<\/p> <p>&nbsp;<\/p> <p>&nbsp;<\/p> <p>&nbsp;<\/p>","protected":false},"excerpt":{"rendered":"<p>A legfrissebb inform\u00e1ci\u00f3k 2024.08.30 A magyar \u00e1llami \u00f6szt\u00f6nd\u00edjas konstrukci\u00f3 felt\u00e9teleir\u0151l sz\u00f3l\u00f3 r\u00e9szletes inform\u00e1ci\u00f3kat itt tal\u00e1lja: https:\/\/www.oktatas.hu\/magyar-allami-osztondij\/altalanos_tajekoztatok \u201eR\u00e9szletes t\u00e1j\u00e9koztat\u00f3 a magyar \u00e1llami \u00f6szt\u00f6nd\u00edjas jogviszonyr\u00f3l\u201d c\u00edmen. A magyar \u00e1llami \u00f6szt\u00f6nd\u00edj felt\u00e9teleit bemutat\u00f3 egyoldalas t\u00e1j\u00e9koztat\u00f3\u00a0(pdf) The Hungarian state grant one pager (pdf) &nbsp; &nbsp; &nbsp; &nbsp;<\/p>\n","protected":false},"author":5823,"featured_media":0,"parent":615,"menu_order":26,"comment_status":"closed","ping_status":"closed","template":"","meta":{"_acf_changed":false,"footnotes":""},"categories":[],"tags":[],"class_list":["post-41057","page","type-page","status-publish","hentry"],"acf":[],"_links":{"self":[{"href":"https:\/\/univet.hu\/hu\/wp-json\/wp\/v2\/pages\/41057","targetHints":{"allow":["GET"]}}],"collection":[{"href":"https:\/\/univet.hu\/hu\/wp-json\/wp\/v2\/pages"}],"about":[{"href":"https:\/\/univet.hu\/hu\/wp-json\/wp\/v2\/types\/page"}],"author":[{"embeddable":true,"href":"https:\/\/univet.hu\/hu\/wp-json\/wp\/v2\/users\/5823"}],"replies":[{"embeddable":true,"href":"https:\/\/univet.hu\/hu\/wp-json\/wp\/v2\/comments?post=41057"}],"version-history":[{"count":0,"href":"https:\/\/univet.hu\/hu\/wp-json\/wp\/v2\/pages\/41057\/revisions"}],"up":[{"embeddable":true,"href":"https:\/\/univet.hu\/hu\/wp-json\/wp\/v2\/pages\/615"}],"wp:attachment":[{"href":"https:\/\/univet.hu\/hu\/wp-json\/wp\/v2\/media?parent=41057"}],"wp:term":[{"taxonomy":"category","embeddable":true,"href":"https:\/\/univet.hu\/hu\/wp-json\/wp\/v2\/categories?post=41057"},{"taxonomy":"post_tag","embeddable":true,"href":"https:\/\/univet.hu\/hu\/wp-json\/wp\/v2\/tags?post=41057"}],"curies":[{"name":"wp","href":"https:\/\/api.w.org\/{rel}","templated":true}]}}