{"id":4108,"date":"2016-09-26T15:18:00","date_gmt":"2016-09-26T13:18:00","guid":{"rendered":"http:\/\/univet.hu\/egyetem\/munkatarsak\/kiss-david-sandor\/"},"modified":"2026-02-10T04:00:03","modified_gmt":"2026-02-10T03:00:03","slug":"kiss-david-sandor","status":"publish","type":"page","link":"https:\/\/univet.hu\/hu\/egyetem\/munkatarsak\/kiss-david-sandor\/","title":{"rendered":"Kiss D\u00e1vid S\u00e1ndor"},"content":{"rendered":"<h4><strong>Bemutatkoz\u00e1s<\/strong><\/h4> <p><strong>F\u0151bb kutat\u00e1si ter\u00fcletek<\/strong><\/p> <table style=\"width: 689px\"> <tbody> <tr> <td style=\"width: 96.05px\">2004-2007<\/td> <td style=\"width: 576.25px\">Kalpain feh\u00e9rjecsal\u00e1d hat\u00e1smechanizmus\u00e1nak vizsg\u00e1lata hippocampuson elektrofiziol\u00f3giai \u00e9s elektronmikroszk\u00f3pi\u00e1s m\u00f3dszerekkel.<\/td> <\/tr> <tr> <td style=\"width: 96.05px\">2007-<\/td> <td style=\"width: 576.25px\">A t\u00e1pl\u00e1l\u00e9kfelv\u00e9telt \u00e9s reprodukt\u00edv folyamatokat ir\u00e1ny\u00edt\u00f3 hypothalamicus mechanizmusok sejtszint\u00fc vizsg\u00e1lata.<\/td> <\/tr> <tr> <td style=\"width: 96.05px\">2009<\/td> <td style=\"width: 576.25px\">A hippocampalis CA1\/2\/3 \u00e1re\u00e1k parvalbumin sejtjeiben kifejez\u0151d\u0151 mGluR1\u03b1 receptorok eloszl\u00e1s\u00e1nak vizsg\u00e1lata.<\/td> <\/tr> <tr> <td style=\"width: 96.05px\">2009-<\/td> <td style=\"width: 576.25px\">A hypothalamicus neuron\u00e1lis energiaszint szab\u00e1lyoz\u00e1s\u00e1nak vizsg\u00e1lata: Az NTPD\u00e1zok, mint lehets\u00e9ges energia-regul\u00e1torok szerepe a pozit\u00edv gonadotropin feedback sor\u00e1n<\/td> <\/tr> <tr> <td style=\"width: 96.05px\">2011<\/td> <td style=\"width: 576.25px\">Szerotonerg idegp\u00e1ly\u00e1k immunhiszok\u00e9miai \u00e9s <em>in situ<\/em> hibridiz\u00e1ci\u00f3s felt\u00e1r\u00e1sa a r\u00e1gcs\u00e1l\u00f3k k\u00f6zponti idegrendszer\u00e9ben.<\/td> <\/tr> <tr> <td style=\"width: 96.05px\">2011<\/td> <td style=\"width: 576.25px\">Kism\u00e9ret\u0171 agysz\u00f6vet-mint\u00e1k mitokondri\u00e1lis metabolizmus\u00e1nak m\u00e9r\u00e9s\u00e9t lehet\u0151v\u00e9 tev\u0151 vizsg\u00e1lati m\u00f3dszer kidolgoz\u00e1sa.<\/td> <\/tr> <tr> <td style=\"width: 96.05px\">2012-<\/td> <td style=\"width: 576.25px\">A hypothalamus metabolikus aszimmetri\u00e1j\u00e1nak vizsg\u00e1lata.<\/td> <\/tr> <tr> <td style=\"width: 96.05px\">2012-<\/td> <td style=\"width: 576.25px\">Endokrin diszruptorok \u00f6sztrog\u00e9n- \u00e9s pajzsmirigyhormon receptorok expresszi\u00f3j\u00e1ra kifejtett hat\u00e1sainak vizsg\u00e1lata fejl\u0151d\u0151 patk\u00e1nyok kisagysejtjeiben.<\/td> <\/tr> <tr> <td style=\"width: 96.05px\">2014-<\/td> <td style=\"width: 576.25px\">Hepaticus encephalopathia sor\u00e1n kialakul\u00f3 hormon-receptor kapcsolat v\u00e1ltoz\u00e1sa fejl\u0151d\u0151 idegrendszerben.<\/td> <\/tr> <tr> <td style=\"width: 96.05px\">2014-<\/td> <td style=\"width: 576.25px\">Neurofiziol\u00f3giai, Neuromorfol\u00f3giai Kutat\u00f3csoport vezet\u0151je<\/td> <\/tr> <tr> <td style=\"width: 96.05px\">2015-<\/td> <td style=\"width: 576.25px\">A hypothalamicus aszimmetria szerep\u00e9nek vizsg\u00e1lata a GnRH szab\u00e1lyoz\u00e1s\u00e1ban.<\/td> <\/tr> <\/tbody> <\/table> <p><strong>\u00a0<\/strong><\/p> <p>&nbsp;<\/p> <p><strong>Tanulm\u00e1nyok<\/strong><strong>\u00a0<\/strong><\/p> <table style=\"width: 689px;height: 260px\" width=\"602\"> <tbody> <tr style=\"height: 71px\"> <td style=\"width: 77px;height: 71px\">2007<\/td> <td style=\"width: 336.033px;height: 71px\">E\u00f6tv\u00f6s L\u00f3r\u00e1nd Tudom\u00e1nyegyetem<\/td> <td style=\"width: 253.033px;height: 71px\">MSc biol\u00f3gus (Idegtudom\u00e1ny \u00e9s hum\u00e1nbiol\u00f3gia alszakir\u00e1ny)<\/td> <\/tr> <tr style=\"height: 71px\"> <td style=\"width: 77px;height: 71px\">2012<\/td> <td style=\"width: 336.033px;height: 71px\">Szent Istv\u00e1n Egyetem, \u00c1llatorvos-tudom\u00e1nyi Kar<\/td> <td style=\"width: 253.033px;height: 71px\">Experiment\u00e1lis toxikol\u00f3gus posztgradu\u00e1lis k\u00e9pz\u00e9s<\/td> <\/tr> <tr style=\"height: 71px\"> <td style=\"width: 77px;height: 71px\">2013<\/td> <td style=\"width: 336.033px;height: 71px\">Szent Istv\u00e1n Egyetem, \u00c1llatorvos-tudom\u00e1nyi Kar, \u00c1llatorvos-tudom\u00e1nyi Doktori Iskola<\/td> <td style=\"width: 253.033px;height: 71px\">PhD, \u00e1llatorvostudom\u00e1nyok doktora<\/td> <\/tr> <\/tbody> <\/table> <p><strong>\u00a0<\/strong><\/p> <p><strong>El\u0151rehalad\u00e1s<\/strong><\/p> <table width=\"602\"> <tbody> <tr> <td width=\"104\">2007-2015-<\/td> <td width=\"340\">Szent Istv\u00e1n Egyetem, \u00c1llatorvos-tudom\u00e1nyi Kar, \u00c9lettani \u00e9s Biok\u00e9miai Tansz\u00e9k<\/td> <td width=\"158\">tansz\u00e9ki munkat\u00e1rs<\/td> <\/tr> <tr> <td width=\"104\">2015-2016<\/td> <td width=\"340\">Szent Istv\u00e1n Egyetem, \u00c1llatorvos-tudom\u00e1nyi Kar, \u00c9lettani \u00e9s Biok\u00e9miai Tansz\u00e9k<\/td> <td width=\"158\">egyetemi adjunktus<\/td> <\/tr> <tr> <td width=\"104\">2016-2019<\/td> <td width=\"340\">\u00c1llatorvostudom\u00e1nyi Egyetem, \u00c9lettani \u00e9s Biok\u00e9miai Tansz\u00e9k<\/td> <td width=\"158\">egyetemi adjunktus<\/td> <\/tr> <tr> <td width=\"104\">2019-<\/td> <td width=\"340\">\u00c1llatorvostudom\u00e1nyi Egyetem, \u00c9lettani \u00e9s Biok\u00e9miai Tansz\u00e9k<\/td> <td width=\"158\">egyetemi docens<\/td> <\/tr> <\/tbody> <\/table> <p>&nbsp;<\/p> <p><strong>Oktat\u00e1si tev\u00e9kenys\u00e9g<\/strong><\/p> <table style=\"height: 291px;width: 613px\" width=\"485\"> <tbody> <tr> <td style=\"width: 58.25px\">2007-<\/td> <td style=\"width: 538.05px\">\u00e1llatorvosi \u00e9lettan gyakorlatok \u00e9s el\u0151ad\u00e1sok magyar, n\u00e9met \u00e9s angol nyelven (SZIE-\u00c1OTK, \u00c1TE; \u00e1llatorvosk\u00e9pz\u00e9s)<\/td> <\/tr> <tr> <td style=\"width: 58.25px\">2008-<\/td> <td style=\"width: 538.05px\">\u00f6sszehasonl\u00edt\u00f3 \u00e9lettan szemin\u00e1riumok biol\u00f3gus hallgat\u00f3knak (SZIE-\u00c1OTK, \u00c1TE; biol\u00f3gia BSc k\u00e9pz\u00e9s)<\/td> <\/tr> <tr> <td style=\"width: 58.25px\">2010-<\/td> <td style=\"width: 538.05px\">\u00e9lettani \u00e9s biok\u00e9miai el\u0151ad\u00e1sok (SZIE-\u00c1OTK, \u00c1TE; Experiment\u00e1lis toxikol\u00f3gus posztgradu\u00e1lis k\u00e9pz\u00e9s)<\/td> <\/tr> <tr> <td style=\"width: 58.25px\">2013-<\/td> <td style=\"width: 538.05px\">\u00c1llatorvostudom\u00e1nyi Egyetem, \u00c1llatorvostudom\u00e1nyi Doktori Iskola tagja<\/td> <\/tr> <tr> <td style=\"width: 58.25px\">2016-<\/td> <td style=\"width: 538.05px\">\u00f6n\u00e1ll\u00f3 angol nyelv\u0171 fakultat\u00edv t\u00e1rgy; \u2019\u0150sl\u00e9nyek \u00e9lettana\/Animal paleophysiology\u2019 c\u00edmmel (SZIE-\u00c1OTK, \u00c1TE; \u00e1llatorvos- \u00e9s biol\u00f3gia Msc k\u00e9pz\u00e9s)<\/td> <\/tr> <tr> <td style=\"width: 58.25px\">2017-<\/td> <td style=\"width: 538.05px\">Baromfi-szak\u00e1llatorvos k\u00e9pz\u00e9s; \u00c9lettan t\u00e1rgy oktat\u00e1sa magyar nyelven (\u00c1TE)<\/td> <\/tr> <tr> <td style=\"width: 58.25px\">2018-<\/td> <td style=\"width: 538.05px\">Sug\u00e1rbiol\u00f3gia \u00e1llatorvosoknak angol \u00e9s magyar nyelven (\u00c1TE; \u00e1llatorvos- \u00e9s biol\u00f3gia Msc k\u00e9pz\u00e9s)<\/td> <\/tr> <tr> <td style=\"width: 58.25px\">2020-<\/td> <td style=\"width: 538.05px\">\u00f6n\u00e1ll\u00f3 angol nyelv\u0171 fakultat\u00edv t\u00e1rgy; \u2019K\u00f6rnyezet\u00e9lettan\/Environmental physiology\u2019 c\u00edmmel (\u00c1TE; \u00e1llatorvos- \u00e9s biol\u00f3gia Msc k\u00e9pz\u00e9s)<\/td> <\/tr> <\/tbody> <\/table> <p><strong>\u00a0<\/strong><\/p> <p>&nbsp;<\/p> <p><strong>Szakmai szervezeti tags\u00e1g<\/strong><\/p> <table style=\"height: 149px\" width=\"403\"> <tbody> <tr> <td style=\"width: 91.0167px\">2002-2008<\/td> <td style=\"width: 295.283px\">Magyar Biol\u00f3giai T\u00e1rsas\u00e1g tagja<\/td> <\/tr> <tr> <td style=\"width: 91.0167px\">2007-<\/td> <td style=\"width: 295.283px\">Magyar Idegtudom\u00e1nyi T\u00e1rsas\u00e1g tagja<\/td> <\/tr> <tr> <td style=\"width: 91.0167px\">2007-<\/td> <td style=\"width: 295.283px\">Magyar \u00c9lettani T\u00e1rsas\u00e1g tagja<\/td> <\/tr> <tr> <td style=\"width: 91.0167px\">2016-<\/td> <td style=\"width: 295.283px\">F\u00e9nyszaruiak Bar\u00e1ti Egyes\u00fclete tagja (2017- eln\u00f6ks\u00e9gi tag)<\/td> <\/tr> <\/tbody> <\/table> <p>&nbsp;<\/p> <p><strong>\u00a0<\/strong><strong>Eddigi szakdolgozat\/TDK hallgat\u00f3k sz\u00e1ma<\/strong><\/p> <p>29<\/p> <table width=\"569\"> <tbody> <tr> <td colspan=\"2\" width=\"569\"><strong>PhD-hallgat\u00f3k<\/strong><\/td> <\/tr> <tr> <td width=\"281\">2<\/td> <td width=\"288\"><\/td> <\/tr> <\/tbody> <\/table> <p><strong>Publik\u00e1ci\u00f3s lista (Top10)<\/strong><\/p> <p>MTMT: 10023247<\/p> <p>(<a href=\"https:\/\/m2.mtmt.hu\/gui2\/?type=authors&amp;mode=browse&amp;sel=10023247\">https:\/\/m2.mtmt.hu\/gui2\/?type=authors&amp;mode=browse&amp;sel=10023247<\/a>)<\/p> <ol> <li>Vilagi I., Kiss DS., Farkas A., Borbely S., Halasy K., Banoczi Z., Hudecz F., Friedrich P.: <strong>Synthetic calpain activator boosts neuronal excitability without extra Ca2+<\/strong>, Molecular and Cellular Neurosci., 38(4):629-36, 2008. (IF: 3,840)<\/li> <li>Toth I., Kiss DS., Goszleth G., Bartha T., Frenyo VL., Naftolin F., Horvath TL., Zsarnovszky A.: <strong>Hypothalamic Sidedness in Mitochondrial Metabolism: New Perspectives<\/strong>, <em>Reprod Sci.<\/em> 21(12):1492-8, 2014. (IF: 2.230)<\/li> <li>Toth I., Kiss DS., Jocsak G., Somogyi V., Toronyi E., Bartha T., Frenyo VL., Horvath TL., Zsarnovszky A.: <strong>Estrogen- and Satiety State-Dependent Metabolic Lateralization in the Hypothalamus of Female Rats<\/strong>, <em>PLoSONE<\/em>, 10(9):e0137462, 2015. (IF: 3.234)<\/li> <li>Kiss DS., Toth I., Jocsak G., Sterczer A., Bartha T., Frenyo VL., Zsarnovszky A.: <strong>Preparation of purified perikaryal and synaptosomal mitochondrial fractions from relatively small hypothalamic brain samples<\/strong>, <em>MethodsX, <\/em>3:417\u2013429, 2016. (IF: 1.34)<\/li> <li>Jocsak G., Kiss DS., Toth I., Goszleth G., Bartha T., Frenyo LV., Horvath TL., Zsarnovszky A.: <strong>Comparison of Individual and Combined Effects of Four Endocrine Disruptors on Estrogen Receptor Beta Transcription in Cerebellar Cell Culture: The Modulatory Role of Estradiol and Triiodo-Thyronine<\/strong>, <em>Int J Environ Res Public Health<\/em>, 13(6). pii: E619. doi: 10.3390\/ijerph13060619., 2016. (IF: 2.035)<\/li> <li>Zsarnovszky A., Kiss DS., Jocsak G., Nemeth G.; Toth I., Horvath TL.: <strong>Thyroid hormone- and estrogen receptor interactions with natural ligands and endocrine disruptors in the cerebellum<\/strong>, <em>Frontiers in Neuroendocrinology,<\/em> 48:23-36, 2018. (IF: 9.425)<\/li> <li>Kiss DS., Ioja E., Toth I., Barany Z., Jocsak G., Bartha T., Horvath TL., Zsarnovszky A.: <strong>Comparative analysis of zearalenone effects on thyroid receptor alpha (TR\u03b1) and beta (TR\u03b2) expression in rat primary cerebellar cell cultures<\/strong>, <em>International Journal of Molecular Sciences, <\/em>19(5). pii: E1440. doi: 10.3390\/ijms19051440, 2018. (IF: 3.226)<\/li> <li>Jocsak G., Ioja E, Kiss DS., Toth I., Barany Z., Bartha T., Frenyo VL., Zsarnovszky A.: <strong>Endocrine Disruptors Induced Distinct Expression of Thyroid and Estrogen Receptors in Rat versus Mouse Primary Cerebellar Cell Cultures<\/strong>, Brain Sci., 9(12), 359, 2019. (IF: 2.786)<\/li> <li>Kiss DS., Toth I., Jocsak G., Barha T., Frenyo VL., Barany Z., Horvath TL., Zsarnovszky A.: <strong>Metabolic lateralization in the hypothalamus of male rats related to reproductive and satiety states<\/strong>. Reprod Sci., DOI: 10.1007\/s43032-019-00131-3, 2020. (IF: 2.559)<\/li> <li>Kiss DS., Toth I., Jocsak G., Barany Z., Barha T., Frenyo VL., Horvath TL., Zsarnovszky A..: <strong>Functional aspects of hypothalamic asymmetry<\/strong>. Brain Sci., 10(6),389, DOI: 10.3390\/brainsci10060389, 2020. (IF: 3.332)<\/li> <\/ol> <p>&nbsp;<\/p>","protected":false},"excerpt":{"rendered":"<p>Bemutatkoz\u00e1s F\u0151bb kutat\u00e1si ter\u00fcletek 2004-2007 Kalpain feh\u00e9rjecsal\u00e1d hat\u00e1smechanizmus\u00e1nak vizsg\u00e1lata hippocampuson elektrofiziol\u00f3giai \u00e9s elektronmikroszk\u00f3pi\u00e1s m\u00f3dszerekkel. 2007- A t\u00e1pl\u00e1l\u00e9kfelv\u00e9telt \u00e9s reprodukt\u00edv folyamatokat ir\u00e1ny\u00edt\u00f3 hypothalamicus mechanizmusok sejtszint\u00fc vizsg\u00e1lata. 2009 A hippocampalis CA1\/2\/3 \u00e1re\u00e1k parvalbumin sejtjeiben kifejez\u0151d\u0151 mGluR1\u03b1 receptorok eloszl\u00e1s\u00e1nak vizsg\u00e1lata. 2009- A hypothalamicus neuron\u00e1lis energiaszint szab\u00e1lyoz\u00e1s\u00e1nak vizsg\u00e1lata: Az NTPD\u00e1zok, mint lehets\u00e9ges energia-regul\u00e1torok szerepe a pozit\u00edv gonadotropin feedback sor\u00e1n<\/p>\n","protected":false},"author":5824,"featured_media":0,"parent":858,"menu_order":210,"comment_status":"closed","ping_status":"closed","template":"","meta":{"_acf_changed":false,"footnotes":""},"categories":[56],"tags":[],"class_list":["post-4108","page","type-page","status-publish","hentry","category-munkatarsak"],"acf":[],"_links":{"self":[{"href":"https:\/\/univet.hu\/hu\/wp-json\/wp\/v2\/pages\/4108","targetHints":{"allow":["GET"]}}],"collection":[{"href":"https:\/\/univet.hu\/hu\/wp-json\/wp\/v2\/pages"}],"about":[{"href":"https:\/\/univet.hu\/hu\/wp-json\/wp\/v2\/types\/page"}],"author":[{"embeddable":true,"href":"https:\/\/univet.hu\/hu\/wp-json\/wp\/v2\/users\/5824"}],"replies":[{"embeddable":true,"href":"https:\/\/univet.hu\/hu\/wp-json\/wp\/v2\/comments?post=4108"}],"version-history":[{"count":1,"href":"https:\/\/univet.hu\/hu\/wp-json\/wp\/v2\/pages\/4108\/revisions"}],"predecessor-version":[{"id":186918,"href":"https:\/\/univet.hu\/hu\/wp-json\/wp\/v2\/pages\/4108\/revisions\/186918"}],"up":[{"embeddable":true,"href":"https:\/\/univet.hu\/hu\/wp-json\/wp\/v2\/pages\/858"}],"wp:attachment":[{"href":"https:\/\/univet.hu\/hu\/wp-json\/wp\/v2\/media?parent=4108"}],"wp:term":[{"taxonomy":"category","embeddable":true,"href":"https:\/\/univet.hu\/hu\/wp-json\/wp\/v2\/categories?post=4108"},{"taxonomy":"post_tag","embeddable":true,"href":"https:\/\/univet.hu\/hu\/wp-json\/wp\/v2\/tags?post=4108"}],"curies":[{"name":"wp","href":"https:\/\/api.w.org\/{rel}","templated":true}]}}