{"id":4111,"date":"2016-07-12T12:30:00","date_gmt":"2016-07-12T10:30:00","guid":{"rendered":"http:\/\/univet.hu\/egyetem\/munkatarsak\/kiss-gergely\/"},"modified":"2026-02-10T04:00:03","modified_gmt":"2026-02-10T03:00:03","slug":"kiss-gergely","status":"publish","type":"page","link":"https:\/\/univet.hu\/hu\/egyetem\/munkatarsak\/kiss-gergely\/","title":{"rendered":"Kiss Gergely"},"content":{"rendered":"<p style=\"text-align: center;\"><strong>Bemutatkoz\u00e1s\u00a0\u00a0 <\/strong><\/p> <p>2011-\u00f3ta az \u00c1llatorvostudom\u00e1nyi Egyetem Belgy\u00f3gy\u00e1szati Tansz\u00e9k\u00e9nek munkat\u00e1rsa. A Semmelweis Egyetemen szerzett, min\u0151s\u00edtett, tematikus posztgradu\u00e1lis egyetemi vizsg\u00e1kkal rendelkezik a kardiol\u00f3giai diagnosztikai \u00e9s ter\u00e1pi\u00e1s elj\u00e1r\u00e1sok, az ultrahangos k\u00e9palkot\u00e1s \u00e9s a klinikai genetika ter\u00fclet\u00e9n. Rendszeres r\u00e9sztvev\u0151je \u00e9s el\u0151ad\u00f3ja nemzetk\u00f6zi szakmai konferenci\u00e1knak.<\/p> <p>Szakter\u00fcletek:\u00a0kis\u00e1llat-kardiol\u00f3gia, ultrahang-diagnosztika, belgy\u00f3gy\u00e1szat, \u00f6r\u00f6kletes betegs\u00e9gek \/ klinikai genetika, laborat\u00f3riumi diagnosztika.<\/p> <p>Tev\u00e9kenys\u00e9gek:\u00a0 Kis\u00e1llat-kardiol\u00f3giai szakrendel\u00e9s, m\u0171szeres diagnosztikai vizsg\u00e1latok v\u00e9gz\u00e9se (hasi ultrahang, sz\u00edvultrahang, EKG, v\u00e9rnyom\u00e1sm\u00e9r\u00e9s), klinikai genetikai szaktan\u00e1csad\u00e1s, illetve a felsorolt t\u00e9m\u00e1kkal kapcsolatos kutat\u00e1si \u00e9s oktat\u00e1si tev\u00e9kenys\u00e9g magyar, angol \u00e9s n\u00e9met nyelven.<\/p> <p><strong>F\u0151bb kutat\u00e1si ter\u00fcletek:<\/strong><\/p> <ul> <li>\u00e1llatorvosi kardiol\u00f3gia \u00e9s ultrahang diagnosztika<\/li> <li>\u00e1llatorvosi klinikai genetika \u00e9s genomika<\/li> <li>sz\u00edvbetegs\u00e9gek genetik\u00e1ja, genomik\u00e1ja \u00e9s gy\u00f3gyszeres ter\u00e1pi\u00e1ja<\/li> <li>v\u00e9rb\u0151l kimutathat\u00f3 RNS biomarkerek<\/li> <li>molekul\u00e1ris diagnosztikai m\u00f3dszerek<\/li> <li>rendszerbiol\u00f3giai megk\u00f6zel\u00edt\u00e9s alkalmaz\u00e1sa a klinikai kutat\u00e1sban<\/li> <\/ul> <p><strong>Eddigi szakdolgozat\/TDK hallgat\u00f3k sz\u00e1ma<\/strong><\/p> <p>TDK hallgat\u00f3k sz\u00e1ma: 1 f\u0151<\/p> <p>Szakdolgozatot k\u00e9sz\u00edtett hallgatok sz\u00e1ma: 2 f\u0151<\/p> <p><strong>Publik\u00e1ci\u00f3s lista<br \/> <\/strong><\/p> <p>MTMT:<\/p> <table style=\"width: 1117px; height: 126px;\"> <tbody> <tr style=\"height: 24px;\"> <td style=\"width: 22.85px; height: 24px;\">1.<\/td> <td style=\"width: 1078.15px; height: 24px;\"><a href=\"https:\/\/www.nature.com\/articles\/s41598-021-03451-0#auth-Brigitta_Margit-K_llai\">K\u00e1llai<\/a> B.M., Cs\u00f6ndes J., <a href=\"https:\/\/www.nature.com\/articles\/s41598-021-03451-0#auth-Gergely-Kiss\">Kiss<\/a> G.,\u00a0<a href=\"https:\/\/www.nature.com\/articles\/s41598-021-03451-0#auth-Lilla-Bodrogi\">Bodrogi<\/a> L.,\u00a0<a href=\"https:\/\/www.nature.com\/articles\/s41598-021-03451-0#auth-Zsolt-R_nai\">R\u00f3nai<\/a>\u00a0Zs., <a href=\"https:\/\/www.nature.com\/articles\/s41598-021-03451-0#auth-Tam_s-M_sz_ros\">M\u00e9sz\u00e1ros<\/a> T.: Restrained expression of canine glucocorticoid receptor splice variants \u03b1 and P prognosticates fatal disease outcome in SIRS; Scientific Reports, 11:24505, 2021.<\/td> <\/tr> <tr style=\"height: 22px;\"> <td style=\"width: 22.85px; height: 22px;\">2.<\/td> <td style=\"width: 1078.15px; height: 22px;\">Dud\u00e1s-Gy\u00f6rki Z., Skult\u00e9ty N., K\u00e1rp\u00e1ti \u00c9. J., Kiss G.: Mitralis endocardiosis el\u0151fordul\u00e1sa \u00e9s lezajl\u00e1sa kuty\u00e1kban-Magyar \u00c1llatorvosok Lapja 19. 2019.<\/td> <\/tr> <tr style=\"height: 80px;\"> <td style=\"width: 22.85px; height: 80px;\">3.<\/td> <td style=\"width: 1078.15px; height: 80px;\">Cs\u00f6ndes J., Kiss G., M\u00e1th\u00e9 \u00c1., Vajdovich P.: Hypocortisolaemia \u00e9s gl\u00fckokortikoid-rezisztencia kritikus \u00e1llapot\u00fa kuty\u00e1kban Irodalmi \u00f6sszefoglal\u00f3-Magyar \u00c1llatorvosok Lapja 11. 2016.<\/td> <\/tr> <\/tbody> <\/table> <p>&nbsp;<\/p> <p>&nbsp;<\/p> <p>&nbsp;<\/p>","protected":false},"excerpt":{"rendered":"<p>Bemutatkoz\u00e1s\u00a0\u00a0 2011-\u00f3ta az \u00c1llatorvostudom\u00e1nyi Egyetem Belgy\u00f3gy\u00e1szati Tansz\u00e9k\u00e9nek munkat\u00e1rsa. A Semmelweis Egyetemen szerzett, min\u0151s\u00edtett, tematikus posztgradu\u00e1lis egyetemi vizsg\u00e1kkal rendelkezik a kardiol\u00f3giai diagnosztikai \u00e9s ter\u00e1pi\u00e1s elj\u00e1r\u00e1sok, az ultrahangos k\u00e9palkot\u00e1s \u00e9s a klinikai genetika ter\u00fclet\u00e9n. Rendszeres r\u00e9sztvev\u0151je \u00e9s el\u0151ad\u00f3ja nemzetk\u00f6zi szakmai konferenci\u00e1knak. Szakter\u00fcletek:\u00a0kis\u00e1llat-kardiol\u00f3gia, ultrahang-diagnosztika, belgy\u00f3gy\u00e1szat, \u00f6r\u00f6kletes betegs\u00e9gek \/ klinikai genetika, laborat\u00f3riumi diagnosztika. Tev\u00e9kenys\u00e9gek:\u00a0 Kis\u00e1llat-kardiol\u00f3giai szakrendel\u00e9s, m\u0171szeres diagnosztikai vizsg\u00e1latok<\/p>\n","protected":false},"author":5824,"featured_media":0,"parent":858,"menu_order":210,"comment_status":"closed","ping_status":"closed","template":"","meta":{"_acf_changed":false,"footnotes":""},"categories":[56],"tags":[],"class_list":["post-4111","page","type-page","status-publish","hentry","category-munkatarsak"],"acf":[],"_links":{"self":[{"href":"https:\/\/univet.hu\/hu\/wp-json\/wp\/v2\/pages\/4111","targetHints":{"allow":["GET"]}}],"collection":[{"href":"https:\/\/univet.hu\/hu\/wp-json\/wp\/v2\/pages"}],"about":[{"href":"https:\/\/univet.hu\/hu\/wp-json\/wp\/v2\/types\/page"}],"author":[{"embeddable":true,"href":"https:\/\/univet.hu\/hu\/wp-json\/wp\/v2\/users\/5824"}],"replies":[{"embeddable":true,"href":"https:\/\/univet.hu\/hu\/wp-json\/wp\/v2\/comments?post=4111"}],"version-history":[{"count":1,"href":"https:\/\/univet.hu\/hu\/wp-json\/wp\/v2\/pages\/4111\/revisions"}],"predecessor-version":[{"id":199541,"href":"https:\/\/univet.hu\/hu\/wp-json\/wp\/v2\/pages\/4111\/revisions\/199541"}],"up":[{"embeddable":true,"href":"https:\/\/univet.hu\/hu\/wp-json\/wp\/v2\/pages\/858"}],"wp:attachment":[{"href":"https:\/\/univet.hu\/hu\/wp-json\/wp\/v2\/media?parent=4111"}],"wp:term":[{"taxonomy":"category","embeddable":true,"href":"https:\/\/univet.hu\/hu\/wp-json\/wp\/v2\/categories?post=4111"},{"taxonomy":"post_tag","embeddable":true,"href":"https:\/\/univet.hu\/hu\/wp-json\/wp\/v2\/tags?post=4111"}],"curies":[{"name":"wp","href":"https:\/\/api.w.org\/{rel}","templated":true}]}}