{"id":4114,"date":"2016-10-24T09:43:00","date_gmt":"2016-10-24T07:43:00","guid":{"rendered":"http:\/\/univet.hu\/egyetem\/munkatarsak\/kiss-jozsefne-olah-edit\/"},"modified":"2026-02-10T04:00:04","modified_gmt":"2026-02-10T03:00:04","slug":"kiss-jozsefne-olah-edit","status":"publish","type":"page","link":"https:\/\/univet.hu\/hu\/egyetem\/munkatarsak\/kiss-jozsefne-olah-edit\/","title":{"rendered":"Kiss J\u00f3zsefn\u00e9 Ol\u00e1h Edit"},"content":{"rendered":"","protected":false},"excerpt":{"rendered":"","protected":false},"author":5824,"featured_media":0,"parent":858,"menu_order":210,"comment_status":"closed","ping_status":"closed","template":"","meta":{"_acf_changed":false,"footnotes":""},"categories":[56],"tags":[],"class_list":["post-4114","page","type-page","status-publish","hentry","category-munkatarsak"],"acf":[],"_links":{"self":[{"href":"https:\/\/univet.hu\/hu\/wp-json\/wp\/v2\/pages\/4114","targetHints":{"allow":["GET"]}}],"collection":[{"href":"https:\/\/univet.hu\/hu\/wp-json\/wp\/v2\/pages"}],"about":[{"href":"https:\/\/univet.hu\/hu\/wp-json\/wp\/v2\/types\/page"}],"author":[{"embeddable":true,"href":"https:\/\/univet.hu\/hu\/wp-json\/wp\/v2\/users\/5824"}],"replies":[{"embeddable":true,"href":"https:\/\/univet.hu\/hu\/wp-json\/wp\/v2\/comments?post=4114"}],"version-history":[{"count":1,"href":"https:\/\/univet.hu\/hu\/wp-json\/wp\/v2\/pages\/4114\/revisions"}],"predecessor-version":[{"id":178309,"href":"https:\/\/univet.hu\/hu\/wp-json\/wp\/v2\/pages\/4114\/revisions\/178309"}],"up":[{"embeddable":true,"href":"https:\/\/univet.hu\/hu\/wp-json\/wp\/v2\/pages\/858"}],"wp:attachment":[{"href":"https:\/\/univet.hu\/hu\/wp-json\/wp\/v2\/media?parent=4114"}],"wp:term":[{"taxonomy":"category","embeddable":true,"href":"https:\/\/univet.hu\/hu\/wp-json\/wp\/v2\/categories?post=4114"},{"taxonomy":"post_tag","embeddable":true,"href":"https:\/\/univet.hu\/hu\/wp-json\/wp\/v2\/tags?post=4114"}],"curies":[{"name":"wp","href":"https:\/\/api.w.org\/{rel}","templated":true}]}}