{"id":4129,"date":"2016-08-02T13:22:00","date_gmt":"2016-08-02T11:22:00","guid":{"rendered":"http:\/\/univet.hu\/egyetem\/munkatarsak\/korbacska-kutasi-orsolya\/"},"modified":"2026-02-10T04:00:04","modified_gmt":"2026-02-10T03:00:04","slug":"korbacska-kutasi-orsolya","status":"publish","type":"page","link":"https:\/\/univet.hu\/hu\/egyetem\/munkatarsak\/korbacska-kutasi-orsolya\/","title":{"rendered":"Korbacska-Kutasi Orsolya"},"content":{"rendered":"<p style=\"text-align: center;\"><span style=\"font-size: 14pt;\"><strong>Bemutatkoz\u00e1s\u00a0\u00a0<\/strong><\/span><\/p> <p>1999-ben v\u00e9geztem a Budapesti \u00c1llatorvostudom\u00e1nyi Egyetemen, majd az akkori Nagy\u00e1llatklinik\u00e1n kezdtem dolgozni l\u00f3-belgy\u00f3gy\u00e1szk\u00e9nt. 2007-ben megszereztem a L\u00f3gy\u00f3gy\u00e1sz szak\u00e1llatorvos diplom\u00e1t, majd 5 \u00e9v rezidens k\u00e9pz\u00e9s \u00e9s vizsga ut\u00e1n, 2014-ben az Eur\u00f3pai L\u00f3-belgy\u00f3gy\u00e1szati Koll\u00e9gium tagja lettem. PhD kutat\u00e1somat a lovak als\u00f3 l\u00e9g\u00fati betegs\u00e9geivel kapcsolatban v\u00e9geztem. 2015-ben ker\u00fcltem az \u00c1llatteny\u00e9szt\u00e9si, Takarm\u00e1nyoz\u00e1stani \u00e9s Labor\u00e1llat-tudom\u00e1nyi Int\u00e9zetbe, ahol els\u0151sorban lovak teljes\u00edtm\u00e9nyn\u00f6vel\u0151 es prevent\u00edv takarm\u00e1nyoz\u00e1s\u00e1val, illetve klinikai dietetik\u00e1j\u00e1val foglalkozom. A budapesti egyetem mellett a B\u00e9csi \u00c1llatorvostudom\u00e1nyi Egyetem L\u00f3klinik\u00e1j\u00e1nak belgy\u00f3gy\u00e1szati oszt\u00e1ly\u00e1n is dolgozom senior klinikusk\u00e9nt.<\/p> <p><strong>F\u0151bb kutat\u00e1si ter\u00fcletek:<\/strong><\/p> <ul> <li>Lovak takarm\u00e1nyoz\u00e1sa \u00e9s klinikai dietetik\u00e1ja<\/li> <li>Lovak sport\u00e9lettana \u00e9s teljes\u00edtm\u00e9nyvizsg\u00e1lata<\/li> <li>Lovak v\u00edrusos betegs\u00e9gei (nyugat-n\u00edlusi v\u00edrus)<\/li> <li><span class=\"NormalTextRun SCXW38292526 BCX8\">T\u00e1rs\u00e1llat<\/span>\u00a0<span class=\"NormalTextRun SCXW38292526 BCX8\">etet\u00e9si<\/span>\u00a0<span class=\"NormalTextRun SCXW38292526 BCX8\">szok\u00e1sok<\/span>\u00a0<span class=\"NormalTextRun SCXW38292526 BCX8\">\u00e9s<\/span>\u00a0<span class=\"NormalTextRun SCXW38292526 BCX8\">trendek<\/span>\u00a0<span class=\"NormalTextRun SCXW38292526 BCX8\">vizsg\u00e1lata<\/span><\/li> <\/ul> <p><strong>El\u0151rehalad\u00e1s<\/strong><\/p> <p>&nbsp;<\/p> <p><strong>Szakmai szervezeti tags\u00e1g<\/strong><\/p> <table style=\"height: 256px;\" width=\"859\"> <tbody> <tr style=\"height: 57px;\"> <td style=\"width: 447.7px; height: 57px;\"><strong>Bizotts\u00e1g neve<\/strong><\/td> <td style=\"width: 89.1px; height: 57px;\"><strong>Id\u0151<\/strong><\/td> <td style=\"width: 301.8px; height: 57px;\"><strong>Tiszts\u00e9g<\/strong><\/td> <\/tr> <tr style=\"height: 46px;\"> <td style=\"width: 447.7px; height: 46px;\">European College of Equine Internal Medicine<\/td> <td style=\"width: 89.1px; height: 46px;\">2014<\/td> <td style=\"width: 301.8px; height: 46px;\">Vizsgabizotts\u00e1gi tag<\/td> <\/tr> <tr style=\"height: 45px;\"> <td style=\"width: 447.7px; height: 45px;\">Federation of European Equine Veterinary Associations<\/td> <td style=\"width: 89.1px; height: 45px;\">2008<\/td> <td style=\"width: 301.8px; height: 45px;\">Disease surveillance workgroup tag<\/td> <\/tr> <tr style=\"height: 44px;\"> <td style=\"width: 447.7px; height: 44px;\">Magyar L\u00f3gy\u00f3gy\u00e1sz \u00c1llatorvosok Egyes\u00fclete<\/td> <td style=\"width: 89.1px; height: 44px;\">2008<\/td> <td style=\"width: 301.8px; height: 44px;\">K\u00fclf\u00f6ldi kapcsolatok<\/td> <\/tr> <\/tbody> <\/table> <p><strong>Eddigi szakdolgozat\/TDK hallgat\u00f3k sz\u00e1ma<\/strong><\/p> <p>15 szakdolgozat<\/p> <p>23 TDK dolgozat<\/p> <p><strong>PhD-hallgat\u00f3k:<\/strong><\/p> <ul> <li>Dr. Joo Kinga: Upper respiratory tract functional disorders in sport and pleasure horses (befejezett)<\/li> <li>Dr. Feher Orsolya: \u00a0Magyarorsz\u00e1gi lovakban el\u0151fordul\u00f3 Flaviv\u00edrusok (el\u0151fordul\u00e1s, k\u00f3rokoz\u00f3k\u00e9pess\u00e9g, immunit\u00e1s) (befejezett)<\/li> <li>Dr. Wermer Kata: Gy\u00f3gyn\u00f6v\u00e9ny alap\u00fa k\u00e9sz\u00edtm\u00e9nyek hat\u00e1sfok\u00e1nak elemz\u00e9se lovak k\u00fcl\u00f6nb\u00f6z\u0151 eredet\u0171 megbeteged\u00e9seinek kezel\u00e9s\u00e9ben (folyamatban)<\/li> <li>Dr. Kosa Csaba Attila:\u00a0 Enzootiasan jelentkez\u00f6 terhel\u00e9ses rhabdomyolysis jellegzetess\u00e9gei egy sz\u00e9kelyf\u00f6ldi r\u00e9gi\u00f3ban (folyamatban)<\/li> <li>Dr. Moravszki Let\u00edcia:\u00a0A kutyatart\u00f3k \u00e9s \u00e1llatorvosok dietetikai tudatoss\u00e1g\u00e1nak felm\u00e9r\u00e9se \u00e9s egyes eledelek analitikai \u00f6sszet\u00e9tel\u00e9nek \u00e9s mikrobiol\u00f3giai szennyezetts\u00e9g\u00e9nek vizsg\u00e1lata (folyamatban)<\/li> <\/ul> <p><strong>Publik\u00e1ci\u00f3s lista (Top10)<\/strong><\/p> <p><a href=\"https:\/\/m2.mtmt.hu\/gui2\/?type=authors&amp;mode=browse&amp;sel=authors10023453\" target=\"_blank\" rel=\"noopener\" data-replaced=\"true\">mtmt link<\/a><\/p> <table style=\"height: 1008px;\" width=\"965\"> <tbody> <tr style=\"height: 136px;\"> <td style=\"width: 37px; height: 136px;\">1.<\/td> <td style=\"width: 913.2px; height: 136px;\"> <p>Jo\u00f3, Kinga ; Pov\u00e1zsai, \u00c1gnes ; Nyerges-Boh\u00e1k, Zs\u00f3fia ; Szenci, Ott\u00f3 ; <strong>Kutasi, Orsolya<\/strong><\/p> <p>Asthmatic Disease as an Underlying Cause of Dorsal Displacement of the Soft Palate in Horses<\/p> <p>JOURNAL OF EQUINE VETERINARY SCIENCE 96 Paper: 103308 , 5 p. (2021)<\/td> <\/tr> <tr style=\"height: 160px;\"> <td style=\"width: 37px; height: 160px;\">2.<\/td> <td style=\"width: 913.2px; height: 160px;\"> <p>K\u00f3sa, Csaba Attila ; Nagy, Krisztina ; Szenci, Ott\u00f3 ; Baska-Vincze, Bogl\u00e1rka ; Andr\u00e1sofszky, Emese ; Sz\u00e9p, R\u00f3bert ; Keresztesi, \u00c1gnes ; Mircean, Mircea ; Taulescu, Marian ; <strong>Kutasi, Orsolya<\/strong> &#x2709;<\/p> <p>The role of selenium and vitamin E in a Transylvanian enzootic equine recurrent rhabdomyolysis syndrome<\/p> <p>ACTA VETERINARIA HUNGARICA 69 : 3 pp. 256-265. , 10 p. (2021)<\/td> <\/tr> <tr style=\"height: 184px;\"> <td style=\"width: 37px; height: 184px;\">3.<\/td> <td style=\"width: 913.2px; height: 184px;\"> <p>Feh\u00e9r, Orsolya ; Bakonyi, Tam\u00e1s ; Barna, M\u00f3nika ; Nagy, Anna ; Tak\u00e1cs, M\u00e1ria ; Szenci, Ott\u00f3 ; Jo\u00f3, Kinga ; S\u00e1rdi, S\u00e1ra ; <strong>Korbacska-Kutasi, Orsolya<\/strong><\/p> <p>Serum neutralising antibody titres against a lineage 2 neuroinvasive West Nile Virus strain in response to vaccination with an inactivated lineage 1 vaccine in a European endemic area<\/p> <p>VETERINARY IMMUNOLOGY AND IMMUNOPATHOLOGY 227 Paper: 110087 (2020)<\/td> <\/tr> <tr style=\"height: 136px;\"> <td style=\"width: 37px; height: 136px;\">4.<\/td> <td style=\"width: 913.2px; height: 136px;\"> <p><strong>Kutasi, Orsolya<\/strong> ; Feh\u00e9r, Orsolya ; S\u00e1rdi, S\u00e1ra ; Balogh, N\u00e1ndor ; Nagy, Anna ; Moravszki, Leticia ; B\u00f3dai, Emese ; Szenci, Ott\u00f3<\/p> <p>Characterisation of the cerebrospinal fluid of horses with West Nile virus neuroinvasive disease<\/p> <p>ACTA VETERINARIA HUNGARICA 68 : 2 pp. 177-185. , 9 p. (2020)<\/td> <\/tr> <tr style=\"height: 136px;\"> <td style=\"width: 37px; height: 136px;\">5.<\/td> <td style=\"width: 913.2px; height: 136px;\"> <p>Het\u00e9nyi, Nikoletta &#x2709; ; <strong>Korbacska-Kutasi, Orsolya<\/strong><\/p> <p>Az alomanyag \u00e9s a takarm\u00e1ny hat\u00e1sa a lovak asztm\u00e1s megbeteged\u00e9seire Irodalmi \u00f6sszefoglal\u00f3<\/p> <p>MAGYAR \u00c1LLATORVOSOK LAPJA 141 : 9 pp. 515-521. , 7 p. (2019)<\/td> <\/tr> <tr style=\"height: 160px;\"> <td style=\"width: 37px; height: 160px;\">6.<\/td> <td style=\"width: 913.2px; height: 160px;\"> <p>K\u00f3sa, Csaba Attila ; Mircean, Mircea ; Taulescu, Marian ; Turcitu, Mihai ; Oana, Kiviu ; Andr\u00e1sofszky, Emese ; Jo\u00f3, Kinga ; Szenci, Ott\u00f3 ; <strong>Kutasi, Orsolya<\/strong><\/p> <p>A terhel\u00e9ses rhabdomyolysis jellegzetess\u00e9gei egy sz\u00e9kelyf\u00f6ldi r\u00e9gi\u00f3ban: Esetismertet\u00e9sek<\/p> <p>MAGYAR \u00c1LLATORVOSOK LAPJA 140 : 11 pp. 643-649. , 7 p. (2018)<\/td> <\/tr> <tr style=\"height: 24px;\"> <td style=\"width: 37px; height: 24px;\">7.<\/td> <td style=\"width: 913.2px; height: 24px;\"> <p><strong>O, Kutasi<\/strong> ; E, Andrasofszky ; O, Szenci ; A, Bersenyi ; I, Siller ; T, Abonyi<\/p> <p>Foxtail grass (Setaria viridis)-induced ulcerative stomatitis-gingivitis resembling viral vesicular stomatitis in horses<\/p> <p>LIVESTOCK SCIENCE 215 pp. 41-45. , 5 p. (2018)<\/td> <\/tr> <tr style=\"height: 24px;\"> <td style=\"width: 37px; height: 24px;\">8.<\/td> <td style=\"width: 913.2px; height: 24px;\"> <p>Kinga, Jo\u00f3 ; Tam\u00e1s, Bakonyi ; Ott\u00f3, Szenci ; S\u00e1ra, S\u00e1rdi ; Em\u0151ke, Ferenczi ; M\u00f3nika, Barna ; P\u00e9ter, Malik ; Zdenek, Hubalek ; Orsolya, Feh\u00e9r <strong>; Orsolya, Kutasi<\/strong><\/p> <p>Comparison of assays for the detection of West Nile virus antibodies in equine serum after natural infection or vaccination<\/p> <p>VETERINARY IMMUNOLOGY AND IMMUNOPATHOLOGY 183 pp. 1-6. , 6 p. (2017)<\/td> <\/tr> <tr style=\"height: 24px;\"> <td style=\"width: 37px; height: 24px;\">9.<\/td> <td style=\"width: 913.2px; height: 24px;\"> <p>Boh\u00e1k, Zs\u00f3fia ; <strong>Kutasi, Orsolya<\/strong> ; Szenci, Ott\u00f3<\/p> <p>A kortizolhormon sport\u00e9lettani szerepe lovakban: The role of cortisol hormone in equine exercise physiology<\/p> <p>MAGYAR \u00c1LLATORVOSOK LAPJA 138 : 11 pp. 643-652. , 10 p. (2016)<\/td> <\/tr> <tr style=\"height: 24px;\"> <td style=\"width: 37px; height: 24px;\">10.<\/td> <td style=\"width: 913.2px; height: 24px;\"> <p><strong>Kutasi, O<\/strong> ; Bakonyi, T ; Lecollinet, S ; Biksi, I ; Ferenczi, E ; Bahuon, C ; Sardi, S ; Zientara, S ; Szenci, O<\/p> <p>Equine encephalomyelitis outbreak caused by a genetic lineage 2 West Nile Virus in Hungary<\/p> <p>JOURNAL OF VETERINARY INTERNAL MEDICINE 25 : 3 pp. 586-591. , 6 p. (2011)<\/td> <\/tr> <\/tbody> <\/table> <p>&nbsp;<\/p>","protected":false},"excerpt":{"rendered":"<p>Bemutatkoz\u00e1s\u00a0\u00a0 1999-ben v\u00e9geztem a Budapesti \u00c1llatorvostudom\u00e1nyi Egyetemen, majd az akkori Nagy\u00e1llatklinik\u00e1n kezdtem dolgozni l\u00f3-belgy\u00f3gy\u00e1szk\u00e9nt. 2007-ben megszereztem a L\u00f3gy\u00f3gy\u00e1sz szak\u00e1llatorvos diplom\u00e1t, majd 5 \u00e9v rezidens k\u00e9pz\u00e9s \u00e9s vizsga ut\u00e1n, 2014-ben az Eur\u00f3pai L\u00f3-belgy\u00f3gy\u00e1szati Koll\u00e9gium tagja lettem. PhD kutat\u00e1somat a lovak als\u00f3 l\u00e9g\u00fati betegs\u00e9geivel kapcsolatban v\u00e9geztem. 2015-ben ker\u00fcltem az \u00c1llatteny\u00e9szt\u00e9si, Takarm\u00e1nyoz\u00e1stani \u00e9s Labor\u00e1llat-tudom\u00e1nyi Int\u00e9zetbe, ahol els\u0151sorban lovak<\/p>\n","protected":false},"author":5824,"featured_media":0,"parent":858,"menu_order":210,"comment_status":"closed","ping_status":"closed","template":"","meta":{"_acf_changed":false,"footnotes":""},"categories":[56],"tags":[],"class_list":["post-4129","page","type-page","status-publish","hentry","category-munkatarsak"],"acf":[],"_links":{"self":[{"href":"https:\/\/univet.hu\/hu\/wp-json\/wp\/v2\/pages\/4129","targetHints":{"allow":["GET"]}}],"collection":[{"href":"https:\/\/univet.hu\/hu\/wp-json\/wp\/v2\/pages"}],"about":[{"href":"https:\/\/univet.hu\/hu\/wp-json\/wp\/v2\/types\/page"}],"author":[{"embeddable":true,"href":"https:\/\/univet.hu\/hu\/wp-json\/wp\/v2\/users\/5824"}],"replies":[{"embeddable":true,"href":"https:\/\/univet.hu\/hu\/wp-json\/wp\/v2\/comments?post=4129"}],"version-history":[{"count":1,"href":"https:\/\/univet.hu\/hu\/wp-json\/wp\/v2\/pages\/4129\/revisions"}],"predecessor-version":[{"id":199542,"href":"https:\/\/univet.hu\/hu\/wp-json\/wp\/v2\/pages\/4129\/revisions\/199542"}],"up":[{"embeddable":true,"href":"https:\/\/univet.hu\/hu\/wp-json\/wp\/v2\/pages\/858"}],"wp:attachment":[{"href":"https:\/\/univet.hu\/hu\/wp-json\/wp\/v2\/media?parent=4129"}],"wp:term":[{"taxonomy":"category","embeddable":true,"href":"https:\/\/univet.hu\/hu\/wp-json\/wp\/v2\/categories?post=4129"},{"taxonomy":"post_tag","embeddable":true,"href":"https:\/\/univet.hu\/hu\/wp-json\/wp\/v2\/tags?post=4129"}],"curies":[{"name":"wp","href":"https:\/\/api.w.org\/{rel}","templated":true}]}}