{"id":4132,"date":"2017-04-12T14:33:00","date_gmt":"2017-04-12T12:33:00","guid":{"rendered":"http:\/\/univet.hu\/egyetem\/munkatarsak\/korsos-gabriella\/"},"modified":"2026-02-10T04:00:05","modified_gmt":"2026-02-10T03:00:05","slug":"korsos-gabriella","status":"publish","type":"page","link":"https:\/\/univet.hu\/hu\/egyetem\/munkatarsak\/korsos-gabriella\/","title":{"rendered":"Kors\u00f3s Gabriella"},"content":{"rendered":"<p style=\"text-align: center\"><strong><span style=\"font-size: 14pt\">Bemutatkoz\u00e1s<\/span><\/strong><\/p> <p>2013-ban v\u00e9geztem \u00e1llatorvosk\u00e9nt, majd az \u00c1llatteny\u00e9szt\u00e9si, Takarm\u00e1nyoz\u00e1stani \u00e9s Labor\u00e1llat-tudom\u00e1nyi Int\u00e9zetben helyezkedtem el, \u00e9s az\u00f3ta is itt dolgozok. Jelenleg a Labor\u00e1llat-tudom\u00e1ny \u00e9s Bioetika, valamint az \u00c1llatv\u00e9delem k\u00f6telez\u0151 tant\u00e1rgyak oktat\u00e1s\u00e1ban veszek r\u00e9szt h\u00e1rom nyelven. Fontosnak tartom, hogy ne csak a tudom\u00e1nyter\u00fcletemen, de mint oktat\u00f3 is folyamatosan k\u00e9pezzem magam. Valamint a szakmai \u00e1llatv\u00e9delmet, \u00e9s azt, hogy az \u00e1llatorvostan-hallgat\u00f3k is mint szak\u00e9rt\u0151 \u00e1llatv\u00e9d\u0151k hagyj\u00e1k el az egyetemet. PhD kutat\u00e1si t\u00e9m\u00e1m a labor\u00e1llatok v\u00e9delm\u00e9vel kapcsolatos.<\/p> <p><strong>F\u0151bb kutat\u00e1si ter\u00fcletek: <\/strong><\/p> <ul> <li>labor\u00e1llat-tudom\u00e1ny<\/li> <li>labor\u00e1llat-j\u00f3ll\u00e9t<\/li> <li>\u00e1llatv\u00e9delem \u00e9s \u00e1llatj\u00f3ll\u00e9t<\/li> <\/ul> <p><strong>El\u0151rehalad\u00e1s<\/strong><\/p> <p><strong>Szakmai szervezeti tags\u00e1g<\/strong><\/p> <table style=\"height: 121px\" width=\"792\"> <tbody> <tr> <td style=\"width: 430.888px;text-align: center\"><strong>Bizotts\u00e1g neve<\/strong><\/td> <td style=\"width: 164.337px;text-align: center\"><strong>Id\u0151<\/strong><\/td> <td style=\"width: 176.375px;text-align: center\"><strong>Tiszts\u00e9g<\/strong><\/td> <\/tr> <tr> <td style=\"width: 430.888px;text-align: center\">Magyar Labor\u00e1llat-tudom\u00e1nyi Egyes\u00fclet<\/td> <td style=\"width: 164.337px;text-align: center\">2025<\/td> <td style=\"width: 176.375px;text-align: center\">aleln\u00f6k<\/td> <\/tr> <tr> <td style=\"width: 430.888px;text-align: center\">Munkahelyi \u00c1llatj\u00f3l\u00e9ti Bizotts\u00e1g<\/td> <td style=\"width: 164.337px;text-align: center\">2020<\/td> <td style=\"width: 176.375px;text-align: center\">eln\u00f6ks\u00e9gi tag<\/td> <\/tr> <\/tbody> <\/table> <p><strong>Eddigi szakdolgozat\/TDK hallgat\u00f3k sz\u00e1ma<\/strong><\/p> <p><strong>szakdolgozat: <\/strong>10<\/p> <p><strong>TDK dolgozat<\/strong>: 12<\/p> <p>&nbsp;<\/p> <p><strong>Publik\u00e1ci\u00f3s lista (Top10)<\/strong><\/p> <p><a href=\"https:\/\/m2.mtmt.hu\/gui2\/?type=authors&amp;mode=browse&amp;sel=10043859\">MTMT<\/a><\/p> <table style=\"width: 967px;height: 253px\"> <tbody> <tr> <td style=\"width: 33.0375px;text-align: center\">1.<\/td> <td style=\"width: 919.162px;text-align: center\"><strong>Kors\u00f3s G<\/strong>.; Horv\u00e1th K.; Luk\u00e1cs A.; Vez\u00e9r T; Gl\u00e1vits R.; Fodor K.; Fekete S. Gy.: Effects of accelerated human music on learning and memory performance of rats. APPLIED ANIMAL BEHAVIOUR SCIENCE: 202 pp 94-99 (2018)<\/td> <\/tr> <tr> <td style=\"width: 33.0375px;text-align: center\">2.<\/td> <td style=\"width: 919.162px;text-align: center\"><strong>Kors\u00f3s G.;<\/strong> T\u00f3th I. M.; Fodor K.; Fekete S. Gy.: Szagok, feromonok, kairomonok \u00e9s interomonok az \u00e1llatok \u00e9let\u00e9ben*: Irodalmi \u00f6sszefoglal\u00f3. MAGYAR \u00c1LLATORVOSOK LAPJA: 140 (3) pp 169-180 (2018)<\/td> <\/tr> <tr> <td style=\"width: 33.0375px;text-align: center\">3.<\/td> <td style=\"width: 919.162px;text-align: center\"><strong>Kors\u00f3s G.;<\/strong> Cenkv\u00e1ri \u00c9.; G\u00e1sp\u00e1rdy A.; Fekete S. Gy.: K\u00fcl\u00f6nleges labor\u00e1llatok, k\u00eds\u00e9rleti modellek (Peculiar laboratory animals, experimental models). MAGYAR \u00c1LLATORVOSOK LAPJA: 139 (6) pp 347-357 (2017)<\/td> <\/tr> <tr> <td style=\"width: 33.0375px;text-align: center\">4.<\/td> <td style=\"width: 919.162px;text-align: center\"><strong>Kors\u00f3s G.,<\/strong> Brown D. L., Windig-Zavadil C., R\u00fchlicke T., Fekete S. G.: Eg\u00e9retol\u00f3gia: k\u00fcl\u00f6nb\u00f6z\u0151 emberi \u00e9s rodentiz\u00e1lt zene hat\u00e1sa az egerek t\u00e1rsas \u00e9s egy\u00e9ni viselked\u00e9s\u00e9re, k\u00f6z\u00e9rzet\u00e9re \u00e9s a genetika-k\u00f6rnyezet k\u00f6lcs\u00f6nhat\u00e1sra: II. Eredeti \u00e9s \u00f6t okt\u00e1vval megemelt Bach- \u00e9s Mozart-zene hat\u00e1sa k\u00fcl\u00f6nb\u00f6z\u0151 genot\u00edpus\u00fa egerek viselked\u00e9s\u00e9re. MAGYAR \u00c1LLATORVOSOK LAPJA: 138 (12) pp 743-752 (2016)<\/td> <\/tr> <tr> <td style=\"width: 33.0375px;text-align: center\">5.<\/td> <td style=\"width: 919.162px;text-align: center\"><strong>Kors\u00f3s G<\/strong>.; Brown D. L.; R\u00fchlicke T.; Fekete S. Gy.: Eg\u00e9retol\u00f3gia: k\u00fcl\u00f6nb\u00f6z\u0151 emberi \u00e9s rodentiz\u00e1lt zene hat\u00e1sa az egerek t\u00e1rsas \u00e9s egy\u00e9ni viselked\u00e9s\u00e9re, k\u00f6z\u00e9rzet\u00e9re \u00e9s a genetika-k\u00f6rnyezet k\u00f6lcs\u00f6nhat\u00e1sra I. Irodalmi \u00f6sszefoglal\u00f3. MAGYAR \u00c1LLATORVOSOK LAPJA: 138 (11) pp 695-704 (2016)<\/td> <\/tr> <tr> <td style=\"width: 33.0375px;text-align: center\">6.<\/td> <td style=\"width: 919.162px;text-align: center\">Fekete S. Gy. <strong>Kors\u00f3s G<\/strong>.: A ny\u00fal (Oryctolagus cuniculus) mint k\u00eds\u00e9rleti modell: Irodalmi \u00e1ttekint\u00e9s [A 27. Ny\u00falteny\u00e9szt\u00e9si Tudom\u00e1nyos Nap (2015. m\u00e1jus 20.) el\u0151ad\u00e1s\u00e1nak f\u00f6lhaszn\u00e1l\u00e1s\u00e1val]. MAGYAR \u00c1LLATORVOSOK LAPJA: 137 pp 369-376 (2015)<\/td> <\/tr> <\/tbody> <\/table> <p>&nbsp;<\/p>","protected":false},"excerpt":{"rendered":"<p>Bemutatkoz\u00e1s 2013-ban v\u00e9geztem \u00e1llatorvosk\u00e9nt, majd az \u00c1llatteny\u00e9szt\u00e9si, Takarm\u00e1nyoz\u00e1stani \u00e9s Labor\u00e1llat-tudom\u00e1nyi Int\u00e9zetben helyezkedtem el, \u00e9s az\u00f3ta is itt dolgozok. Jelenleg a Labor\u00e1llat-tudom\u00e1ny \u00e9s Bioetika, valamint az \u00c1llatv\u00e9delem k\u00f6telez\u0151 tant\u00e1rgyak oktat\u00e1s\u00e1ban veszek r\u00e9szt h\u00e1rom nyelven. Fontosnak tartom, hogy ne csak a tudom\u00e1nyter\u00fcletemen, de mint oktat\u00f3 is folyamatosan k\u00e9pezzem magam. Valamint a szakmai \u00e1llatv\u00e9delmet, \u00e9s azt, hogy az<\/p>\n","protected":false},"author":5824,"featured_media":0,"parent":858,"menu_order":210,"comment_status":"closed","ping_status":"closed","template":"","meta":{"_acf_changed":false,"footnotes":""},"categories":[56],"tags":[],"class_list":["post-4132","page","type-page","status-publish","hentry","category-munkatarsak"],"acf":[],"_links":{"self":[{"href":"https:\/\/univet.hu\/hu\/wp-json\/wp\/v2\/pages\/4132","targetHints":{"allow":["GET"]}}],"collection":[{"href":"https:\/\/univet.hu\/hu\/wp-json\/wp\/v2\/pages"}],"about":[{"href":"https:\/\/univet.hu\/hu\/wp-json\/wp\/v2\/types\/page"}],"author":[{"embeddable":true,"href":"https:\/\/univet.hu\/hu\/wp-json\/wp\/v2\/users\/5824"}],"replies":[{"embeddable":true,"href":"https:\/\/univet.hu\/hu\/wp-json\/wp\/v2\/comments?post=4132"}],"version-history":[{"count":1,"href":"https:\/\/univet.hu\/hu\/wp-json\/wp\/v2\/pages\/4132\/revisions"}],"predecessor-version":[{"id":197898,"href":"https:\/\/univet.hu\/hu\/wp-json\/wp\/v2\/pages\/4132\/revisions\/197898"}],"up":[{"embeddable":true,"href":"https:\/\/univet.hu\/hu\/wp-json\/wp\/v2\/pages\/858"}],"wp:attachment":[{"href":"https:\/\/univet.hu\/hu\/wp-json\/wp\/v2\/media?parent=4132"}],"wp:term":[{"taxonomy":"category","embeddable":true,"href":"https:\/\/univet.hu\/hu\/wp-json\/wp\/v2\/categories?post=4132"},{"taxonomy":"post_tag","embeddable":true,"href":"https:\/\/univet.hu\/hu\/wp-json\/wp\/v2\/tags?post=4132"}],"curies":[{"name":"wp","href":"https:\/\/api.w.org\/{rel}","templated":true}]}}