{"id":4135,"date":"2016-08-02T13:24:00","date_gmt":"2016-08-02T11:24:00","guid":{"rendered":"http:\/\/univet.hu\/egyetem\/munkatarsak\/kosztolanyi-andras\/"},"modified":"2026-02-19T15:48:43","modified_gmt":"2026-02-19T14:48:43","slug":"kosztolanyi-andras","status":"publish","type":"page","link":"https:\/\/univet.hu\/hu\/egyetem\/munkatarsak\/kosztolanyi-andras\/","title":{"rendered":"Kosztol\u00e1nyi Andr\u00e1s"},"content":{"rendered":"<p><strong>Bemutatkoz\u00e1s<\/strong><\/p> <p>A Zool\u00f3giai Tansz\u00e9k vezet\u0151jek\u00e9nt \u00e9s k\u00e9pz\u00e9si felel\u0151sk\u00e9nt feladatom az Egyetem kutat\u00f3 zool\u00f3gus osztatlan mesterk\u00e9pz\u00e9s\u00e9t, valamint biol\u00f3gus mesterk\u00e9pz\u00e9s\u00e9t koordin\u00e1lni. Emellett viselked\u00e9s\u00f6kol\u00f3gi\u00e1t oktatok, cikkolvas\u00f3 szemin\u00e1riumokat tartok \u00e9s a zool\u00f3gus mint hivat\u00e1s tant\u00e1rgyat szervezem. F\u0151 \u00e9rdekl\u0151d\u00e9si k\u00f6r\u00f6m a szaporod\u00e1si rendszerek \u00e9s k\u00fcl\u00f6n\u00f6sen az ut\u00f3dgondoz\u00e1si rendszerek evol\u00faci\u00f3ja. Vizsg\u00e1lataimat partimadarakon \u00e9s egy bog\u00e1rfajon v\u00e9gzem.<\/p> <p>&nbsp;<\/p> <p><strong>F\u0151bb kutat\u00e1si ter\u00fcletek:<\/strong><\/p> <ul> <li>P\u00e1rz\u00e1si rendszerek \u00e9s az ut\u00f3dgondoz\u00e1s evol\u00faci\u00f3ja<\/li> <li>Sz\u00fcl\u0151k k\u00f6z\u00f6tti kooper\u00e1ci\u00f3 \u00e9s szexu\u00e1lis konfliktus az ut\u00f3dgondoz\u00e1s sor\u00e1n<\/li> <li>Sz\u00e9ki lile viselked\u00e9s\u00e9nek, \u00f6kol\u00f3gi\u00e1j\u00e1nak \u00e9s term\u00e9szetv\u00e9delm\u00e9nek vizsg\u00e1lata<\/li> <li>A f\u00e9szkel\u0151hely v\u00e1laszt\u00e1s \u00e9letmenet k\u00f6vetkezm\u00e9nyei partimadarakn\u00e1l<\/li> <li>Ivari szerepek evol\u00faci\u00f3ja<\/li> <li>A nagyfej\u0171 csajk\u00f3 szaporod\u00e1si viselked\u00e9se<\/li> <\/ul> <p>&nbsp;<\/p> <p><strong>T\u00e9mavezet\u00e9s<\/strong><\/p> <p>PhD hallgat\u00f3k: 3<\/p> <p>MSc hallgat\u00f3k: 1<\/p> <p>TDK dolgozatok: 1<\/p> <p>&nbsp;<\/p> <p><strong>V\u00e1laszthat\u00f3 szakdolgozati t\u00e9m\u00e1k<\/strong><\/p> <p>\u00c1llati szem\u00e9lyis\u00e9g \u00e9s f\u00e9szkel\u0151hely v\u00e1laszt\u00e1s kapcsolata<\/p> <p>Ivari konfliktus a f\u00e9szkel\u0151hely v\u00e1laszt\u00e1sr\u00f3l<\/p> <p>Szoci\u00e1lis k\u00f6rnyezet hat\u00e1sa a sz\u00fcl\u0151i viselked\u00e9sre<\/p> <p>&nbsp;<\/p> <p><strong>El\u0151rehalad\u00e1s<\/strong><\/p> <p>2025\u00a0 \u00a0MTA doktora<\/p> <p>2018 \u2013 jelenleg is\u00a0\u00a0\u00a0 Tansz\u00e9kvezet\u0151 egyetemi docens, Zool\u00f3giai Tansz\u00e9k, \u00c1llatorvostudom\u00e1nyi Egyetem<\/p> <p>2017 \u2013 2018\u00a0 Egyetemi docens, \u00d6kol\u00f3giai Tansz\u00e9k, \u00c1llatorvostudom\u00e1nyi Egyetem<\/p> <p>2015 \u2013 2016\u00a0 Tudom\u00e1nyos f\u0151munkat\u00e1rs, \u00d6kol\u00f3giai Tansz\u00e9k, \u00c1llatorvostudom\u00e1nyi Egyetem<\/p> <p>2015\u00a0\u00a0 Habilit\u00e1ci\u00f3<\/p> <p>2014 \u2013 2015\u00a0 Biol\u00f3gus, \u00d6kol\u00f3giai Tansz\u00e9k, \u00c1OTK, Szent Istv\u00e1n Egyetem<\/p> <p>2012 \u2013 2014\u00a0 Tudom\u00e1nyos munkat\u00e1rs, MTA-DE \u201eLend\u00fclet\u201d Viselked\u00e9s\u00f6kol\u00f3giai Kutat\u00f3csoport<\/p> <p>2011 \u2013 2012\u00a0 Tudom\u00e1nyos munkat\u00e1rs, Etol\u00f3gia Tansz\u00e9k, E\u00f6tv\u00f6s Lor\u00e1nd Tudom\u00e1nyegyetem<\/p> <p>2007 \u2013 2010\u00a0 Magyary Zolt\u00e1n Posztdoktori \u00d6szt\u00f6nd\u00edjas<\/p> <p>2005 \u2013 2007\u00a0 Postdoctoral Associate, Department of Biology and Biochemistry, University of Bath, Nagy-Britannia<\/p> <p>2004 \u2013 2005\u00a0 Royal Society\/NATO Postdoctoral Fellow<\/p> <p>2003\u00a0 \u00a0PhD<\/p> <p>2002 \u2013 2004\u00a0 \u00dcgyviv\u0151-szak\u00e9rt\u0151, Evol\u00faci\u00f3s \u00c1llattani \u00e9s Hum\u00e1nbiol\u00f3giai Tansz\u00e9k, Debreceni Egyetem<\/p> <p>1996 \u2013 1999\u00a0 PhD hallgat\u00f3, Evol\u00faci\u00f3s \u00c1llattani \u00e9s Hum\u00e1nbiol\u00f3giai Tansz\u00e9k, Debreceni Egyetem<\/p> <p>&nbsp;<\/p> <p><strong>Publik\u00e1ci\u00f3s lista (Top10)\u00a0\u00a0<a href=\"https:\/\/m2.mtmt.hu\/gui2\/?type=authors&amp;mode=browse&amp;sel=authors10019840\">MTMT<\/a>\u00a0|\u00a0<a href=\"https:\/\/scholar.google.hu\/citations?user=-z9iDIgAAAAJ&amp;hl=en\">Google Scholar<\/a>\u00a0|\u00a0<a href=\"http:\/\/orcid.org\/0000-0002-9109-5871\">ORCID<\/a><\/strong><\/p> <p>Fresneau, N., Pipoly, I., Gigler, D., <strong>Kosztol\u00e1nyi, A.<\/strong>, Sz\u00e9kely, T., Liker, A., 2024. The evolution of sex roles: the importance of ecology and social environment. <em><strong>Proceedings of the National Academy of Sciences of the United<\/strong><\/em> <em><strong>States of America<\/strong><\/em> 121, e2321294121. <a href=\"https:\/\/doi.org\/10.1073\/pnas.2321294121\">https:\/\/doi.org\/10.1073\/pnas.2321294121<\/a><\/p> <p>McDonald, G.C., Cuthill, I.C., Sz\u00e9kely, T., <strong>Kosztol\u00e1nyi, A.<\/strong>, 2023. Remating opportunities and low costs underlie maternal desertion. <em><strong>Evolution<\/strong><\/em>, 77, 97\u2013109. <a href=\"https:\/\/doi.org\/10.1093\/evolut\/qpac020\">https:\/\/doi.org\/10.1093\/evolut\/qpac020<\/a><\/p> <p>Eberhart-Phillips, L.J., K\u00fcpper, C., Carmona-Isunza, M.C., Vincze, O., Zefania, S., Cruz-L\u00f3pez, M., <strong>Kosztol\u00e1nyi,<\/strong> <strong>A.<\/strong>, Miller, T.E.X., Barta, Z., Cuthill, I.C., Burke, T., Sz\u00e9kely, T., Hoffman, J.I., Kr\u00fcger, O., 2018. Demographic causes of adult sex ratio variation and their consequences for parental cooperation. <em><strong>Nature Communications<\/strong><\/em>, 9, 1651. <a href=\"https:\/\/doi.org\/10.1038\/s41467-018-03833-5\">https:\/\/doi.org\/10.1038\/s41467-018-03833-5<\/a><\/p> <p>Rosa, M.E., Barta, Z., F\u00fcl\u00f6p, A., Sz\u00e9kely, T., <strong>Kosztol\u00e1nyi, A.<\/strong>, 2017. The effects of adult sex ratio and density on parental care in Lethrus apterus (Coleoptera, Geotrupidae). <em><strong>Animal Behaviour<\/strong><\/em>, 132, 181\u2013188. <a href=\"https:\/\/doi.org\/10.1016\/j.anbehav.2017.07.023\">https:\/\/doi.org\/10.1016\/j.anbehav.2017.07.023<\/a><\/p> <p>Vincze, O., <strong>Kosztol\u00e1nyi, A.<\/strong>, Barta, Z., K\u00fcpper, C., Alrashidi, M., Amat, J.A., Arg\u00fcelles-Tic\u00f3, A., Burns, F., Cavitt, J., Conway, W.C., Cruz-L\u00f3pez, M., Desucre-Medrano, A.E., Dos Remedios, N., Figuerola, J., Galindo-Espinosa, D., Garc\u00eda-Pe\u00f1a, G.E., G\u00f3mez Del Angel, S., Gratto-Trevor, C., Jonsson, P., Lloyd, P., Montalvo, T., Parra, J.E., Pruner, R., Que, P., Liu, Y., Saalfeld, S.T., Schulz, R., Serra, L., St Clair, J.J.H., Stenzel, L.E., Weston, M.A., Yasu\u00e9, M., Zefania, S., Sz\u00e9kely, T., 2017. Parental cooperation in a changing climate: fluctuating environments predict shifts in care division. <em><strong>Global Ecology and Biogeography<\/strong><\/em>, 26, 347\u2013358. <a href=\"https:\/\/doi.org\/10.1111\/geb.12540\">https:\/\/doi.org\/10.1111\/geb.12540<\/a><\/p> <p>Bulla, M., Valcu, M., Dokter, A.M., Dondua, A.G., <strong>Kosztol\u00e1nyi, A.<\/strong>, Rutten, A.L., Helm, B., Sandercock, B.K., Casler, B., Ens, B.J., \u2026 Kempenaers, B., 2016. Unexpected diversity in socially synchronized rhythms of shorebirds. <em><strong>Nature<\/strong><\/em>, 540, 109\u2013113. <a href=\"https:\/\/doi.org\/10.1038\/nature20563\">https:\/\/doi.org\/10.1038\/nature20563<\/a><\/p> <p>Vincze, O., Sz\u00e9kely, T., K\u00fcpper, C., AlRashidi, M., Amat, J.A., Arg\u00fcelles-Tic\u00f3, A., Burgas, D., Burke, T., Cavitt, J., Figuerola, J., Shobrak, M., Montalvo, T., <strong>Kosztol\u00e1nyi, A.<\/strong>, 2013. Local environment but not genetic differentiation influences biparental care in ten plover populations. <em><strong>PLoS ONE<\/strong><\/em>, 8, e60998. <a href=\"https:\/\/doi.org\/10.1371\/journal.pone.0060998\">https:\/\/doi.org\/10.1371\/journal.pone.0060998<\/a><\/p> <p><strong>Kosztol\u00e1nyi, A.<\/strong>, Barta, Z., K\u00fcpper, C., Sz\u00e9kely, T., 2011. Persistence of an extreme male-biased adult sex ratio in a natural population of polyandrous bird. <strong><em>Journal of Evolutionary Biology<\/em><\/strong>, 24, 1842\u20131846. <a href=\"https:\/\/doi.org\/10.1111\/j.1420-9101.2011.02305.x\">https:\/\/doi.org\/10.1111\/j.1420-9101.2011.02305.x<\/a><\/p> <p><strong>Kosztol\u00e1nyi, A.<\/strong>, Cuthill, I.C., Sz\u00e9kely, T., 2009. Negotiation between parents over care: reversible compensation during incubation. <em><strong>Behavioral Ecology<\/strong><\/em>, 20, 446\u2013452. <a href=\"https:\/\/doi.org\/10.1093\/beheco\/arn140\">https:\/\/doi.org\/10.1093\/beheco\/arn140<\/a><\/p> <p><strong>Kosztol\u00e1nyi, A.<\/strong>, Sz\u00e9kely, T., Cuthill, I.C., Y\u0131lmaz, K.T., Berbero\u011flu, S., 2006. Ecological constraints on breeding system evolution: the influence of habitat on brood desertion in Kentish plover. <em><strong>Journal of Animal Ecology<\/strong><\/em>, 75, 257\u2013265. <a href=\"https:\/\/doi.org\/10.1111\/j.1365-2656.2006.01049.x\">https:\/\/doi.org\/10.1111\/j.1365-2656.2006.01049.x<\/a><\/p> <p>&nbsp;<\/p> <p>(Friss\u00edtve: 2026. febru\u00e1r 19.)<\/p>","protected":false},"excerpt":{"rendered":"<p>Bemutatkoz\u00e1s A Zool\u00f3giai Tansz\u00e9k vezet\u0151jek\u00e9nt \u00e9s k\u00e9pz\u00e9si felel\u0151sk\u00e9nt feladatom az Egyetem kutat\u00f3 zool\u00f3gus osztatlan mesterk\u00e9pz\u00e9s\u00e9t, valamint biol\u00f3gus mesterk\u00e9pz\u00e9s\u00e9t koordin\u00e1lni. Emellett viselked\u00e9s\u00f6kol\u00f3gi\u00e1t oktatok, cikkolvas\u00f3 szemin\u00e1riumokat tartok \u00e9s a zool\u00f3gus mint hivat\u00e1s tant\u00e1rgyat szervezem. F\u0151 \u00e9rdekl\u0151d\u00e9si k\u00f6r\u00f6m a szaporod\u00e1si rendszerek \u00e9s k\u00fcl\u00f6n\u00f6sen az ut\u00f3dgondoz\u00e1si rendszerek evol\u00faci\u00f3ja. Vizsg\u00e1lataimat partimadarakon \u00e9s egy bog\u00e1rfajon v\u00e9gzem. &nbsp; F\u0151bb kutat\u00e1si ter\u00fcletek: P\u00e1rz\u00e1si<\/p>\n","protected":false},"author":5824,"featured_media":0,"parent":858,"menu_order":210,"comment_status":"closed","ping_status":"closed","template":"","meta":{"_acf_changed":false,"footnotes":""},"categories":[56],"tags":[],"class_list":["post-4135","page","type-page","status-publish","hentry","category-munkatarsak"],"acf":[],"_links":{"self":[{"href":"https:\/\/univet.hu\/hu\/wp-json\/wp\/v2\/pages\/4135","targetHints":{"allow":["GET"]}}],"collection":[{"href":"https:\/\/univet.hu\/hu\/wp-json\/wp\/v2\/pages"}],"about":[{"href":"https:\/\/univet.hu\/hu\/wp-json\/wp\/v2\/types\/page"}],"author":[{"embeddable":true,"href":"https:\/\/univet.hu\/hu\/wp-json\/wp\/v2\/users\/5824"}],"replies":[{"embeddable":true,"href":"https:\/\/univet.hu\/hu\/wp-json\/wp\/v2\/comments?post=4135"}],"version-history":[{"count":5,"href":"https:\/\/univet.hu\/hu\/wp-json\/wp\/v2\/pages\/4135\/revisions"}],"predecessor-version":[{"id":201203,"href":"https:\/\/univet.hu\/hu\/wp-json\/wp\/v2\/pages\/4135\/revisions\/201203"}],"up":[{"embeddable":true,"href":"https:\/\/univet.hu\/hu\/wp-json\/wp\/v2\/pages\/858"}],"wp:attachment":[{"href":"https:\/\/univet.hu\/hu\/wp-json\/wp\/v2\/media?parent=4135"}],"wp:term":[{"taxonomy":"category","embeddable":true,"href":"https:\/\/univet.hu\/hu\/wp-json\/wp\/v2\/categories?post=4135"},{"taxonomy":"post_tag","embeddable":true,"href":"https:\/\/univet.hu\/hu\/wp-json\/wp\/v2\/tags?post=4135"}],"curies":[{"name":"wp","href":"https:\/\/api.w.org\/{rel}","templated":true}]}}