{"id":4147,"date":"2016-08-02T13:25:00","date_gmt":"2016-08-02T11:25:00","guid":{"rendered":"http:\/\/univet.hu\/egyetem\/munkatarsak\/kovacs-ildiko\/"},"modified":"2026-02-10T04:00:06","modified_gmt":"2026-02-10T03:00:06","slug":"kovacs-ildiko","status":"publish","type":"page","link":"https:\/\/univet.hu\/hu\/egyetem\/munkatarsak\/kovacs-ildiko\/","title":{"rendered":"Kov\u00e1cs Ildik\u00f3 M\u00e1ria"},"content":{"rendered":"<p><strong>Bemutatkoz\u00e1s:<\/strong><\/p> <p>Az \u00c1llatteny\u00e9szt\u00e9si \u00e9s Genetikai Tansz\u00e9k adminisztr\u00e1ci\u00f3j\u00e1t kezelem.<\/p> <p>T\u00f6bbek k\u00f6z\u00f6tt: Az oktat\u00e1ssal kapcsolatos \u00fcgyint\u00e9z\u00e9st l\u00e1tom el, az idegennyelv\u0171 k\u00e9pz\u00e9s adminisztr\u00e1ci\u00f3j\u00e1t, a vizsg\u00e1ztat\u00e1ssal kapcsolatos teend\u0151ket, a ny\u00e1ri gyakorlat, szakdolgozat, stb\u2026<\/p> <p>A szabads\u00e1g nyilv\u00e1ntart\u00e1sa, jelenl\u00e9ti \u00edvek, post\u00e1z\u00e1s, egy\u00e9b aktu\u00e1lis adminisztr\u00e1ci\u00f3.<\/p> <p>Kezelem a Neptun, \u00e9s a Posszeidon rendszert.<\/p> <p>Az al\u00e1bbi tant\u00e1rgyakkal kapcsolatos vizsg\u00e1k, leckek\u00f6nyvek \u00e9s Neptun adminisztr\u00e1ci\u00f3s feladatok ell\u00e1t\u00e1sa:<\/p> <ul> <li>\u00c1llatorvosi genetika<\/li> <li>\u00c1llatteny\u00e9szt\u00e9stan<\/li> <li>A teny\u00e9sztett popul\u00e1ci\u00f3k alapismerete<\/li> <li>Baromfifajok keltet\u00e9se<\/li> <li>Filmk\u00e9sz\u00edt\u00e9si alapismeretek<\/li> <li>H\u00e1zi\u00e1llatok mendeli genetik\u00e1ja<\/li> <li>Igazs\u00e1g\u00fcgyi \u00e1llatgenetika<\/li> <li>Kinol\u00f3gia \u00e9s macskateny\u00e9szt\u00e9s<\/li> <li>L\u00f3teny\u00e9szt\u00e9s<\/li> <li>P\u00e1rkapcsolat \u00e9s csal\u00e1di \u00e9let<\/li> <li>Prec\u00edzi\u00f3s \u00e1llatteny\u00e9szt\u00e9s<\/li> <\/ul>","protected":false},"excerpt":{"rendered":"<p>Bemutatkoz\u00e1s: Az \u00c1llatteny\u00e9szt\u00e9si \u00e9s Genetikai Tansz\u00e9k adminisztr\u00e1ci\u00f3j\u00e1t kezelem. T\u00f6bbek k\u00f6z\u00f6tt: Az oktat\u00e1ssal kapcsolatos \u00fcgyint\u00e9z\u00e9st l\u00e1tom el, az idegennyelv\u0171 k\u00e9pz\u00e9s adminisztr\u00e1ci\u00f3j\u00e1t, a vizsg\u00e1ztat\u00e1ssal kapcsolatos teend\u0151ket, a ny\u00e1ri gyakorlat, szakdolgozat, stb\u2026 A szabads\u00e1g nyilv\u00e1ntart\u00e1sa, jelenl\u00e9ti \u00edvek, post\u00e1z\u00e1s, egy\u00e9b aktu\u00e1lis adminisztr\u00e1ci\u00f3. Kezelem a Neptun, \u00e9s a Posszeidon rendszert. Az al\u00e1bbi tant\u00e1rgyakkal kapcsolatos vizsg\u00e1k, leckek\u00f6nyvek \u00e9s Neptun adminisztr\u00e1ci\u00f3s feladatok<\/p>\n","protected":false},"author":5824,"featured_media":0,"parent":858,"menu_order":210,"comment_status":"closed","ping_status":"closed","template":"","meta":{"_acf_changed":false,"footnotes":""},"categories":[56],"tags":[],"class_list":["post-4147","page","type-page","status-publish","hentry","category-munkatarsak"],"acf":[],"_links":{"self":[{"href":"https:\/\/univet.hu\/hu\/wp-json\/wp\/v2\/pages\/4147","targetHints":{"allow":["GET"]}}],"collection":[{"href":"https:\/\/univet.hu\/hu\/wp-json\/wp\/v2\/pages"}],"about":[{"href":"https:\/\/univet.hu\/hu\/wp-json\/wp\/v2\/types\/page"}],"author":[{"embeddable":true,"href":"https:\/\/univet.hu\/hu\/wp-json\/wp\/v2\/users\/5824"}],"replies":[{"embeddable":true,"href":"https:\/\/univet.hu\/hu\/wp-json\/wp\/v2\/comments?post=4147"}],"version-history":[{"count":1,"href":"https:\/\/univet.hu\/hu\/wp-json\/wp\/v2\/pages\/4147\/revisions"}],"predecessor-version":[{"id":199544,"href":"https:\/\/univet.hu\/hu\/wp-json\/wp\/v2\/pages\/4147\/revisions\/199544"}],"up":[{"embeddable":true,"href":"https:\/\/univet.hu\/hu\/wp-json\/wp\/v2\/pages\/858"}],"wp:attachment":[{"href":"https:\/\/univet.hu\/hu\/wp-json\/wp\/v2\/media?parent=4147"}],"wp:term":[{"taxonomy":"category","embeddable":true,"href":"https:\/\/univet.hu\/hu\/wp-json\/wp\/v2\/categories?post=4147"},{"taxonomy":"post_tag","embeddable":true,"href":"https:\/\/univet.hu\/hu\/wp-json\/wp\/v2\/tags?post=4147"}],"curies":[{"name":"wp","href":"https:\/\/api.w.org\/{rel}","templated":true}]}}