{"id":41551,"date":"2019-08-02T08:18:23","date_gmt":"2019-08-02T06:18:23","guid":{"rendered":"https:\/\/univet.hu\/?page_id=41551"},"modified":"2020-09-18T10:17:34","modified_gmt":"2020-09-18T08:17:34","slug":"grafika-es-prezentacio-phd","status":"publish","type":"page","link":"https:\/\/univet.hu\/hu\/oktatas\/kurzusok\/grafika-es-prezentacio-phd\/","title":{"rendered":"Grafika \u00e9s prezent\u00e1ci\u00f3 (PhD)"},"content":{"rendered":"<p>A publik\u00e1ci\u00f3k, el\u0151ad\u00e1sok sz\u00ednvonalas elk\u00e9sz\u00edt\u00e9s\u00e9hez \u00e9s a mindennapi munk\u00e1hoz sz\u00fcks\u00e9ges grafikai \u00e9s prezent\u00e1ci\u00f3s ismeretek megszerz\u00e9se, ilyen szoftverek alapvet\u0151 haszn\u00e1lat\u00e1nak elsaj\u00e1t\u00edt\u00e1sa.<\/p> <p>Prezent\u00e1ci\u00f3k\u00e9sz\u00edt\u0151 programok.<\/p> <p>A PowerPoint program fel\u00e9p\u00edt\u00e9se. A dia fel\u00e9p\u00edt\u00e9se. N\u00e9zetek. Sz\u00f6veg megjelen\u00edt\u00e9se. Objektumok l\u00e9trehoz\u00e1sa, form\u00e1z\u00e1sa. V\u00e1zlatsz\u00f6veg k\u00e9sz\u00edt\u00e9se. K\u00e9pek beilleszt\u00e9se \u00e9s form\u00e1z\u00e1sa. Diasorok k\u00e9sz\u00edt\u00e9se. F\u00e1jlm\u0171veletek. Mintaoldalak. Sablonok. Import\u00e1lt objektumok. Bemutat\u00f3 k\u00e9sz\u00edt\u00e9se.<\/p> <p>Bevezet\u00e9s a Prezi haszn\u00e1lat\u00e1ba.<\/p> <p>A sz\u00e1m\u00edt\u00f3g\u00e9pes k\u00e9pfeldolgoz\u00e1s elm\u00e9leti alapjai. Digit\u00e1lis f\u00e9nyk\u00e9pez\u0151g\u00e9pek. F\u00e9nyk\u00e9pez\u0151g\u00e9p kateg\u00f3ri\u00e1k, azok el\u0151nyei \u00e9s h\u00e1tr\u00e1nyai. A g\u00e9peken el\u00e9rhet\u0151 be\u00e1ll\u00edt\u00e1sok jelent\u00e9se. Milyen be\u00e1ll\u00edt\u00e1sokkal lehet publik\u00e1l\u00e1sra alkalmas k\u00e9pet k\u00e9sz\u00edteni.<\/p> <p>A f\u00e9nyk\u00e9pez\u0151g\u00e9ppel vagy sz\u00e1m\u00edt\u00f3g\u00e9ppel k\u00e9sz\u00edtett k\u00e9pek \u00e1talak\u00edt\u00e1sa oly m\u00f3don, hogy azok publik\u00e1ci\u00f3ba beilleszthet\u0151k legyenek. F\u00e9nyer\u0151, kontraszt, sz\u00ednek be\u00e1ll\u00edt\u00e1sa. \u00c1talak\u00edt\u00e1s fekete-feh\u00e9rr\u00e9 \u00fagy, hogy a k\u00edv\u00e1nt r\u00e9szletek j\u00f3l l\u00e1that\u00f3ak legyenek. K\u00e9phib\u00e1k jav\u00edt\u00e1sa. Feliratoz\u00e1s.<\/p>","protected":false},"excerpt":{"rendered":"<p>A publik\u00e1ci\u00f3k, el\u0151ad\u00e1sok sz\u00ednvonalas elk\u00e9sz\u00edt\u00e9s\u00e9hez \u00e9s a mindennapi munk\u00e1hoz sz\u00fcks\u00e9ges grafikai \u00e9s prezent\u00e1ci\u00f3s ismeretek megszerz\u00e9se, ilyen szoftverek alapvet\u0151 haszn\u00e1lat\u00e1nak elsaj\u00e1t\u00edt\u00e1sa. Prezent\u00e1ci\u00f3k\u00e9sz\u00edt\u0151 programok. A PowerPoint program fel\u00e9p\u00edt\u00e9se. A dia fel\u00e9p\u00edt\u00e9se. N\u00e9zetek. Sz\u00f6veg megjelen\u00edt\u00e9se. Objektumok l\u00e9trehoz\u00e1sa, form\u00e1z\u00e1sa. V\u00e1zlatsz\u00f6veg k\u00e9sz\u00edt\u00e9se. K\u00e9pek beilleszt\u00e9se \u00e9s form\u00e1z\u00e1sa. Diasorok k\u00e9sz\u00edt\u00e9se. F\u00e1jlm\u0171veletek. Mintaoldalak. Sablonok. Import\u00e1lt objektumok. Bemutat\u00f3 k\u00e9sz\u00edt\u00e9se. Bevezet\u00e9s a Prezi haszn\u00e1lat\u00e1ba. A<\/p>\n","protected":false},"author":3837,"featured_media":0,"parent":677,"menu_order":0,"comment_status":"closed","ping_status":"closed","template":"","meta":{"_acf_changed":false,"footnotes":""},"categories":[],"tags":[],"class_list":["post-41551","page","type-page","status-publish","hentry"],"acf":[],"_links":{"self":[{"href":"https:\/\/univet.hu\/hu\/wp-json\/wp\/v2\/pages\/41551","targetHints":{"allow":["GET"]}}],"collection":[{"href":"https:\/\/univet.hu\/hu\/wp-json\/wp\/v2\/pages"}],"about":[{"href":"https:\/\/univet.hu\/hu\/wp-json\/wp\/v2\/types\/page"}],"author":[{"embeddable":true,"href":"https:\/\/univet.hu\/hu\/wp-json\/wp\/v2\/users\/3837"}],"replies":[{"embeddable":true,"href":"https:\/\/univet.hu\/hu\/wp-json\/wp\/v2\/comments?post=41551"}],"version-history":[{"count":0,"href":"https:\/\/univet.hu\/hu\/wp-json\/wp\/v2\/pages\/41551\/revisions"}],"up":[{"embeddable":true,"href":"https:\/\/univet.hu\/hu\/wp-json\/wp\/v2\/pages\/677"}],"wp:attachment":[{"href":"https:\/\/univet.hu\/hu\/wp-json\/wp\/v2\/media?parent=41551"}],"wp:term":[{"taxonomy":"category","embeddable":true,"href":"https:\/\/univet.hu\/hu\/wp-json\/wp\/v2\/categories?post=41551"},{"taxonomy":"post_tag","embeddable":true,"href":"https:\/\/univet.hu\/hu\/wp-json\/wp\/v2\/tags?post=41551"}],"curies":[{"name":"wp","href":"https:\/\/api.w.org\/{rel}","templated":true}]}}