{"id":4168,"date":"2016-08-02T14:08:00","date_gmt":"2016-08-02T12:08:00","guid":{"rendered":"http:\/\/univet.hu\/egyetem\/munkatarsak\/konyves-laszlo\/"},"modified":"2026-02-10T04:01:07","modified_gmt":"2026-02-10T03:01:07","slug":"konyves-laszlo","status":"publish","type":"page","link":"https:\/\/univet.hu\/hu\/egyetem\/munkatarsak\/konyves-laszlo\/","title":{"rendered":"K\u00f6nyves L\u00e1szl\u00f3 P\u00e9ter"},"content":{"rendered":"<h2 style=\"text-align: center;\">Bemutatkoz\u00e1s<\/h2> <div> <p>K\u00f6nyves L\u00e1szl\u00f3 P\u00e9ter az \u00c1llatorvos-tudom\u00e1nyi Egyetemen 1995-ben szerezte \u00e1llatorvos-doktor diplom\u00e1j\u00e1t, majd az \u00c1llathigi\u00e9niai Tansz\u00e9k munkat\u00e1rsa lett. 2009-ben PhD fokozatot szerzett, 2012-ben habilit\u00e1lt, 2013-t\u00f3l egyetemi docens, tansz\u00e9kvezet\u0151. Az \u00c1llathigi\u00e9nia \u00e9s \u00e1llom\u00e1ny-eg\u00e9szs\u00e9gtan kurzus tant\u00e1rgyfelel\u0151se \u00e9s oktat\u00f3ja magyar \u00e9s angol nyelven. T\u00f6bb mint 100 megv\u00e9dett diplomadolgozatnak t\u00e9mavezet\u0151je, vagy t\u00e1rst\u00e9mavezet\u0151je, sz\u00e1mos \u00e1llatorvostan hallgat\u00f3 diplomadolgozat\u00e1nak b\u00edr\u00e1l\u00f3ja \u00e9s t\u00f6bb szak\u00e1llatorvosi (k\u00e9r\u0151dz\u0151-, sert\u00e9s- \u00e9s baromfi-eg\u00e9szs\u00e9g\u00fcgyi) diplomamunka t\u00e9mavezet\u0151je, illetve b\u00edr\u00e1l\u00f3ja a SZIE \u00c1llatorvos-tudom\u00e1nyi Kar\u00e1n, majd az \u00c1llatorvostudom\u00e1nyi Egyetemen. Szarvasmarha \u00e1llom\u00e1nyeg\u00e9szs\u00e9gtani telepi gyakorlatok vezet\u0151je \u00e1llatorvostan hallgat\u00f3k sz\u00e1m\u00e1ra magyar \u00e9s angol nyelven, 2019-t\u0151l Mobilklinikai gyakorlatok szervez\u0151je \u00e9s vezet\u0151je gazdas\u00e1gi haszon\u00e1llattart\u00f3 gazdas\u00e1gokba \u00e1llatorvostan hallgat\u00f3k sz\u00e1m\u00e1ra, magyar \u00e9s angol nyelven.\u00a0 2021-t\u0151l Hetesi gyakorlatok (szarvasmarha \u00e9s m\u00e1s \u00e1llatfajok a Nemzeti M\u00e9nesbirtok Zrt. Mez\u0151hegyes telephelyein) szervez\u0151je, t\u00e1rgyfelel\u0151se harmad\u00e9ves \u00e1llatorvostan hallgat\u00f3k sz\u00e1m\u00e1ra. Szarvasmarha \u00e1llom\u00e1ny-eg\u00e9szs\u00e9gtan t\u00e1rgyfelel\u0151se \u00e1llatorvostan hallgat\u00f3k sz\u00e1m\u00e1ra magyar nyelven. 2019-t\u0151l a K\u00e9r\u0151dz\u0151-eg\u00e9szs\u00e9g\u00fcgyi szak\u00e1llatorvos k\u00e9pz\u00e9s szakfelel\u0151se \u00e9s t\u00f6bb ter\u00fclet t\u00e9mafelel\u0151se, 2022-t\u0151l\u00a0\u00a0 Sert\u00e9seg\u00e9szs\u00e9g\u00fcgyi szak\u00e1llatorvos k\u00e9pz\u00e9s el\u0151ad\u00f3ja, t\u00e9mafelel\u0151se.<\/p> <p>Szent Istv\u00e1n Egyetem Bab\u00e9rkoszor\u00fa Arany Fokozat kit\u00fcntet\u00e9sben r\u00e9szes\u00fclt 2011-ben, Tolnay S\u00e1ndor d\u00edjat kapott 2019-ben.<\/p> <p><strong>F\u0151bb kutat\u00e1si ter\u00fcletek<\/strong><strong>:<\/strong><\/p> <ul> <li>A tej- \u00e9s h\u00fashaszn\u00fa tehenek ell\u00e9s k\u00f6r\u00fcli id\u0151szakban el\u0151fordul\u00f3 anyagforgalmi betegs\u00e9gei \u00e9s azok \u00e1llom\u00e1nydiagnosztikai lehet\u0151s\u00e9geinek tov\u00e1bbfejleszt\u00e9se<\/li> <li>Szarvasmarh\u00e1kban el\u0151fordul\u00f3 anyagforgalmi zavarok \u00e9s m\u00e1s \u00f6sszetett ok\u00fa betegs\u00e9gek teljes\u00edtm\u00e9nyre (tejtermel\u00e9s, szaporod\u00e1s, testt\u00f6meg-gyarapod\u00e1s) gyakorolt hat\u00e1sainak elemz\u00e9se<\/li> <li>Szarvasmarh\u00e1k eg\u00e9szs\u00e9gi \u00e1llapot\u00e1t \u00e9s teljes\u00edtm\u00e9ny\u00e9t vesz\u00e9lyeztet\u0151 kock\u00e1zatok m\u00e9rs\u00e9kl\u00e9s\u00e9nek lehet\u0151s\u00e9gei az \u00e1llom\u00e1ny-eg\u00e9szs\u00e9g\u00fcgyi gondoz\u00e1s eszk\u00f6zrendszer\u00e9vel<\/li> <li>Antibiotikumok helyettes\u00edt\u00e9s\u00e9nek lehet\u0151s\u00e9gei gazdas\u00e1gi haszon\u00e1llatok eg\u00e9szs\u00e9gv\u00e9delm\u00e9ben, pre- \u00e9s probiotikumok fejleszt\u00e9se, nutraceutikumok alkalmaz\u00e1s\u00e1nak lehet\u0151s\u00e9gei, biztons\u00e1gos \u00e1llati term\u00e9k el\u0151\u00e1ll\u00edt\u00e1s<\/li> <li>A kl\u00edmav\u00e1ltoz\u00e1s \u00e9s a h\u0151stressz gazdas\u00e1gi haszon\u00e1llatainkra gyakorolt hat\u00e1sainak elemz\u00e9se<\/li> <li>A gazdas\u00e1gi haszon\u00e1llatok produkci\u00f3s betegs\u00e9geinek k\u00f6rnyezet\u00e9lettani vonatkoz\u00e1sai<\/li> <li>Gazdas\u00e1gi haszon\u00e1llat \u00e1llom\u00e1nyok eg\u00e9szs\u00e9g\u00fcgyi monitoring rendszereinek fejleszt\u00e9se, prec\u00edzi\u00f3s eszk\u00f6z\u00f6k \u00e9s korszer\u0171 m\u00f3dszerek fejleszt\u00e9se egyes \u00e1llom\u00e1nyszint\u0171 zavarok korai felder\u00edt\u00e9se \u00e9s a betegs\u00e9gek megel\u0151z\u00e9se \u00e9rdek\u00e9ben<\/li> <li>Az \u00e1llattart\u00e1s k\u00e1ros k\u00f6rnyezeti emisszi\u00f3inak m\u00e9r\u00e9se \u00e9s az emisszi\u00f3 cs\u00f6kkent\u00e9s\u00e9nek lehet\u0151s\u00e9gei<\/li> <\/ul> <p><strong>El\u0151rehalad\u00e1s<\/strong><\/p> <p>1998-2002 tansz\u00e9ki \u00e1llatorvos,<\/p> <p>2002-2004 egyetemi tan\u00e1rseg\u00e9d,<\/p> <p>2004-2010 tudom\u00e1nyos seg\u00e9dmunkat\u00e1rs,<\/p> <p>2010-2011 tudom\u00e1nyos munkat\u00e1rs,<\/p> <p>2011-2013 egyetemi adjunktus,<\/p> <p>2013.05.01 egyetemi docens,<\/p> <p>2013.07.01-t\u0151l tansz\u00e9kvezet\u0151<\/p> <p><strong>Szakmai szervezeti tags\u00e1g<\/strong><\/p> <table style=\"width: 690px; height: 1307px;\" width=\"633\"> <tbody> <tr> <td style=\"width: 358.55px; text-align: center;\"><strong>Bizotts\u00e1g\/Szervezet neve<\/strong><\/td> <td style=\"width: 315.45px; text-align: center;\"><strong>Tiszts\u00e9g<\/strong><\/td> <\/tr> <tr> <td style=\"width: 358.55px;\">2006-2008: A XXV. Jubileumi Buiatrikus Vil\u00e1gkongresszus (Budapest, 2008. J\u00falius 6-11.) Szervez\u0151bizotts\u00e1g<\/td> <td style=\"width: 315.45px;\">Tagk\u00e9nt akt\u00edv r\u00e9szv\u00e9tel a szervez\u00e9sben \u00e9s lebonyol\u00edt\u00e1sban<\/td> <\/tr> <tr> <td style=\"width: 358.55px;\">2009-2011. Az ISAH XV. Nemzetk\u00f6zi \u00c1llathigi\u00e9niai Kongresszus\u00e1nak (Ausztria, B\u00e9cs, 2011. J\u00falius 3-7.) Tudom\u00e1nyos Bizotts\u00e1ga (Scientific Committee)<\/td> <td style=\"width: 315.45px;\">Tagk\u00e9nt akt\u00edv r\u00e9szv\u00e9tel a konferenci\u00e1ra \u00e9rkez\u0151 k\u00f6zlem\u00e9nyek lektor\u00e1l\u00e1s\u00e1ban, tov\u00e1bb\u00e1 az ISAH eln\u00f6ks\u00e9gi tagjak\u00e9nt a konferencia szervez\u00e9s\u00e9ben<\/td> <\/tr> <tr> <td style=\"width: 358.55px;\">2011-2013. Az ISAH XVI. Nemzetk\u00f6zi \u00c1llathigi\u00e9niai Kongresszus\u00e1nak (K\u00edna, Nanjing, 2013. m\u00e1jus 5-9.) Tudom\u00e1nyos Bizotts\u00e1ga (Scientific Committee<\/td> <td style=\"width: 315.45px;\">Tagk\u00e9nt akt\u00edv r\u00e9szv\u00e9tel a konferenci\u00e1ra \u00e9rkez\u0151 k\u00f6zlem\u00e9nyek lektor\u00e1l\u00e1s\u00e1ban, tov\u00e1bb\u00e1 az ISAH eln\u00f6ks\u00e9gi tagjak\u00e9nt a konferencia szervez\u00e9s\u00e9ben<\/td> <\/tr> <tr> <td style=\"width: 358.55px;\">2013-2015 Az ISAH XVI. Nemzetk\u00f6zi \u00c1llathigi\u00e9niai Kongresszus\u00e1nak (Kassa, Szlov\u00e1kia, 2015. j\u00fanius 7-11) Tudom\u00e1nyos Bizotts\u00e1ga (Scientific Committee)<\/td> <td style=\"width: 315.45px;\">Tagk\u00e9nt akt\u00edv r\u00e9szv\u00e9tel a konferenci\u00e1ra \u00e9rkez\u0151 k\u00f6zlem\u00e9nyek lektor\u00e1l\u00e1s\u00e1ban, tov\u00e1bb\u00e1 az ISAH eln\u00f6ks\u00e9gi tagjak\u00e9nt a konferencia szervez\u00e9s\u00e9ben<\/td> <\/tr> <tr> <td style=\"width: 358.55px;\">2015: A MBT XXV. Jubileumi Buiatrikus Nemzetk\u00f6zi\u00a0 Kongresszus (Budapest, 2015. Szeptember 12-16.) Szervez\u0151bizotts\u00e1g<\/td> <td style=\"width: 315.45px;\">Tagk\u00e9nt akt\u00edv r\u00e9szv\u00e9tel a szervez\u00e9sben \u00e9s lebonyol\u00edt\u00e1sban<\/td> <\/tr> <tr> <td style=\"width: 358.55px;\">2016: MBT \u00c1TE, ISAH, M\u00c1KT,: In Memoriam Kov\u00e1cs Ferenc Nemzetk\u00f6zi \u00c1llatorvos \u00e9s \u00c1llatteny\u00e9szt\u0151 Kongresszus, Budapest 2016. okt. 9-12. (Szervez\u0151bizotts\u00e1g)<\/td> <td style=\"width: 315.45px;\">Tagk\u00e9nt akt\u00edv r\u00e9szv\u00e9tel a konferenci\u00e1ra \u00e9rkez\u0151 k\u00f6zlem\u00e9nyek lektor\u00e1l\u00e1s\u00e1ban, tov\u00e1bb\u00e1 az MBT \u00e9s ISAH eln\u00f6ks\u00e9gi tagjak\u00e9nt a konferencia szervez\u00e9s\u00e9ben<\/td> <\/tr> <tr> <td style=\"width: 358.55px;\">2015-2017 Az ISAH XVI. Nemzetk\u00f6zi \u00c1llathigi\u00e9niai Kongresszus\u00e1nak (Mazatlan, Mexico, 2017. m\u00e1rcius 19-23) Szervez\u0151bizotts\u00e1ga<\/td> <td style=\"width: 315.45px;\">ISAH eln\u00f6ks\u00e9gi tagjak\u00e9nt r\u00e9szv\u00e9tel a konferencia szervez\u00e9s\u00e9ben<\/td> <\/tr> <tr> <td style=\"width: 358.55px;\">2016.07.01- \u00c1llatorvostudom\u00e1nyi Egyetem Szen\u00e1tus<\/td> <td style=\"width: 315.45px;\">szen\u00e1tor<\/td> <\/tr> <tr> <td style=\"width: 358.55px;\">2016.07.01- \u00c1TE Szen\u00e1tus, K\u00f6nyvt\u00e1ri Bizotts\u00e1g<\/td> <td style=\"width: 315.45px;\">tag<\/td> <\/tr> <tr> <td style=\"width: 358.55px;\">2021- \u00c1TE Szen\u00e1tus, Egyetemi Hallgat\u00f3i Fel\u00fclb\u00edr\u00e1lati Bizotts\u00e1g<\/td> <td style=\"width: 315.45px;\">eln\u00f6k<\/td> <\/tr> <tr> <td style=\"width: 358.55px;\">2022- \u00c1TE Szen\u00e1tus TDK Bizotts\u00e1g<\/td> <td style=\"width: 315.45px;\">tag<\/td> <\/tr> <tr> <td style=\"width: 358.55px;\">2019- Magyar Rektori Konferencia, Gyakorlatorient\u00e1lt K\u00e9pz\u00e9sek Bizotts\u00e1ga<\/td> <td style=\"width: 315.45px;\">Az \u00c1TE \u00e1ltal deleg\u00e1lt munkacsoport tag<\/td> <\/tr> <tr> <td style=\"width: 358.55px;\">2021- \u00c1TE Marek J\u00f3zsef \u00d6szt\u00f6nd\u00edj B\u00edr\u00e1l\u00f3 Bizotts\u00e1g<\/td> <td style=\"width: 315.45px;\">tag<\/td> <\/tr> <tr> <td style=\"width: 358.55px;\">2021. \u201eKov\u00e1cs Ferenc 100 Tudom\u00e1nyos Eml\u00e9k\u00fcl\u00e9s\u201d \u00c1TE, Budapest, 2022. m\u00e1jus 19.<\/td> <td style=\"width: 315.45px;\">szervez\u0151bizotts\u00e1g eln\u00f6ke<\/td> <\/tr> <tr> <td style=\"width: 358.55px;\">Magyar \u00c1llathigi\u00e9niai \u00e9s K\u00f6rnyezetv\u00e9delmi T\u00e1rsas\u00e1g (1998-)<\/td> <td style=\"width: 315.45px;\">eln\u00f6k<\/td> <\/tr> <tr> <td style=\"width: 358.55px;\">Magyar Buiatrikusok T\u00e1rsas\u00e1ga (1998-)<\/td> <td style=\"width: 315.45px;\">2009- eln\u00f6ks\u00e9gi tag<\/td> <\/tr> <tr> <td style=\"width: 358.55px;\">International Society for Animal Hygiene (ISAH) (2000-)<\/td> <td style=\"width: 315.45px;\">2009-2019 Executive Board (eln\u00f6ks\u00e9g) tagja, Treasurer, majd a t\u00e1rsas\u00e1g tagja<\/td> <\/tr> <tr> <td style=\"width: 358.55px;\">European College of Bovine Health Management (ECBHM) (2007-2020)<\/td> <td style=\"width: 315.45px;\">2007-2020 Diplomate<\/td> <\/tr> <tr> <td style=\"width: 358.55px;\">Vid\u00e9kfejleszt\u00e9si Miniszt\u00e9rium, szak\u00e9rt\u0151i n\u00e9vjegyz\u00e9k (2011-)<\/td> <td style=\"width: 315.45px;\">bejegyzett szak\u00e9rt\u0151 a szm. teny\u00e9szt\u00e9s \u00e9s a takarm\u00e1nyoz\u00e1s szakter\u00fcleteken<\/td> <\/tr> <\/tbody> <\/table> <p>&nbsp;<\/p> <table style=\"height: 1034px;\" width=\"769\"> <tbody> <tr> <td style=\"width: 9px;\"><\/td> <td style=\"width: 660px;\" colspan=\"4\"><strong>PhD-hallgat\u00f3k<\/strong><\/td> <td style=\"width: 78px;\"><\/td> <\/tr> <tr> <td style=\"width: 330.967px; text-align: center;\" colspan=\"2\"><span style=\"font-size: 14pt;\"><strong>Jel\u00f6lt neve, DI neve, \u00e9v<\/strong><\/span><\/td> <td style=\"width: 118px; text-align: center;\"><span style=\"font-size: 14pt;\"><strong>B\u00edr\u00e1l\u00f3 \/ Szak\u00e9rt\u0151i Bizotts\u00e1gi tagk\u00e9nt<\/strong><\/span><\/td> <td style=\"width: 124px; text-align: center;\"><span style=\"font-size: 14pt;\"><strong>Opponensk\u00e9nt<\/strong><\/span><\/td> <td style=\"width: 168.033px; text-align: center;\" colspan=\"2\"><span style=\"font-size: 14pt;\"><strong>T\u00e9mavezet\u0151k\u00e9nt<\/strong><\/span><\/td> <\/tr> <tr> <td style=\"width: 330.967px;\" colspan=\"2\">Ryszard T. Gudaj, Debreceni Egyetem DI, 2012<\/td> <td style=\"width: 118px;\">X<\/td> <td style=\"width: 124px;\"><\/td> <td style=\"width: 168.033px;\" colspan=\"2\"><\/td> <\/tr> <tr> <td style=\"width: 330.967px;\" colspan=\"2\">Galamb Eszter, Georgikon AADI, 2012<\/td> <td style=\"width: 118px;\">X<\/td> <td style=\"width: 124px;\">X<\/td> <td style=\"width: 168.033px;\" colspan=\"2\"><\/td> <\/tr> <tr> <td style=\"width: 330.967px;\" colspan=\"2\"> <p>Kov\u00e1cs Levente<\/p> <p>SzIE MKK MDI, 2014<\/td> <td style=\"width: 118px;\">X<\/td> <td style=\"width: 124px;\"><\/td> <td style=\"width: 168.033px;\" colspan=\"2\"><\/td> <\/tr> <tr> <td style=\"width: 330.967px;\" colspan=\"2\"> <p>Adorj\u00e1n Andr\u00e1s<\/p> <p>SzIE \u00c1OTK, 2015-; majd \u00c1TE \u00c1DI 2016.07.01-<\/td> <td style=\"width: 118px;\"><\/td> <td style=\"width: 124px;\"><\/td> <td style=\"width: 168.033px;\" colspan=\"2\">X<\/td> <\/tr> <tr> <td style=\"width: 330.967px;\" colspan=\"2\">Hejel P\u00e9ter 2016-; \u00c1TE \u00c1DI<\/td> <td style=\"width: 118px;\"><\/td> <td style=\"width: 124px;\"><\/td> <td style=\"width: 168.033px;\" colspan=\"2\">X<\/td> <\/tr> <tr> <td style=\"width: 330.967px;\" colspan=\"2\">Bakony Mikolt; 2016-; \u00c1TE \u00c1DI<\/td> <td style=\"width: 118px;\"><\/td> <td style=\"width: 124px;\"><\/td> <td style=\"width: 168.033px;\" colspan=\"2\">X<\/td> <\/tr> <tr> <td style=\"width: 330.967px;\" colspan=\"2\">N\u00e1daskin\u00e9 dr. Szakm\u00e1r Katalin, 2017, Habilit\u00e1ci\u00f3, \u00c1TE<\/td> <td style=\"width: 118px;\">X<\/td> <td style=\"width: 124px;\"><\/td> <td style=\"width: 168.033px;\" colspan=\"2\"><\/td> <\/tr> <tr> <td style=\"width: 330.967px;\" colspan=\"2\">S\u00e1f\u00e1r J\u00e1nos, 2018-, \u00c1TE, \u00c1DI<\/td> <td style=\"width: 118px;\"><\/td> <td style=\"width: 124px;\"><\/td> <td style=\"width: 168.033px;\" colspan=\"2\">X<\/td> <\/tr> <tr> <td style=\"width: 330.967px;\" colspan=\"2\">Farkas Orsolya, 2018, Habilit\u00e1ci\u00f3, \u00c1TE<\/td> <td style=\"width: 118px;\">X<\/td> <td style=\"width: 124px;\"><\/td> <td style=\"width: 168.033px;\" colspan=\"2\"><\/td> <\/tr> <tr> <td style=\"width: 330.967px;\" colspan=\"2\">Ivanyos Dorottya, 2019 \u00e9s 2023 \u00c1TE, \u00c1DI<\/td> <td style=\"width: 118px;\">X<\/td> <td style=\"width: 124px;\"><\/td> <td style=\"width: 168.033px;\" colspan=\"2\"><\/td> <\/tr> <tr> <td style=\"width: 330.967px;\" colspan=\"2\">Szel\u00e9nyi Zolt\u00e1n, 2019, \u00c1TE, \u00c1DI<\/td> <td style=\"width: 118px;\">X<\/td> <td style=\"width: 124px;\"><\/td> <td style=\"width: 168.033px;\" colspan=\"2\"><\/td> <\/tr> <tr> <td style=\"width: 330.967px;\" colspan=\"2\">Kov\u00e1cs L\u00e1szl\u00f3, 2020-, \u00c1TE, \u00c1DI<\/td> <td style=\"width: 118px;\"><\/td> <td style=\"width: 124px;\"><\/td> <td style=\"width: 168.033px;\" colspan=\"2\">X<\/td> <\/tr> <tr> <td style=\"width: 330.967px;\" colspan=\"2\">Pal\u00f3cz Orsolya, 2020, \u00c1TE, \u00c1DI<\/td> <td style=\"width: 118px;\">X<\/td> <td style=\"width: 124px;\"><\/td> <td style=\"width: 168.033px;\" colspan=\"2\"><\/td> <\/tr> <tr> <td style=\"width: 330.967px;\" colspan=\"2\">Kors\u00f3s Gabriella, 2021, \u00c1TE, \u00c1DI<\/td> <td style=\"width: 118px;\"><\/td> <td style=\"width: 124px;\">X<\/td> <td style=\"width: 168.033px;\" colspan=\"2\"><\/td> <\/tr> <tr> <td style=\"width: 330.967px;\" colspan=\"2\">S\u00fcth Mikl\u00f3s, 2022, Habilit\u00e1ci\u00f3, \u00c1TE<\/td> <td style=\"width: 118px;\">X<\/td> <td style=\"width: 124px;\"><\/td> <td style=\"width: 168.033px;\" colspan=\"2\"><\/td> <\/tr> <tr> <td style=\"width: 330.967px;\" colspan=\"2\">Gyurcs\u00f3 Adrienn, 2022, \u00c1TE, \u00c1DI<\/td> <td style=\"width: 118px;\">X<\/td> <td style=\"width: 124px;\"><\/td> <td style=\"width: 168.033px;\" colspan=\"2\"><\/td> <\/tr> <\/tbody> <\/table> <p><span style=\"font-size: 14pt;\"><strong>Publik\u00e1ci\u00f3s lista (Top10)<\/strong><\/span><\/p> <p>MTMT:\u00a0 https:\/\/m2.mtmt.hu\/gui2\/?type=authors&amp;mode=browse&amp;sel=authors10023374<\/p> <p><strong>1<\/strong>. Rytel, Liliana\u00a0;\u00a0<a href=\"https:\/\/m2.mtmt.hu\/gui2\/?type=authors&amp;mode=browse&amp;sel=10023374\">K\u00f6nyves, L\u00e1szl\u00f3<\/a>;\u00a0Gonkowski, Slawomir<\/p> <p><a href=\"https:\/\/m2.mtmt.hu\/gui2\/?mode=browse&amp;params=publication;32825980\">Endocrine Disruptor Bisphenol a Affects the Neurochemical Profile of Nerve Fibers in the Aortic Arch Wall in the Domestic Pig<\/a><\/p> <p>INTERNATIONAL JOURNAL OF ENVIRONMENTAL RESEARCH AND PUBLIC HEALTH\u00a019\u00a0:\u00a010\u00a0p. 5964\u00a0(2022)<\/p> <p><strong>2<\/strong>. Hejel P\u00e9ter\u00a0;<a href=\"https:\/\/m2.mtmt.hu\/gui2\/?type=authors&amp;mode=browse&amp;sel=10023158\">Jurkovich, Viktor<\/a>;\u00a0<a href=\"https:\/\/m2.mtmt.hu\/gui2\/?type=authors&amp;mode=browse&amp;sel=10067873\">Bogn\u00e1r, Barbara<\/a>;\u00a0<a href=\"https:\/\/m2.mtmt.hu\/gui2\/?type=authors&amp;mode=browse&amp;sel=10020438\">Kov\u00e1cs, P\u00e9ter<\/a>\u00a0;\u00a0<a href=\"https:\/\/m2.mtmt.hu\/gui2\/?type=authors&amp;mode=browse&amp;sel=10002375\">Brydl, Endre<\/a>\u00a0;\u00a0<a href=\"https:\/\/m2.mtmt.hu\/gui2\/?type=authors&amp;mode=browse&amp;sel=10023374\">K\u00f6nyves, L\u00e1szl\u00f3<\/a><\/p> <p><a href=\"https:\/\/m2.mtmt.hu\/gui2\/?mode=browse&amp;params=publication;32113772\">Monitoring the redox status in dairy cows by using plasma dROMs, PAT, and OSI biomarkers<\/a> ACTA VETERINARIA BRNO\u00a090\u00a0:\u00a02\u00a0pp. 125-134. , 10 p.\u00a0(2021)<\/p> <p><strong>3<\/strong>. <a href=\"https:\/\/m2.mtmt.hu\/gui2\/?type=authors&amp;mode=browse&amp;sel=10057588\">Hejel, P\u00e9ter<\/a>;\u00a0<a href=\"https:\/\/m2.mtmt.hu\/gui2\/?type=authors&amp;mode=browse&amp;sel=10065509\">S\u00e1f\u00e1r, J\u00e1nos<\/a>;\u00a0<a href=\"https:\/\/m2.mtmt.hu\/gui2\/?type=authors&amp;mode=browse&amp;sel=10067873\">Bogn\u00e1r, Barbara<\/a>\u00a0;\u00a0Kiss, L\u00e1szl\u00f3\u00a0;\u00a0<a href=\"https:\/\/m2.mtmt.hu\/gui2\/?type=authors&amp;mode=browse&amp;sel=10023158\">Jurkovich, Viktor<\/a>\u00a0;\u00a0<a href=\"https:\/\/m2.mtmt.hu\/gui2\/?type=authors&amp;mode=browse&amp;sel=10002375\">Brydl, Endre<\/a>\u00a0;\u00a0<a href=\"https:\/\/m2.mtmt.hu\/gui2\/?type=authors&amp;mode=browse&amp;sel=10023374\">K\u00f6nyves, L\u00e1szl\u00f3<\/a><\/p> <p><a href=\"https:\/\/m2.mtmt.hu\/gui2\/?mode=browse&amp;params=publication;31964452\">The impact of the oxidative status on the reproduction of cows and the calves\u2019 health \u2013 a review<\/a><\/p> <p>ACTA VETERINARIA BRNO\u00a090\u00a0:\u00a01\u00a0pp. 3-13. , 11 p.\u00a0(2021)<\/p> <p><strong>4<\/strong>. <a href=\"https:\/\/m2.mtmt.hu\/gui2\/?type=authors&amp;mode=browse&amp;sel=10023374\">K\u00f6nyves, L\u00e1szl\u00f3<\/a>;\u00a0<a href=\"https:\/\/m2.mtmt.hu\/gui2\/?type=authors&amp;mode=browse&amp;sel=10020438\">Kov\u00e1cs, P\u00e9ter<\/a>;\u00a0Bartyik, J\u00e1nos\u00a0;\u00a0Csorba, Csaba\u00a0;\u00a0Gubik, Zolt\u00e1n\u00a0;\u00a0J\u00f3n\u00e1s, S\u00e1ndor\u00a0;\u00a0Tibold, J\u00e1nos\u00a0;\u00a0Dojcs\u00e1k, G\u00e1bor\u00a0;\u00a0<a href=\"https:\/\/m2.mtmt.hu\/gui2\/?type=authors&amp;mode=browse&amp;sel=10057588\">Hejel, P\u00e9ter<\/a><\/p> <p><a href=\"https:\/\/m2.mtmt.hu\/gui2\/?mode=browse&amp;params=publication;3115293\">A Keto-Test(TM) szemikvantitat\u00edv tejvizsg\u00e1lattal meg\u00e1llap\u00edtott szubklinikai ketosis prevalenci\u00e1ja hazai tejel\u0151 teh\u00e9n\u00e1llom\u00e1nyokban: Prevalence of subclinical ketosis detected by Keto-Test (TM) semi-quantitative milk test in Hungarian large scale dairy herds<\/a><\/p> <p>MAGYAR \u00c1LLATORVOSOK LAPJA\u00a0138\u00a0:\u00a06\u00a0pp. 323-331. , 9 p.\u00a0(2016)<\/p> <p><strong>5<\/strong>. <a href=\"https:\/\/m2.mtmt.hu\/gui2\/?type=authors&amp;mode=browse&amp;sel=10023374\">K\u00f6nyves, L\u00e1szl\u00f3<\/a>;\u00a0<a href=\"https:\/\/m2.mtmt.hu\/gui2\/?type=authors&amp;mode=browse&amp;sel=10020438\">Kov\u00e1cs, P\u00e9ter<\/a>;\u00a0Bartyik, J\u00e1nos\u00a0;\u00a0Csorba, Csaba\u00a0;\u00a0Gubik, Zolt\u00e1n\u00a0;\u00a0R\u00e9p\u00e1si, Attila\u00a0;\u00a0J\u00f3n\u00e1s, S\u00e1ndor\u00a0;\u00a0Tibold, H\u00e1nos\u00a0;\u00a0Dojcs\u00e1k, G\u00e1bor\u00a0;\u00a0<a href=\"https:\/\/m2.mtmt.hu\/gui2\/?type=authors&amp;mode=browse&amp;sel=10057588\">Hejel, P\u00e9ter<\/a><\/p> <p><a href=\"https:\/\/m2.mtmt.hu\/gui2\/?mode=browse&amp;params=publication;2981193\">A ketolakci\u00e1ban megnyilv\u00e1nul\u00f3 szobklinikai ket\u00f3zis prevalenci\u00e1j\u00e1nak felm\u00e9r\u00e9se Keto-Test (TM) szemikvantitat\u00edv ist\u00e1ll\u00f3pr\u00f3b\u00e1val hazai tejel\u0151 teh\u00e9n\u00e1llom\u00e1nyokban<\/a><\/p> <p>MAGYAR \u00c1LLATORVOSOK LAPJA\u00a0137\u00a0:\u00a0Suppl. I\u00a0pp. 309-316. , 8 p.\u00a0(2015)<\/p> <p><strong>6<\/strong>. <a href=\"https:\/\/m2.mtmt.hu\/gui2\/?type=authors&amp;mode=browse&amp;sel=10023374\">K\u00f6nyves, L\u00e1szl\u00f3<\/a>;\u00a0<a href=\"https:\/\/m2.mtmt.hu\/gui2\/?type=authors&amp;mode=browse&amp;sel=10007864\">Rafai, P\u00e1l<\/a>;\u00a0Miettinen, Harry\u00a0;\u00a0<a href=\"https:\/\/m2.mtmt.hu\/gui2\/?type=authors&amp;mode=browse&amp;sel=10020438\">Kov\u00e1cs, P\u00e9ter<\/a>\u00a0;\u00a0<a href=\"https:\/\/m2.mtmt.hu\/gui2\/?type=authors&amp;mode=browse&amp;sel=10023158\">Jurkovich, Viktor<\/a>\u00a0;\u00a0<a href=\"https:\/\/m2.mtmt.hu\/gui2\/?type=authors&amp;mode=browse&amp;sel=10002375\">Brydl, Endre<\/a><\/p> <p><a href=\"https:\/\/m2.mtmt.hu\/gui2\/?mode=browse&amp;params=publication;2986953\">The effect of feed rations containing high moisture crimped corn ensiled with microbial inoculant or chemical additive on milk production and metabolism of dairy cows<\/a><\/p> <p>ACTA VETERINARIA BRNO\u00a084\u00a0:\u00a04\u00a0pp. 357-363. , 7 p.\u00a0(2015)<\/p> <p><strong>7<\/strong>. <a href=\"https:\/\/m2.mtmt.hu\/gui2\/?type=authors&amp;mode=browse&amp;sel=10023374\">K\u00f6nyves, L\u00e1szl\u00f3<\/a>;\u00a0<a href=\"https:\/\/m2.mtmt.hu\/gui2\/?type=authors&amp;mode=browse&amp;sel=10023158\">Jurkovich, Viktor<\/a>;\u00a0<a href=\"https:\/\/m2.mtmt.hu\/gui2\/?type=authors&amp;mode=browse&amp;sel=10051565\">Kutasi, J\u00f3zsef<\/a>\u00a0;\u00a0Bata, \u00c1rp\u00e1d\u00a0;\u00a0<a href=\"https:\/\/m2.mtmt.hu\/gui2\/?type=authors&amp;mode=browse&amp;sel=10002375\">Brydl, Endre<\/a><\/p> <p><a href=\"https:\/\/m2.mtmt.hu\/gui2\/?mode=browse&amp;params=publication;2981145\">Metabolic an production responses to xylanase enzyme preparation feeding dairy cows<\/a><\/p> <p>MAGYAR \u00c1LLATORVOSOK LAPJA\u00a0137\u00a0:\u00a0Suppl. I\u00a0pp. 271-279. , 9 p.\u00a0(2015)<\/p> <p><strong>8<\/strong>. <a href=\"https:\/\/m2.mtmt.hu\/gui2\/?type=authors&amp;mode=browse&amp;sel=10023374\">K\u00f6nyves, L<\/a>;\u00a0<a href=\"https:\/\/m2.mtmt.hu\/gui2\/?type=authors&amp;mode=browse&amp;sel=10002374\">Szenci, O<\/a>;\u00a0<a href=\"https:\/\/m2.mtmt.hu\/gui2\/?type=authors&amp;mode=browse&amp;sel=10023158\">Jurkovich, V<\/a>\u00a0;\u00a0Tegzes, L\u00a0;\u00a0<a href=\"https:\/\/m2.mtmt.hu\/gui2\/?type=authors&amp;mode=browse&amp;sel=10017846\">Solymosi, N<\/a>\u00a0;\u00a0<a href=\"https:\/\/m2.mtmt.hu\/gui2\/?type=authors&amp;mode=browse&amp;sel=10002375\">Brydl, E<\/a><\/p> <p><a href=\"https:\/\/m2.mtmt.hu\/gui2\/?mode=browse&amp;params=publication;2365050\">Tejhaszn\u00fa szarvasmarh\u00e1k eg\u00e9szs\u00e9g\u00e9t, szaporod\u00e1si teljes\u00edtm\u00e9ny\u00e9t \u00e9s tejtermel\u00e9s\u00e9t befoly\u00e1sol\u00f3 kock\u00e1zati t\u00e9nyez\u0151k elemz\u00e9se az ell\u00e9s k\u00f6r\u00fcli id\u0151szakban: Examination of risk factors influencing health status, reproductive performance and milk yield during the peripartal period in dairy cattle<\/a><\/p> <p>MAGYAR \u00c1LLATORVOSOK LAPJA\u00a0135\u00a0:\u00a07\u00a0pp. 387-389. , 3 p.\u00a0(2013)<\/p> <p><strong>9<\/strong>. <a href=\"https:\/\/m2.mtmt.hu\/gui2\/?type=authors&amp;mode=browse&amp;sel=10023374\">K\u00f6nyves, L<\/a>;\u00a0<a href=\"https:\/\/m2.mtmt.hu\/gui2\/?type=authors&amp;mode=browse&amp;sel=10002375\">Brydl, E<\/a>;\u00a0<a href=\"https:\/\/m2.mtmt.hu\/gui2\/?type=authors&amp;mode=browse&amp;sel=10002374\">Szenci, O<\/a>\u00a0;\u00a0<a href=\"https:\/\/m2.mtmt.hu\/gui2\/?type=authors&amp;mode=browse&amp;sel=10023158\">Jurkovich, V<\/a>\u00a0;\u00a0Tegzes, L<\/p> <p><a href=\"https:\/\/m2.mtmt.hu\/gui2\/?mode=browse&amp;params=publication;1655430\">The effect of the increased fat mobilisation on uterus involution and ovarian cycle in dairy cows<\/a><\/p> <p>M\u00c9DECIN V\u00c9T\u00c9RINAIRE DU QU\u00c9BEC\u00a034\u00a0:\u00a0Abstract 134\u00a0pp. 144-144. , 1 p.\u00a0(2004)<\/p> <p><strong>10<\/strong>. <a href=\"https:\/\/m2.mtmt.hu\/gui2\/?type=authors&amp;mode=browse&amp;sel=10023374\">K\u00f6nyves, L<\/a>;\u00a0<a href=\"https:\/\/m2.mtmt.hu\/gui2\/?type=authors&amp;mode=browse&amp;sel=10002374\">Szenci, O<\/a>;\u00a0<a href=\"https:\/\/m2.mtmt.hu\/gui2\/?type=authors&amp;mode=browse&amp;sel=10023158\">Jurkovich, V<\/a>\u00a0;\u00a0Tegzes, L\u00a0;\u00a0Tiri\u00e1n, A\u00a0;\u00a0<a href=\"https:\/\/m2.mtmt.hu\/gui2\/?type=authors&amp;mode=browse&amp;sel=10017846\">Solymosi, N<\/a>\u00a0;\u00a0Gyulay, Gy\u00a0;\u00a0<a href=\"https:\/\/m2.mtmt.hu\/gui2\/?type=authors&amp;mode=browse&amp;sel=10002375\">Brydl, E<\/a><\/p> <p><a href=\"https:\/\/m2.mtmt.hu\/gui2\/?mode=browse&amp;params=publication;1420449\">Risk Assessment and Consequences of Retained Placenta for Uterine Health, Reproduction and Milk Yield in Dairy Cows<\/a><\/p> <p>ACTA VETERINARIA BRNO\u00a078\u00a0:\u00a01\u00a0pp. 163-172. , 10 p.\u00a0(2009)<\/p> <p>&nbsp;<\/p> <\/div>","protected":false},"excerpt":{"rendered":"<p>Bemutatkoz\u00e1s K\u00f6nyves L\u00e1szl\u00f3 P\u00e9ter az \u00c1llatorvos-tudom\u00e1nyi Egyetemen 1995-ben szerezte \u00e1llatorvos-doktor diplom\u00e1j\u00e1t, majd az \u00c1llathigi\u00e9niai Tansz\u00e9k munkat\u00e1rsa lett. 2009-ben PhD fokozatot szerzett, 2012-ben habilit\u00e1lt, 2013-t\u00f3l egyetemi docens, tansz\u00e9kvezet\u0151. Az \u00c1llathigi\u00e9nia \u00e9s \u00e1llom\u00e1ny-eg\u00e9szs\u00e9gtan kurzus tant\u00e1rgyfelel\u0151se \u00e9s oktat\u00f3ja magyar \u00e9s angol nyelven. T\u00f6bb mint 100 megv\u00e9dett diplomadolgozatnak t\u00e9mavezet\u0151je, vagy t\u00e1rst\u00e9mavezet\u0151je, sz\u00e1mos \u00e1llatorvostan hallgat\u00f3 diplomadolgozat\u00e1nak b\u00edr\u00e1l\u00f3ja \u00e9s t\u00f6bb szak\u00e1llatorvosi<\/p>\n","protected":false},"author":5824,"featured_media":0,"parent":858,"menu_order":211,"comment_status":"closed","ping_status":"closed","template":"","meta":{"_acf_changed":false,"footnotes":""},"categories":[56],"tags":[],"class_list":["post-4168","page","type-page","status-publish","hentry","category-munkatarsak"],"acf":[],"_links":{"self":[{"href":"https:\/\/univet.hu\/hu\/wp-json\/wp\/v2\/pages\/4168","targetHints":{"allow":["GET"]}}],"collection":[{"href":"https:\/\/univet.hu\/hu\/wp-json\/wp\/v2\/pages"}],"about":[{"href":"https:\/\/univet.hu\/hu\/wp-json\/wp\/v2\/types\/page"}],"author":[{"embeddable":true,"href":"https:\/\/univet.hu\/hu\/wp-json\/wp\/v2\/users\/5824"}],"replies":[{"embeddable":true,"href":"https:\/\/univet.hu\/hu\/wp-json\/wp\/v2\/comments?post=4168"}],"version-history":[{"count":1,"href":"https:\/\/univet.hu\/hu\/wp-json\/wp\/v2\/pages\/4168\/revisions"}],"predecessor-version":[{"id":199616,"href":"https:\/\/univet.hu\/hu\/wp-json\/wp\/v2\/pages\/4168\/revisions\/199616"}],"up":[{"embeddable":true,"href":"https:\/\/univet.hu\/hu\/wp-json\/wp\/v2\/pages\/858"}],"wp:attachment":[{"href":"https:\/\/univet.hu\/hu\/wp-json\/wp\/v2\/media?parent=4168"}],"wp:term":[{"taxonomy":"category","embeddable":true,"href":"https:\/\/univet.hu\/hu\/wp-json\/wp\/v2\/categories?post=4168"},{"taxonomy":"post_tag","embeddable":true,"href":"https:\/\/univet.hu\/hu\/wp-json\/wp\/v2\/tags?post=4168"}],"curies":[{"name":"wp","href":"https:\/\/api.w.org\/{rel}","templated":true}]}}