{"id":4171,"date":"2016-08-02T14:09:00","date_gmt":"2016-08-02T12:09:00","guid":{"rendered":"http:\/\/univet.hu\/egyetem\/munkatarsak\/kovago-csaba\/"},"modified":"2026-02-10T04:01:10","modified_gmt":"2026-02-10T03:01:10","slug":"kovago-csaba","status":"publish","type":"page","link":"https:\/\/univet.hu\/hu\/egyetem\/munkatarsak\/kovago-csaba\/","title":{"rendered":"K\u0151v\u00e1g\u00f3 Csaba"},"content":{"rendered":"<p style=\"font-family: impact, sans-serif\" align=\"justify\">Bemutatkoz\u00e1s<\/p> <p align=\"justify\">Dr. K\u0151v\u00e1g\u00f3 Csaba az \u00e1llatorvos-doktori tanulm\u00e1nyai befejez\u00e9se ut\u00e1n PhD kutat\u00e1sokba kezdett az Egyetem J\u00e1rv\u00e1nytani \u00e9s Mikrobiol\u00f3giai Tansz\u00e9k\u00e9nek Virol\u00f3giai Oszt\u00e1ly\u00e1n. 2004 \u00e9s 2005 k\u00f6z\u00f6tt \u00f6szt\u00f6nd\u00edjas kutat\u00f3k\u00e9nt az Amerikai Egyes\u00fclt \u00c1llamokban dolgozott a NASA Ames Research Centerben. PhD fokozat\u00e1t 2016-ban szerezte meg, ekkort\u00f3l \u00e9rdekl\u0151d\u00e9se a metallurgia, a hegeszt\u00e9s \u00e9s ennek munkav\u00e9delmi-toxikol\u00f3giai k\u00e9rd\u00e9sei fel\u00e9 fordult. 2016 \u00e9s 2018 k\u00f6z\u00f6tt megszerezte a Hegeszt\u0151 k\u00e9pes\u00edt\u00e9st, 2018-ben elnyert NKFIH FK_18-as p\u00e1ly\u00e1zata: \u201eA hegeszt\u00e9skor keletkez\u0151 f\u00fcst l\u00e9gz\u0151szervi \u00e9s sziszt\u00e9m\u00e1s hat\u00e1sainak vizsg\u00e1lata eg\u00e9r modellen k\u00fcl\u00f6n\u00f6s tekintettel a volframelektr\u00f3d\u00e1s argon v\u00e9d\u0151g\u00e1zas (TIG) hegeszt\u00e9sre, az \u00f3zon kibocs\u00e1t\u00e1sra \u00e9s a \u201emetal fume fever\u201d szindr\u00f3m\u00e1ra\u201d.<\/p> <p align=\"justify\">Dr. K\u0151v\u00e1g\u00f3 Csaba tagja a Magyar Labor\u00e1llat-tudom\u00e1nyi Egyes\u00fcletnek, a Hegeszt\u00e9s Munkav\u00e9delme Szakmak\u00f6zi Bizotts\u00e1gnak, \u00e9s a Magyar Hegeszt\u00e9si Egyes\u00fcletnek (MAHEG). A Nemzetk\u00f6zi Hegeszt\u00e9si Int\u00e9zet (International Institute of Welding, IIW) C-VIII, \u201eHealth, Safety and Environment\u201d nemzetk\u00f6zi bizotts\u00e1g\u00e1nak magyarorsz\u00e1gi k\u00fcld\u00f6tte 2019 \u00f3ta.<\/p> <p align=\"justify\">Jelenleg \u00e1llatk\u00eds\u00e9rletes m\u00f3don kutatja a hegeszt\u00e9s sor\u00e1n felszabadul\u00f3 g\u00e1z- \u00e9s f\u00fcstemisszi\u00f3 biol\u00f3giai hat\u00e1sait, az ebben az emisszi\u00f3ban megjelen\u0151 f\u00e9mek kinetikai viszonyait a bel\u00e9gz\u00e9st k\u00f6vet\u0151en. Fontos kutat\u00e1si ter\u00fclete a cink tartalm\u00fa por\/f\u00fcst bel\u00e9gz\u00e9se ut\u00e1n kialakul\u00f3 \u201e\u00f6nt\u0151l\u00e1z\u201d k\u00f3rfolyamat\u00e1nak felder\u00edt\u00e9se. Ebben a t\u00e9m\u00e1ban PhD hallgat\u00f3ja, Dr Sz\u0171cs-Somly\u00f3 \u00c9va 2024 december\u00e9ben sikeresen megv\u00e9dte \u201eInvestigation of the Immunotoxicological Effects of Metal Oxide Particles, Especially ZnO Inhalation\u201d c. doktori \u00e9rtekez\u00e9s\u00e9t.<\/p> <hr align=\"center\" size=\"5\" width=\"60%\" \/> <p><span style=\"font-family: impact, sans-serif\">El\u0151rehalad\u00e1s<\/span><\/p> <table style=\"height: 235px;width: 809px\" width=\"811\"> <tbody> <tr style=\"height: 24px\"> <td style=\"width: 177px;height: 24px;text-align: center\">2004 &#8211; 2012<\/td> <td style=\"width: 616px;height: 24px;text-align: center\">tansz\u00e9ki \u00e1llatorvos<\/td> <\/tr> <tr style=\"height: 24px\"> <td style=\"width: 177px;height: 24px;text-align: center\">2012 &#8211; 2016<\/td> <td style=\"width: 616px;height: 24px;text-align: center\">tudom\u00e1nyos seg\u00e9dmunkat\u00e1rs<\/td> <\/tr> <tr style=\"height: 24px\"> <td style=\"width: 177px;height: 23px;text-align: center\">2016 &#8211;<\/td> <td style=\"width: 616px;height: 23px;text-align: center\">tudom\u00e1nyos munkat\u00e1rs<\/td> <\/tr> <\/tbody> <\/table> <p>&nbsp;<\/p> <hr align=\"center\" size=\"5\" width=\"60%\" \/> <p><strong>Eddigi TDK hallgat\u00f3k sz\u00e1ma: 3<\/strong><\/p> <p><span style=\"font-family: impact, sans-serif\"><br \/> Publik\u00e1ci\u00f3s lista (Top10)<\/span><\/p> <p style=\"text-align: center\">MTMT:\u00a0<a href=\"https:\/\/m2.mtmt.hu\/gui2\/?type=authors&amp;mode=browse&amp;sel=authors10023379\">https:\/\/m2.mtmt.hu\/gui2\/?type=authors&amp;mode=browse&amp;sel=authors10023379<\/a><\/p> <table style=\"height: 542px;width: 113.544%\" width=\"1140\"> <tbody> <tr style=\"height: 86px\"> <td style=\"width: 3.52423%;height: 86px;text-align: center\">1.<\/td> <td style=\"width: 95.9471%;height: 86px\">Szucs-Somlyo, Eva ; Lehel, Jozsef ; Majlinger, Kornel ; Lorincz, Marta ; Kovago, Csaba &#x2709; Metal-oxide inhalation induced fever-Immuntoxicological aspects of welding fumes FOOD AND CHEMICAL TOXICOLOGY 175 Paper: 113722 , 11 p. (2023)<\/td> <\/tr> <tr style=\"height: 54px\"> <td style=\"width: 3.52423%;height: 54px;text-align: center\">2.<\/td> <td style=\"width: 95.9471%;height: 54px\">Sz\u0171cs-Somly\u00f3, \u00c9. ; Lehel, J. &#x2709; ; M\u00e1jlinger, K. ; T\u00f3th, F. ; Jerzsele, \u00c1. ; K\u0151v\u00e1g\u00f3, C. Immune response to zinc oxide inhalation in metal fume fever, and the possible role of IL-17f SCIENTIFIC REPORTS 13 : 1 Paper: 22239 , 11 p. (2023)<\/td> <\/tr> <tr style=\"height: 54px\"> <td style=\"width: 3.52423%;height: 54px;text-align: center\">3.<\/td> <td style=\"width: 95.9471%;height: 54px\">K\u0151v\u00e1g\u00f3, Csaba &#x2709; ; Szekeres, Barbara ; Sz\u0171cs-Somly\u00f3, \u00c9va ; M\u00e1jlinger, Korn\u00e9l ; Jerzsele, \u00c1kos ; Lehel, J\u00f3zsef Preliminary study to investigate the distribution and effects of certain metals after inhalation of welding fumes in mice ENVIRONMENTAL SCIENCE AND POLLUTION RESEARCH 29 pp. 49147-49160. , 14 p. (2022)<\/td> <\/tr> <tr style=\"height: 54px\"> <td style=\"width: 3.52423%;height: 54px;text-align: center\">4.<\/td> <td style=\"width: 95.9471%;height: 54px\">Mackei, M\u00e1t\u00e9 ; Moln\u00e1r, Andor ; Nagy, Szabolcs ; P\u00e1l, L\u00e1szl\u00f3 ; K\u0151v\u00e1g\u00f3, Csaba ; G\u00e1lfi, P\u00e9ter ; Dublecz, K\u00e1roly ; Husv\u00e9th, Ferenc ; Neogr\u00e1dy, Zsuzsanna ; M\u00e1tis, G\u00e1bor Effects of Acute Heat Stress on a Newly Established Chicken Hepatocyte \u2013 Nonparenchymal Cell Co Culture Model ANIMALS 10 : 3 Paper: 409 , 16 p. (2020)<\/td> <\/tr> <tr style=\"height: 31px\"> <td style=\"width: 3.52423%;height: 31px;text-align: center\">5.<\/td> <td style=\"width: 95.9471%;height: 31px\">Szekeres, B. G. ; Sz\u0171cs-Somly\u00f3, \u00c9. ; Lehel, J. ; K\u0151v\u00e1g\u00f3, Cs. Nanor\u00e9szecsk\u00e9k \u2013 m\u00falt, jelen, j\u00f6v\u0151 EG\u00c9SZS\u00c9GTUDOM\u00c1NY 64 : 1-2 pp. 16-38. , 23 p. (2020)<\/td> <\/tr> <tr style=\"height: 23px\"> <td style=\"width: 3.52423%;height: 23px;text-align: center\">6.<\/td> <td style=\"width: 95.9471%;height: 23px\">K\u0151v\u00e1g\u00f3, Csaba ; M\u00e1jlinger, Korn\u00e9l ; Lehel, J\u00f3zsef A hegeszt\u00e9si f\u00fcst szil\u00e1rd r\u00e9szecsk\u00e9inek eg\u00e9szs\u00e9g\u00fcgyi hat\u00e1sai a szakirodalom \u00e9s saj\u00e1t vizsg\u00e1lat t\u00fckr\u00e9ben HEGESZT\u00c9STECHNIKA 30 : 3 pp. 92-95. , 4 p. (2019)<\/td> <\/tr> <tr style=\"height: 48px\"> <td style=\"width: 3.52423%;text-align: center;height: 48px\">7.<\/td> <td style=\"width: 95.9471%;height: 48px\">K\u0151v\u00e1g\u00f3, Cs. ; M\u00e1jlinger, K. ; Lehel, J. \u00cdvf\u00e9ny \u00e1ltal keltett szervetlen emisszi\u00f3 toxikokinetik\u00e1j\u00e1nak vizsg\u00e1lata \u00e1llatmodellben In: Magyar Toxikol\u00f3gusok T\u00e1rsas\u00e1ga (szerk.) TOX&#8217;2018 Tudom\u00e1nyos Konferencia Program, kivonatok (2018) p. 64 Paper: C1-8 , 1 p.<\/td> <\/tr> <tr style=\"height: 72px\"> <td style=\"width: 3.52423%;text-align: center;height: 72px\">8.<\/td> <td style=\"width: 95.9471%;height: 72px\">K\u0151v\u00e1g\u00f3, Csaba ; Cserti, S\u00e1ndor ; Rusvai, Mikl\u00f3s A borjak \u00fajsz\u00fcl\u00f6ttkori panyctopeni\u00e1ja n\u00e9ven ismert k\u00f3rk\u00e9p egy szokatlan form\u00e1j\u00e1nak hazai el\u0151fordul\u00e1sa MAGYAR \u00c1LLATORVOSOK LAPJA 140 : Suppl 1 pp. 194-200. , 7 p. (2018)<\/td> <\/tr> <tr style=\"height: 72px\"> <td style=\"width: 3.52423%;text-align: center;height: 72px\">9.<\/td> <td style=\"width: 95.9471%;height: 72px\">K\u0151v\u00e1g\u00f3, Csaba ; Horny\u00e1k, \u00c1kos ; K\u00e9kesi, Violetta ; Rusvai, Mikl\u00f3s Demonstration of homologous recombination events in the evolution of bovine viral diarrhoea virus by in silico investigations ACTA VETERINARIA HUNGARICA 64 : 3 pp. 401-414. , 14 p. (2016)<\/td> <\/tr> <tr style=\"height: 48px\"> <td style=\"width: 3.52423%;text-align: center;height: 48px\">10.<\/td> <td style=\"width: 95.9471%;height: 48px\">Meggyeshazi, N ; Andocs, G ; Kovago, C ; Balogh, L ; Krenacs, T Modulated electrohyperthermia induced immunogenic cell death specific signals in colorectal adenocarcinoma model EUROPEAN JOURNAL OF CANCER 50 : Suppl. 5 pp. S81-S82. (2014)<\/td> <\/tr> <\/tbody> <\/table> <p>&nbsp;<\/p> <p>(Friss\u00edtve: 2025. janu\u00e1r)<\/p>","protected":false},"excerpt":{"rendered":"<p>Bemutatkoz\u00e1s Dr. K\u0151v\u00e1g\u00f3 Csaba az \u00e1llatorvos-doktori tanulm\u00e1nyai befejez\u00e9se ut\u00e1n PhD kutat\u00e1sokba kezdett az Egyetem J\u00e1rv\u00e1nytani \u00e9s Mikrobiol\u00f3giai Tansz\u00e9k\u00e9nek Virol\u00f3giai Oszt\u00e1ly\u00e1n. 2004 \u00e9s 2005 k\u00f6z\u00f6tt \u00f6szt\u00f6nd\u00edjas kutat\u00f3k\u00e9nt az Amerikai Egyes\u00fclt \u00c1llamokban dolgozott a NASA Ames Research Centerben. PhD fokozat\u00e1t 2016-ban szerezte meg, ekkort\u00f3l \u00e9rdekl\u0151d\u00e9se a metallurgia, a hegeszt\u00e9s \u00e9s ennek munkav\u00e9delmi-toxikol\u00f3giai k\u00e9rd\u00e9sei fel\u00e9 fordult. 2016 \u00e9s<\/p>\n","protected":false},"author":5824,"featured_media":0,"parent":858,"menu_order":211,"comment_status":"closed","ping_status":"closed","template":"","meta":{"_acf_changed":false,"footnotes":""},"categories":[56],"tags":[],"class_list":["post-4171","page","type-page","status-publish","hentry","category-munkatarsak"],"acf":[],"_links":{"self":[{"href":"https:\/\/univet.hu\/hu\/wp-json\/wp\/v2\/pages\/4171","targetHints":{"allow":["GET"]}}],"collection":[{"href":"https:\/\/univet.hu\/hu\/wp-json\/wp\/v2\/pages"}],"about":[{"href":"https:\/\/univet.hu\/hu\/wp-json\/wp\/v2\/types\/page"}],"author":[{"embeddable":true,"href":"https:\/\/univet.hu\/hu\/wp-json\/wp\/v2\/users\/5824"}],"replies":[{"embeddable":true,"href":"https:\/\/univet.hu\/hu\/wp-json\/wp\/v2\/comments?post=4171"}],"version-history":[{"count":2,"href":"https:\/\/univet.hu\/hu\/wp-json\/wp\/v2\/pages\/4171\/revisions"}],"predecessor-version":[{"id":199618,"href":"https:\/\/univet.hu\/hu\/wp-json\/wp\/v2\/pages\/4171\/revisions\/199618"}],"up":[{"embeddable":true,"href":"https:\/\/univet.hu\/hu\/wp-json\/wp\/v2\/pages\/858"}],"wp:attachment":[{"href":"https:\/\/univet.hu\/hu\/wp-json\/wp\/v2\/media?parent=4171"}],"wp:term":[{"taxonomy":"category","embeddable":true,"href":"https:\/\/univet.hu\/hu\/wp-json\/wp\/v2\/categories?post=4171"},{"taxonomy":"post_tag","embeddable":true,"href":"https:\/\/univet.hu\/hu\/wp-json\/wp\/v2\/tags?post=4171"}],"curies":[{"name":"wp","href":"https:\/\/api.w.org\/{rel}","templated":true}]}}