{"id":4174,"date":"2016-08-02T14:09:00","date_gmt":"2016-08-02T12:09:00","guid":{"rendered":"http:\/\/univet.hu\/egyetem\/munkatarsak\/kover-szilvia\/"},"modified":"2026-02-10T04:01:11","modified_gmt":"2026-02-10T03:01:11","slug":"kover-szilvia-2","status":"publish","type":"page","link":"https:\/\/univet.hu\/hu\/egyetem\/munkatarsak\/kover-szilvia-2\/","title":{"rendered":"K\u00f6v\u00e9r Szilvia"},"content":{"rendered":"<p style=\"text-align: left;\" align=\"center\"><span lang=\"hu-HU\"><b>Bemutatkoz\u00e1s:<\/b><\/span><\/p> <p>Dr. K\u00f6v\u00e9r Szilvia vagyok, az Zool\u00f3giai Tansz\u00e9k tudom\u00e1nyos munkat\u00e1rsa. R\u00e9szt veszek a Biol\u00f3gia BSc szak Terepgyakorlat tant\u00e1rgy\u00e1nak oktat\u00e1s\u00e1ban, illetve a Biol\u00f3gus MSc-n tartok Evol\u00faci\u00f3biol\u00f3gia, Genetika \u00e9s popul\u00e1ci\u00f3genetika \u00e9s Modellez\u00e9s tant\u00e1rgyakat \u00e9s r\u00e9szt veszek \u00e9s Ivaross\u00e1g az \u00e9l\u0151vil\u00e1gban c. fakultat\u00edv kurzus el\u0151ad\u00e1saiinak megtart\u00e1s\u00e1ban \u00e9s az angol nyelv\u0171 \u00e1llatorvos hallgat\u00f3knak Informatics \u00e9s Biomathematics gyakorlatokat tartok. A fels\u0151oktat\u00e1si feladatokon t\u00fal r\u00e9szt veszek az \u00c1TE magyar \u00e9s angol egyetemi el\u0151k\u00e9sz\u00edt\u0151i programjaiban is. A kutat\u00e1sban popul\u00e1ci\u00f3biol\u00f3giai, popul\u00e1ci\u00f3genetikai \u00e9s biostatisztikai k\u00e9rd\u00e9sekkel foglalkozom.<\/p> <p>&nbsp;<\/p> <p><b>F\u0151bb kutat\u00e1si ter\u00fcletek:<\/b><\/p> <ul> <li>t\u00fal\u00e9l\u00e9sbecsl\u00e9s jel\u00f6l\u00e9s-visszafog\u00e1sos m\u00f3dszerrel<\/li> <li>popul\u00e1ci\u00f3-t\u00fal\u00e9l\u00e9s anal\u00edzis (PVA) a k\u00e1rp\u00e1t-medencei parlagi sas popul\u00e1ci\u00f3ra<\/li> <li>rokons\u00e1g- \u00e9s belteny\u00e9sztetts\u00e9g-becsl\u00e9s genetikai adatok alapj\u00e1n<\/li> <li>parlagi sasok p\u00e1rv\u00e1laszt\u00e1si rendszer\u00e9nek genetikai alap\u00fa vizsg\u00e1lata<\/li> <li>lizosz\u00f3m\u00e1lis t\u00e1rol\u00e1si betegs\u00e9get okoz\u00f3 mut\u00e1ns all\u00e9l gyakoris\u00e1g\u00e1nak j\u00f3sl\u00e1sa az Amerikai Staffordshire Terrier kutyafajt\u00e1ban a teny\u00e9szt\u00e9si szab\u00e1lyzat f\u00fcggv\u00e9ny\u00e9ben<\/li> <\/ul> <p>&nbsp;<\/p> <p><strong>T\u00e9mavezet\u00e9s<\/strong>:<\/p> <p>MSc hallgat\u00f3k: 2<\/p> <p>BSc hallgat\u00f3k: 3<\/p> <p>TDK dolgozatok: 2<\/p> <p>PhD hallgat\u00f3k: 2, ebb\u0151l egy 1 v\u00e9gzett (Dr. Nemesh\u00e1zi Edina, 2018)<\/p> <p>&nbsp;<\/p> <p><strong>V\u00e1laszthat\u00f3 szakdolgozati t\u00e9m\u00e1k<\/strong>:<\/p> <p>Lizosz\u00f3m\u00e1lis t\u00e1rol\u00e1si betegs\u00e9get okoz\u00f3 mut\u00e1ns all\u00e9l gyakoris\u00e1g\u00e1nak j\u00f3sl\u00e1sa az Amerikai Staffordshire Terrier kutyafajt\u00e1ban a teny\u00e9szt\u00e9si szab\u00e1lyzat f\u00fcggv\u00e9ny\u00e9ben<\/p> <p>&nbsp;<\/p> <p style=\"text-align: left;\" align=\"center\"><span lang=\"hu-HU\"><b>El\u0151rehalad\u00e1s:<\/b><\/span><\/p> <p>2016 &#8211; Zool\u00f3giai Tansz\u00e9k, \u00c1llatorvostudom\u00e1nyi Egyetem, tudom\u00e1nyos munkat\u00e1rs<\/p> <p><span lang=\"hu-HU\">2008<\/span><span lang=\"hu-HU\">-2016<\/span><strong>\u00a0 <\/strong>SZIE \u00c1OTK, \u00d6kol\u00f3giai Tansz\u00e9k,\u00a0<span lang=\"hu-HU\">tudom\u00e1nyos munkat\u00e1rs<\/span><\/p> <p><span lang=\"hu-HU\">2005-2007<\/span> <span lang=\"hu-HU\">Magyar Term\u00e9szettudom\u00e1nyi M\u00fazeum<\/span>, <span lang=\"hu-HU\">seg\u00e9dmuzeol\u00f3gus<\/span><\/p> <p><span lang=\"hu-HU\">1998-2005\u00a0 ELTE TTK, N\u00f6v\u00e9nyrendszertani \u00e9s \u00d6kol\u00f3giai Tansz\u00e9k, posztdoktori \u00f6szt\u00f6nd\u00edjas<br \/> <\/span><\/p> <p><span lang=\"hu-HU\">1992-1998\u00a0 ELTE TTK, N\u00f6v\u00e9nyrendszertani \u00e9s \u00d6kol\u00f3giai Tansz\u00e9k, PhD Hallgat\u00f3<br \/> <\/span><\/p> <p>&nbsp;<\/p> <p><strong>Publik\u00e1ci\u00f3s lista (Top10)<\/strong>:<\/p> <p><a href=\"https:\/\/m2.mtmt.hu\/api\/author\/10047391\"><span data-contrast=\"none\">Nemesh\u00e1zi, Edina<\/span><\/a><span data-contrast=\"auto\"> ; <\/span><a href=\"https:\/\/m2.mtmt.hu\/api\/author\/10003088\"><span data-contrast=\"none\">K\u00f6v\u00e9r, Szilvia<\/span><\/a><span data-contrast=\"auto\"> ; <\/span><a href=\"https:\/\/m2.mtmt.hu\/api\/author\/10023003\"><span data-contrast=\"none\">B\u00f3kony, Veronika<\/span><\/a><span data-contrast=\"auto\">\u00a0<\/span><a href=\"https:\/\/m2.mtmt.hu\/api\/publication\/31848696\"><span data-contrast=\"none\">Evolutionary and demographic consequences of temperature-induced masculinization under climate warming: the effects of mate choice<\/span><\/a><span data-ccp-props=\"{&quot;201341983&quot;:0,&quot;335559739&quot;:160,&quot;335559740&quot;:259}\">\u00a0<\/span><span data-contrast=\"auto\">BMC ECOLOGY AND EVOLUTION 21 : 1 Paper: 16 (2021)\u00a0<\/span><span data-ccp-props=\"{&quot;201341983&quot;:0,&quot;335559739&quot;:160,&quot;335559740&quot;:259}\">\u00a0<\/span><\/p> <p><a href=\"https:\/\/m2.mtmt.hu\/api\/author\/10045827\"><span data-contrast=\"none\">Szab\u00f3, Borb\u00e1la <\/span><span data-contrast=\"none\">&#x2709;<\/span><\/a><span data-contrast=\"auto\"> ; <\/span><a href=\"https:\/\/m2.mtmt.hu\/api\/author\/10023281\"><span data-contrast=\"none\">Lang, Zsolt<\/span><\/a><span data-contrast=\"auto\"> ; <\/span><a href=\"https:\/\/m2.mtmt.hu\/api\/author\/10003088\"><span data-contrast=\"none\">K\u00f6v\u00e9r, Szilvia<\/span><\/a><span data-contrast=\"auto\"> ; <\/span><a href=\"https:\/\/m2.mtmt.hu\/api\/author\/10001569\"><span data-contrast=\"none\">Bakonyi, G\u00e1bor<\/span><\/a><span data-contrast=\"auto\">\u00a0<\/span><span data-ccp-props=\"{&quot;201341983&quot;:0,&quot;335559739&quot;:160,&quot;335559740&quot;:259}\">\u00a0<\/span><a href=\"https:\/\/m2.mtmt.hu\/api\/publication\/31996064\"><span data-contrast=\"none\">The inter-individual variance can provide additional information for the ecotoxicologists beside the mean<\/span><\/a><span data-ccp-props=\"{&quot;201341983&quot;:0,&quot;335559739&quot;:160,&quot;335559740&quot;:259}\">\u00a0 <\/span><span data-contrast=\"auto\">ECOTOXICOLOGY AND ENVIRONMENTAL SAFETY 217 Paper: 112260 , 7 p. (2021)\u00a0<\/span><span data-ccp-props=\"{&quot;201341983&quot;:0,&quot;335559739&quot;:160,&quot;335559740&quot;:259}\">\u00a0<\/span><\/p> <p><a href=\"https:\/\/m2.mtmt.hu\/api\/author\/10047391\"><span data-contrast=\"none\">Nemesh\u00e1zi, Edina<\/span><\/a><span data-contrast=\"auto\"> ; <\/span><a href=\"https:\/\/m2.mtmt.hu\/api\/author\/10025320\"><span data-contrast=\"none\">Szab\u00f3, Kriszti\u00e1n<\/span><\/a><span data-contrast=\"auto\"> ; Horv\u00e1th, Zolt\u00e1n ; <\/span><a href=\"https:\/\/m2.mtmt.hu\/api\/author\/10003088\"><span data-contrast=\"none\">K\u00f6v\u00e9r, Szilvia<\/span><\/a><span data-contrast=\"auto\">\u00a0<\/span><span data-ccp-props=\"{&quot;201341983&quot;:0,&quot;335559739&quot;:160,&quot;335559740&quot;:259}\">\u00a0<\/span><a href=\"https:\/\/m2.mtmt.hu\/api\/publication\/3282898\"><span data-contrast=\"none\">The effects of genetic relatedness on mate choice and territorial intrusions in a monogamous raptor<\/span><\/a><span data-ccp-props=\"{&quot;201341983&quot;:0,&quot;335559739&quot;:160,&quot;335559740&quot;:259}\">\u00a0<\/span><span data-contrast=\"auto\">JOURNAL OF ORNITHOLOGY 159 : 1 pp. 233-244. , 12 p. (2018)\u00a0<\/span><span data-ccp-props=\"{&quot;201341983&quot;:0,&quot;335559739&quot;:160,&quot;335559740&quot;:259}\">\u00a0<\/span><\/p> <p><a href=\"https:\/\/m2.mtmt.hu\/api\/author\/10047391\"><span data-contrast=\"none\">Nemesh\u00e1zi, Edina<\/span><\/a><span data-contrast=\"auto\"> ; <\/span><a href=\"https:\/\/m2.mtmt.hu\/api\/author\/10025320\"><span data-contrast=\"none\">Szab\u00f3, Kriszti\u00e1n<\/span><\/a><span data-contrast=\"auto\"> ; Horv\u00e1th, Zolt\u00e1n ; <\/span><a href=\"https:\/\/m2.mtmt.hu\/api\/author\/10003088\"><span data-contrast=\"none\">K\u00f6v\u00e9r, Szilvia<\/span><\/a><span data-contrast=\"auto\">\u00a0<\/span><span data-ccp-props=\"{&quot;201341983&quot;:0,&quot;335559739&quot;:160,&quot;335559740&quot;:259}\">\u00a0<\/span><a href=\"https:\/\/m2.mtmt.hu\/api\/publication\/3404003\"><span data-contrast=\"none\">Genetic structure confirms female-biased natal dispersal in the White-tailed Eagle population of the Carpathian Basin<\/span><\/a><span data-ccp-props=\"{&quot;201341983&quot;:0,&quot;335559739&quot;:160,&quot;335559740&quot;:259}\">\u00a0<\/span><span data-contrast=\"auto\">ACTA ZOOLOGICA ACADEMIAE SCIENTIARUM HUNGARICAE 64 : 3 pp. 243-257. , 15 p. (2018)\u00a0<\/span><span data-ccp-props=\"{&quot;201341983&quot;:0,&quot;335559739&quot;:160,&quot;335559740&quot;:259}\">\u00a0<\/span><\/p> <p><a href=\"https:\/\/m2.mtmt.hu\/api\/author\/10023003\"><span data-contrast=\"none\">B\u00f3kony, V<\/span><\/a><span data-contrast=\"auto\"> ; <\/span><a href=\"https:\/\/m2.mtmt.hu\/api\/author\/10003088\"><span data-contrast=\"none\">K\u00f6ver, S<\/span><\/a><span data-contrast=\"auto\"> ; <\/span><a href=\"https:\/\/m2.mtmt.hu\/api\/author\/10047391\"><span data-contrast=\"none\">Nemesh\u00e1zi, E<\/span><\/a><span data-contrast=\"auto\"> ; <\/span><a href=\"https:\/\/m2.mtmt.hu\/api\/author\/10000149\"><span data-contrast=\"none\">Liker, A<\/span><\/a><span data-contrast=\"auto\"> ; <\/span><a href=\"https:\/\/m2.mtmt.hu\/api\/author\/10047971\"><span data-contrast=\"none\">Sz\u00e9kely, T<\/span><\/a><span data-contrast=\"auto\">\u00a0<\/span><span data-ccp-props=\"{&quot;201341983&quot;:0,&quot;335559739&quot;:160,&quot;335559740&quot;:259}\">\u00a0<\/span><a href=\"https:\/\/m2.mtmt.hu\/api\/publication\/3261421\"><span data-contrast=\"none\">Climate-driven shifts in adult sex ratios via sex reversals: the type of sex determination matters<\/span><\/a><span data-ccp-props=\"{&quot;201341983&quot;:0,&quot;335559739&quot;:160,&quot;335559740&quot;:259}\">\u00a0<\/span><span data-contrast=\"auto\">PHILOSOPHICAL TRANSACTIONS OF THE ROYAL SOCIETY B &#8211; BIOLOGICAL SCIENCES 372 : 1729 Paper: 20160325 (2017)\u00a0<\/span><span data-ccp-props=\"{&quot;201341983&quot;:0,&quot;335559739&quot;:160,&quot;335559740&quot;:259}\">\u00a0<\/span><\/p> <p><a href=\"https:\/\/m2.mtmt.hu\/api\/author\/10047391\"><span data-contrast=\"none\">Nemesh\u00e1zi, Edina<\/span><\/a><span data-contrast=\"auto\"> ; <\/span><a href=\"https:\/\/m2.mtmt.hu\/api\/author\/10003088\"><span data-contrast=\"none\">K\u00f6v\u00e9r, Szilvia<\/span><\/a><span data-contrast=\"auto\"> ; Zachos, Frank E ; Horv\u00e1th, Zolt\u00e1n ; Tihanyi, G\u00e1bor ; M\u00f3rocz, Attila ; Mikuska, Tibor ; H\u00e1m, Istv\u00e1n ; Liter\u00e1k, Ivan ; Ponnikas, Suvi et al.\u00a0<\/span><span data-ccp-props=\"{&quot;201341983&quot;:0,&quot;335559739&quot;:160,&quot;335559740&quot;:259}\">\u00a0<\/span><a href=\"https:\/\/m2.mtmt.hu\/api\/publication\/3089837\"><span data-contrast=\"none\">Natural and anthropogenic influences on the population structure of white-tailed eagles in the Carpathian Basin and central Europe<\/span><\/a><span data-ccp-props=\"{&quot;201341983&quot;:0,&quot;335559739&quot;:160,&quot;335559740&quot;:259}\">\u00a0<\/span><span data-contrast=\"auto\">JOURNAL OF AVIAN BIOLOGY 47 : 6 pp. 795-805. , 11 p. (2016)\u00a0<\/span><span data-ccp-props=\"{&quot;201341983&quot;:0,&quot;335559739&quot;:160,&quot;335559740&quot;:259}\">\u00a0<\/span><\/p> <p><a href=\"https:\/\/m2.mtmt.hu\/api\/author\/10015832\"><span data-contrast=\"none\">K\u0151r\u00f6si, \u00c1d\u00e1m<\/span><\/a><span data-contrast=\"auto\"> ; <\/span><a href=\"https:\/\/m2.mtmt.hu\/api\/author\/10012685\"><span data-contrast=\"none\">Szentirmai, Istv\u00e1n<\/span><\/a><span data-contrast=\"auto\"> ; <\/span><a href=\"https:\/\/m2.mtmt.hu\/api\/author\/10000694\"><span data-contrast=\"none\">Bat\u00e1ry, P\u00e9ter<\/span><\/a><span data-contrast=\"auto\"> ; <\/span><a href=\"https:\/\/m2.mtmt.hu\/api\/author\/10003088\"><span data-contrast=\"none\">K\u00f6v\u00e9r, Szilvia<\/span><\/a><span data-contrast=\"auto\"> ; <\/span><a href=\"https:\/\/m2.mtmt.hu\/api\/author\/10047838\"><span data-contrast=\"none\">\u00d6rv\u00f6ssy, No\u00e9mi<\/span><\/a><span data-contrast=\"auto\"> ; Peregovits, L\u00e1szl\u00f3\u00a0<\/span><span data-ccp-props=\"{&quot;201341983&quot;:0,&quot;335559739&quot;:160,&quot;335559740&quot;:259}\">\u00a0<\/span><a href=\"https:\/\/m2.mtmt.hu\/api\/publication\/2742250\"><span data-contrast=\"none\">Effects of timing and frequency of mowing on the threatened scarce large blue butterfly<\/span><span data-contrast=\"none\">: A fine-scale experiment<\/span><\/a><span data-ccp-props=\"{&quot;201341983&quot;:0,&quot;335559739&quot;:160,&quot;335559740&quot;:259}\">\u00a0<\/span><span data-contrast=\"auto\">AGRICULTURE ECOSYSTEMS &amp; ENVIRONMENT 196 pp. 24-33. , 10 p. (2014)\u00a0<\/span><span data-ccp-props=\"{&quot;201341983&quot;:0,&quot;335559739&quot;:160,&quot;335559740&quot;:259}\">\u00a0<\/span><\/p> <p><a href=\"https:\/\/m2.mtmt.hu\/api\/author\/10024142\"><span data-contrast=\"none\">Szalai, Mark<\/span><\/a><span data-contrast=\"auto\"> ; <\/span><a href=\"https:\/\/m2.mtmt.hu\/api\/author\/10024344\"><span data-contrast=\"none\">Kiss, Jozsef<\/span><\/a><span data-contrast=\"auto\"> ; <\/span><a href=\"https:\/\/m2.mtmt.hu\/api\/author\/10003088\"><span data-contrast=\"none\">K\u00f6v\u00e9r, Szilvia<\/span><\/a><span data-contrast=\"auto\"> ; <\/span><a href=\"https:\/\/m2.mtmt.hu\/api\/author\/10054613\"><span data-contrast=\"none\">Toepfer, Stefan<\/span><\/a><span data-contrast=\"auto\">\u00a0<\/span><span data-ccp-props=\"{&quot;201341983&quot;:0,&quot;335559739&quot;:160,&quot;335559740&quot;:259}\">\u00a0<\/span><a href=\"https:\/\/m2.mtmt.hu\/api\/publication\/2712095\"><span data-contrast=\"none\">Simulating crop rotation strategies with a spatiotemporal lattice model to improve legislation for the management of the maize pest Diabrotica virgifera virgifera<\/span><\/a><span data-ccp-props=\"{&quot;201341983&quot;:0,&quot;335559739&quot;:160,&quot;335559740&quot;:259}\">\u00a0<\/span><span data-contrast=\"auto\">AGRICULTURAL SYSTEMS 124 pp. 39-50. , 12 p. (2014)\u00a0<\/span><span data-ccp-props=\"{&quot;201341983&quot;:0,&quot;335559739&quot;:160,&quot;335559740&quot;:259}\">\u00a0<\/span><\/p> <p><a href=\"https:\/\/m2.mtmt.hu\/api\/author\/10015832\"><span data-contrast=\"none\">K\u0151r\u00f6si, \u00c1<\/span><\/a><span data-contrast=\"auto\"> ; <\/span><a href=\"https:\/\/m2.mtmt.hu\/api\/author\/10047838\"><span data-contrast=\"none\">\u00d6rv\u00f6ssy, N<\/span><\/a><span data-contrast=\"auto\"> ; <\/span><a href=\"https:\/\/m2.mtmt.hu\/api\/author\/10000694\"><span data-contrast=\"none\">Bat\u00e1ry, P<\/span><\/a><span data-contrast=\"auto\"> ; <\/span><a href=\"https:\/\/m2.mtmt.hu\/api\/author\/10003088\"><span data-contrast=\"none\">K\u00f6v\u00e9r, S<\/span><\/a><span data-contrast=\"auto\"> ; Peregovits, L\u00a0<\/span><span data-ccp-props=\"{&quot;201341983&quot;:0,&quot;335559739&quot;:160,&quot;335559740&quot;:259}\">\u00a0<\/span><a href=\"https:\/\/m2.mtmt.hu\/api\/publication\/238956\"><span data-contrast=\"none\">Restricted within-habitat movement and time-constrained egg laying of female Maculinea rebeli butterflies<\/span><\/a><span data-ccp-props=\"{&quot;201341983&quot;:0,&quot;335559739&quot;:160,&quot;335559740&quot;:259}\">\u00a0<\/span><span data-contrast=\"auto\">OECOLOGIA 156 pp. 455-464. , 10 p. (2008)\u00a0<\/span><span data-ccp-props=\"{&quot;201341983&quot;:0,&quot;335559739&quot;:160,&quot;335559740&quot;:259}\">\u00a0<\/span><\/p> <p><a href=\"https:\/\/m2.mtmt.hu\/api\/author\/10003088\"><span data-contrast=\"none\">K\u00f6v\u00e9r, Szilvia<\/span><\/a><span data-contrast=\"auto\"> ; <\/span><a href=\"https:\/\/m2.mtmt.hu\/api\/author\/1025989\"><span data-contrast=\"none\">Szathm\u00e1ry, E\u00f6rs<\/span><\/a><span data-contrast=\"auto\">\u00a0<\/span><span data-ccp-props=\"{&quot;201341983&quot;:0,&quot;335559739&quot;:160,&quot;335559740&quot;:259}\">\u00a0<\/span><a href=\"https:\/\/m2.mtmt.hu\/api\/publication\/1300795\"><span data-contrast=\"none\">Evolution of Sex<\/span><\/a><span data-ccp-props=\"{&quot;201341983&quot;:0,&quot;335559739&quot;:160,&quot;335559740&quot;:259}\"> I<\/span><span data-contrast=\"auto\">n: Reeve, ECR (szerk.) <\/span><a href=\"https:\/\/m2.mtmt.hu\/api\/publication\/1300794\"><span data-contrast=\"none\">Encyclopedia of Genetics\u00a0<\/span><\/a><span data-ccp-props=\"{&quot;201341983&quot;:0,&quot;335559739&quot;:160,&quot;335559740&quot;:259}\">\u00a0<\/span><span data-contrast=\"auto\">London, Egyes\u00fclt Kir\u00e1lys\u00e1g \/ Anglia, Chicago (IL), Amerikai Egyes\u00fclt \u00c1llamok : Fitzroy Dearborn Publishers (2001) 952 p. pp. 881-890. , 10 p.\u00a0<\/span><span data-ccp-props=\"{&quot;201341983&quot;:0,&quot;335559739&quot;:160,&quot;335559740&quot;:259}\">\u00a0<\/span><\/p> <p>&nbsp;<\/p> <p style=\"text-align: left;\" align=\"center\"><b> <a href=\"https:\/\/m2.mtmt.hu\/gui2\/?type=authors&amp;mode=browse&amp;sel=authors10003088\">MTMT2<\/a> | <a href=\"https:\/\/scholar.google.com\/citations?user=GxtGQ4sAAAAJ&amp;hl=hu&amp;oi=ao\">Google Scholar<\/a> | <a href=\"https:\/\/orcid.org\/0000-0002-5762-1022\">ORCID<\/a><br \/> <\/b><\/p> <p>&nbsp;<\/p>","protected":false},"excerpt":{"rendered":"<p>Bemutatkoz\u00e1s: Dr. K\u00f6v\u00e9r Szilvia vagyok, az Zool\u00f3giai Tansz\u00e9k tudom\u00e1nyos munkat\u00e1rsa. R\u00e9szt veszek a Biol\u00f3gia BSc szak Terepgyakorlat tant\u00e1rgy\u00e1nak oktat\u00e1s\u00e1ban, illetve a Biol\u00f3gus MSc-n tartok Evol\u00faci\u00f3biol\u00f3gia, Genetika \u00e9s popul\u00e1ci\u00f3genetika \u00e9s Modellez\u00e9s tant\u00e1rgyakat \u00e9s r\u00e9szt veszek \u00e9s Ivaross\u00e1g az \u00e9l\u0151vil\u00e1gban c. fakultat\u00edv kurzus el\u0151ad\u00e1saiinak megtart\u00e1s\u00e1ban \u00e9s az angol nyelv\u0171 \u00e1llatorvos hallgat\u00f3knak Informatics \u00e9s Biomathematics gyakorlatokat tartok. A<\/p>\n","protected":false},"author":5824,"featured_media":0,"parent":858,"menu_order":211,"comment_status":"closed","ping_status":"closed","template":"","meta":{"_acf_changed":false,"footnotes":""},"categories":[56],"tags":[],"class_list":["post-4174","page","type-page","status-publish","hentry","category-munkatarsak"],"acf":[],"_links":{"self":[{"href":"https:\/\/univet.hu\/hu\/wp-json\/wp\/v2\/pages\/4174","targetHints":{"allow":["GET"]}}],"collection":[{"href":"https:\/\/univet.hu\/hu\/wp-json\/wp\/v2\/pages"}],"about":[{"href":"https:\/\/univet.hu\/hu\/wp-json\/wp\/v2\/types\/page"}],"author":[{"embeddable":true,"href":"https:\/\/univet.hu\/hu\/wp-json\/wp\/v2\/users\/5824"}],"replies":[{"embeddable":true,"href":"https:\/\/univet.hu\/hu\/wp-json\/wp\/v2\/comments?post=4174"}],"version-history":[{"count":1,"href":"https:\/\/univet.hu\/hu\/wp-json\/wp\/v2\/pages\/4174\/revisions"}],"predecessor-version":[{"id":199620,"href":"https:\/\/univet.hu\/hu\/wp-json\/wp\/v2\/pages\/4174\/revisions\/199620"}],"up":[{"embeddable":true,"href":"https:\/\/univet.hu\/hu\/wp-json\/wp\/v2\/pages\/858"}],"wp:attachment":[{"href":"https:\/\/univet.hu\/hu\/wp-json\/wp\/v2\/media?parent=4174"}],"wp:term":[{"taxonomy":"category","embeddable":true,"href":"https:\/\/univet.hu\/hu\/wp-json\/wp\/v2\/categories?post=4174"},{"taxonomy":"post_tag","embeddable":true,"href":"https:\/\/univet.hu\/hu\/wp-json\/wp\/v2\/tags?post=4174"}],"curies":[{"name":"wp","href":"https:\/\/api.w.org\/{rel}","templated":true}]}}