{"id":41848,"date":"2019-08-14T14:14:32","date_gmt":"2019-08-14T12:14:32","guid":{"rendered":"https:\/\/univet.hu\/?page_id=41848"},"modified":"2026-02-10T03:58:08","modified_gmt":"2026-02-10T02:58:08","slug":"kovacs-laszlo","status":"publish","type":"page","link":"https:\/\/univet.hu\/hu\/egyetem\/munkatarsak\/kovacs-laszlo\/","title":{"rendered":"Kov\u00e1cs L\u00e1szl\u00f3"},"content":{"rendered":"<p style=\"text-align: center;\"><strong>\u00a0\u00a0<span style=\"font-size: 14pt;\"> Bemutatkoz\u00e1s\u00a0<\/span><br \/> <\/strong><\/p> <p>Dr. Kov\u00e1cs L\u00e1szl\u00f3 Szolnokon sz\u00fcletett. A j\u00e1szber\u00e9nyi Lehel Vez\u00e9r Gimn\u00e1ziumban elv\u00e9gzett k\u00f6z\u00e9piskolai tanulm\u00e1nyait k\u00f6vet\u0151en 2011-ben nyert felv\u00e9telt a budapesti \u00c1llatorvostudom\u00e1nyi Egyetemre (akkori jogel\u0151dj\u00e9re, a SZIE \u00c1llatorvos-tudom\u00e1nyi Kar\u00e1ra). 2017-ben cum laude min\u0151s\u00edt\u00e9ssel v\u00e9gzett, \u00e9s diplom\u00e1j\u00e1nak k\u00e9zhezv\u00e9tel\u00e9t k\u00f6vet\u0151en a szarvasi Gallicoop Zrt.-n\u00e9l kezdett el dolgozni, mint a pulykatermel\u00e9si integr\u00e1ci\u00f3 \u00e1llatorvosa. 2018-t\u00f3l dolgozott \u00e1llatorvosk\u00e9nt kacsa-, liba- \u00e9s csirketelepeken is. 2018-2020 k\u00f6z\u00f6tt elv\u00e9gezte az \u00c1llatorvostudom\u00e1nyi Egyetem posztgradu\u00e1lis k\u00e9pz\u00e9s\u00e9t \u00e9s megszerezte a baromfi-eg\u00e9szs\u00e9g\u00fcgyi szak\u00e1llatorvos k\u00e9pes\u00edt\u00e9st. 2019-ben h\u00edvt\u00e1k vissza az \u00c1llathigi\u00e9niai Tansz\u00e9kre, a baromfi \u00e1llom\u00e1ny-eg\u00e9szs\u00e9g\u00fcgyi elm\u00e9leti \u00e9s baromfi mobilklinikai gyakorlati oktat\u00e1si feladatok elv\u00e9gz\u00e9s\u00e9vel b\u00edzt\u00e1k meg. 2020-ban megkezdte PhD tanulm\u00e1nyait. 2021-t\u0151l a b\u00e9csi \u00c1llatorvostudom\u00e1nyi Egyetemen is kutat\u00e1sokat v\u00e9gez, illetve a b\u00e9csi egyetemen kereszt\u00fcl kezdte meg a baromfi-eg\u00e9szs\u00e9g\u00fcgyi college k\u00e9pz\u00e9st, mint rezidens ECPVS. Az oktat\u00e1si \u00e9s kutat\u00e1si tev\u00e9kenys\u00e9ge mellett baromfi-eg\u00e9szs\u00e9g\u00fcgyi szaktan\u00e1csad\u00f3i tev\u00e9kenys\u00e9get v\u00e9gez. Mind a gyakorlatban, mind a kutat\u00e1sban kifejezett \u00e9rdekl\u0151d\u00e9st mutat, mind a telephigi\u00e9niai, nem specifikus betegs\u00e9g-megel\u0151z\u00e9si m\u00f3dszerek vizsg\u00e1lata, mind az \u00fan. specifikus megel\u0151z\u00e9si m\u00f3dok, immuniz\u00e1l\u00e1si protokollok, ill. immunol\u00f3giai kutat\u00e1sok ir\u00e1ny\u00e1ba.<\/p> <p>.<\/p> <p><strong>F\u0151bb kutat\u00e1si ter\u00fcletek: <\/strong><\/p> <ul> <li>baromfi\u00e1llom\u00e1ny-eg\u00e9szs\u00e9g\u00fcgyi vizsg\u00e1latok<\/li> <li>telepi mikroklimatikus t\u00e9nyez\u0151k vizsg\u00e1lata<\/li> <li>immunol\u00f3giai vizsg\u00e1latok<\/li> <li>telephigi\u00e9nia<\/li> <li>baromfitelepek j\u00e1rv\u00e1nyv\u00e9delmi rendszereinek vizsg\u00e1lata<\/li> <\/ul> <p><strong>El\u0151rehalad\u00e1s<\/strong><\/p> <table style=\"height: 510px;\" width=\"871\"> <tbody> <tr> <td style=\"width: 201.067px; text-align: center;\"><strong>Munkahelyek<\/strong><\/td> <td style=\"width: 365.4px; text-align: center;\"><strong>Int\u00e9zm\u00e9ny neve<\/strong><\/td> <td style=\"width: 282.533px; text-align: center;\"><strong>beoszt\u00e1s<\/strong><\/td> <\/tr> <tr> <td style=\"width: 201.067px;\">2023-<\/td> <td style=\"width: 365.4px;\">\u00c1llatorvostudom\u00e1nyi Egyetem, \u00c1llathigi\u00e9niai, \u00c1llom\u00e1ny-eg\u00e9szs\u00e9gtani Tansz\u00e9k<\/td> <td style=\"width: 282.533px;\">egyetemi tan\u00e1rseg\u00e9d<\/td> <\/tr> <tr> <td style=\"width: 201.067px;\">2022-<\/td> <td style=\"width: 365.4px;\">Baromfi Term\u00e9k Tan\u00e1cs J\u00e1rv\u00e1nyv\u00e9delmi Telepaudit\u00e1l\u00f3 Rendszer\u00ae<\/td> <td style=\"width: 282.533px;\">szakmai fel\u00fcgyel\u0151<\/td> <\/tr> <tr> <td style=\"width: 201.067px;\">2021-<\/td> <td style=\"width: 365.4px;\">B\u00e9csi \u00c1llatorvostudom\u00e1nyi Egyetem<\/td> <td style=\"width: 282.533px;\">ECPVS rezidens<br \/> (baromfi-eg\u00e9szs\u00e9g\u00fcgyi szakkoll\u00e9gium)<\/td> <\/tr> <tr> <td style=\"width: 201.067px;\">2020-<\/td> <td style=\"width: 365.4px;\">\u00c1llatorvostudom\u00e1nyi Egyetem, \u00c1llathigi\u00e9niai, \u00c1llom\u00e1ny-eg\u00e9szs\u00e9gtani Tansz\u00e9k<\/td> <td style=\"width: 282.533px;\">PhD-hallat\u00f3<\/td> <\/tr> <tr> <td style=\"width: 201.067px;\">2019-<\/td> <td style=\"width: 365.4px;\">\u00c1llatorvostudom\u00e1nyi Egyetem, \u00c1llathigi\u00e9niai, \u00c1llom\u00e1ny-eg\u00e9szs\u00e9gtani Tansz\u00e9k<\/td> <td style=\"width: 282.533px;\">tansz\u00e9ki \u00e1llatorvos<\/td> <\/tr> <tr> <td style=\"width: 201.067px;\">2019-<\/td> <td style=\"width: 365.4px;\">Poultry-Care Kft.<\/td> <td style=\"width: 282.533px;\">baromfi-eg\u00e9szs\u00e9g\u00fcgyi szak\u00e1llatorvos<\/td> <\/tr> <tr> <td style=\"width: 201.067px;\">2017\u20132018<\/td> <td style=\"width: 365.4px;\">Galliccop Zrt.<\/td> <td style=\"width: 282.533px;\">integr\u00e1ci\u00f3s \u00e1llatorvos<\/td> <\/tr> <\/tbody> <\/table> <p>&nbsp;<\/p> <p><strong>Szakmai szervezeti tags\u00e1g<\/strong><\/p> <table style=\"height: 172px;\" width=\"749\"> <tbody> <tr style=\"height: 13px;\"> <td style=\"text-align: center; height: 13px; width: 259.167px;\"><strong>Bizotts\u00e1g neve<\/strong><\/td> <td style=\"text-align: center; height: 13px; width: 208.267px;\"><strong>Id\u0151<\/strong><\/td> <td style=\"text-align: center; height: 13px; width: 259.567px;\"><strong>Tiszts\u00e9g<\/strong><\/td> <\/tr> <tr style=\"height: 48px;\"> <td style=\"height: 48px; width: 259.167px;\">\u00c1llatorvostudom\u00e1nyi Egyetem Szen\u00e1tus<\/td> <td style=\"height: 48px; width: 208.267px;\">2021-<\/td> <td style=\"height: 48px; width: 259.567px;\">szen\u00e1tor<\/td> <\/tr> <tr style=\"height: 48px;\"> <td style=\"height: 48px; width: 259.167px;\">Magyar Baromfi-eg\u00e9szs\u00e9g\u00fcgyi T\u00e1rsas\u00e1g<\/td> <td style=\"height: 48px; width: 208.267px;\">2017-<\/td> <td style=\"height: 48px; width: 259.567px;\">tag<\/td> <\/tr> <tr style=\"height: 24px;\"> <td style=\"height: 24px; width: 259.167px;\">Magyar \u00c1llatorvosi Kamara<\/td> <td style=\"height: 24px; width: 208.267px;\">2017-<\/td> <td style=\"height: 24px; width: 259.567px;\">tag<\/td> <\/tr> <\/tbody> <\/table> <p><strong>\u00a0<\/strong><\/p> <p><strong>Eddigi szakdolgozat\/TDK hallgat\u00f3k sz\u00e1ma: <\/strong>2 db<\/p>","protected":false},"excerpt":{"rendered":"<p>\u00a0\u00a0 Bemutatkoz\u00e1s\u00a0 Dr. Kov\u00e1cs L\u00e1szl\u00f3 Szolnokon sz\u00fcletett. A j\u00e1szber\u00e9nyi Lehel Vez\u00e9r Gimn\u00e1ziumban elv\u00e9gzett k\u00f6z\u00e9piskolai tanulm\u00e1nyait k\u00f6vet\u0151en 2011-ben nyert felv\u00e9telt a budapesti \u00c1llatorvostudom\u00e1nyi Egyetemre (akkori jogel\u0151dj\u00e9re, a SZIE \u00c1llatorvos-tudom\u00e1nyi Kar\u00e1ra). 2017-ben cum laude min\u0151s\u00edt\u00e9ssel v\u00e9gzett, \u00e9s diplom\u00e1j\u00e1nak k\u00e9zhezv\u00e9tel\u00e9t k\u00f6vet\u0151en a szarvasi Gallicoop Zrt.-n\u00e9l kezdett el dolgozni, mint a pulykatermel\u00e9si integr\u00e1ci\u00f3 \u00e1llatorvosa. 2018-t\u00f3l dolgozott \u00e1llatorvosk\u00e9nt kacsa-, liba-<\/p>\n","protected":false},"author":5824,"featured_media":0,"parent":858,"menu_order":37,"comment_status":"closed","ping_status":"closed","template":"","meta":{"_acf_changed":false,"footnotes":""},"categories":[],"tags":[],"class_list":["post-41848","page","type-page","status-publish","hentry"],"acf":[],"_links":{"self":[{"href":"https:\/\/univet.hu\/hu\/wp-json\/wp\/v2\/pages\/41848","targetHints":{"allow":["GET"]}}],"collection":[{"href":"https:\/\/univet.hu\/hu\/wp-json\/wp\/v2\/pages"}],"about":[{"href":"https:\/\/univet.hu\/hu\/wp-json\/wp\/v2\/types\/page"}],"author":[{"embeddable":true,"href":"https:\/\/univet.hu\/hu\/wp-json\/wp\/v2\/users\/5824"}],"replies":[{"embeddable":true,"href":"https:\/\/univet.hu\/hu\/wp-json\/wp\/v2\/comments?post=41848"}],"version-history":[{"count":1,"href":"https:\/\/univet.hu\/hu\/wp-json\/wp\/v2\/pages\/41848\/revisions"}],"predecessor-version":[{"id":199452,"href":"https:\/\/univet.hu\/hu\/wp-json\/wp\/v2\/pages\/41848\/revisions\/199452"}],"up":[{"embeddable":true,"href":"https:\/\/univet.hu\/hu\/wp-json\/wp\/v2\/pages\/858"}],"wp:attachment":[{"href":"https:\/\/univet.hu\/hu\/wp-json\/wp\/v2\/media?parent=41848"}],"wp:term":[{"taxonomy":"category","embeddable":true,"href":"https:\/\/univet.hu\/hu\/wp-json\/wp\/v2\/categories?post=41848"},{"taxonomy":"post_tag","embeddable":true,"href":"https:\/\/univet.hu\/hu\/wp-json\/wp\/v2\/tags?post=41848"}],"curies":[{"name":"wp","href":"https:\/\/api.w.org\/{rel}","templated":true}]}}