{"id":41855,"date":"2019-08-14T14:20:49","date_gmt":"2019-08-14T12:20:49","guid":{"rendered":"https:\/\/univet.hu\/?page_id=41855"},"modified":"2026-02-10T03:57:44","modified_gmt":"2026-02-10T02:57:44","slug":"bona-marta","status":"publish","type":"page","link":"https:\/\/univet.hu\/hu\/egyetem\/munkatarsak\/bona-marta\/","title":{"rendered":"B\u00f3na M\u00e1rta"},"content":{"rendered":"<p style=\"text-align: center;\"><strong>Bemutatkoz\u00e1s\u00a0 \u00a0<\/strong><\/p> <p>Vid\u00e9ki \u00e1llattart\u00f3 csal\u00e1db\u00f3l sz\u00e1rmazom. Nagyap\u00e1m sert\u00e9stelep vezet\u0151 volt, \u00e9desap\u00e1m \u00e9s \u00f6cs\u00e9m saj\u00e1t \u00e1rutoj\u00f3 telepet, toj\u00e1scsomagol\u00f3t \u00e9s takarm\u00e1nykever\u0151t \u00fczemeltet. Baromfi \u00e1llom\u00e1ny-eg\u00e9szs\u00e9g\u00fcgyi tud\u00e1somat a gyakorlati \u00e9letben szedtem \u00f6ssze. A folyamatos fejl\u0151d\u00e9s hajt, a \u201emi\u00e9rt\u201d-ek \u00e9rdekelnek, t\u00f6rekszem a munk\u00e1mat tudom\u00e1nyos ig\u00e9nyess\u00e9ggel v\u00e9gezni. Fontos sz\u00e1momra, hogy min\u00e9l teljesebben l\u00e1ssam a k\u00e9pet. Analitikus a gondolkod\u00e1sm\u00f3dom, emellett \u00faj\u00edt\u00f3 szeml\u00e9let\u0171 ember vagyok. Az elm\u00falt 10 \u00e9vben t\u00f6bb ter\u00fcleten szereztem tapasztalatot: 2 \u00e9v kis\u00e1llat-gy\u00f3gy\u00e1szat (kutyamenhely, \u00e1llatpatika, rendel\u0151), 4 \u00e9v haszon\u00e1llat laborat\u00f3rium, 8 \u00e9v gy\u00f3gyszeripar (sert\u00e9s \u00e9s baromfivakcin\u00e1k hat\u00e9konys\u00e1gi \u00e9s \u00e1rtalmatlans\u00e1gi vizsg\u00e1lataiban vizsg\u00e1latvezet\u0151), 3 \u00e9v baromfi telepi ell\u00e1t\u00f3 \u00e1llatorvos.<\/p> <p>Jellemz\u0151 r\u00e1m, hogy p\u00e1rhuzamosan t\u00f6bb ter\u00fcleten dolgoztam\/dolgozom. Ez egyr\u00e9szt az\u00e9rt alakult ki, mert ragaszkodtam a baromfifajhoz. M\u00e1sr\u00e9szt a k\u00fcl\u00f6nb\u00f6z\u0151 ter\u00fcletek nagyon j\u00f3l kieg\u00e9sz\u00edtik egym\u00e1st, t\u00e1g\u00edtj\u00e1k a l\u00e1t\u00e1sm\u00f3domat, \u00e9s alkalmat adnak arra, hogy t\u00f6bb oldalr\u00f3l ismerjem meg a baromfi\u00e1gazati szerepl\u0151k n\u00e9z\u0151pontjait; \u00edgy kialak\u00edtva szakmai sokr\u00e9t\u0171s\u00e9gemet.<\/p> <p>V\u00e1ltozatos munkatapasztalataim sor\u00e1n felismertem, milyen fontos az emberekkel val\u00f3 k\u00f6zvetlen, hat\u00e9kony \u00e9s j\u00f3 kommunik\u00e1ci\u00f3, ez\u00e9rt 2019-ben elv\u00e9geztem egy coach k\u00e9pz\u00e9st.<\/p> <p>2019-ben a Baromfi Mobilklinika program beind\u00edt\u00e1s\u00e1ban vettem r\u00e9szt, majd megh\u00edv\u00e1st kaptam az \u00c1llathigi\u00e9nia Tansz\u00e9kre.<\/p> <p>2021-t\u0151l r\u00e9szt veszek az \u00c1llathigi\u00e9nia \u00e9s \u00c1llom\u00e1ny-eg\u00e9szs\u00e9gtan, valamint az Alkalmazott \u00e1llatorvosi etol\u00f3gia k\u00f6telez\u0151 t\u00e1rgyak oktat\u00e1s\u00e1ban magyar \u00e9s angol nyelven. Emellett Baromfi telepi mobilklinikai gyakorlatokat \u00e9s farmviziteket vezetek angol \u00e9s magyar nyelven. Baromfi t\u00e9m\u00e1ban TDK hallgat\u00f3k \u00e9s szakdolgozatosok t\u00e9mavezet\u0151je vagyok.<\/p> <p>Az oktat\u00e1si feladatok mellett, kutat\u00f3k\u00e9nt r\u00e9szt veszek a fut\u00f3 p\u00e1ly\u00e1zati projektek v\u00e9grehajt\u00e1s\u00e1ban.<\/p> <p><strong>F\u0151bb kutat\u00e1si ter\u00fcletek:<\/strong><\/p> <ul> <li>Alacsony patogenit\u00e1s\u00fa mad\u00e1rinfluenza v\u00edrus patogenezis\u00e9nek vizsg\u00e1lata baromfiban<\/li> <li>Baromfi- \u00e9s sert\u00e9svakcin\u00e1k forgalomba hozatal el\u0151tti \u00e1rtalmatlans\u00e1gi \u00e9s hat\u00e9konys\u00e1gi vizsg\u00e1latai<\/li> <li>Baromfitelepek, els\u0151sorban teny\u00e9sz, \u00e1rutoj\u00f3- \u00e9s broiler termel\u00e9si mutat\u00f3inak elemz\u00e9se, ki\u00e9rt\u00e9kel\u00e9se, menedzsmentje<\/li> <li>Baromfitelepek monitoring programj\u00e1nak kidolgoz\u00e1sa, szerol\u00f3giai eredm\u00e9nyek ki\u00e9rt\u00e9kel\u00e9se<\/li> <\/ul> <p style=\"text-align: center;\"><strong>El\u0151rehalad\u00e1s<\/strong><\/p> <p>2010 <strong>Erasmus \u00f6szt\u00f6nd\u00edj<\/strong> Belgium, Universiet Gent, Diergeneeskunde<\/p> <p>12 hetes gyakorlat kis\u00e1llat-gy\u00f3gy\u00e1szat t\u00e9mak\u00f6rben<\/p> <p>2011 \u00e9s 2013 <strong>Kis\u00e1llat-gy\u00f3gy\u00e1szat<\/strong>: kutyamenhely, \u00e1llatpatika, rendel\u0151<\/p> <p>2012 <strong>Prophyl Kft.<\/strong> SPF toj\u00f3 telepek, valamint kutat\u00e1s-fejleszt\u00e9sben <strong>vizsg\u00e1lat-vezet\u0151<\/strong> \u00e9s \u00e1llatorvos beoszt\u00e1sban (gy\u00f3gyszeripari vizsg\u00e1latok).<\/p> <p>2013-t\u00f3l \u00f6n\u00e1ll\u00f3 praxisenged\u00e9llyel rendelkez\u0151 <strong>mag\u00e1n\u00e1llatorvos<\/strong>k\u00e9nt gy\u00f3gyszeripari vizsg\u00e1latokban val\u00f3 r\u00e9szv\u00e9tel<\/p> <p>2014-2017 <strong>M.A.H. Food-Controll Kft<\/strong>. Mikrobiol\u00f3giai Vizsg\u00e1l\u00f3 Laborat\u00f3riuma \u00c1llateg\u00e9szs\u00e9g\u00fcgyi Diagnosztikai R\u00e9szleg &#8211; <strong>r\u00e9szlegvezet\u0151 \u00e1llatorvos<\/strong>, baromfi szakir\u00e1ny<\/p> <p>2016- munka mellett megkezdtem <strong>PhD tanulm\u00e1nyaimat<\/strong> az \u00c1llatorvostudom\u00e1nyi Egyetem Patol\u00f3giai Tansz\u00e9k \u00e9s a Ceva-Phylaxia Zrt. Tudom\u00e1nyos T\u00e1mogat\u00f3 Igazgat\u00f3s\u00e1g egy\u00fcttm\u0171k\u00f6d\u00e9s\u00e9vel.<\/p> <p>T\u00e9m\u00e1m: Alacsony patogenit\u00e1s\u00fa mad\u00e1rinfluenza v\u00edrus patogenezis\u00e9nek vizsg\u00e1lata baromfiban.<\/p> <p>2017 <strong>k\u00eds\u00e9rletvezet\u0151i tanfolyam<\/strong> \u2013 EU-B szint; FELASA C-ekvivalens tanfolyam<\/p> <p>2017 <strong>Baromfi Ny\u00e1ri Egyetem<\/strong> Kaposv\u00e1ri Pannon Egyetem Georgikon Kar \u00e9s a B\u00e9csi \u00c1llatorvostudom\u00e1nyi Egyetem Baromfi \u00e9s Hal eg\u00e9szs\u00e9g\u00fcgyi Tansz\u00e9k szervez\u00e9s\u00e9ben<\/p> <p>2019 <strong>rendszerszeml\u00e9let\u0171 megold\u00e1s-orient\u00e1lt coach<\/strong>,<\/p> <p>Lemma-Coach akkredit\u00e1lt k\u00e9pz\u00e9s PL-8747<\/p> <p>2020 <strong>\u00c1llatorvos-menedzser szak\u00e1llatorvos<\/strong><\/p> <p><strong>Szakmai szervezeti tags\u00e1g<\/strong><\/p> <table style=\"height: 146px;\" width=\"1089\"> <tbody> <tr style=\"height: 35px;\"> <td style=\"width: 568.969px; height: 35px; text-align: center;\"><strong>Bizotts\u00e1g neve<\/strong><\/td> <td style=\"width: 114.125px; height: 35px; text-align: center;\"><strong>Id\u0151<\/strong><\/td> <td style=\"width: 383.906px; height: 35px; text-align: center;\"><strong>Tiszts\u00e9g<\/strong><\/td> <\/tr> <tr style=\"height: 37px;\"> <td style=\"width: 568.969px; height: 37px; text-align: center;\">Magyar Orsz\u00e1gos \u00c1llatorvos Egyes\u00fclet Baromfi-eg\u00e9szs\u00e9g\u00fcgyi T\u00e1rsas\u00e1g<\/td> <td style=\"width: 114.125px; height: 37px; text-align: center;\">2012-<\/td> <td style=\"width: 383.906px; height: 37px; text-align: center;\">tag<\/td> <\/tr> <tr style=\"height: 15px;\"> <td style=\"width: 568.969px; height: 15px; text-align: center;\">Magyar Labor\u00e1llat-tudom\u00e1nyi Egyes\u00fclet<\/td> <td style=\"width: 114.125px; height: 15px; text-align: center;\">2017-<\/td> <td style=\"width: 383.906px; height: 15px; text-align: center;\">tag<\/td> <\/tr> <tr style=\"height: 18px;\"> <td style=\"width: 568.969px; height: 18px; text-align: center;\">Baromfi Term\u00e9k Tan\u00e1cs<\/td> <td style=\"width: 114.125px; height: 18px; text-align: center;\">2017-<\/td> <td style=\"width: 383.906px; height: 18px; text-align: center;\">tag<\/td> <\/tr> <tr style=\"height: 41px;\"> <td style=\"width: 568.969px; height: 41px; text-align: center;\">CoachOK Szakmai Sz\u00f6vets\u00e9ge<\/td> <td style=\"width: 114.125px; height: 41px; text-align: center;\">2021-<\/td> <td style=\"width: 383.906px; height: 41px; text-align: center;\">tag<\/td> <\/tr> <\/tbody> <\/table> <p>&nbsp;<\/p> <p><strong>Eddigi szakdolgozat\/TDK hallgat\u00f3k sz\u00e1ma<\/strong><\/p> <ol> <li>\u00a0Oliver Woodroffe: Evaluation of production of grandparent flocks keeping on deep litter with different technologies.<\/li> <li>\u00a0Alexandra Goupil: The Comparison of grandparent flocks\u2019 male line\u2019s and female line\u2019s production.<\/li> <li>Kov\u00e1cs Zsuzsanna: Broiler nagysz\u00fcl\u0151p\u00e1r \u00e1llom\u00e1nyok vedlet\u00e9si programjainak \u00f6sszehasonl\u00edt\u00e1sa<br \/> Comparison of moulting programmes in broiler grandparent flocks.<\/li> <li>N\u00e9gyesi Evelin: Anyavonali broiler nagysz\u00fcl\u0151p\u00e1r \u00e1llom\u00e1nyok kel\u00e9si eredm\u00e9nyeinek vizsg\u00e1lata 2021. \u00e9vi adatok alapj\u00e1n<br \/> Examination of hatch results in broiler female line grandparent flocks based on 2021 data<\/li> <\/ol> <p><strong>\u00a0<\/strong><\/p> <p><strong><a href=\"https:\/\/univet.hu\/wp-content\/uploads\/2023\/05\/Eml\u00e9klap-1..pdf\"><span style=\"font-size: 12pt;\">Eml\u00e9klap 1.<\/span><\/a><\/strong><\/p> <p><a href=\"https:\/\/univet.hu\/wp-content\/uploads\/2023\/05\/Eml\u00e9klap-2.pdf\">Eml\u00e9klap 2<\/a><\/p> <p><a href=\"https:\/\/univet.hu\/wp-content\/uploads\/2023\/07\/Elismer\u0151-oklev\u00e9l-OTDK_2023_BM.pdf\">Elismer\u0151 oklev\u00e9l OTDK_2023_BM<\/a><\/p> <p><strong>Publik\u00e1ci\u00f3s lista (Top10)\u00a0 <\/strong><a href=\"https:\/\/m2.mtmt.hu\/frontend\/#view\/Publication\/SmartQuery\/1127\/\">https:\/\/m2.mtmt.hu\/frontend\/#view\/Publication\/SmartQuery\/1127\/<\/a><\/p> <ol> <li>B\u00f3na, M\u00e1rta &#x2709; ; Kiss, Istv\u00e1n ; D\u00e9nes, Lilla ; Szilasi, Anna ; M\u00e1ndoki, M\u00edra &#8211; Tissue Tropism of H9N2 Low-Pathogenic Avian Influenza Virus in Broiler Chickens by Immunohistochemistry <em>Animals<\/em>\u00a0<strong>2023<\/strong>,\u00a0<em>13<\/em>(6), 1052;\u00a0<a href=\"https:\/\/doi.org\/10.3390\/ani13061052\"><strong>https:\/\/doi.org\/10.3390\/ani13061052<\/strong><\/a><\/li> <li>B\u00f3na, M\u00e1rta ; Tat\u00e1r-Kis, T\u00edmea ; M\u00e1ndoki, M\u00edra &#x2709; ; Farsang, Attila ; Kiss, Istv\u00e1n &#8211; A H9N2 alt\u00edpus\u00fa mad\u00e1rinfluenza-v\u00edrus n\u00f6vekv\u0151 jelent\u0151s\u00e9ge a vil\u00e1gban : Irodalmi \u00f6sszefoglal\u00f3,\u00a0 MAGYAR \u00c1LLATORVOSOK LAPJA 145 : 1 pp. 19-36. , 18 p. (2023) <a href=\"https:\/\/doi.org\/10.56385\/magyallorv.2023.01.19-36\">https:\/\/doi.org\/10.56385\/magyallorv.2023.01.19-36<\/a><\/li> <li>Vajdovich, P\u00e9ter ; Szab\u00f3, Bernadett ; Szendi, Eszter ; B\u00f3na, M\u00e1rta &#8211; Ter\u00e1piarezisztencia feh\u00e9rj\u00e9k m\u0171k\u00f6d\u00e9s\u00e9nek vizsg\u00e1lata \u201eflowcytometria\u201d alkalmaz\u00e1s\u00e1val daganatos kuty\u00e1k nyirokcsom\u00f3 mint\u00e1iban (2011), MTA \u00c1llatorvostudom\u00e1nyi Bizotts\u00e1ga, Akad\u00e9miai besz\u00e1mol\u00f3, Klinikumok, gy\u00f3gyszertan,<\/li> <\/ol> <p>&nbsp;<\/p> <p>&nbsp;<\/p> <p>Konzult\u00e1ci\u00f3s id\u0151pont : E-mailen el\u0151re egyeztetett id\u0151pont alapj\u00e1n<\/p>","protected":false},"excerpt":{"rendered":"<p>Bemutatkoz\u00e1s\u00a0 \u00a0 Vid\u00e9ki \u00e1llattart\u00f3 csal\u00e1db\u00f3l sz\u00e1rmazom. Nagyap\u00e1m sert\u00e9stelep vezet\u0151 volt, \u00e9desap\u00e1m \u00e9s \u00f6cs\u00e9m saj\u00e1t \u00e1rutoj\u00f3 telepet, toj\u00e1scsomagol\u00f3t \u00e9s takarm\u00e1nykever\u0151t \u00fczemeltet. Baromfi \u00e1llom\u00e1ny-eg\u00e9szs\u00e9g\u00fcgyi tud\u00e1somat a gyakorlati \u00e9letben szedtem \u00f6ssze. A folyamatos fejl\u0151d\u00e9s hajt, a \u201emi\u00e9rt\u201d-ek \u00e9rdekelnek, t\u00f6rekszem a munk\u00e1mat tudom\u00e1nyos ig\u00e9nyess\u00e9ggel v\u00e9gezni. Fontos sz\u00e1momra, hogy min\u00e9l teljesebben l\u00e1ssam a k\u00e9pet. Analitikus a gondolkod\u00e1sm\u00f3dom, emellett \u00faj\u00edt\u00f3 szeml\u00e9let\u0171<\/p>\n","protected":false},"author":5824,"featured_media":0,"parent":858,"menu_order":37,"comment_status":"closed","ping_status":"closed","template":"","meta":{"_acf_changed":false,"footnotes":""},"categories":[],"tags":[],"class_list":["post-41855","page","type-page","status-publish","hentry"],"acf":[],"_links":{"self":[{"href":"https:\/\/univet.hu\/hu\/wp-json\/wp\/v2\/pages\/41855","targetHints":{"allow":["GET"]}}],"collection":[{"href":"https:\/\/univet.hu\/hu\/wp-json\/wp\/v2\/pages"}],"about":[{"href":"https:\/\/univet.hu\/hu\/wp-json\/wp\/v2\/types\/page"}],"author":[{"embeddable":true,"href":"https:\/\/univet.hu\/hu\/wp-json\/wp\/v2\/users\/5824"}],"replies":[{"embeddable":true,"href":"https:\/\/univet.hu\/hu\/wp-json\/wp\/v2\/comments?post=41855"}],"version-history":[{"count":1,"href":"https:\/\/univet.hu\/hu\/wp-json\/wp\/v2\/pages\/41855\/revisions"}],"predecessor-version":[{"id":199419,"href":"https:\/\/univet.hu\/hu\/wp-json\/wp\/v2\/pages\/41855\/revisions\/199419"}],"up":[{"embeddable":true,"href":"https:\/\/univet.hu\/hu\/wp-json\/wp\/v2\/pages\/858"}],"wp:attachment":[{"href":"https:\/\/univet.hu\/hu\/wp-json\/wp\/v2\/media?parent=41855"}],"wp:term":[{"taxonomy":"category","embeddable":true,"href":"https:\/\/univet.hu\/hu\/wp-json\/wp\/v2\/categories?post=41855"},{"taxonomy":"post_tag","embeddable":true,"href":"https:\/\/univet.hu\/hu\/wp-json\/wp\/v2\/tags?post=41855"}],"curies":[{"name":"wp","href":"https:\/\/api.w.org\/{rel}","templated":true}]}}