{"id":4207,"date":"2017-04-03T08:57:00","date_gmt":"2017-04-03T06:57:00","guid":{"rendered":"http:\/\/univet.hu\/egyetem\/munkatarsak\/kutszegi-gergely-jozsef\/"},"modified":"2026-02-10T04:01:13","modified_gmt":"2026-02-10T03:01:13","slug":"kutszegi-gergely-jozsef","status":"publish","type":"page","link":"https:\/\/univet.hu\/hu\/egyetem\/munkatarsak\/kutszegi-gergely-jozsef\/","title":{"rendered":"Kutszegi Gergely J\u00f3zsef"},"content":{"rendered":"<h4 style=\"text-align: center\"><span style=\"font-size: 14pt\">Bemutatkoz\u00e1s<\/span><\/h4> <div> <p>2017 \u00f3ta dolgozom az \u00c1llatorvostudom\u00e1nyi Egyetem N\u00f6v\u00e9nytani Tansz\u00e9k\u00e9n mint kutat\u00f3, tudom\u00e1nyos seg\u00e9dmunkat\u00e1rs. Az \u00e1llatorvosk\u00e9pz\u00e9s kereteiben magyarul \u00e9s angolul \u00e1llatorvosi n\u00f6v\u00e9nytant oktatok. A biol\u00f3gus- (zool\u00f3gus-) hallgat\u00f3k sz\u00e1m\u00e1ra n\u00f6v\u00e9nyrendszertant (gombarendszertant \u00e9s -\u00f6kol\u00f3gi\u00e1t, kladisztik\u00e1t), valamint term\u00e9szet- \u00e9s k\u00f6rnyezetv\u00e9delmet (erd\u0151\u00f6kol\u00f3gi\u00e1t) tan\u00edtok. 2020 \u00f3ta tartom az \u00e1ltalam meg\u00faj\u00edtott gombaismeret (ehet\u0151 \u00e9s m\u00e9rgez\u0151 gomb\u00e1k) c\u00edm\u0171 fakult\u00e1ci\u00f3t, melynek sor\u00e1n nem csak elm\u00e9leti fajismeretet, hanem gyakorlati, mikroszk\u00f3poz\u00e1si rutint is szerezhetnek mind az \u00e1llatorvos \u00e9s a biol\u00f3gus hallgat\u00f3k. R\u00e9szben ezen fakult\u00e1ci\u00f3, r\u00e9szben pedig az \u00e1llatorvosi n\u00f6v\u00e9nytan kurzus alkalmaival gombatoxikol\u00f3gi\u00e1t oktatok, amit a Magyar Mikol\u00f3giai T\u00e1rsas\u00e1g \u00e9s az Erdei Gomb\u00e1sz Tanoda gombaszakellen\u0151ri k\u00e9pz\u00e9s\u00e9ben is v\u00e9gzek. \u2013 Szabadid\u0151mben erd\u0151t j\u00e1rok, ker\u00e9kp\u00e1rozom, gy\u0171jt\u0151k, majd \u00e9rt\u00e9kes\u00edtek \u00e9s \u00e9p\u00edtkezem.<\/p> <ul style=\"list-style-type: square\"> <li><span style=\"color: #0000ff\"><strong>F\u0151bb kutat\u00e1si ter\u00fcletek: <\/strong><\/span><\/li> <\/ul> <ul> <li>Magyarorsz\u00e1gon v\u00e9dett nagygombafajok \u00e9l\u0151helyeinek felm\u00e9r\u00e9se az \u0150rs\u00e9gi Nemzeti Park \u00e9s a K\u0151szegi-hegys\u00e9g ter\u00fclet\u00e9n.<\/li> <li>Az \u0151rs\u00e9gi gazdas\u00e1gi erd\u0151k nagygombak\u00f6z\u00f6ss\u00e9g\u00e9t (annak fajsz\u00e1m\u00e1t \u00e9s k\u00f6z\u00f6ss\u00e9gszerkezet\u00e9t) legink\u00e1bb meghat\u00e1roz\u00f3 k\u00f6rnyezeti v\u00e1ltoz\u00f3k kimutat\u00e1sa \u00e9s k\u00f6zz\u00e9t\u00e9tele (PhD, \u0150rs-erd\u0151 projekt). Az erdei nagygomb\u00e1k term\u0151testk\u00e9pz\u00e9s\u00e9t meghat\u00e1roz\u00f3 k\u00f6rnyezeti t\u00e9nyez\u0151k vizsg\u00e1lata, valamint nagygombafajok szubsztr\u00e1tumpreferenci\u00e1it meghat\u00e1roz\u00f3 \u00e9s term\u0151testeinek t\u00e9rbeni megjelen\u00e9s\u00e9t (mint\u00e1zat\u00e1t) alak\u00edt\u00f3 k\u00f6rnyezeti faktorok felt\u00e1r\u00e1sa.<\/li> <li>\u201eA holtfa mennyis\u00e9ge \u00e9s biodiverzit\u00e1sban bet\u00f6lt\u00f6tt szerepe az \u00c9szaki-k\u00f6z\u00e9phegys\u00e9gben\u201d c\u00edm\u0171 projekt kereteiben az \u00c9szaki-k\u00f6z\u00e9phegys\u00e9g gazd\u00e1lkod\u00e1ssal \u00e9rintett erd\u0151\u00e1llom\u00e1nyaiban jellemz\u0151 holtfak\u00e9szlet felm\u00e9r\u00e9se. A holt faanyagon fejl\u0151d\u0151 poroid \u00e9s sztereoid tapl\u00f3k szubsztr\u00e1tum- \u00e9s fafaj-preferenci\u00e1inak meghat\u00e1roz\u00e1sa, k\u00f6zz\u00e9t\u00e9tele. A tapl\u00f3k\u00f6z\u00f6ss\u00e9get d\u00f6nt\u0151en form\u00e1l\u00f3 k\u00f6rnyezeti t\u00e9nyez\u0151k kimutat\u00e1sa; k\u00f6rnyezeti ig\u00e9nyeik \u00f6sszehasonl\u00edt\u00e1sa k\u00fcl\u00f6nb\u00f6z\u0151 zon\u00e1lis erd\u0151t\u00e1rsul\u00e1sokban.<\/li> <\/ul> <p>&nbsp;<\/p> <ul style=\"list-style-type: square\"> <li><span style=\"color: #0000ff\"><strong>El\u0151rehalad\u00e1s<\/strong><\/span><\/li> <\/ul> <table style=\"height: 182px\" width=\"958\"> <tbody> <tr> <td style=\"width: 143.1px;text-align: center\"><strong>Munkahelyek<\/strong><\/td> <td style=\"width: 564.35px;text-align: center\"><strong>Int\u00e9zm\u00e9ny neve<\/strong><\/td> <td style=\"width: 230.15px;text-align: center\"><strong>beoszt\u00e1s<\/strong><\/td> <\/tr> <tr> <td style=\"width: 143.1px;text-align: center\">2010\u20132012<\/td> <td style=\"width: 564.35px;text-align: center\">ELTE TTK Doktori Iskola, \u201c\u00d6kol\u00f3gia, Konzerv\u00e1ci\u00f3biol\u00f3gia \u00e9s Szisztematika\u201d Doktori Program, N\u00f6v\u00e9nyrendszertani, \u00d6kol\u00f3giai \u00e9s Elm\u00e9leti Biol\u00f3giai Tansz\u00e9k<\/td> <td style=\"width: 230.15px;text-align: center\">\u00d6szt\u00f6nd\u00edjas PhD-hallgat\u00f3<\/td> <\/tr> <tr> <td style=\"width: 143.1px;text-align: center\">2002\u20132003<\/td> <td style=\"width: 564.35px;text-align: center\">ELTE-BTCS \u00e9s Magyar Mikol\u00f3giai T\u00e1rsas\u00e1g gombaismereti tanfolyam<\/td> <td style=\"width: 230.15px;text-align: center\">gombaszakellen\u0151ri vizsga<\/td> <\/tr> <tr> <td style=\"width: 143.1px;text-align: center\">2002\u20132008<\/td> <td style=\"width: 564.35px;text-align: center\">ELTE TTK biol\u00f3gus szak, Budapest.<br \/> <em>Specializ\u00e1ci\u00f3<\/em>: K\u00eds\u00e9rletes n\u00f6v\u00e9nybiol\u00f3gia szakir\u00e1ny, mikol\u00f3gia alszakir\u00e1ny<\/td> <td style=\"width: 230.15px;text-align: center\">Egyetemi hallgat\u00f3<\/td> <\/tr> <tr> <td style=\"width: 143.1px;text-align: center\">1998\u20132002<\/td> <td style=\"width: 564.35px;text-align: center\">\u00d3budai Gimn\u00e1zium, Budapest<\/td> <td style=\"width: 230.15px;text-align: center\">K\u00f6z\u00e9piskolai tanul\u00f3<\/td> <\/tr> <\/tbody> <\/table> <ul style=\"list-style-type: square\"> <li><span style=\"color: #0000ff\"><strong>Szakmai szervezeti tags\u00e1g<\/strong><\/span><\/li> <\/ul> <table style=\"width: 990px;height: 160px\" width=\"982\"> <tbody> <tr> <td style=\"width: 733.767px;text-align: center\"><strong>Bizotts\u00e1g neve<\/strong><\/td> <td style=\"width: 125.117px;text-align: center\"><strong>Id\u0151<\/strong><\/td> <td style=\"width: 110.717px;text-align: center\"><strong>Tiszts\u00e9g<\/strong><\/td> <\/tr> <tr> <td style=\"width: 733.767px;text-align: center\">Erdei Gomb\u00e1sz Tanoda<\/td> <td style=\"width: 125.117px;text-align: center\">2021\u2013<\/td> <td style=\"width: 110.717px;text-align: center\">oktat\u00f3<\/td> <\/tr> <tr> <td style=\"width: 733.767px;text-align: center\">Magyar Tehets\u00e9gseg\u00edt\u0151 Szervezetek Sz\u00f6vets\u00e9ge Tehets\u00e9gb\u00f3nusz Programja<\/td> <td style=\"width: 125.117px;text-align: center\">2011\u2013<\/td> <td style=\"width: 110.717px;text-align: center\">mentor<\/td> <\/tr> <tr> <td style=\"width: 733.767px;text-align: center\">Magyar Mikroszk\u00f3pos T\u00e1rsas\u00e1g<\/td> <td style=\"width: 125.117px;text-align: center\">2007\u20132008<\/td> <td style=\"width: 110.717px;text-align: center\">tag<\/td> <\/tr> <tr> <td style=\"width: 733.767px;text-align: center\">Magyar Mikol\u00f3giai T\u00e1rsas\u00e1g<\/td> <td style=\"width: 125.117px;text-align: center\">2005\u2013<\/td> <td style=\"width: 110.717px;text-align: center\">tag, oktat\u00f3<\/td> <\/tr> <\/tbody> <\/table> <p>&nbsp;<\/p> <ul style=\"list-style-type: square\"> <li><span style=\"color: #0000ff\"><strong>Eddigi szakdolgozat\/TDK hallgat\u00f3k sz\u00e1ma<\/strong><\/span><\/li> <\/ul> <p>2<\/p> <ul style=\"list-style-type: square\"> <li><span style=\"color: #0000ff\"><strong>PhD- <\/strong><\/span><strong style=\"color: #0000ff\">Publik\u00e1ci\u00f3s lista (Top10)<\/strong><\/li> <\/ul> <\/div> <div> <p>MTMT:\u00a0 <a href=\"https:\/\/vm.mtmt.hu\/search\/slist.php?nwi=1&amp;inited=1&amp;ty_on=1&amp;url_on=1&amp;cite_type=2&amp;orderby=3D1a&amp;location=mtmt&amp;stn=1&amp;AuthorID=10020580)\">https:\/\/vm.mtmt.hu\/search\/slist.php?nwi=1&amp;inited=1&amp;ty_on=1&amp;url_on=1&amp;cite_type=2&amp;orderby=3D1a&amp;location=mtmt&amp;stn=1&amp;AuthorID=10020580)<\/a><\/p> <\/div> <div> <table width=\"1009\"> <tbody> <tr> <td style=\"text-align: center\"><em>Szerz\u0151(k), c\u00edm, megjelen\u00e9s helye<\/em><\/td> <td style=\"text-align: center\"><em>dokumentum t\u00edpusa:<\/em><\/td> <td style=\"text-align: center\"><em>megjelen\u00e9s \u00e9ve<\/em><\/td> <td style=\"text-align: center\"><em>IF:<\/em><\/td> <td style=\"text-align: center\"><em>f\u00fcggetlen id\u00e9z\u0151k sz\u00e1ma:<\/em><\/td> <\/tr> <tr> <td style=\"text-align: center\">1.<\/td> <td style=\"text-align: center\"><strong>Kutszegi<\/strong>, G., Siller, I., Dima, B., Mer\u00e9nyi, Zs., Varga, T., Tak\u00e1cs, K., Turcs\u00e1nyi, G., Bidl\u00f3, A., \u00d3dor, P. Revealing hidden drivers of macrofungal species richness by analyzing fungal guilds in temperate forests, West Hungary. \u2013 Community Ecology 22, 13\u201328.<\/td> <td style=\"text-align: center\">foly\u00f3iratcikk<\/td> <td style=\"text-align: center\">2021<\/td> <td style=\"text-align: center\">1,185<\/td> <td style=\"text-align: center\"><\/td> <\/tr> <tr> <td style=\"text-align: center\">2.<\/td> <td style=\"text-align: center\">Tinya, F., Kov\u00e1cs, B., Bidl\u00f3, A., Dima, B., Kir\u00e1ly, I., <strong>Kutszegi<\/strong>, G., Lakatos, F., Mag, Zs., M\u00e1rialigeti, S., Nascimbene, J., Samu, F., Siller, I., Sz\u00e9l, Gy., \u00d3dor, P. (2021): Environmental drivers of forest biodiversity in temperate mixed forests \u2013 A multi-taxon approach. \u2013 Science of the Total Environment 795, 148720.<\/td> <td style=\"text-align: center\">foly\u00f3iratcikk<\/td> <td style=\"text-align: center\">2021<\/td> <td style=\"text-align: center\">7,963<\/td> <td style=\"text-align: center\">4<\/td> <\/tr> <tr> <td style=\"text-align: center\">3.<\/td> <td style=\"text-align: center\"><strong>Kutszegi<\/strong>, G. Wheels for genus identification and presenting diversity in kingdom Fungi. \u2013 Conservation Biology 34(3), 773\u2013774.<\/td> <td style=\"text-align: center\">foly\u00f3iratcikk<\/td> <td style=\"text-align: center\">2020<\/td> <td style=\"text-align: center\">6,560<\/td> <td style=\"text-align: center\"><\/td> <\/tr> <tr> <td style=\"text-align: center\">4.<\/td> <td style=\"text-align: center\"><strong>Kutszegi<\/strong> G., Papp V. Erd\u0151gazd\u00e1lkod\u00e1si javaslatok a nagygomb\u00e1k funkcion\u00e1lis \u00e9s faji sokf\u00e9les\u00e9g\u00e9nek meg\u0151rz\u00e9s\u00e9re. In Korda M. (szerk.): Az erd\u0151gazd\u00e1lkod\u00e1s hat\u00e1sa az erd\u0151k biol\u00f3giai sokf\u00e9les\u00e9g\u00e9re: Tanulm\u00e1nygy\u0171jtem\u00e9ny, Duna-Ipoly Nemzeti Park Igazgat\u00f3s\u00e1g, Budapest, pp 33\u201356.<\/td> <td style=\"text-align: center\">k\u00f6nyvfejezet<\/td> <td style=\"text-align: center\">2016<\/td> <td style=\"text-align: center\"><\/td> <td style=\"text-align: center\"><\/td> <\/tr> <tr> <td style=\"text-align: center\">5.<\/td> <td style=\"text-align: center\"><strong>Kutszegi<\/strong> G., Siller I., Dima B., \u00d3dor P. Nagygomb\u00e1k. In \u00d3dor P. (szerk.): A biodiverzit\u00e1st meghat\u00e1roz\u00f3 k\u00f6rnyezeti v\u00e1ltoz\u00f3k vizsg\u00e1lata az \u0151rs\u00e9gi erd\u0151kben, MTA \u00d6kol\u00f3giai Kutat\u00f3k\u00f6zpont Tanulm\u00e1nyai 2, MTA \u00d6kol\u00f3giai Kutat\u00f3k\u00f6zpont, Tihany, pp 36\u201340.<\/td> <td style=\"text-align: center\">k\u00f6nyvfejezet<\/td> <td style=\"text-align: center\">2015<\/td> <td style=\"text-align: center\"><\/td> <td style=\"text-align: center\"><\/td> <\/tr> <tr> <td style=\"text-align: center\">6.<\/td> <td style=\"text-align: center\"><strong>Kutszegi<\/strong>, G., Siller, I., Dima, B., Tak\u00e1cs, K., Mer\u00e9nyi, Zs., Varga, T., Turcs\u00e1nyi, G., Bidl\u00f3, A., \u00d3dor, P. Drivers of macrofungal species composition in temperate forests, West Hungary: functional groups compared. \u2013 Fungal Ecology 17: 69\u201383.<\/td> <td style=\"text-align: center\">foly\u00f3iratcikk<\/td> <td style=\"text-align: center\">2015<\/td> <td style=\"text-align: center\">2,992<\/td> <td style=\"text-align: center\">41<\/td> <\/tr> <tr> <td style=\"text-align: center\">7.<\/td> <td style=\"text-align: center\">Sz\u0171cs P., J\u00f3zsef J., Papp V. G., <strong>Kutszegi<\/strong> G. A vesz\u00e9lyeztetett Anacamptodon splachnoides (Froel. ex Brid.) Brid. \u00faj adata a B\u00fckk-hegys\u00e9gb\u0151l. \u2013 Kitaibelia 20(2), 202\u2013205.<\/td> <td style=\"text-align: center\">foly\u00f3iratcikk<\/td> <td style=\"text-align: center\">2015<\/td> <td style=\"text-align: center\"><\/td> <td style=\"text-align: center\">3<\/td> <\/tr> <tr> <td style=\"text-align: center\">8.<\/td> <td style=\"text-align: center\">Siller, I., <strong>Kutszegi<\/strong>, G., Tak\u00e1cs, K., Varga, T., Mer\u00e9nyi, Zs., Turcs\u00e1nyi, G., \u00d3dor, P., Dima, B. Sixty-one macrofungi species new to Hungary in \u0150rs\u00e9g National Park. \u2013 Mycosphere 4(5): 871\u2013924.<\/td> <td style=\"text-align: center\">foly\u00f3iratcikk<\/td> <td style=\"text-align: center\">2013<\/td> <td style=\"text-align: center\"><\/td> <td style=\"text-align: center\">5<\/td> <\/tr> <tr> <td style=\"text-align: center\">9.<\/td> <td style=\"text-align: center\"><strong>Kutszegi<\/strong> G., Dima B. A Bankeraceae csal\u00e1d (Basidiomycota) irodalmi \u00e1ttekint\u00e9se \u00e9s morfol\u00f3giai jellemz\u00e9se, a magyarorsz\u00e1gi fajok elterjed\u00e9si adatai \u00e9s hat\u00e1roz\u00f3kulcsa. \u2013 Mikol\u00f3giai K\u00f6zlem\u00e9nyek, Clusiana 47(2): 149\u2013180.<\/td> <td style=\"text-align: center\">foly\u00f3iratcikk<\/td> <td style=\"text-align: center\">2008<\/td> <td style=\"text-align: center\"><\/td> <td style=\"text-align: center\">6<\/td> <\/tr> <\/tbody> <\/table> <ul style=\"list-style-type: square\"> <li><span style=\"color: #0000ff\"><strong>Nyilv\u00e1nos dokumentumok<\/strong><\/span><\/li> <\/ul> <p><a href=\"https:\/\/univet.hu\/wp-content\/uploads\/2025\/01\/Dr.-Kutszegi-G.-J_CV_Hun_20250127.pdf\">Dr. Kutszegi G. J_CV_Hun_20250127<\/a><\/p> <\/div> <p>&nbsp;<\/p> <ul style=\"list-style-type: square\"> <li><span style=\"color: #0000ff\"><strong>TDK \u00e9s szakdolgozati t\u00e9m\u00e1k<\/strong><\/span><\/li> <\/ul> <ol> <li><strong> Erd\u0151lak\u00f3 gombafajok k\u00f6rnyezeti ig\u00e9nyeinek \u00e9s szubsztr\u00e1tumpreferenci\u00e1inak felt\u00e1r\u00e1sa magyarorsz\u00e1gi \u00e9l\u0151helyeken<\/strong><\/li> <\/ol> <p><span style=\"color: #008000\">Elsaj\u00e1t\u00edthat\u00f3 k\u00e9szs\u00e9gek:<\/span><\/p> <p>&#8211; k\u00f6z\u00f6ss\u00e9g\u00f6kol\u00f3giai vizsg\u00e1l\u00f3m\u00f3dszerek (egy- \u00e9s t\u00f6bbv\u00e1ltoz\u00f3s statisztikai modellek) alkalmaz\u00e1sa,<\/p> <p>&#8211; az R programcsomag \u00f6sszetev\u0151inek haszn\u00e1lata,<\/p> <p>&#8211; fajismeret a f\u00e1n \u00e9l\u0151 gomb\u00e1k vil\u00e1g\u00e1ban,<\/p> <p>&#8211; f\u00e9nymikroszk\u00f3pos vizsg\u00e1lati m\u00f3dszerek haszn\u00e1lata, term\u0151testek prepar\u00e1l\u00e1sa, vizsg\u00e1latra el\u0151k\u00e9sz\u00edt\u00e9se,<\/p> <p>&#8211; tudom\u00e1nyos eredm\u00e9nyek sz\u00ednvonalas k\u00f6zz\u00e9t\u00e9tele (prezent\u00e1ci\u00f3- \u00e9s poszterk\u00e9sz\u00edt\u00e9s), cikk-, ill. p\u00e1ly\u00e1zat\u00edr\u00e1s angol \u00e9s magyar nyelven.<\/p> <p><span style=\"color: #008000\">Kik jelentkezhetnek?<\/span><\/p> <p>Biol\u00f3gus-, kutat\u00f3zool\u00f3gus- \u00e9s \u00e1llatorvostan-hallgat\u00f3k<\/p> <p><span style=\"color: #008000\">El\u0151ny\u00f6k:<\/span><\/p> <p>mikol\u00f3giai, erd\u0151\u00f6kol\u00f3giai ismeretek, az angol nyelv magas szint\u0171 ismerete, j\u00f3 \u00edr\u00e1sk\u00e9szs\u00e9g, elhivatotts\u00e1g<\/p> <p><span style=\"color: #008000\">C\u00e9l:<\/span> TDK-dolgozat, diplomamunka elk\u00e9sz\u00edt\u00e9se, megv\u00e9d\u00e9se. K\u00e9pz\u00e9s k\u00f6zben: konferencia-r\u00e9szv\u00e9tel. A v\u00e9d\u00e9st k\u00f6vet\u0151en egy angol nyelv\u0171, tudom\u00e1nyos k\u00e9zirat beny\u00fajt\u00e1sa a t\u00e9m\u00e1ban egy legal\u00e1bb Q3-as besorol\u00e1s\u00fa foly\u00f3iratba.<\/p> <p>&nbsp;<\/p> <ol start=\"2\"> <li><strong> A g\u00e9pi tanul\u00e1s (machine learning) alkalmaz\u00e1sa a mikol\u00f3gi\u00e1ban \u00e9s a botanik\u00e1ban. R\u00e9szv\u00e9tel egy intelligens (AI-powered) hat\u00e1roz\u00f3 asszisztens fejleszt\u00e9s\u00e9ben.<\/strong><\/li> <\/ol> <p>&nbsp;<\/p> <p><strong><span style=\"color: #008000\">vagy<\/span><\/strong><\/p> <p>&nbsp;<\/p> <ol start=\"3\"> <li><strong> Mesters\u00e9ges intelligenci\u00e1t alkalmaz\u00f3 k\u00e9pfelismer\u0151 rendszerek hat\u00e9kony tr\u00e9ningez\u00e9s\u00e9re alkalmas k\u00e9panyagok \u00f6ssze\u00e1ll\u00edt\u00e1sa n\u00f6v\u00e9ny-, ill. nagygombafajok g\u00e9pi felismer\u00e9s\u00e9hez.<\/strong><\/li> <\/ol> <p><span style=\"color: #008000\">Elsaj\u00e1t\u00edthat\u00f3 k\u00e9szs\u00e9gek:<\/span><\/p> <p>&#8211; a nagygomba- \u00e9s n\u00f6v\u00e9nyfajok taxon\u00f3mi\u00e1j\u00e1ban haszn\u00e1lt karakterek ismerete; a hum\u00e1n \u00e9s a g\u00e9pi hat\u00e1roz\u00e1s sor\u00e1n val\u00f3 alkalmazhat\u00f3s\u00e1guk min\u0151s\u00edt\u00e9se,<\/p> <p>&#8211; fajismeret a nagygomb\u00e1k \u00e9s n\u00f6v\u00e9nyek vil\u00e1g\u00e1ban,<\/p> <p>&#8211; f\u00e9nymikroszk\u00f3pos vizsg\u00e1lati m\u00f3dszerek haszn\u00e1lata, gombaterm\u0151testek \u00e9s n\u00f6v\u00e9nyi sz\u00f6vetek prepar\u00e1l\u00e1sa, vizsg\u00e1latra el\u0151k\u00e9sz\u00edt\u00e9se,<\/p> <p>&#8211; digit\u00e1lisfot\u00f3-technik\u00e1k ismerete,<\/p> <p>&#8211; tudom\u00e1nyos eredm\u00e9nyek sz\u00ednvonalas k\u00f6zz\u00e9t\u00e9tele (prezent\u00e1ci\u00f3- \u00e9s poszterk\u00e9sz\u00edt\u00e9s), cikk-, ill. p\u00e1ly\u00e1zat\u00edr\u00e1s angol \u00e9s magyar nyelven,<\/p> <p>&#8211; t\u00e1rst\u00e9mavezet\u00e9s mellett: Python programoz\u00e1si ismeretek, fajok mesters\u00e9ges intelligenci\u00e1val t\u00f6rt\u00e9n\u0151 hat\u00e1roz\u00e1s\u00e1ban alkalmazott eszk\u00f6z\u00f6k (klasszifik\u00e1ci\u00f3s modellek, Large Language Modellek, LLM&#8230;) ismerete.<\/p> <p><span style=\"color: #008000\">Kik jelentkezhetnek?<\/span><\/p> <p>Biol\u00f3gus-, kutat\u00f3zool\u00f3gus- \u00e9s \u00e1llatorvostan-hallgat\u00f3k<\/p> <p><span style=\"color: #008000\">El\u0151ny:<\/span><\/p> <p>Python programoz\u00e1si ismeretek, digit\u00e1lisfot\u00f3-technik\u00e1k ismerete, az angol nyelv magas szint\u0171 ismerete, j\u00f3 \u00edr\u00e1sk\u00e9szs\u00e9g, elhivatotts\u00e1g<\/p> <p><span style=\"color: #008000\">C\u00e9l:<\/span> TDK-dolgozat, diplomamunka elk\u00e9sz\u00edt\u00e9se, megv\u00e9d\u00e9se. K\u00e9pz\u00e9s k\u00f6zben: konferencia-r\u00e9szv\u00e9tel. A v\u00e9d\u00e9st k\u00f6vet\u0151en egy angol nyelv\u0171, tudom\u00e1nyos k\u00e9zirat beny\u00fajt\u00e1sa a t\u00e9m\u00e1ban egy legal\u00e1bb Q2-es besorol\u00e1s\u00fa foly\u00f3iratba.<\/p> <p>&nbsp;<\/p> <div> <ul style=\"list-style-type: square\"> <li><span style=\"color: #0000ff\"><strong>Fogad\u00f3\u00f3ra:<\/strong><\/span><\/li> <\/ul> <p>H\u00e9tf\u0151nk\u00e9nt 10-12h. k\u00f6z\u00f6tt<\/p> <p>El\u0151zetes egyeztet\u00e9s e-mailben:\u00a0<a class=\"decrypt\" rel=\"Lvut{fhj\/Hfshfmz\/Kp{tfgAvojwfu\/iv\" href=\"javascript:void(0);\">[Kattintson az emailc\u00edmhez]<\/a><\/p> <\/div> <div> <p>&nbsp;<\/p> <p><span style=\"color: #0000ff;font-family: 'times new roman', times, serif\"><strong>Friss\u00edtve: 2025.09.24.<\/strong><\/span><\/p> <\/div>","protected":false},"excerpt":{"rendered":"<p>Bemutatkoz\u00e1s 2017 \u00f3ta dolgozom az \u00c1llatorvostudom\u00e1nyi Egyetem N\u00f6v\u00e9nytani Tansz\u00e9k\u00e9n mint kutat\u00f3, tudom\u00e1nyos seg\u00e9dmunkat\u00e1rs. Az \u00e1llatorvosk\u00e9pz\u00e9s kereteiben magyarul \u00e9s angolul \u00e1llatorvosi n\u00f6v\u00e9nytant oktatok. A biol\u00f3gus- (zool\u00f3gus-) hallgat\u00f3k sz\u00e1m\u00e1ra n\u00f6v\u00e9nyrendszertant (gombarendszertant \u00e9s -\u00f6kol\u00f3gi\u00e1t, kladisztik\u00e1t), valamint term\u00e9szet- \u00e9s k\u00f6rnyezetv\u00e9delmet (erd\u0151\u00f6kol\u00f3gi\u00e1t) tan\u00edtok. 2020 \u00f3ta tartom az \u00e1ltalam meg\u00faj\u00edtott gombaismeret (ehet\u0151 \u00e9s m\u00e9rgez\u0151 gomb\u00e1k) c\u00edm\u0171 fakult\u00e1ci\u00f3t, melynek sor\u00e1n nem csak<\/p>\n","protected":false},"author":5824,"featured_media":0,"parent":858,"menu_order":211,"comment_status":"closed","ping_status":"closed","template":"","meta":{"_acf_changed":false,"footnotes":""},"categories":[56],"tags":[],"class_list":["post-4207","page","type-page","status-publish","hentry","category-munkatarsak"],"acf":[],"_links":{"self":[{"href":"https:\/\/univet.hu\/hu\/wp-json\/wp\/v2\/pages\/4207","targetHints":{"allow":["GET"]}}],"collection":[{"href":"https:\/\/univet.hu\/hu\/wp-json\/wp\/v2\/pages"}],"about":[{"href":"https:\/\/univet.hu\/hu\/wp-json\/wp\/v2\/types\/page"}],"author":[{"embeddable":true,"href":"https:\/\/univet.hu\/hu\/wp-json\/wp\/v2\/users\/5824"}],"replies":[{"embeddable":true,"href":"https:\/\/univet.hu\/hu\/wp-json\/wp\/v2\/comments?post=4207"}],"version-history":[{"count":3,"href":"https:\/\/univet.hu\/hu\/wp-json\/wp\/v2\/pages\/4207\/revisions"}],"predecessor-version":[{"id":191085,"href":"https:\/\/univet.hu\/hu\/wp-json\/wp\/v2\/pages\/4207\/revisions\/191085"}],"up":[{"embeddable":true,"href":"https:\/\/univet.hu\/hu\/wp-json\/wp\/v2\/pages\/858"}],"wp:attachment":[{"href":"https:\/\/univet.hu\/hu\/wp-json\/wp\/v2\/media?parent=4207"}],"wp:term":[{"taxonomy":"category","embeddable":true,"href":"https:\/\/univet.hu\/hu\/wp-json\/wp\/v2\/categories?post=4207"},{"taxonomy":"post_tag","embeddable":true,"href":"https:\/\/univet.hu\/hu\/wp-json\/wp\/v2\/tags?post=4207"}],"curies":[{"name":"wp","href":"https:\/\/api.w.org\/{rel}","templated":true}]}}