{"id":42160,"date":"2019-08-27T13:39:21","date_gmt":"2019-08-27T11:39:21","guid":{"rendered":"https:\/\/univet.hu\/?page_id=42160"},"modified":"2026-02-10T03:57:53","modified_gmt":"2026-02-10T02:57:53","slug":"auer-bianka","status":"publish","type":"page","link":"https:\/\/univet.hu\/hu\/egyetem\/munkatarsak\/auer-bianka\/","title":{"rendered":"G\u00e9czi-Auer Bianka"},"content":{"rendered":"<p><strong>Bemutatkoz\u00e1s<\/strong><\/p> <p>G\u00e9czi-Auer Bianka Budapesten sz\u00fcletett. Gimn\u00e1ziumi tanulm\u00e1nyait k\u00f6vet\u0151en felv\u00e9telt nyert az E\u00f6tv\u00f6s Lor\u00e1nd Tudom\u00e1nyegyetemre, ahol t\u00f6rt\u00e9nelem alapszakos b\u00f6lcs\u00e9sz diplom\u00e1t szerzett. Ezt k\u00f6vet\u0151en egy k\u00f3rh\u00e1z hum\u00e1npolitikai oszt\u00e1ly\u00e1n helyezkedett el \u00fcgyint\u00e9z\u0151 munkak\u00f6rben, majd 2019-ben az \u00c1llatorvostudom\u00e1nyi Egyetem Idegennyelvi Lektor\u00e1tus\u00e1ra ker\u00fclt tansz\u00e9ki el\u0151ad\u00f3k\u00e9nt, ahol irodai ismereteit tov\u00e1bb fejlesztheti. Kor\u00e1bban a Buda\u00f6rsi \u00c1llatmenhely \u00f6nk\u00e9ntese volt, de \u00e1llatszeretete az\u00f3ta is t\u00f6retlen, egy f\u00e9lvak cica gazd\u00e1ja. 2022. \u00f3ta sz\u00fcl\u00e9si szabads\u00e1gon van.<\/p>","protected":false},"excerpt":{"rendered":"<p>Bemutatkoz\u00e1s G\u00e9czi-Auer Bianka Budapesten sz\u00fcletett. Gimn\u00e1ziumi tanulm\u00e1nyait k\u00f6vet\u0151en felv\u00e9telt nyert az E\u00f6tv\u00f6s Lor\u00e1nd Tudom\u00e1nyegyetemre, ahol t\u00f6rt\u00e9nelem alapszakos b\u00f6lcs\u00e9sz diplom\u00e1t szerzett. Ezt k\u00f6vet\u0151en egy k\u00f3rh\u00e1z hum\u00e1npolitikai oszt\u00e1ly\u00e1n helyezkedett el \u00fcgyint\u00e9z\u0151 munkak\u00f6rben, majd 2019-ben az \u00c1llatorvostudom\u00e1nyi Egyetem Idegennyelvi Lektor\u00e1tus\u00e1ra ker\u00fclt tansz\u00e9ki el\u0151ad\u00f3k\u00e9nt, ahol irodai ismereteit tov\u00e1bb fejlesztheti. Kor\u00e1bban a Buda\u00f6rsi \u00c1llatmenhely \u00f6nk\u00e9ntese volt, de \u00e1llatszeretete az\u00f3ta is<\/p>\n","protected":false},"author":5824,"featured_media":0,"parent":858,"menu_order":37,"comment_status":"closed","ping_status":"closed","template":"","meta":{"_acf_changed":false,"footnotes":""},"categories":[],"tags":[],"class_list":["post-42160","page","type-page","status-publish","hentry"],"acf":[],"_links":{"self":[{"href":"https:\/\/univet.hu\/hu\/wp-json\/wp\/v2\/pages\/42160","targetHints":{"allow":["GET"]}}],"collection":[{"href":"https:\/\/univet.hu\/hu\/wp-json\/wp\/v2\/pages"}],"about":[{"href":"https:\/\/univet.hu\/hu\/wp-json\/wp\/v2\/types\/page"}],"author":[{"embeddable":true,"href":"https:\/\/univet.hu\/hu\/wp-json\/wp\/v2\/users\/5824"}],"replies":[{"embeddable":true,"href":"https:\/\/univet.hu\/hu\/wp-json\/wp\/v2\/comments?post=42160"}],"version-history":[{"count":1,"href":"https:\/\/univet.hu\/hu\/wp-json\/wp\/v2\/pages\/42160\/revisions"}],"predecessor-version":[{"id":199430,"href":"https:\/\/univet.hu\/hu\/wp-json\/wp\/v2\/pages\/42160\/revisions\/199430"}],"up":[{"embeddable":true,"href":"https:\/\/univet.hu\/hu\/wp-json\/wp\/v2\/pages\/858"}],"wp:attachment":[{"href":"https:\/\/univet.hu\/hu\/wp-json\/wp\/v2\/media?parent=42160"}],"wp:term":[{"taxonomy":"category","embeddable":true,"href":"https:\/\/univet.hu\/hu\/wp-json\/wp\/v2\/categories?post=42160"},{"taxonomy":"post_tag","embeddable":true,"href":"https:\/\/univet.hu\/hu\/wp-json\/wp\/v2\/tags?post=42160"}],"curies":[{"name":"wp","href":"https:\/\/api.w.org\/{rel}","templated":true}]}}