{"id":4228,"date":"2017-09-07T12:07:00","date_gmt":"2017-09-07T10:07:00","guid":{"rendered":"http:\/\/univet.hu\/egyetem\/munkatarsak\/lang-zsolt\/"},"modified":"2026-03-31T15:30:27","modified_gmt":"2026-03-31T13:30:27","slug":"lang-zsolt","status":"publish","type":"page","link":"https:\/\/univet.hu\/hu\/egyetem\/munkatarsak\/lang-zsolt\/","title":{"rendered":"Lang Zsolt"},"content":{"rendered":"<p>Oktat\u00f3i konzult\u00e1ci\u00f3: el\u0151zetes bejelentkez\u00e9s<\/p> <p style=\"text-align: left\"><strong>Bemutatkoz\u00e1s\u00a0\u00a0 <\/strong><\/p> <p>matematika, biostatisztika<\/p> <p><strong>F\u0151bb kutat\u00e1si ter\u00fcletek:<\/strong><\/p> <ul> <li>\u00d6kol\u00f3giai zs\u00fafolts\u00e1g, aggreg\u00e1lts\u00e1g, csoportm\u00e9ret, biodiverzit\u00e1s statisztikai tulajdons\u00e1gainak vizsg\u00e1lata.<\/li> <li>Prevalencia, szenzitivit\u00e1s \u00e9s specificit\u00e1s becsl\u00e9se frekventista \u00e9s Bayes-i m\u00f3dszerekkel.<\/li> <li>T\u00fal\u00e9l\u00e9selemz\u00e9s, verseng\u0151 kock\u00e1zatos, sok\u00e1llapot\u00fa (multistate) modellek alkalmaz\u00e1sa.<\/li> <li>Margin\u00e1lis \u00e9s kevert hat\u00e1sos \u00e1ltal\u00e1nos\u00edtott line\u00e1ris modellek fejleszt\u00e9se<\/li> <\/ul> <p><strong>El\u0151rehalad\u00e1s<\/strong><\/p> <p>alkalmazott matematika, biostatisztika<\/p> <p><strong>Szakmai szervezeti tags\u00e1g<\/strong><\/p> <table style=\"width: 864px;height: 33px\"> <tbody> <tr> <td style=\"width: 400.469px\"><strong>Bizotts\u00e1g neve<\/strong><\/td> <td style=\"width: 134.156px\"><strong>Id\u0151<\/strong><\/td> <td style=\"width: 307.375px\"><strong>Tiszts\u00e9g<\/strong><\/td> <\/tr> <tr> <td style=\"width: 400.469px\">Nemzetk\u00f6zi Klinikai Biostatisztikai T\u00e1rsas\u00e1g<\/td> <td style=\"width: 134.156px\">1990-<\/td> <td style=\"width: 307.375px\">tag<\/td> <\/tr> <\/tbody> <\/table> <p><strong>Eddigi szakdolgozat\/TDK hallgat\u00f3k sz\u00e1ma<\/strong><\/p> <p>1\u00a0x 0,5<\/p> <p>PhD hallgat\u00f3k:<\/p> <p>2 x 0,5<\/p> <p><strong>Publik\u00e1ci\u00f3s lista (Top10)<\/strong><\/p> <p>MTMT:<\/p> <table style=\"height: 303px\" width=\"864\"> <tbody> <tr> <td style=\"width: 21.0156px\">1.<\/td> <td style=\"width: 826.984px\"><a href=\"https:\/\/m2.mtmt.hu\/gui2\/?type=authors&amp;mode=browse&amp;sel=10014080\">Egyed, L<\/a>;\u00a0<a href=\"https:\/\/m2.mtmt.hu\/gui2\/?type=authors&amp;mode=browse&amp;sel=10023281\">Lang, Zsolt<\/a><a href=\"https:\/\/m2.mtmt.hu\/gui2\/?mode=browse&amp;params=publication;31621201\">Distribution and aggregation of engorging ticks on body parts of small rodent hosts<\/a>SYSTEMATIC AND APPLIED ACAROLOGY\u00a025\u00a0:\u00a011\u00a0(2020)<\/td> <\/tr> <tr> <td style=\"width: 21.0156px\">2.<\/td> <td style=\"width: 826.984px\"><a href=\"https:\/\/m2.mtmt.hu\/gui2\/?type=authors&amp;mode=browse&amp;sel=10023169\">Het\u00e9nyi, N.<\/a>;\u00a0<a href=\"https:\/\/m2.mtmt.hu\/gui2\/?type=authors&amp;mode=browse&amp;sel=10023281\">Lang, Zs.<\/a>\u00a0;\u00a0<a href=\"https:\/\/m2.mtmt.hu\/gui2\/?type=authors&amp;mode=browse&amp;sel=10023193\">S\u00e1torhelyi, T.<\/a>\u00a0;\u00a0<a href=\"https:\/\/m2.mtmt.hu\/gui2\/?type=authors&amp;mode=browse&amp;sel=10002299\">Hull\u00e1r, I.<\/a><a href=\"https:\/\/m2.mtmt.hu\/gui2\/?mode=browse&amp;params=publication;31323220\">Effects of different vitamin D sources on blood biochemistry of bearded dragons (Pogona spp) and Hermann\u2019s tortoises (Testudo hermanni)<\/a>BERLINER UND MUNCHENER TIERARZTLICHE WOCHENSCHRIFT\u00a0133\u00a0pp. 149-158. , 10 p.\u00a0(2020)<\/td> <\/tr> <tr> <td style=\"width: 21.0156px\">3.<\/td> <td style=\"width: 826.984px\"><a href=\"https:\/\/m2.mtmt.hu\/gui2\/?type=authors&amp;mode=browse&amp;sel=10003094\">Ozsvari, L.<\/a>;\u00a0<a href=\"https:\/\/m2.mtmt.hu\/gui2\/?type=authors&amp;mode=browse&amp;sel=10023281\">Lang, Zs.<\/a>\u00a0;\u00a0Monostori, A.\u00a0;\u00a0Kostoulas, P.\u00a0;\u00a0<a href=\"https:\/\/m2.mtmt.hu\/gui2\/?type=authors&amp;mode=browse&amp;sel=10043650\">Fodor, I.<\/a><a href=\"https:\/\/m2.mtmt.hu\/gui2\/?mode=browse&amp;params=publication;31564649\">Bayesian estimation of the true prevalence of paratuberculosis in Hungarian dairy cattle herds<\/a>PREVENTIVE VETERINARY MEDICINE\u00a0183\u00a0p. 105124\u00a0(2020)<\/td> <\/tr> <tr> <td style=\"width: 21.0156px\">4.<\/td> <td style=\"width: 826.984px\"><a href=\"https:\/\/m2.mtmt.hu\/gui2\/?type=authors&amp;mode=browse&amp;sel=10003094\">Ozsvari, Laszlo &#x2709;<\/a>;\u00a0<a href=\"https:\/\/m2.mtmt.hu\/gui2\/?type=authors&amp;mode=browse&amp;sel=10002007\">Harnos, Andrea<\/a>\u00a0;\u00a0<a href=\"https:\/\/m2.mtmt.hu\/gui2\/?type=authors&amp;mode=browse&amp;sel=10023281\">Lang, Zsolt<\/a>\u00a0;\u00a0Monostori, Attila\u00a0;\u00a0Strain, Sam\u00a0;\u00a0<a href=\"https:\/\/m2.mtmt.hu\/gui2\/?type=authors&amp;mode=browse&amp;sel=10043650\">Fodor, Istvan<\/a><a href=\"https:\/\/m2.mtmt.hu\/gui2\/?mode=browse&amp;params=publication;31636143\">The Impact of Paratuberculosis on Milk Production, Fertility, and Culling in Large Commercial Hungarian Dairy Herds<\/a>FRONTIERS IN VETERINARY SCIENCE\u00a07\u00a0Paper: 565324\u00a0(2020)<\/td> <\/tr> <tr> <td style=\"width: 21.0156px\">5.<\/td> <td style=\"width: 826.984px\">Fodor I., G\u00e1bor Gy., Lang Zs., Abonyi-T\u00f3th Zs., \u00d3zsv\u00e1ri L:\u00a0<strong>Relationship between reproductive management practices and fertility in primiparous and multiparous dairy cows<\/strong>, CANADIAN JOURNAL OF VETERINARY RESEARCH-REVUE CANADIENNE DE RECHERCHE VETERINAIRE 83: (3) pp. 218-227.<\/td> <\/tr> <tr> <td style=\"width: 21.0156px\">6.<\/td> <td style=\"width: 826.984px\">Harnos A, Lang Zs, Petr\u00e1s D, Bush SE, Szab\u00f3 K, R\u00f3zsa L:\u00a0<a href=\"http:\/\/real.mtak.hu\/45142\/\"><strong>Size matters for lice on birds: coevolutionary allometry of host and parasite body size<\/strong><\/a>, EVOLUTION 71: (2) pp. 421-431.<\/td> <\/tr> <tr> <td style=\"width: 21.0156px\">7.<\/td> <td style=\"width: 826.984px\">Reiczigel J, Singer J, Lang ZS:\u00a0<a href=\"https:\/\/www.cambridge.org\/core\/journals\/epidemiology-and-infection\/article\/exact-inference-for-the-risk-ratio-with-an-imperfect-diagnostic-test\/D408DF71292F429DBF87BFE67DC4257C\"><strong>Exact inference for the risk ratio with an imperfect diagnostic test<\/strong><\/a>, EPIDEMIOLOGY AND INFECTION 145: (1) pp. 187-193.<\/td> <\/tr> <tr> <td style=\"width: 21.0156px\">8.<\/td> <td style=\"width: 826.984px\">Lang Z, R\u00f3zsa L, Reiczigel J:\u00a0<a href=\"https:\/\/esajournals.onlinelibrary.wiley.com\/doi\/full\/10.1002\/ecs2.1897\"><strong>Comparison of measures of crowding, group size, and diversity<\/strong><\/a>, ECOSPHERE 8: (7) e01897<\/td> <\/tr> <tr> <td style=\"width: 21.0156px\">9.<\/td> <td style=\"width: 826.984px\">Lakatos P, Takacs I, Marton I, Toth E, Zoltan C, Lang Z, Psachoulia E, Intorcia M:\u00a0<a href=\"https:\/\/link.springer.com\/article\/10.1007%2Fs00223-015-0082-6\"><strong>A Retrospective Longitudinal Database Study of Persistence and Compliance with Treatment of Osteoporosis in Hungary<\/strong><\/a>, CALCIFIED TISSUE INTERNATIONAL 98: (3) pp. 215-225.<\/td> <\/tr> <tr> <td style=\"width: 21.0156px\">10.<\/td> <td style=\"width: 826.984px\">Lang Z, Reiczigel J:\u00a0<a href=\"https:\/\/www.sciencedirect.com\/science\/article\/pii\/S0167587713002936?via%3Dihub\"><strong>Confidence limits for prevalence of disease adjusted for estimated sensitivity and specificity<\/strong><\/a>, PREVENTIVE VETERINARY MEDICINE 113: pp. 13-22.<\/td> <\/tr> <\/tbody> <\/table> <p>&nbsp;<\/p> <p>&nbsp;<\/p> <p><a href=\"http:\/\/www.univet.hu\/users\/zslang\" target=\"_blank\" rel=\"noopener\" data-replaced=\"true\">Saj\u00e1t honlap<\/a><\/p>","protected":false},"excerpt":{"rendered":"<p>Oktat\u00f3i konzult\u00e1ci\u00f3: el\u0151zetes bejelentkez\u00e9s Bemutatkoz\u00e1s\u00a0\u00a0 matematika, biostatisztika F\u0151bb kutat\u00e1si ter\u00fcletek: \u00d6kol\u00f3giai zs\u00fafolts\u00e1g, aggreg\u00e1lts\u00e1g, csoportm\u00e9ret, biodiverzit\u00e1s statisztikai tulajdons\u00e1gainak vizsg\u00e1lata. Prevalencia, szenzitivit\u00e1s \u00e9s specificit\u00e1s becsl\u00e9se frekventista \u00e9s Bayes-i m\u00f3dszerekkel. T\u00fal\u00e9l\u00e9selemz\u00e9s, verseng\u0151 kock\u00e1zatos, sok\u00e1llapot\u00fa (multistate) modellek alkalmaz\u00e1sa. Margin\u00e1lis \u00e9s kevert hat\u00e1sos \u00e1ltal\u00e1nos\u00edtott line\u00e1ris modellek fejleszt\u00e9se El\u0151rehalad\u00e1s alkalmazott matematika, biostatisztika Szakmai szervezeti tags\u00e1g Bizotts\u00e1g neve Id\u0151 Tiszts\u00e9g Nemzetk\u00f6zi Klinikai<\/p>\n","protected":false},"author":5824,"featured_media":0,"parent":858,"menu_order":210,"comment_status":"closed","ping_status":"closed","template":"","meta":{"_acf_changed":false,"footnotes":""},"categories":[56],"tags":[],"class_list":["post-4228","page","type-page","status-publish","hentry","category-munkatarsak"],"acf":[],"_links":{"self":[{"href":"https:\/\/univet.hu\/hu\/wp-json\/wp\/v2\/pages\/4228","targetHints":{"allow":["GET"]}}],"collection":[{"href":"https:\/\/univet.hu\/hu\/wp-json\/wp\/v2\/pages"}],"about":[{"href":"https:\/\/univet.hu\/hu\/wp-json\/wp\/v2\/types\/page"}],"author":[{"embeddable":true,"href":"https:\/\/univet.hu\/hu\/wp-json\/wp\/v2\/users\/5824"}],"replies":[{"embeddable":true,"href":"https:\/\/univet.hu\/hu\/wp-json\/wp\/v2\/comments?post=4228"}],"version-history":[{"count":2,"href":"https:\/\/univet.hu\/hu\/wp-json\/wp\/v2\/pages\/4228\/revisions"}],"predecessor-version":[{"id":204624,"href":"https:\/\/univet.hu\/hu\/wp-json\/wp\/v2\/pages\/4228\/revisions\/204624"}],"up":[{"embeddable":true,"href":"https:\/\/univet.hu\/hu\/wp-json\/wp\/v2\/pages\/858"}],"wp:attachment":[{"href":"https:\/\/univet.hu\/hu\/wp-json\/wp\/v2\/media?parent=4228"}],"wp:term":[{"taxonomy":"category","embeddable":true,"href":"https:\/\/univet.hu\/hu\/wp-json\/wp\/v2\/categories?post=4228"},{"taxonomy":"post_tag","embeddable":true,"href":"https:\/\/univet.hu\/hu\/wp-json\/wp\/v2\/tags?post=4228"}],"curies":[{"name":"wp","href":"https:\/\/api.w.org\/{rel}","templated":true}]}}