{"id":42281,"date":"2019-08-28T11:24:12","date_gmt":"2019-08-28T09:24:12","guid":{"rendered":"https:\/\/univet.hu\/?page_id=42281"},"modified":"2026-02-10T03:58:35","modified_gmt":"2026-02-10T02:58:35","slug":"voroshazi-julia","status":"publish","type":"page","link":"https:\/\/univet.hu\/hu\/egyetem\/munkatarsak\/voroshazi-julia\/","title":{"rendered":"V\u00f6r\u00f6sh\u00e1zi J\u00falia"},"content":{"rendered":"<p>Biol\u00f3gus MSc: 2019<\/p> <p><strong><u>Kutat\u00e1s:<\/u><\/strong><\/p> <p>M\u00e1j eredet\u0171 sejtteny\u00e9szeteken v\u00e9gzett in vitro vizsg\u00e1latok.<\/p> <p>Egyes mikotoxinok molekul\u00e1ris szint\u0171 hat\u00e1sainak vizsg\u00e1lata h\u00e1romdimenzi\u00f3s (3D) hepatikus sejtteny\u00e9szeteken.<\/p> <p><strong><u>Oktat\u00e1s:<\/u><\/strong><\/p> <p>\u00c1llatorvosi biok\u00e9mia gyakorlatok vezet\u00e9se (magyar \u00e9s angol nyelven).<\/p> <p>\u00d6sszehasonl\u00edt\u00f3 biok\u00e9mia (Biol\u00f3gia BSc), Biol\u00f3giai k\u00e9mia (Biol\u00f3gia MSc) el\u0151ad\u00e1sok tart\u00e1sa.<\/p> <p>Fogad\u00f3\u00f3ra: Kedd,\u00a010:00-12:00<\/p> <p>&nbsp;<\/p> <p>MTMT: <a href=\"https:\/\/m2.mtmt.hu\/gui2\/?type=authors&amp;mode=browse&amp;sel=10071862\">https:\/\/m2.mtmt.hu\/gui2\/?type=authors&amp;mode=browse&amp;sel=10071862<\/a><\/p> <p>ResearchGate: <a href=\"https:\/\/www.researchgate.net\/profile\/Julia_Voeroeshazi\">https:\/\/www.researchgate.net\/profile\/Julia_Voeroeshazi<\/a><\/p>","protected":false},"excerpt":{"rendered":"<p>Biol\u00f3gus MSc: 2019 Kutat\u00e1s: M\u00e1j eredet\u0171 sejtteny\u00e9szeteken v\u00e9gzett in vitro vizsg\u00e1latok. Egyes mikotoxinok molekul\u00e1ris szint\u0171 hat\u00e1sainak vizsg\u00e1lata h\u00e1romdimenzi\u00f3s (3D) hepatikus sejtteny\u00e9szeteken. Oktat\u00e1s: \u00c1llatorvosi biok\u00e9mia gyakorlatok vezet\u00e9se (magyar \u00e9s angol nyelven). \u00d6sszehasonl\u00edt\u00f3 biok\u00e9mia (Biol\u00f3gia BSc), Biol\u00f3giai k\u00e9mia (Biol\u00f3gia MSc) el\u0151ad\u00e1sok tart\u00e1sa. Fogad\u00f3\u00f3ra: Kedd,\u00a010:00-12:00 &nbsp; MTMT: https:\/\/m2.mtmt.hu\/gui2\/?type=authors&amp;mode=browse&amp;sel=10071862 ResearchGate: https:\/\/www.researchgate.net\/profile\/Julia_Voeroeshazi<\/p>\n","protected":false},"author":5824,"featured_media":0,"parent":858,"menu_order":37,"comment_status":"closed","ping_status":"closed","template":"","meta":{"_acf_changed":false,"footnotes":""},"categories":[],"tags":[],"class_list":["post-42281","page","type-page","status-publish","hentry"],"acf":[],"_links":{"self":[{"href":"https:\/\/univet.hu\/hu\/wp-json\/wp\/v2\/pages\/42281","targetHints":{"allow":["GET"]}}],"collection":[{"href":"https:\/\/univet.hu\/hu\/wp-json\/wp\/v2\/pages"}],"about":[{"href":"https:\/\/univet.hu\/hu\/wp-json\/wp\/v2\/types\/page"}],"author":[{"embeddable":true,"href":"https:\/\/univet.hu\/hu\/wp-json\/wp\/v2\/users\/5824"}],"replies":[{"embeddable":true,"href":"https:\/\/univet.hu\/hu\/wp-json\/wp\/v2\/comments?post=42281"}],"version-history":[{"count":1,"href":"https:\/\/univet.hu\/hu\/wp-json\/wp\/v2\/pages\/42281\/revisions"}],"predecessor-version":[{"id":190650,"href":"https:\/\/univet.hu\/hu\/wp-json\/wp\/v2\/pages\/42281\/revisions\/190650"}],"up":[{"embeddable":true,"href":"https:\/\/univet.hu\/hu\/wp-json\/wp\/v2\/pages\/858"}],"wp:attachment":[{"href":"https:\/\/univet.hu\/hu\/wp-json\/wp\/v2\/media?parent=42281"}],"wp:term":[{"taxonomy":"category","embeddable":true,"href":"https:\/\/univet.hu\/hu\/wp-json\/wp\/v2\/categories?post=42281"},{"taxonomy":"post_tag","embeddable":true,"href":"https:\/\/univet.hu\/hu\/wp-json\/wp\/v2\/tags?post=42281"}],"curies":[{"name":"wp","href":"https:\/\/api.w.org\/{rel}","templated":true}]}}