{"id":42283,"date":"2019-08-28T11:25:51","date_gmt":"2019-08-28T09:25:51","guid":{"rendered":"https:\/\/univet.hu\/?page_id=42283"},"modified":"2026-02-10T03:58:10","modified_gmt":"2026-02-10T02:58:10","slug":"mackei-mate","status":"publish","type":"page","link":"https:\/\/univet.hu\/hu\/egyetem\/munkatarsak\/mackei-mate\/","title":{"rendered":"Mackei M\u00e1t\u00e9"},"content":{"rendered":"<h2>Bemutatkoz\u00e1s<\/h2> <p>&nbsp;<\/p> <p>\u00c1llatorvos diploma: 2018.<\/p> <p>PhD fokozat megszerz\u00e9se: 2022.<\/p> <p><strong>Kutat\u00e1s:<\/strong><\/p> <p>Primer, patk\u00e1ny, csirke \u00e9s sert\u00e9s eredet\u0171 sejtteny\u00e9szeteken v\u00e9gzett in vitro vizsg\u00e1latok.<\/p> <p>Immunmodul\u00e1l\u00f3 faktorok (h\u0151stressz, mikotoxinok, lipopoliszacharidok) molekul\u00e1ris szint\u0171 hat\u00e1sainak vizsg\u00e1lata.<\/p> <p>Antimikrobi\u00e1lis peptidek (AMP) alkalmaz\u00e1si lehet\u0151s\u00e9gei az \u00e1llatorvosl\u00e1sban.<\/p> <p>N\u00f6v\u00e9nyv\u00e9d\u0151szerek \u00e9s protekt\u00edv anyagok metabolizmusra \u00e9s redox-homeoszt\u00e1zisra gyakorolt hat\u00e1sainak vizsg\u00e1lata h\u00e1zim\u00e9hekben.<\/p> <p><strong>Oktat\u00e1s:<\/strong><\/p> <p>\u00c1llatorvosi biok\u00e9mia el\u0151ad\u00e1sok tart\u00e1sa, gyakorlatok vezet\u00e9se (magyar, angol \u00e9s n\u00e9met nyelven)<\/p> <p>\u00d6sszehasonl\u00edt\u00f3 biok\u00e9mia, Biol\u00f3giai k\u00e9mia el\u0151ad\u00e1sok tart\u00e1sa (biol\u00f3gia BSc \u00e9s MSc)<\/p> <p>Fogad\u00f3\u00f3ra: Cs\u00fct\u00f6rt\u00f6k,\u00a010:00-12:00<\/p> <p><a href=\"https:\/\/m2.mtmt.hu\/gui2\/?type=authors&amp;mode=browse&amp;sel=10065697\"><strong>MTMT link<\/strong><\/a><\/p> <p><a href=\"https:\/\/www.researchgate.net\/profile\/Mate_Mackei\"><strong>Researchgate link<\/strong><\/a><\/p>","protected":false},"excerpt":{"rendered":"<p>Bemutatkoz\u00e1s &nbsp; \u00c1llatorvos diploma: 2018. PhD fokozat megszerz\u00e9se: 2022. Kutat\u00e1s: Primer, patk\u00e1ny, csirke \u00e9s sert\u00e9s eredet\u0171 sejtteny\u00e9szeteken v\u00e9gzett in vitro vizsg\u00e1latok. Immunmodul\u00e1l\u00f3 faktorok (h\u0151stressz, mikotoxinok, lipopoliszacharidok) molekul\u00e1ris szint\u0171 hat\u00e1sainak vizsg\u00e1lata. Antimikrobi\u00e1lis peptidek (AMP) alkalmaz\u00e1si lehet\u0151s\u00e9gei az \u00e1llatorvosl\u00e1sban. N\u00f6v\u00e9nyv\u00e9d\u0151szerek \u00e9s protekt\u00edv anyagok metabolizmusra \u00e9s redox-homeoszt\u00e1zisra gyakorolt hat\u00e1sainak vizsg\u00e1lata h\u00e1zim\u00e9hekben. Oktat\u00e1s: \u00c1llatorvosi biok\u00e9mia el\u0151ad\u00e1sok tart\u00e1sa, gyakorlatok vezet\u00e9se<\/p>\n","protected":false},"author":5824,"featured_media":0,"parent":858,"menu_order":37,"comment_status":"closed","ping_status":"closed","template":"","meta":{"_acf_changed":false,"footnotes":""},"categories":[],"tags":[],"class_list":["post-42283","page","type-page","status-publish","hentry"],"acf":[],"_links":{"self":[{"href":"https:\/\/univet.hu\/hu\/wp-json\/wp\/v2\/pages\/42283","targetHints":{"allow":["GET"]}}],"collection":[{"href":"https:\/\/univet.hu\/hu\/wp-json\/wp\/v2\/pages"}],"about":[{"href":"https:\/\/univet.hu\/hu\/wp-json\/wp\/v2\/types\/page"}],"author":[{"embeddable":true,"href":"https:\/\/univet.hu\/hu\/wp-json\/wp\/v2\/users\/5824"}],"replies":[{"embeddable":true,"href":"https:\/\/univet.hu\/hu\/wp-json\/wp\/v2\/comments?post=42283"}],"version-history":[{"count":1,"href":"https:\/\/univet.hu\/hu\/wp-json\/wp\/v2\/pages\/42283\/revisions"}],"predecessor-version":[{"id":190643,"href":"https:\/\/univet.hu\/hu\/wp-json\/wp\/v2\/pages\/42283\/revisions\/190643"}],"up":[{"embeddable":true,"href":"https:\/\/univet.hu\/hu\/wp-json\/wp\/v2\/pages\/858"}],"wp:attachment":[{"href":"https:\/\/univet.hu\/hu\/wp-json\/wp\/v2\/media?parent=42283"}],"wp:term":[{"taxonomy":"category","embeddable":true,"href":"https:\/\/univet.hu\/hu\/wp-json\/wp\/v2\/categories?post=42283"},{"taxonomy":"post_tag","embeddable":true,"href":"https:\/\/univet.hu\/hu\/wp-json\/wp\/v2\/tags?post=42283"}],"curies":[{"name":"wp","href":"https:\/\/api.w.org\/{rel}","templated":true}]}}