{"id":4240,"date":"2016-08-02T14:12:00","date_gmt":"2016-08-02T12:12:00","guid":{"rendered":"http:\/\/univet.hu\/egyetem\/munkatarsak\/lefler-gaborne-dora\/"},"modified":"2026-03-06T12:09:30","modified_gmt":"2026-03-06T11:09:30","slug":"horvath-david-geza","status":"publish","type":"page","link":"https:\/\/univet.hu\/hu\/egyetem\/munkatarsak\/horvath-david-geza\/","title":{"rendered":"Horv\u00e1th D\u00e1vid G\u00e9za"},"content":{"rendered":"<p style=\"text-align: center\"><span style=\"font-size: 14pt\"><b>Bemutatkoz\u00e1s<\/b><\/span><\/p> <p><span data-contrast=\"none\">2020 \u00f3ta harmad \u00e9s negyed\u00e9ves \u00e1llatorvostan-hallgat\u00f3knak k\u00f3rbonctani gyakorlatokat, 11. f\u00e9l\u00e9ves hallgat\u00f3knak labordiagnosztik\u00e1t tartok magyar \u00e9s angol nyelven.<\/span><span data-ccp-props=\"{&quot;134233118&quot;:true,&quot;201341983&quot;:0,&quot;335559739&quot;:160,&quot;335559740&quot;:240}\">\u00a0<\/span><\/p> <p>F\u0151bb kutat\u00e1si ter\u00fcletek<\/p> <ul> <li><span data-contrast=\"none\">Digit\u00e1lis patol\u00f3gia \u00e1llatorvosi alkalmaz\u00e1sa, k\u00fcl\u00f6n\u00f6sen egyes v\u00edrusos sert\u00e9sbetegs\u00e9gek k\u00f3rsz\u00f6vettani elv\u00e1ltoz\u00e1sai eset\u00e9n.<\/span><span data-ccp-props=\"{&quot;134233118&quot;:true,&quot;201341983&quot;:0,&quot;335559739&quot;:160,&quot;335559740&quot;:240}\">\u00a0<\/span><\/li> <\/ul> <p><b><span data-contrast=\"none\">El\u0151rehalad\u00e1s<\/span><\/b><\/p> <p><span data-contrast=\"none\">Hallgat\u00f3k\u00e9nt r\u00e9szt vettem a mentor programban, valamint demonstr\u00e1tork\u00e9nt harmad\u00e9vesek k\u00f3rbonctani gyakorlatain seg\u00e9dkeztem. 2020-ban szereztem \u00e1llatorvosi diplom\u00e1t summa cum laude min\u0151s\u00edt\u00e9sben \u00e9s kezdtem el dolgozni a Patol\u00f3giai Tansz\u00e9ken. El\u0151sz\u00f6r tansz\u00e9ki \u00e1llatorvosk\u00e9nt foglalkoztattak, majd ugyanabban az \u00e9vben felvettek a PhD-kurzusra. A t\u00e9m\u00e1m a digit\u00e1lis metszetelemz\u00e9s az \u00e1llatorvosi patol\u00f3gi\u00e1ban. Jelenleg a Royal Veterinary College (UK) rezidens hallgat\u00f3ja vagyok.<\/span><span data-ccp-props=\"{&quot;134233118&quot;:true,&quot;201341983&quot;:0,&quot;335559739&quot;:160,&quot;335559740&quot;:240}\">\u00a0<\/span><\/p> <p><b><span data-contrast=\"none\">Eddigi szakdolgozat\/TDK hallgat\u00f3k sz\u00e1ma:<\/span><\/b><\/p> <p><span data-contrast=\"none\">1 szakdolgozatos gradu\u00e1lis hallgat\u00f3 t\u00e9mavezet\u00e9se<\/span><span data-ccp-props=\"{&quot;134233118&quot;:true,&quot;201341983&quot;:0,&quot;335559739&quot;:160,&quot;335559740&quot;:240}\">\u00a0<\/span><\/p> <p><b><span data-contrast=\"none\">Publik\u00e1ci\u00f3s lista\u00a0<\/span><\/b><span data-ccp-props=\"{&quot;134233118&quot;:true,&quot;201341983&quot;:0,&quot;335559739&quot;:160,&quot;335559740&quot;:240}\">\u00a0<\/span><\/p> <table style=\"height: 145px\" width=\"881\"> <tbody> <tr style=\"height: 72px\"> <td style=\"width: 40.0469px;height: 72px\">1.<\/td> <td style=\"width: 824.953px;height: 72px\"><span data-contrast=\"auto\">D\u00e9nes L, Horv\u00e1th DG, Duran O, Ratkhjen PH, Kraft C, Acs B, Sz\u00e1sz AM, R\u00fcmenapf T, Papp M, Ladinig A, Balka G (2021): In Situ Hybridization of PRRSV-1 Combined with Digital Image Analysis in Lung Tissues of Pigs Challenged with PRRSV-1. Veterinary Science. 8:235<\/span><\/td> <\/tr> <tr style=\"height: 48px\"> <td style=\"width: 40.0469px;height: 48px\">2.<\/td> <td style=\"width: 824.953px;height: 48px\"><span data-contrast=\"auto\">Horv\u00e1th DG, S\u00f3s E, D\u00e9nes L, D\u00e1n \u00c1, Biksi I, Balka G (2020): Az elef\u00e1ntok endotheliotropikus herpeszv\u00edrusa, Irodalmi \u00f6sszefoglal\u00f3. Magyar Allatorvosok Lapja. 142:303-312<\/span><\/td> <\/tr> <tr style=\"height: 25px\"> <td style=\"width: 40.0469px;height: 25px\">3.<\/td> <td style=\"width: 824.953px;height: 25px\">\u00a0Horv\u00e1th DG, T\u00f3th G, Lencse Z, Balka G (2021): Multirezisztens <i style=\"font-family: inherit;font-size: inherit\"><span data-contrast=\"auto\">Enterococcus faecium<\/span><\/i><span style=\"font-family: inherit;font-size: inherit\" data-contrast=\"auto\"> okozta gerincvel\u0151burok-gyullad\u00e1s kuty\u00e1ban. Magyar Allatorvosok Lapja. 143:451-464<\/span><\/td> <\/tr> <\/tbody> <\/table> <p>&nbsp;<\/p>","protected":false},"excerpt":{"rendered":"<p>Bemutatkoz\u00e1s 2020 \u00f3ta harmad \u00e9s negyed\u00e9ves \u00e1llatorvostan-hallgat\u00f3knak k\u00f3rbonctani gyakorlatokat, 11. f\u00e9l\u00e9ves hallgat\u00f3knak labordiagnosztik\u00e1t tartok magyar \u00e9s angol nyelven.\u00a0 F\u0151bb kutat\u00e1si ter\u00fcletek Digit\u00e1lis patol\u00f3gia \u00e1llatorvosi alkalmaz\u00e1sa, k\u00fcl\u00f6n\u00f6sen egyes v\u00edrusos sert\u00e9sbetegs\u00e9gek k\u00f3rsz\u00f6vettani elv\u00e1ltoz\u00e1sai eset\u00e9n.\u00a0 El\u0151rehalad\u00e1s Hallgat\u00f3k\u00e9nt r\u00e9szt vettem a mentor programban, valamint demonstr\u00e1tork\u00e9nt harmad\u00e9vesek k\u00f3rbonctani gyakorlatain seg\u00e9dkeztem. 2020-ban szereztem \u00e1llatorvosi diplom\u00e1t summa cum laude min\u0151s\u00edt\u00e9sben \u00e9s kezdtem<\/p>\n","protected":false},"author":5824,"featured_media":0,"parent":858,"menu_order":210,"comment_status":"closed","ping_status":"closed","template":"","meta":{"_acf_changed":false,"footnotes":""},"categories":[56],"tags":[],"class_list":["post-4240","page","type-page","status-publish","hentry","category-munkatarsak"],"acf":[],"_links":{"self":[{"href":"https:\/\/univet.hu\/hu\/wp-json\/wp\/v2\/pages\/4240","targetHints":{"allow":["GET"]}}],"collection":[{"href":"https:\/\/univet.hu\/hu\/wp-json\/wp\/v2\/pages"}],"about":[{"href":"https:\/\/univet.hu\/hu\/wp-json\/wp\/v2\/types\/page"}],"author":[{"embeddable":true,"href":"https:\/\/univet.hu\/hu\/wp-json\/wp\/v2\/users\/5824"}],"replies":[{"embeddable":true,"href":"https:\/\/univet.hu\/hu\/wp-json\/wp\/v2\/comments?post=4240"}],"version-history":[{"count":2,"href":"https:\/\/univet.hu\/hu\/wp-json\/wp\/v2\/pages\/4240\/revisions"}],"predecessor-version":[{"id":202434,"href":"https:\/\/univet.hu\/hu\/wp-json\/wp\/v2\/pages\/4240\/revisions\/202434"}],"up":[{"embeddable":true,"href":"https:\/\/univet.hu\/hu\/wp-json\/wp\/v2\/pages\/858"}],"wp:attachment":[{"href":"https:\/\/univet.hu\/hu\/wp-json\/wp\/v2\/media?parent=4240"}],"wp:term":[{"taxonomy":"category","embeddable":true,"href":"https:\/\/univet.hu\/hu\/wp-json\/wp\/v2\/categories?post=4240"},{"taxonomy":"post_tag","embeddable":true,"href":"https:\/\/univet.hu\/hu\/wp-json\/wp\/v2\/tags?post=4240"}],"curies":[{"name":"wp","href":"https:\/\/api.w.org\/{rel}","templated":true}]}}