{"id":4243,"date":"2017-03-07T12:53:00","date_gmt":"2017-03-07T11:53:00","guid":{"rendered":"http:\/\/univet.hu\/egyetem\/munkatarsak\/lehel-jozsef\/"},"modified":"2026-02-10T04:01:15","modified_gmt":"2026-02-10T03:01:15","slug":"lehel-jozsef","status":"publish","type":"page","link":"https:\/\/univet.hu\/hu\/egyetem\/munkatarsak\/lehel-jozsef\/","title":{"rendered":"Lehel J\u00f3zsef"},"content":{"rendered":"<p style=\"text-align: center\"><strong><span style=\"font-size: 14pt\">Bemutatkoz\u00e1s<\/span>\u00a0\u00a0<\/strong><\/p> <p><strong>F\u0151bb kutat\u00e1si ter\u00fcletek:<\/strong><\/p> <ul> <li>\u00a0\u00a0\u00a0 K\u00fcl\u00f6nb\u00f6z\u0151 anyagok toxikus interakci\u00f3inak vizsg\u00e1lata<\/li> <li>\u00a0\u00a0\u00a0 \u00c1llatgy\u00f3gy\u00e1szati k\u00e9sz\u00edtm\u00e9nyek c\u00e9l\u00e1llat-biztons\u00e1gi vizsg\u00e1lata<\/li> <li>\u00a0\u00a0\u00a0 Xenobiotikumok toxikol\u00f3giai, farmakokinetikai \u00e9s reziduum vizsg\u00e1lata<\/li> <li>\u00a0\u00a0\u00a0 Preklinikai toxikol\u00f3giai vizsg\u00e1latok<\/li> <li>\u00a0\u00a0\u00a0 \u00c9lelmiszer-toxikol\u00f3giai vizsg\u00e1latok<\/li> <li>\u00a0\u00a0\u00a0 K\u00f6rnyezet-toxikol\u00f3giai vizsg\u00e1latok<\/li> <\/ul> <p>&nbsp;<\/p> <p><strong>El\u0151rehalad\u00e1s<\/strong><\/p> <table style=\"height: 311px\" width=\"1064\"> <tbody> <tr style=\"height: 10px\"> <td style=\"width: 191.983px;height: 10px;text-align: center\">Munkahely<\/td> <td style=\"width: 526.85px;height: 10px;text-align: center\">Int\u00e9zm\u00e9ny neve<\/td> <td style=\"width: 323.167px;height: 10px;text-align: center\">Beoszt\u00e1s<\/td> <\/tr> <tr style=\"height: 62px\"> <td style=\"width: 191.983px;height: 62px;text-align: center\">2014. 07. 01.-<\/td> <td style=\"width: 526.85px;height: 62px;text-align: center\"> <p>\u00c1llatorvostudom\u00e1nyi Egyetem<\/p> <p>\u00c9lelmiszer-higi\u00e9niai Tansz\u00e9k<\/td> <td style=\"width: 323.167px;height: 62px;text-align: center\">egyetemi docens<\/td> <\/tr> <tr style=\"height: 60px\"> <td style=\"width: 191.983px;height: 60px;text-align: center\">2014-<\/td> <td style=\"width: 526.85px;height: 60px;text-align: center\">Pannon Egyetem Georgikon Kar<\/td> <td style=\"width: 323.167px;height: 60px;text-align: center\">egyetemi mag\u00e1ntan\u00e1r<\/td> <\/tr> <tr style=\"height: 10px\"> <td style=\"width: 191.983px;height: 10px;text-align: center\">2001-2014<\/td> <td style=\"width: 526.85px;height: 10px;text-align: center\"> <p>Szent Istv\u00e1n Egyetem \u00c1llatorvos-tudom\u00e1nyi Kar<\/p> <p>Gy\u00f3gyszertani \u00e9s M\u00e9regtani Tansz\u00e9k<\/td> <td style=\"width: 323.167px;height: 10px;text-align: center\"> <p>egyetemi docens<\/p> <p>&nbsp;<\/td> <\/tr> <tr style=\"height: 27px\"> <td style=\"width: 191.983px;height: 27px;text-align: center\">2000-2006<\/td> <td style=\"width: 526.85px;height: 27px;text-align: center\"> <p>Szent Istv\u00e1n Egyetem \u00c1llatorvos-tudom\u00e1nyi Kar<\/p> <p>Gy\u00f3gyszertani \u00e9s M\u00e9regtani Tansz\u00e9k<\/td> <td style=\"width: 323.167px;height: 27px;text-align: center\">tansz\u00e9kvezet\u0151-helyettes<\/td> <\/tr> <tr style=\"height: 10px\"> <td style=\"width: 191.983px;height: 10px;text-align: center\">2000-2001<\/td> <td style=\"width: 526.85px;height: 10px;text-align: center\"> <p>Szent Istv\u00e1n Egyetem \u00c1llatorvos-tudom\u00e1nyi Kar<\/p> <p>Gy\u00f3gyszertani \u00e9s M\u00e9regtani Tansz\u00e9k<\/td> <td style=\"width: 323.167px;height: 10px;text-align: center\">tudom\u00e1nyos f\u0151munkat\u00e1rs<\/td> <\/tr> <tr style=\"height: 33px\"> <td style=\"width: 191.983px;height: 33px;text-align: center\">1999-2000<\/td> <td style=\"width: 526.85px;height: 33px;text-align: center\"> <p>\u00c1llatorvostudom\u00e1nyi Egyetem<\/p> <p>Gy\u00f3gyszertani \u00e9s M\u00e9regtani Tansz\u00e9k<\/td> <td style=\"width: 323.167px;height: 33px;text-align: center\">tansz\u00e9kvezet\u0151-helyettes<\/td> <\/tr> <tr style=\"height: 16px\"> <td style=\"width: 191.983px;height: 16px;text-align: center\">1999-2000<\/td> <td style=\"width: 526.85px;height: 16px;text-align: center\"> <p>\u00c1llatorvostudom\u00e1nyi Egyetem<\/p> <p>Gy\u00f3gyszertani \u00e9s M\u00e9regtani Tansz\u00e9k<\/td> <td style=\"width: 323.167px;height: 16px;text-align: center\">tudom\u00e1nyos f\u0151munkat\u00e1rs<\/td> <\/tr> <tr style=\"height: 51px\"> <td style=\"width: 191.983px;height: 51px;text-align: center\">1997-1999<\/td> <td style=\"width: 526.85px;height: 51px;text-align: center\"> <p>\u00c1llatorvostudom\u00e1nyi Egyetem<\/p> <p>Gy\u00f3gyszertani \u00e9s M\u00e9regtani Tansz\u00e9k<\/td> <td style=\"width: 323.167px;height: 51px;text-align: center\">tudom\u00e1nyos munkat\u00e1rs<\/td> <\/tr> <tr style=\"height: 10px\"> <td style=\"width: 191.983px;height: 10px;text-align: center\">1987-1997<\/td> <td style=\"width: 526.85px;height: 10px;text-align: center\"> <p>\u00c1llatorvostudom\u00e1nyi Egyetem<\/p> <p>Gy\u00f3gyszertani \u00e9s M\u00e9regtani Tansz\u00e9k<\/td> <td style=\"width: 323.167px;height: 10px;text-align: center\">tudom\u00e1nyos seg\u00e9dmunkat\u00e1rs<\/td> <\/tr> <tr style=\"height: 22px\"> <td style=\"width: 191.983px;height: 22px;text-align: center\">1985-87<\/td> <td style=\"width: 526.85px;height: 22px;text-align: center\">Gy\u00f3gyszerkutat\u00f3 Int\u00e9zet<\/td> <td style=\"width: 323.167px;height: 22px;text-align: center\">tudom\u00e1nyos seg\u00e9dmunkat\u00e1rs<\/td> <\/tr> <\/tbody> <\/table> <p><strong>\u00a0<\/strong><strong>Szakmai szervezeti tags\u00e1g<\/strong><\/p> <table style=\"height: 615px\" width=\"1076\"> <tbody> <tr style=\"height: 61px\"> <td style=\"width: 606.25px;height: 61px;text-align: center\"><strong>Bizotts\u00e1g neve<\/strong><\/td> <td style=\"width: 164.567px;height: 61px;text-align: center\"><strong>Id\u0151<\/strong><\/td> <td style=\"width: 283.183px;height: 61px;text-align: center\"><strong>Tiszts\u00e9g<\/strong><\/td> <\/tr> <tr style=\"height: 10px\"> <td style=\"width: 606.25px;height: 10px;text-align: center\"> <p>European Association for Veterinary Pharmacology<\/p> <p>and Toxicology (EAVPT)<\/td> <td style=\"width: 164.567px;height: 10px;text-align: center\">1988-<\/td> <td style=\"width: 283.183px;height: 10px;text-align: center\">tag<\/td> <\/tr> <tr style=\"height: 105px\"> <td style=\"width: 606.25px;height: 105px;text-align: center\">\u00c1llatorvosi Farmakoter\u00e1piai \u00e9s Toxikol\u00f3giai T\u00e1rsas\u00e1g<\/td> <td style=\"width: 164.567px;height: 105px;text-align: center\"> <p>1991-\u00a0\u00a0\u00a0\u00a0\u00a0\u00a0\u00a0\u00a0\u00a0\u00a0\u00a0 2009<\/p> <p>2002-2009<\/td> <td style=\"width: 283.183px;height: 105px;text-align: center\"> <p>tag<\/p> <p>titk\u00e1r<\/td> <\/tr> <tr style=\"height: 61px\"> <td style=\"width: 606.25px;height: 61px;text-align: center\">Munkahelyi \u00c1llatk\u00eds\u00e9rleti Bizotts\u00e1g<\/td> <td style=\"width: 164.567px;height: 61px;text-align: center\">2001-\u00a0\u00a0\u00a0\u00a0\u00a0\u00a0\u00a0\u00a0\u00a0\u00a0\u00a0 2006<\/td> <td style=\"width: 283.183px;height: 61px;text-align: center\">eln\u00f6k<\/td> <\/tr> <tr style=\"height: 63px\"> <td style=\"width: 606.25px;height: 63px;text-align: center\">K\u00f6zalkalmazotti Tan\u00e1cs (Szent Istv\u00e1n Egyetem)<\/td> <td style=\"width: 164.567px;height: 63px;text-align: center\"> <p>2004- 2016<\/p> <p>2008-2016<\/td> <td style=\"width: 283.183px;height: 63px;text-align: center\"> <p>tag<\/p> <p>eln\u00f6khelyettes<\/td> <\/tr> <tr style=\"height: 193px\"> <td style=\"width: 606.25px;height: 193px;text-align: center\">Magyar Toxikol\u00f3gusok T\u00e1rsas\u00e1ga<\/td> <td style=\"width: 164.567px;height: 193px;text-align: center\"> <p>2006-2007<\/p> <p>2007-2010<\/p> <p>2010-2016<\/p> <p>2016-<\/td> <td style=\"width: 283.183px;height: 193px;text-align: center\"> <p>tag<\/p> <p>vezet\u0151s\u00e9gi tag<\/p> <p>tudom\u00e1nyos titk\u00e1r<\/p> <p>vezet\u0151s\u00e9gi tag<\/td> <\/tr> <tr style=\"height: 61px\"> <td style=\"width: 606.25px;height: 61px;text-align: center\">International Journal of Clinical Research &amp; Drug Development<\/td> <td style=\"width: 164.567px;height: 61px;text-align: center\">2008-<\/td> <td style=\"width: 283.183px;height: 61px;text-align: center\">szerkeszt\u0151bizotts\u00e1gi tag<\/td> <\/tr> <tr style=\"height: 61px\"> <td style=\"width: 606.25px;height: 61px;text-align: center\">Labor\u00e1llat-tudom\u00e1nyi T\u00e1rsas\u00e1g<\/td> <td style=\"width: 164.567px;height: 61px;text-align: center\">2009-<\/td> <td style=\"width: 283.183px;height: 61px;text-align: center\">tag<\/td> <\/tr> <\/tbody> <\/table> <p>&nbsp;<\/p> <p><strong>Eddigi szakdolgozat\/TDK hallgat\u00f3k sz\u00e1ma<\/strong><\/p> <p>48<\/p> <table width=\"569\"> <tbody> <tr> <td colspan=\"2\" width=\"569\"><strong>PhD-hallgat\u00f3k<\/strong><\/td> <\/tr> <\/tbody> <\/table> <table> <tbody> <tr> <td width=\"198\">\u00a0N\u00e9v<\/td> <td width=\"189\">\u00c9v<\/td> <\/tr> <tr> <td width=\"198\">Gr\u00faz Adrienn<\/td> <td width=\"189\">2019.<\/td> <\/tr> <tr> <td width=\"198\">Szemer\u00e9dy G\u00e9za<\/td> <td width=\"189\">2018 (abszolut\u00f3rium)<\/td> <\/tr> <tr> <td width=\"198\">Somody Gerg\u0151<\/td> <td width=\"189\">2020 (abszolut\u00f3rium)<\/td> <\/tr> <tr> <td width=\"198\">Saidon Nadhirah Binti<\/td> <td width=\"189\">2021-<\/td> <\/tr> <\/tbody> <\/table> <p><strong>\u00a0<\/strong><\/p> <p><strong>Publik\u00e1ci\u00f3s lista (Top10)<\/strong><\/p> <p>MTMT:\u00a0 <a href=\"https:\/\/m2.mtmt.hu\/gui2\/?type=authors&amp;mode=browse&amp;sel=10002251&amp;view=simpleList\">https:\/\/m2.mtmt.hu\/gui2\/?type=authors&amp;mode=browse&amp;sel=10002251&amp;view=simpleList<\/a><\/p> <table style=\"height: 774px;width: 1054px\" width=\"967\"> <tbody> <tr style=\"height: 10px\"> <td style=\"width: 69.1px;height: 10px\">1.<\/td> <td style=\"width: 968.9px;height: 10px\">K\u0151v\u00e1g\u00f3, Cs.-Szekeres, B.-Sz\u0171cs-Somly\u00f3, \u00c9.-M\u00e1jlinger, K.-Jerzsele, \u00c1.-Lehel, J.: Preliminary study to investigate the distribution and effects of certain metals after inhalation of welding fumes. Environmental Science and Pollution Reasearch, 2022. <a href=\"https:\/\/doi.org\/10.1007\/s11356-022-19234-7\">https:\/\/doi.org\/10.1007\/s11356-022-19234-7<\/a><\/td> <\/tr> <tr style=\"height: 61px\"> <td style=\"width: 69.1px;height: 61px\">2.<\/td> <td style=\"width: 968.9px;height: 61px\">Lehel, J.-Gr\u00faz, A.-Bartha, A.-Pint\u00e9r, I.-L\u00e9n\u00e1rt, Z.-Major, L.-Menyh\u00e1rt, L.-Szab\u00f3, R.-Budai, P.: Comparison of metal burden in different muscle tissues of Great cormorant (Phalacrocorax carbo). Environmental Science and Pollution Reasearch, 2022. 29. 2375\u20132384. DOI <a href=\"https:\/\/doi.org\/10.1007\/s11356-021-15600-z\">https:\/\/doi.org\/10.1007\/s11356-021-15600-z<\/a><\/td> <\/tr> <tr style=\"height: 83px\"> <td style=\"width: 69.1px;height: 83px\">3.<\/td> <td style=\"width: 968.9px;height: 83px\">L\u00e1nyi, K.-Darnay, L.-L\u00e1szl\u00f3, N.-Lehel, J.-Friedrich, L.-Gy\u0151ri, R.-Laczay, P.: Transfer of certain beta-lactam antibiotics from cow\u2019s milk to fresh cheese and whey. Food Additives and Contaminants Part A, 2022. 39. 52-60., <a href=\"https:\/\/doi.org\/10.1080\/19440049.2021.1973114\">https:\/\/doi.org\/10.1080\/19440049.2021.1973114<\/a><\/td> <\/tr> <tr style=\"height: 87px\"> <td style=\"width: 69.1px;height: 87px\">4.<\/td> <td style=\"width: 968.9px;height: 87px\">Lehel, J.-R. Yaucat-Guendi-L. Darnay-P. Palot\u00e1s-P. Laczay: Possible food safety hazards of ready-to-eat raw fish containing product (sushi, sashimi). Critical Reviews in Food Science and Nutrition, 2021. 61. 867-888., <a href=\"https:\/\/doi.org\/10.1080\/10408398.2020.1749024\">https:\/\/doi.org\/10.1080\/10408398.2020.1749024<\/a><\/td> <\/tr> <tr style=\"height: 87px\"> <td style=\"width: 69.1px;height: 87px\">5.<\/td> <td style=\"width: 968.9px;height: 87px\">Lehel, J.-Szemer\u00e9dy, G.-Szab\u00f3, R.-Major, L.-Gr\u00faz, A.-Budai, P.: Reproductive toxicological changes on avian embryos due to pesticide and environmental contaminant. Acta Veterinaria Hungarica, 2021. 69. 363-371., <a href=\"https:\/\/doi.org\/10.1556\/004.2021.00043\">https:\/\/doi.org\/10.1556\/004.2021.00043<\/a><\/td> <\/tr> <tr style=\"height: 63px\"> <td style=\"width: 69.1px;height: 63px\">6.<\/td> <td style=\"width: 968.9px;height: 63px\">Lehel, J.-Sadhbh Murphy: Microplastic in the food chain \u2013 Food Safety and Environmental aspects. Reviews of Environmental Contamination and Toxicology, 2021. 259. 1-49. <a href=\"https:\/\/doi.org\/10.1007\/398_2021_77\">https:\/\/doi.org\/10.1007\/398_2021_77<\/a><\/td> <\/tr> <tr style=\"height: 99px\"> <td style=\"width: 69.1px;height: 99px\">7.<\/td> <td style=\"width: 968.9px;height: 99px\">Budai, P.-Kormos, \u00c9.-Buda, I.-Somody, G.-Lehel, J.: Comparative evaluation of HET-CAM and ICE methods for objective assessment of ocular irritation caused by selected pesticide products. Toxicology in Vitro 74. (2021). 105150. DOI: <a href=\"https:\/\/doi.org\/10.1016\/j.tiv.2021.105150\">https:\/\/doi.org\/10.1016\/j.tiv.2021.105150<\/a><\/td> <\/tr> <tr style=\"height: 107px\"> <td style=\"width: 69.1px;height: 107px\">8.<\/td> <td style=\"width: 968.9px;height: 107px\">Palot\u00e1s, P.-Palot\u00e1s Jr., P.-J\u00f3n\u00e1s, G.-Lehel, J.-Friedrich, L.: Preservative effect of novel combined treatment with electrolyzed active water and lysozyme enzyme to increase the storage life of vacuum packaged carp. Journal of Food Quality, 2020. 2020(5): 1-7., Article ID 4861471, <a href=\"https:\/\/doi.org\/10.1155\/2020\/4861471\">https:\/\/doi.org\/10.1155\/2020\/4861471<\/a><\/td> <\/tr> <tr style=\"height: 75px\"> <td style=\"width: 69.1px;height: 75px\">9.<\/td> <td style=\"width: 968.9px;height: 75px\">Gr\u00faz, A.-Mackle, O.-Bartha, A.-Szab\u00f3, R.-D\u00e9ri, J.-Budai, P.-Lehel, J.: Biomonitoring of toxic metals in feathers of predatory birds from Eastern Regions of Hungary. Environmental Science and Pollution Research, 2019. 26. 26324-26331, <a href=\"https:\/\/doi.org\/10.1007\/s11356-019-05723-9\">https:\/\/doi.org\/10.1007\/s11356-019-05723-9<\/a><\/td> <\/tr> <tr style=\"height: 102px\"> <td style=\"width: 69.1px;height: 102px\">10.<\/td> <td style=\"width: 968.9px;height: 102px\">Lehel, J.-Bartha, A.-Dank\u00f3, D.- L\u00e1nyi, K.-Laczay, P.: Heavy metals in seafood purchased from a fishery market in Hungary. 2018. Food Additives &amp; Contaminants: Part B, 11. 302-308. <a href=\"https:\/\/doi.org\/10.1080\/19393210.2018.1505781\">https:\/\/doi.org\/10.1080\/19393210.2018.1505781<\/a><\/td> <\/tr> <\/tbody> <\/table> <p>&nbsp;<\/p> <p>&nbsp;<\/p>","protected":false},"excerpt":{"rendered":"<p>Bemutatkoz\u00e1s\u00a0\u00a0 F\u0151bb kutat\u00e1si ter\u00fcletek: \u00a0\u00a0\u00a0 K\u00fcl\u00f6nb\u00f6z\u0151 anyagok toxikus interakci\u00f3inak vizsg\u00e1lata \u00a0\u00a0\u00a0 \u00c1llatgy\u00f3gy\u00e1szati k\u00e9sz\u00edtm\u00e9nyek c\u00e9l\u00e1llat-biztons\u00e1gi vizsg\u00e1lata \u00a0\u00a0\u00a0 Xenobiotikumok toxikol\u00f3giai, farmakokinetikai \u00e9s reziduum vizsg\u00e1lata \u00a0\u00a0\u00a0 Preklinikai toxikol\u00f3giai vizsg\u00e1latok \u00a0\u00a0\u00a0 \u00c9lelmiszer-toxikol\u00f3giai vizsg\u00e1latok \u00a0\u00a0\u00a0 K\u00f6rnyezet-toxikol\u00f3giai vizsg\u00e1latok &nbsp; El\u0151rehalad\u00e1s Munkahely Int\u00e9zm\u00e9ny neve Beoszt\u00e1s 2014. 07. 01.- \u00c1llatorvostudom\u00e1nyi Egyetem \u00c9lelmiszer-higi\u00e9niai Tansz\u00e9k egyetemi docens 2014- Pannon Egyetem Georgikon Kar egyetemi mag\u00e1ntan\u00e1r 2001-2014<\/p>\n","protected":false},"author":5824,"featured_media":0,"parent":858,"menu_order":211,"comment_status":"closed","ping_status":"closed","template":"","meta":{"_acf_changed":false,"footnotes":""},"categories":[56],"tags":[],"class_list":["post-4243","page","type-page","status-publish","hentry","category-munkatarsak"],"acf":[],"_links":{"self":[{"href":"https:\/\/univet.hu\/hu\/wp-json\/wp\/v2\/pages\/4243","targetHints":{"allow":["GET"]}}],"collection":[{"href":"https:\/\/univet.hu\/hu\/wp-json\/wp\/v2\/pages"}],"about":[{"href":"https:\/\/univet.hu\/hu\/wp-json\/wp\/v2\/types\/page"}],"author":[{"embeddable":true,"href":"https:\/\/univet.hu\/hu\/wp-json\/wp\/v2\/users\/5824"}],"replies":[{"embeddable":true,"href":"https:\/\/univet.hu\/hu\/wp-json\/wp\/v2\/comments?post=4243"}],"version-history":[{"count":1,"href":"https:\/\/univet.hu\/hu\/wp-json\/wp\/v2\/pages\/4243\/revisions"}],"predecessor-version":[{"id":177852,"href":"https:\/\/univet.hu\/hu\/wp-json\/wp\/v2\/pages\/4243\/revisions\/177852"}],"up":[{"embeddable":true,"href":"https:\/\/univet.hu\/hu\/wp-json\/wp\/v2\/pages\/858"}],"wp:attachment":[{"href":"https:\/\/univet.hu\/hu\/wp-json\/wp\/v2\/media?parent=4243"}],"wp:term":[{"taxonomy":"category","embeddable":true,"href":"https:\/\/univet.hu\/hu\/wp-json\/wp\/v2\/categories?post=4243"},{"taxonomy":"post_tag","embeddable":true,"href":"https:\/\/univet.hu\/hu\/wp-json\/wp\/v2\/tags?post=4243"}],"curies":[{"name":"wp","href":"https:\/\/api.w.org\/{rel}","templated":true}]}}