{"id":4252,"date":"2016-08-02T14:12:00","date_gmt":"2016-08-02T12:12:00","guid":{"rendered":"http:\/\/univet.hu\/egyetem\/munkatarsak\/lessi-peter\/"},"modified":"2026-02-10T04:02:08","modified_gmt":"2026-02-10T03:02:08","slug":"marfoldi-csilla","status":"publish","type":"page","link":"https:\/\/univet.hu\/hu\/egyetem\/munkatarsak\/marfoldi-csilla\/","title":{"rendered":"M\u00e1rf\u00f6ldi Csilla"},"content":{"rendered":"<p>Tanulm\u00e1nyi \u00fcgyint\u00e9z\u0151<\/p> <p>Angol 3. \u00e9vfolyam \u00e9s 3. \u00e9v ut\u00e1ni inakt\u00edv hallgat\u00f3k<\/p>","protected":false},"excerpt":{"rendered":"<p>Tanulm\u00e1nyi \u00fcgyint\u00e9z\u0151 Angol 3. \u00e9vfolyam \u00e9s 3. \u00e9v ut\u00e1ni inakt\u00edv hallgat\u00f3k<\/p>\n","protected":false},"author":5824,"featured_media":0,"parent":858,"menu_order":211,"comment_status":"closed","ping_status":"closed","template":"","meta":{"_acf_changed":false,"footnotes":""},"categories":[56],"tags":[],"class_list":["post-4252","page","type-page","status-publish","hentry","category-munkatarsak"],"acf":[],"_links":{"self":[{"href":"https:\/\/univet.hu\/hu\/wp-json\/wp\/v2\/pages\/4252","targetHints":{"allow":["GET"]}}],"collection":[{"href":"https:\/\/univet.hu\/hu\/wp-json\/wp\/v2\/pages"}],"about":[{"href":"https:\/\/univet.hu\/hu\/wp-json\/wp\/v2\/types\/page"}],"author":[{"embeddable":true,"href":"https:\/\/univet.hu\/hu\/wp-json\/wp\/v2\/users\/5824"}],"replies":[{"embeddable":true,"href":"https:\/\/univet.hu\/hu\/wp-json\/wp\/v2\/comments?post=4252"}],"version-history":[{"count":6,"href":"https:\/\/univet.hu\/hu\/wp-json\/wp\/v2\/pages\/4252\/revisions"}],"predecessor-version":[{"id":197497,"href":"https:\/\/univet.hu\/hu\/wp-json\/wp\/v2\/pages\/4252\/revisions\/197497"}],"up":[{"embeddable":true,"href":"https:\/\/univet.hu\/hu\/wp-json\/wp\/v2\/pages\/858"}],"wp:attachment":[{"href":"https:\/\/univet.hu\/hu\/wp-json\/wp\/v2\/media?parent=4252"}],"wp:term":[{"taxonomy":"category","embeddable":true,"href":"https:\/\/univet.hu\/hu\/wp-json\/wp\/v2\/categories?post=4252"},{"taxonomy":"post_tag","embeddable":true,"href":"https:\/\/univet.hu\/hu\/wp-json\/wp\/v2\/tags?post=4252"}],"curies":[{"name":"wp","href":"https:\/\/api.w.org\/{rel}","templated":true}]}}