{"id":4258,"date":"2016-08-02T14:12:00","date_gmt":"2016-08-02T12:12:00","guid":{"rendered":"http:\/\/univet.hu\/egyetem\/munkatarsak\/losonczi-eszter\/"},"modified":"2026-02-10T04:01:18","modified_gmt":"2026-02-10T03:01:18","slug":"losonczi-eszter","status":"publish","type":"page","link":"https:\/\/univet.hu\/hu\/egyetem\/munkatarsak\/losonczi-eszter\/","title":{"rendered":"Losonczi Eszter"},"content":{"rendered":"<p style=\"text-align: center;\"><span style=\"font-size: 14pt;\">Bemutatkoz\u00e1s<\/span><\/p> <p>Losonczi Eszter 1998-ban v\u00e9gzett az \u00c1llatorvostudom\u00e1nyi Egyetemen, ezut\u00e1n k\u00e9t \u00e9vig egy neves hazai m\u00e9nesben, majd \u00fajabb k\u00e9t \u00e9vig egy f\u0151v\u00e1rosi kis\u00e1llatrendel\u0151ben dolgozott. Gyermekei sz\u00fclet\u00e9se ut\u00e1n kutat\u00f3k\u00e9nt helyezkedett el, kutat\u00e1sai sor\u00e1n embri\u00f3k fejl\u0151d\u00e9si dinamik\u00e1j\u00e1t, valamint ivarsejtek \u00e9s embri\u00f3k stressz-el\u0151kezel\u00e9s\u00e9nek lehet\u0151s\u00e9geit vizsg\u00e1lta. E kutat\u00f3munka kapcs\u00e1n t\u00e9rt vissza az Egyetemre, ahol kezdetben az \u00c1llatteny\u00e9szt\u00e9si Tansz\u00e9ken, majd pedig, ahogy jelenleg is, az \u00c1llathigi\u00e9niai Tansz\u00e9ken dolgozik. 2019-ben PhD fokozatot szerzett. Kutat\u00e1saival p\u00e1rhuzamosan \u00e9rdekl\u0151d\u00e9se fokozatosan a sert\u00e9s faj ir\u00e1ny\u00e1ba fordult, oktat\u00f3i munk\u00e1ja sor\u00e1n a sert\u00e9steny\u00e9szt\u00e9ssel, -etol\u00f3gi\u00e1val, \u00e9s sert\u00e9s \u00e1llom\u00e1ny-eg\u00e9szs\u00e9gtannal kapcsolatos el\u0151ad\u00e1sokat \u00e9s mobilklinikai gyakorlatokat tartotta \u00e9s r\u00e9szben tartja jelenleg is. 2021\u201323 k\u00f6z\u00f6tt sert\u00e9s-eg\u00e9szs\u00e9g\u00fcgyi szak\u00e1llatorvos k\u00e9pz\u00e9sen vesz r\u00e9szt.<\/p> <p>&nbsp;<\/p> <p>F\u0151bb kutat\u00e1si ter\u00fcletek:<\/p> <ul> <li>embri\u00f3k fejl\u0151d\u00e9si dinamik\u00e1j\u00e1nak vizsg\u00e1lata<\/li> <li>embri\u00f3k fejl\u0151d\u00e9s\u00e9nek megfigyel\u00e9s\u00e9t el\u0151seg\u00edt\u0151 time-lapse mikroszk\u00f3p fejleszt\u00e9se<\/li> <li>sejtek, sz\u00f6vetek ellen\u00e1ll\u00f3k\u00e9pess\u00e9g\u00e9nek n\u00f6vel\u00e9se magas hidrosztatikus nyom\u00e1ssal v\u00e9gzett stressz-el\u0151kezel\u00e9s seg\u00edts\u00e9g\u00e9vel<\/li> <li>magas hidrosztatikus nyom\u00e1ssal t\u00f6rt\u00e9n\u0151 stressz-el\u0151kezel\u00e9s elv\u00e9gz\u00e9s\u00e9t lehet\u0151v\u00e9 tev\u0151 eszk\u00f6z fejleszt\u00e9se<\/li> <li>sert\u00e9s \u00e1llom\u00e1ny-eg\u00e9szs\u00e9gtan<\/li> <\/ul> <p>&nbsp;<\/p> <p>El\u0151rehalad\u00e1s<\/p> <p>2009 \u2013 \u00a0\u00a0\u00a0\u00a0\u00a0\u00a0\u00a0\u00a0\u00a0\u00a0 \u00c1llatorvostudom\u00e1nyi Egyetem \u00a0\u00a0\u00a0\u00a0\u00a0\u00a0\u00a0\u00a0\u00a0\u00a0\u00a0\u00a0\u00a0\u00a0\u00a0\u00a0\u00a0\u00a0\u00a0\u00a0 egy. tan\u00e1rseg\u00e9d, majd adjunktus<\/p> <p>2014 \u2013 2018 \u00a0 Applied Cell Technology Kft.\u00a0\u00a0\u00a0\u00a0\u00a0\u00a0\u00a0\u00a0\u00a0\u00a0\u00a0\u00a0\u00a0\u00a0\u00a0\u00a0\u00a0\u00a0\u00a0\u00a0\u00a0\u00a0\u00a0\u00a0 kutat\u00e1si projekt vezet\u0151<\/p> <p>2008 \u2013 2016 \u00a0 Cryo-Innovation, majd Vitrolife Kft.\u00a0\u00a0\u00a0\u00a0\u00a0\u00a0\u00a0\u00a0\u00a0\u00a0\u00a0\u00a0\u00a0\u00a0 kutat\u00f3 embriol\u00f3gus<\/p> <p>2001 \u2013 2003 \u00a0 Zugl\u00f3i \u00c1llatorvosi Rendel\u0151\u00a0\u00a0\u00a0\u00a0\u00a0\u00a0\u00a0\u00a0\u00a0\u00a0\u00a0\u00a0\u00a0\u00a0\u00a0\u00a0\u00a0\u00a0\u00a0\u00a0\u00a0\u00a0\u00a0\u00a0\u00a0\u00a0 \u00a0 \u00a0 \u00a0 \u00a0 \u00a0 \u00a0 \u00e1llatorvos<\/p> <p>1999 \u2013 2001 \u00a0 \u00c1llami M\u00e9nesgazdas\u00e1g Szilv\u00e1sv\u00e1rad\u00a0\u00a0\u00a0\u00a0\u00a0\u00a0\u00a0\u00a0\u00a0\u00a0\u00a0\u00a0\u00a0\u00a0\u00a0\u00a0\u00a0\u00a0\u00a0\u00a0\u00a0\u00a0 \u00e1llatorvos<\/p> <p>&nbsp;<\/p> <p>Publik\u00e1ci\u00f3s lista<\/p> <p>MTMT: https:\/\/m2.mtmt.hu\/gui2\/?type=authors&amp;mode=browse&amp;sel=authors10023161&amp;paging=2;20<\/p> <ol> <li>Farag\u00f3 B, Koll\u00e1r T, Szab\u00f3 K, Budai C, Losonczi E, Bern\u00e1th G, Csenki-Bakos Z, Urb\u00e1nyi B, Pribenszky C, Horv\u00e1th \u00c1, Cserepes J. Stimulus-triggered enhancement of chilling tolerance in zebrafish embryos. PLoS One. 2017 Feb 6;12(2):e0171520.<\/li> <li>Bock I, Raveh-Amit H, Losonczi E, Carstea AC, Feher A, Mashayekhi K, Matyas S, Dinnyes A, Pribenszky C. Controlled hydrostatic pressure stress downregulates the expression of ribosomal genes in preimplantation embryos: a possible protection mechanism? Reprod Fertil Dev. 2016 Apr;28(6):776-84.<\/li> <li>Losonczi E, Pribenszky C. Ami nem \u00f6l meg, az meger\u0151s\u00edt &#8211; \u00faj elj\u00e1r\u00e1s az assziszt\u00e1lt reprodukci\u00f3s technik\u00e1k hat\u00e1sfok\u00e1nak n\u00f6vel\u00e9s\u00e9re. Magyar \u00c1llatorvosok Lapja 138 : 12 pp. 753-768. , 16 p. (2016)<\/li> <li>Losonczi E, Palinkas P, Meresz L, Budai C, Szabo K, Farago B, Pribenszky C. Higher motility results can be achieved by sublethal PTAT (Pressure Triggered Activation of Tolerance) treatment prior to cryopreservation in bull semen. Reprod Domest Anim. 50 : Suppl 3 pp. 64-65. Paper: P87 , 2 p. (2015)<\/li> <li>Pechan I, Fics\u00f3r L, Losonczi E, Pribenszky C. Image processing in an automated live cell imaging system. IFAC Proceedings Volumes 2012 45(18):190-5.<\/li> <li>Pribenszky C, Lin L, Du Y, Losonczi E, Dinnyes A, Vajta G. Controlled stress improves oocyte performance&#8211;cell preconditioning in assisted reproduction. Reprod Domest Anim. 2012 Aug;47 Suppl 4:197-206.<\/li> <li>Pribenszky C, Cornea M, Jando T, Losonczi E, Lang Z. The dynamics of contractions of mouse blastocysts in vitro is typical for embryo quality and may predict hatching \u2013 a time-lapse-based analysis. Reprod Fertil Dev. 2011 Dec;24(1):162-3<\/li> <li>Bock I, Losonczi E, Mamo S, Polgar Z, Harnos A, Dinnyes A, Pribenszky C. Stress tolerance and transcriptional response in mouse embryos treated with high hydrostatic pressure to enhance cryotolerance. Cryo Letters. 2010 Sep-Oct;31(5):401-12.<\/li> <li>Pribenszky C, Losonczi E, Moln\u00e1r M, Lang Z, M\u00e1ty\u00e1s S, Rajczy K, Moln\u00e1r K, Kov\u00e1cs P, Nagy P, Conceicao J, Vajta G. Prediction of in-vitro developmental competence of early cleavage-stage mouse embryos with compact time-lapse equipment. Reprod Biomed Online. 2010 Mar;20(3):371-9.<\/li> <li>Pribenszky C, M\u00e1ty\u00e1s S, Kov\u00e1cs P, Losonczi E, Z\u00e1dori J, Vajta G. Pregnancy achieved by transfer of a single blastocyst selected by time-lapse monitoring. Reprod Biomed Online. 2010 Oct;21(4):533-6.<\/li> <\/ol>","protected":false},"excerpt":{"rendered":"<p>Bemutatkoz\u00e1s Losonczi Eszter 1998-ban v\u00e9gzett az \u00c1llatorvostudom\u00e1nyi Egyetemen, ezut\u00e1n k\u00e9t \u00e9vig egy neves hazai m\u00e9nesben, majd \u00fajabb k\u00e9t \u00e9vig egy f\u0151v\u00e1rosi kis\u00e1llatrendel\u0151ben dolgozott. Gyermekei sz\u00fclet\u00e9se ut\u00e1n kutat\u00f3k\u00e9nt helyezkedett el, kutat\u00e1sai sor\u00e1n embri\u00f3k fejl\u0151d\u00e9si dinamik\u00e1j\u00e1t, valamint ivarsejtek \u00e9s embri\u00f3k stressz-el\u0151kezel\u00e9s\u00e9nek lehet\u0151s\u00e9geit vizsg\u00e1lta. E kutat\u00f3munka kapcs\u00e1n t\u00e9rt vissza az Egyetemre, ahol kezdetben az \u00c1llatteny\u00e9szt\u00e9si Tansz\u00e9ken, majd pedig,<\/p>\n","protected":false},"author":5824,"featured_media":0,"parent":858,"menu_order":211,"comment_status":"closed","ping_status":"closed","template":"","meta":{"_acf_changed":false,"footnotes":""},"categories":[56],"tags":[],"class_list":["post-4258","page","type-page","status-publish","hentry","category-munkatarsak"],"acf":[],"_links":{"self":[{"href":"https:\/\/univet.hu\/hu\/wp-json\/wp\/v2\/pages\/4258","targetHints":{"allow":["GET"]}}],"collection":[{"href":"https:\/\/univet.hu\/hu\/wp-json\/wp\/v2\/pages"}],"about":[{"href":"https:\/\/univet.hu\/hu\/wp-json\/wp\/v2\/types\/page"}],"author":[{"embeddable":true,"href":"https:\/\/univet.hu\/hu\/wp-json\/wp\/v2\/users\/5824"}],"replies":[{"embeddable":true,"href":"https:\/\/univet.hu\/hu\/wp-json\/wp\/v2\/comments?post=4258"}],"version-history":[{"count":1,"href":"https:\/\/univet.hu\/hu\/wp-json\/wp\/v2\/pages\/4258\/revisions"}],"predecessor-version":[{"id":199629,"href":"https:\/\/univet.hu\/hu\/wp-json\/wp\/v2\/pages\/4258\/revisions\/199629"}],"up":[{"embeddable":true,"href":"https:\/\/univet.hu\/hu\/wp-json\/wp\/v2\/pages\/858"}],"wp:attachment":[{"href":"https:\/\/univet.hu\/hu\/wp-json\/wp\/v2\/media?parent=4258"}],"wp:term":[{"taxonomy":"category","embeddable":true,"href":"https:\/\/univet.hu\/hu\/wp-json\/wp\/v2\/categories?post=4258"},{"taxonomy":"post_tag","embeddable":true,"href":"https:\/\/univet.hu\/hu\/wp-json\/wp\/v2\/tags?post=4258"}],"curies":[{"name":"wp","href":"https:\/\/api.w.org\/{rel}","templated":true}]}}