{"id":4264,"date":"2016-08-02T14:12:00","date_gmt":"2016-08-02T12:12:00","guid":{"rendered":"http:\/\/univet.hu\/egyetem\/munkatarsak\/lorincz-marta\/"},"modified":"2026-03-31T14:20:13","modified_gmt":"2026-03-31T12:20:13","slug":"lorincz-marta","status":"publish","type":"page","link":"https:\/\/univet.hu\/hu\/egyetem\/munkatarsak\/lorincz-marta\/","title":{"rendered":"L\u0151rincz M\u00e1rta"},"content":{"rendered":"<p style=\"text-align: center\"><strong><span style=\"font-size: 14pt\">Bemutatkoz\u00e1s<\/span><\/strong><\/p> <p>L\u0151rincz M\u00e1rta M\u00f3ron sz\u00fcletett, k\u00f6z\u00e9piskol\u00e1s tanulm\u00e1nyait k\u00f6vet\u0151en 1997-ben felv\u00e9telt nyert a budapesti \u00c1llatorvostudom\u00e1nyi Egyetemre. M\u00e1sod\u00e9vesk\u00e9nt kezdett el a Magyar Tudom\u00e1nyos Akad\u00e9mia \u00c1lltatorvos-tudom\u00e1nyi Kutat\u00f3int\u00e9zet\u00e9ben szakdolgozni. A diplom\u00e1j\u00e1t 2003-ban kapta k\u00e9zhez, majd m\u00e9g abban az \u00e9vben J\u00e1sz-Nagykun-Szolnok megy\u00e9hez ker\u00fclt, ahol gyakornokk\u00e9nt az akkori debreceni \u00c1llateg\u00e9szs\u00e9g\u00fcgyi Int\u00e9zet virol\u00f3gia oszt\u00e1ly\u00e1n kezdett el dolgozni. Ezt k\u00f6vet\u0151en (2004. szeptember\u00e9t\u0151l) az egyetem Nagy\u00e1llatklinik\u00e1j\u00e1n a K\u00f3rbonctani Oszt\u00e1lyon helyezkedett el. A SzIE \u00c1OTE J\u00e1rv\u00e1nytani \u00e9s Mikrobiol\u00f3giai Tansz\u00e9k\u00e9nek munkat\u00e1rsa 2008 febru\u00e1rja \u00f3ta. PhD fokozat\u00e1t 2014-ben szerezte meg \u201eA sert\u00e9s circov\u00edrusok evol\u00faci\u00f3ja\u201d c\u00edmmel.\u00a0Habilit\u00e1ci\u00f3j\u00e1nak id\u0151pontja 2022. szeptember, majd 2025-ben docensi kinevez\u00e9st kapott. Sert\u00e9s-szak\u00e1llatorvos 2023 \u00f3ta. A Harvard Medical School Fundamentals Immunology kurzus\u00e1t 2025-ben sikeresen elv\u00e9gezte. A tansz\u00e9ken t\u00f6lt\u00f6tt ideje alatt sz\u00e1mos hallgat\u00f3 szakdolgozat\u00e1t, TDK munk\u00e1j\u00e1t vezette, k\u00e9t PhD hallgat\u00f3ja 2024-ben v\u00e9dett.<\/p> <p><strong>F\u0151bb kutat\u00e1si ter\u00fcletek:<\/strong><\/p> <ul> <li>Az adapt\u00edv immunv\u00e1lasz m\u00f3dos\u00edt\u00e1sa antig\u00e9nprezent\u00e1ci\u00f3 sor\u00e1n<\/li> <li>Immunter\u00e1pi\u00e1s lehet\u0151s\u00e9gek daganatos megbeteged\u00e9sek eset\u00e9ben<\/li> <\/ul> <p><strong>El\u0151rehalad\u00e1s<\/strong><\/p> <table style=\"height: 178px\" width=\"976\"> <tbody> <tr> <td style=\"width: 143.9px;text-align: center\"><strong>Munkahelyek<\/strong><\/td> <td style=\"width: 633.95px;text-align: center\"><strong>Int\u00e9zm\u00e9ny neve<\/strong><\/td> <td style=\"width: 177.75px;text-align: center\"><strong>beoszt\u00e1s<\/strong><\/td> <\/tr> <tr> <td style=\"width: 143.9px;text-align: center\">2016-<\/td> <td style=\"width: 633.95px;text-align: center\">\u00c1llatorvostudom\u00e1nyi Egyetem, J\u00e1rv\u00e1nytani \u00e9s Mikrobiol\u00f3giai Tansz\u00e9k<\/td> <td style=\"width: 177.75px;text-align: center\">egyetemi adjunktus<\/td> <\/tr> <tr> <td style=\"width: 143.9px;text-align: center\">2009\u20132014<\/td> <td style=\"width: 633.95px;text-align: center\">SzIE \u00c1OTK, J\u00e1rv\u00e1nytani \u00e9s Mikrobiol\u00f3giai Tansz\u00e9k<\/td> <td style=\"width: 177.75px;text-align: center\">PhD-hallgat\u00f3<\/td> <\/tr> <tr> <td style=\"width: 143.9px;text-align: center\">2008-2009<\/td> <td style=\"width: 633.95px;text-align: center\">SzIE \u00c1OTK, J\u00e1rv\u00e1nytani \u00e9s Mikrobiol\u00f3giai Tansz\u00e9k<\/td> <td style=\"width: 177.75px;text-align: center\">tansz\u00e9ki \u00e1llatorvos<\/td> <\/tr> <tr> <td style=\"width: 143.9px;text-align: center\">2005-2007<\/td> <td style=\"width: 633.95px;text-align: center\">SzIE \u00c1OTK, Nagy\u00e1llatklinika, K\u00f3rbonctani Oszt\u00e1ly<\/td> <td style=\"width: 177.75px;text-align: center\">\u00e1llatorvos<\/td> <\/tr> <tr> <td style=\"width: 143.9px;text-align: center\">2003-2004<\/td> <td style=\"width: 633.95px;text-align: center\">J\u00e1sz-Nagykun-Szolnok megyei \u00c1llateg\u00e9szs\u00e9g\u00fcgyi Hivatal<\/td> <td style=\"width: 177.75px;text-align: center\">gyakornok<\/td> <\/tr> <\/tbody> <\/table> <p><strong>Szakmai szervezeti tags\u00e1g<\/strong><\/p> <table width=\"982\"> <tbody> <tr> <td style=\"width: 484.3px;text-align: center\"><strong>Bizotts\u00e1g neve<\/strong><\/td> <td style=\"width: 275.75px;text-align: center\"><strong>Id\u0151<\/strong><\/td> <td style=\"width: 201.55px;text-align: center\"><strong>Tiszts\u00e9g<\/strong><\/td> <\/tr> <tr> <td style=\"width: 484.3px;text-align: center\">Magyar Mikrobiol\u00f3giai T\u00e1rsas\u00e1g<\/td> <td style=\"width: 275.75px;text-align: center\"><\/td> <td style=\"width: 201.55px;text-align: center\"><\/td> <\/tr> <tr> <td style=\"width: 484.3px;text-align: center\">Magyar Zoon\u00f3zis T\u00e1rsas\u00e1g<\/td> <td style=\"width: 275.75px;text-align: center\"><\/td> <td style=\"width: 201.55px;text-align: center\"><\/td> <\/tr> <\/tbody> <\/table> <p>&nbsp;<\/p> <p><strong>Eddigi szakdolgozat\/TDK hallgat\u00f3k sz\u00e1ma: 25<\/strong>\u00a0hallgat\u00f3<\/p> <p><strong>PhD-hallgat\u00f3k: <\/strong><\/p> <p>Sz\u00fccs-Somly\u00f3 \u00c9va &#8211; 2019<\/p> <p>Guly\u00e1s Dominik &#8211; 2019<\/p> <p>F\u00f6ldi D\u00f3ra &#8211; 2022<\/p> <p>Ol\u00e1h D\u00e1vid &#8211; 2025<\/p> <p><strong>El\u0151rehalad\u00e1s:<\/strong><\/p> <p>2025 &#8211; egyetemi docens<\/p>","protected":false},"excerpt":{"rendered":"<p>Bemutatkoz\u00e1s L\u0151rincz M\u00e1rta M\u00f3ron sz\u00fcletett, k\u00f6z\u00e9piskol\u00e1s tanulm\u00e1nyait k\u00f6vet\u0151en 1997-ben felv\u00e9telt nyert a budapesti \u00c1llatorvostudom\u00e1nyi Egyetemre. M\u00e1sod\u00e9vesk\u00e9nt kezdett el a Magyar Tudom\u00e1nyos Akad\u00e9mia \u00c1lltatorvos-tudom\u00e1nyi Kutat\u00f3int\u00e9zet\u00e9ben szakdolgozni. A diplom\u00e1j\u00e1t 2003-ban kapta k\u00e9zhez, majd m\u00e9g abban az \u00e9vben J\u00e1sz-Nagykun-Szolnok megy\u00e9hez ker\u00fclt, ahol gyakornokk\u00e9nt az akkori debreceni \u00c1llateg\u00e9szs\u00e9g\u00fcgyi Int\u00e9zet virol\u00f3gia oszt\u00e1ly\u00e1n kezdett el dolgozni. Ezt k\u00f6vet\u0151en (2004. szeptember\u00e9t\u0151l) az<\/p>\n","protected":false},"author":5824,"featured_media":0,"parent":858,"menu_order":211,"comment_status":"closed","ping_status":"closed","template":"","meta":{"_acf_changed":false,"footnotes":""},"categories":[56],"tags":[],"class_list":["post-4264","page","type-page","status-publish","hentry","category-munkatarsak"],"acf":[],"_links":{"self":[{"href":"https:\/\/univet.hu\/hu\/wp-json\/wp\/v2\/pages\/4264","targetHints":{"allow":["GET"]}}],"collection":[{"href":"https:\/\/univet.hu\/hu\/wp-json\/wp\/v2\/pages"}],"about":[{"href":"https:\/\/univet.hu\/hu\/wp-json\/wp\/v2\/types\/page"}],"author":[{"embeddable":true,"href":"https:\/\/univet.hu\/hu\/wp-json\/wp\/v2\/users\/5824"}],"replies":[{"embeddable":true,"href":"https:\/\/univet.hu\/hu\/wp-json\/wp\/v2\/comments?post=4264"}],"version-history":[{"count":4,"href":"https:\/\/univet.hu\/hu\/wp-json\/wp\/v2\/pages\/4264\/revisions"}],"predecessor-version":[{"id":204602,"href":"https:\/\/univet.hu\/hu\/wp-json\/wp\/v2\/pages\/4264\/revisions\/204602"}],"up":[{"embeddable":true,"href":"https:\/\/univet.hu\/hu\/wp-json\/wp\/v2\/pages\/858"}],"wp:attachment":[{"href":"https:\/\/univet.hu\/hu\/wp-json\/wp\/v2\/media?parent=4264"}],"wp:term":[{"taxonomy":"category","embeddable":true,"href":"https:\/\/univet.hu\/hu\/wp-json\/wp\/v2\/categories?post=4264"},{"taxonomy":"post_tag","embeddable":true,"href":"https:\/\/univet.hu\/hu\/wp-json\/wp\/v2\/tags?post=4264"}],"curies":[{"name":"wp","href":"https:\/\/api.w.org\/{rel}","templated":true}]}}