{"id":42788,"date":"2019-09-03T12:12:11","date_gmt":"2019-09-03T10:12:11","guid":{"rendered":"https:\/\/univet.hu\/?page_id=42788"},"modified":"2023-09-13T09:06:26","modified_gmt":"2023-09-13T07:06:26","slug":"osszehasonlito-torvenyszeki-igazsagugyi-allatorvostan","status":"publish","type":"page","link":"https:\/\/univet.hu\/hu\/oktatas\/kurzusok\/osszehasonlito-torvenyszeki-igazsagugyi-allatorvostan\/","title":{"rendered":"\u00d6sszehasonl\u00edt\u00f3 T\u00f6rv\u00e9nysz\u00e9ki (Igazs\u00e1g\u00fcgyi) \u00c1llatorvostan"},"content":{"rendered":"<p>Tant\u00e1rgyfelel\u0151s: Prof. Dr. \u00d3zsv\u00e1ri L\u00e1szl\u00f3<\/p> <p>A tant\u00e1rgy \u00e1ltal\u00e1nos c\u00e9lja: A hat\u00e1rtudom\u00e1nyok fejl\u0151d\u00e9se \u00e9s az ismeretek b\u0151v\u00fcl\u00e9se k\u00fcl\u00f6n jelent\u0151s\u00e9ggel b\u00edr a multidiszciplin\u00e1ris ter\u00fcleteken, \u00edgy a t\u00f6rv\u00e9nysz\u00e9ki (igazs\u00e1g\u00fcgyi) \u00e1llatorvostanban is. A k\u00e9pz\u00e9s c\u00e9lja a hallgat\u00f3k ismeret\u00e9nek kisz\u00e9les\u00edt\u00e9se az \u00e1llatvil\u00e1got \u00e9rint\u0151 b\u0171ncselekm\u00e9nyekben t\u00f6rt\u00e9n\u0151 \u00e1llatorvosi szerepv\u00e1llal\u00e1ssal kapcsolatosan. Bevezet\u00e9s a modern m\u00f3dszerek felhaszn\u00e1l\u00e1s\u00e1hoz, r\u00e1vil\u00e1g\u00edtva azok szakmai, jogi, etikai szempontjainak \u00e9s elv\u00e1r\u00e1sainak \u00f6sszetetts\u00e9g\u00e9re.<\/p> <p>El\u0151tanulm\u00e1nyi k\u00f6vetelm\u00e9nyek: \u00c1llatorvos: T\u00e1janat\u00f3mia, \u00c1llatorvosi genetika; Biol\u00f3gia BSC, Biol\u00f3gus MSc: \u00c1llatorvosi genetika<\/p>","protected":false},"excerpt":{"rendered":"<p>Tant\u00e1rgyfelel\u0151s: Prof. Dr. \u00d3zsv\u00e1ri L\u00e1szl\u00f3 A tant\u00e1rgy \u00e1ltal\u00e1nos c\u00e9lja: A hat\u00e1rtudom\u00e1nyok fejl\u0151d\u00e9se \u00e9s az ismeretek b\u0151v\u00fcl\u00e9se k\u00fcl\u00f6n jelent\u0151s\u00e9ggel b\u00edr a multidiszciplin\u00e1ris ter\u00fcleteken, \u00edgy a t\u00f6rv\u00e9nysz\u00e9ki (igazs\u00e1g\u00fcgyi) \u00e1llatorvostanban is. A k\u00e9pz\u00e9s c\u00e9lja a hallgat\u00f3k ismeret\u00e9nek kisz\u00e9les\u00edt\u00e9se az \u00e1llatvil\u00e1got \u00e9rint\u0151 b\u0171ncselekm\u00e9nyekben t\u00f6rt\u00e9n\u0151 \u00e1llatorvosi szerepv\u00e1llal\u00e1ssal kapcsolatosan. Bevezet\u00e9s a modern m\u00f3dszerek felhaszn\u00e1l\u00e1s\u00e1hoz, r\u00e1vil\u00e1g\u00edtva azok szakmai, jogi, etikai szempontjainak \u00e9s<\/p>\n","protected":false},"author":3837,"featured_media":0,"parent":677,"menu_order":0,"comment_status":"closed","ping_status":"closed","template":"","meta":{"_acf_changed":false,"footnotes":""},"categories":[],"tags":[],"class_list":["post-42788","page","type-page","status-publish","hentry"],"acf":[],"_links":{"self":[{"href":"https:\/\/univet.hu\/hu\/wp-json\/wp\/v2\/pages\/42788","targetHints":{"allow":["GET"]}}],"collection":[{"href":"https:\/\/univet.hu\/hu\/wp-json\/wp\/v2\/pages"}],"about":[{"href":"https:\/\/univet.hu\/hu\/wp-json\/wp\/v2\/types\/page"}],"author":[{"embeddable":true,"href":"https:\/\/univet.hu\/hu\/wp-json\/wp\/v2\/users\/3837"}],"replies":[{"embeddable":true,"href":"https:\/\/univet.hu\/hu\/wp-json\/wp\/v2\/comments?post=42788"}],"version-history":[{"count":0,"href":"https:\/\/univet.hu\/hu\/wp-json\/wp\/v2\/pages\/42788\/revisions"}],"up":[{"embeddable":true,"href":"https:\/\/univet.hu\/hu\/wp-json\/wp\/v2\/pages\/677"}],"wp:attachment":[{"href":"https:\/\/univet.hu\/hu\/wp-json\/wp\/v2\/media?parent=42788"}],"wp:term":[{"taxonomy":"category","embeddable":true,"href":"https:\/\/univet.hu\/hu\/wp-json\/wp\/v2\/categories?post=42788"},{"taxonomy":"post_tag","embeddable":true,"href":"https:\/\/univet.hu\/hu\/wp-json\/wp\/v2\/tags?post=42788"}],"curies":[{"name":"wp","href":"https:\/\/api.w.org\/{rel}","templated":true}]}}