{"id":42794,"date":"2019-09-03T12:16:32","date_gmt":"2019-09-03T10:16:32","guid":{"rendered":"https:\/\/univet.hu\/?page_id=42794"},"modified":"2023-02-28T11:44:22","modified_gmt":"2023-02-28T10:44:22","slug":"hogyan-inditsuk-el-a-praxisunkat-gyakorlati-tanacsok","status":"publish","type":"page","link":"https:\/\/univet.hu\/hu\/oktatas\/kurzusok\/hogyan-inditsuk-el-a-praxisunkat-gyakorlati-tanacsok\/","title":{"rendered":"Praxisind\u00edt\u00e1s jogi \u00e9s p\u00e9nz\u00fcgyi szempontjai a gyakorlatban"},"content":{"rendered":"<p>Tant\u00e1rgyfelel\u0151s: Prof. Dr. \u00d3zsv\u00e1ri L\u00e1szl\u00f3<\/p> <p>A tant\u00e1rgy \u00e1ltal\u00e1nos c\u00e9lja: A v\u00e9gz\u0151s hallgat\u00f3k a megszerzett elm\u00e9leti tud\u00e1s mellett fel tudj\u00e1k m\u00e9rni, hogy milyen t\u00f6rv\u00e9nyi, jogszab\u00e1lyi, technikai, gyakorlati feladatok v\u00e1rnak r\u00e1juk az els\u0151 praxis ind\u00edt\u00e1sa el\u0151tt. Tudj\u00e1k rangsorolni a praxisind\u00edt\u00e1s egyes l\u00e9p\u00e9seit, k\u00e9pesek legyenek tervezni az er\u0151forr\u00e1sokat.<\/p> <p>El\u0151tanulm\u00e1nyi k\u00f6vetelm\u00e9nyek: \u00c1llateg\u00e9szs\u00e9g\u00fcgyi Igazgat\u00e1stan 1.<\/p>","protected":false},"excerpt":{"rendered":"<p>Tant\u00e1rgyfelel\u0151s: Prof. Dr. \u00d3zsv\u00e1ri L\u00e1szl\u00f3 A tant\u00e1rgy \u00e1ltal\u00e1nos c\u00e9lja: A v\u00e9gz\u0151s hallgat\u00f3k a megszerzett elm\u00e9leti tud\u00e1s mellett fel tudj\u00e1k m\u00e9rni, hogy milyen t\u00f6rv\u00e9nyi, jogszab\u00e1lyi, technikai, gyakorlati feladatok v\u00e1rnak r\u00e1juk az els\u0151 praxis ind\u00edt\u00e1sa el\u0151tt. Tudj\u00e1k rangsorolni a praxisind\u00edt\u00e1s egyes l\u00e9p\u00e9seit, k\u00e9pesek legyenek tervezni az er\u0151forr\u00e1sokat. El\u0151tanulm\u00e1nyi k\u00f6vetelm\u00e9nyek: \u00c1llateg\u00e9szs\u00e9g\u00fcgyi Igazgat\u00e1stan 1.<\/p>\n","protected":false},"author":3837,"featured_media":0,"parent":677,"menu_order":0,"comment_status":"closed","ping_status":"closed","template":"","meta":{"_acf_changed":false,"footnotes":""},"categories":[],"tags":[],"class_list":["post-42794","page","type-page","status-publish","hentry"],"acf":[],"_links":{"self":[{"href":"https:\/\/univet.hu\/hu\/wp-json\/wp\/v2\/pages\/42794","targetHints":{"allow":["GET"]}}],"collection":[{"href":"https:\/\/univet.hu\/hu\/wp-json\/wp\/v2\/pages"}],"about":[{"href":"https:\/\/univet.hu\/hu\/wp-json\/wp\/v2\/types\/page"}],"author":[{"embeddable":true,"href":"https:\/\/univet.hu\/hu\/wp-json\/wp\/v2\/users\/3837"}],"replies":[{"embeddable":true,"href":"https:\/\/univet.hu\/hu\/wp-json\/wp\/v2\/comments?post=42794"}],"version-history":[{"count":0,"href":"https:\/\/univet.hu\/hu\/wp-json\/wp\/v2\/pages\/42794\/revisions"}],"up":[{"embeddable":true,"href":"https:\/\/univet.hu\/hu\/wp-json\/wp\/v2\/pages\/677"}],"wp:attachment":[{"href":"https:\/\/univet.hu\/hu\/wp-json\/wp\/v2\/media?parent=42794"}],"wp:term":[{"taxonomy":"category","embeddable":true,"href":"https:\/\/univet.hu\/hu\/wp-json\/wp\/v2\/categories?post=42794"},{"taxonomy":"post_tag","embeddable":true,"href":"https:\/\/univet.hu\/hu\/wp-json\/wp\/v2\/tags?post=42794"}],"curies":[{"name":"wp","href":"https:\/\/api.w.org\/{rel}","templated":true}]}}