{"id":4291,"date":"2017-09-26T09:19:00","date_gmt":"2017-09-26T07:19:00","guid":{"rendered":"http:\/\/univet.hu\/egyetem\/munkatarsak\/manczur-ferenc\/"},"modified":"2026-02-10T04:02:06","modified_gmt":"2026-02-10T03:02:06","slug":"manczur-ferenc","status":"publish","type":"page","link":"https:\/\/univet.hu\/hu\/egyetem\/munkatarsak\/manczur-ferenc\/","title":{"rendered":"Manczur Ferenc"},"content":{"rendered":"<p style=\"text-align: center\"><strong><span style=\"font-size: 14pt\">Bemutatkoz\u00e1s<\/span>\u00a0\u00a0 <\/strong><\/p> <p>1991-ben v\u00e9geztem az \u00c1llatorvostudom\u00e1nyi Egyetemen, 1994 janu\u00e1rj\u00e1ban csatlakoztam a Belgy\u00f3gy\u00e1szati Tansz\u00e9k munkat\u00e1rsaihoz PhD-hallgat\u00f3k\u00e9nt.<\/p> <p>PhD-kutat\u00e1som t\u00e9m\u00e1ja kuty\u00e1k gyomor-b\u00e9l csatorn\u00e1j\u00e1nak ultrahangvizsg\u00e1lata volt, melyet 2000-ben sikeresen megv\u00e9dtem. Kutat\u00e1som mellet kezdetben kis\u00e1llatok ultrahang diagnosztik\u00e1j\u00e1val \u00e9s kardiol\u00f3giai megbeteged\u00e9seivel, majd a 2000-es \u00e9vekt\u0151l a nefrol\u00f3giai betegek kivizsg\u00e1l\u00e1s\u00e1val \u00e9s ambul\u00e1ns ell\u00e1t\u00e1s\u00e1val foglalkoztam, tov\u00e1bb\u00e1 bekapcsol\u00f3dtam e t\u00e9mak\u00f6r\u00f6kkel kapcsolatos oktat\u00e1si feladatokba. 2000 ut\u00e1n a m\u0171szeres diagnosztikai egys\u00e9g vezet\u0151je lettem, 2006-ben habilit\u00e1ltam \u00e9s 2017 j\u00falius\u00e1t\u00f3l \u00e1tvettem a Belgy\u00f3gy\u00e1szati Tansz\u00e9k ir\u00e1ny\u00edt\u00e1s\u00e1t dr. V\u00f6r\u00f6s K\u00e1roly professzort\u00f3l. Az egyetemi oktat\u00e1s mellett sz\u00e1mos hazai \u00e9s k\u00fclf\u00f6ldi konferenci\u00e1n \u00e9s tov\u00e1bbk\u00e9pz\u00e9sen tartottam tov\u00e1bbk\u00e9pz\u0151 el\u0151ad\u00e1sokat \u00e9s kutat\u00e1si besz\u00e1mol\u00f3kat.<\/p> <p>N\u0151s vagyok \u00e9s h\u00e1rom fi\u00fagyermek \u00e9desapja.<\/p> <p>K\u00fclf\u00f6ldi tanulm\u00e1nyutak:<\/p> <p>1994\u00a0\u00a0\u00a0 1 h\u00f3nap\u00a0\u00a0\u00a0\u00a0\u00a0\u00a0\u00a0\u00a0\u00a0\u00a0 Utrecht-i Egyetem, \u00c1llatorvosi Kar, (Tempus \u00f6szt\u00f6nd\u00edj)<\/p> <p>1996\u00a0\u00a0\u00a0 3 h\u00f3nap\u00a0\u00a0\u00a0\u00a0\u00a0\u00a0\u00a0 \u00a0\u00a0 Utrecht-i Egyetem, \u00c1llatorvosi Kar, Radiol\u00f3giai Tansz\u00e9k\u00a0 (Tempus \u00f6szt\u00f6nd\u00edj)<\/p> <p>2002\u00a0\u00a0\u00a0 1 h\u00e9t\u00a0\u00a0\u00a0\u00a0\u00a0\u00a0\u00a0\u00a0\u00a0\u00a0\u00a0\u00a0\u00a0 \u00a0 Helsinki \u00c1llatorvosi Egyetem, Radiol\u00f3giai Tansz\u00e9k<\/p> <p>2002\u00a0\u00a0\u00a0 1 h\u00e9t\u00a0\u00a0\u00a0\u00a0\u00a0\u00a0\u00a0\u00a0\u00a0\u00a0\u00a0\u00a0\u00a0\u00a0\u00a0 B\u00e9cs, \u00c1llatorvosi Egyetem, Kardiol\u00f3gia<\/p> <p>2008\u00a0\u00a0\u00a0 3 h\u00f3nap\u00a0\u00a0\u00a0\u00a0\u00a0\u00a0\u00a0\u00a0\u00a0 Helsinki Egyetem, \u00c1llatorvosi Kar, Kis\u00e1llatklinika, Radiol\u00f3giai Tansz\u00e9k<\/p> <p>2009\u00a0\u00a0\u00a0 1 h\u00f3nap\u00a0\u00a0\u00a0\u00a0\u00a0\u00a0\u00a0\u00a0\u00a0 Helsinki Egyetem, \u00c1llatorvosi Kar, Kis\u00e1llatklinika, Radiol\u00f3giai Tansz\u00e9k<\/p> <p>2010\u00a0\u00a0\u00a0 2 h\u00f3nap\u00a0\u00a0\u00a0\u00a0\u00a0\u00a0\u00a0\u00a0\u00a0 Helsinki Egyetem, \u00c1llatorvosi Kar, Kis\u00e1llatklinika, Radiol\u00f3giai Tansz\u00e9k<\/p> <p>2012\u00a0\u00a0\u00a0 1 h\u00f3nap\u00a0\u00a0\u00a0\u00a0\u00a0\u00a0\u00a0\u00a0\u00a0 Helsinki Egyetem, \u00c1llatorvosi Kar, Kis\u00e1llatklinika, Radiol\u00f3giai Tansz\u00e9k<\/p> <p>2018\u00a0\u00a0\u00a0 1 h\u00e9t\u00a0\u00a0\u00a0\u00a0\u00a0\u00a0\u00a0\u00a0\u00a0\u00a0\u00a0\u00a0\u00a0\u00a0 Riva del Garda, Italy \u201eArrhythmia Boot Camp\u201d elektrokardiogr\u00e1fi\u00e1s tov\u00e1bbk\u00e9pz\u00e9s<\/p> <p><strong>\u00a0<\/strong><strong>F\u0151bb kutat\u00e1si ter\u00fcletek:<\/strong><\/p> <ul> <li>\u00e1llatorvosi kardiol\u00f3gia<\/li> <li>nefrol\u00f3gia<\/li> <li>ultrahang-diagnosztika<\/li> <li>v\u00e9rnyom\u00e1sm\u00e9r\u00e9s<\/li> <\/ul> <p><strong>Szakmai szervezeti tags\u00e1g<\/strong><\/p> <table style=\"height: 226px\" width=\"982\"> <tbody> <tr> <td style=\"width: 442.467px\"><strong>Bizotts\u00e1g neve<\/strong><\/td> <td style=\"width: 114.117px\"><strong>Id\u0151<\/strong><\/td> <td style=\"width: 403.417px\"><strong>Tiszts\u00e9g<\/strong><\/td> <\/tr> <tr> <td style=\"width: 442.467px\">\u00a0SZIE-\u00c1OTK, majd \u00c1TE<\/td> <td style=\"width: 114.117px\">\u00a02015-<\/td> <td style=\"width: 403.417px\">\u00a0Kis\u00e1llat-specialista szakir\u00e1ny\u00fa tov\u00e1bbk\u00e9pz\u00e9s felel\u0151se<\/td> <\/tr> <tr> <td style=\"width: 442.467px\">SZIE-\u00c1OTK, majd \u00c1TE Tudom\u00e1nyos Di\u00e1kk\u00f6ri Bizotts\u00e1g<\/td> <td style=\"width: 114.117px\">2006-<\/td> <td style=\"width: 403.417px\">tag<\/td> <\/tr> <tr> <td style=\"width: 442.467px\">\u00a0Szent Istv\u00e1n Egyetem \u00c1llatorvos-tudom\u00e1nyi Kar Idegen nyelv\u0171 oktat\u00e1si bizotts\u00e1g<\/td> <td style=\"width: 114.117px\">\u00a02004-2016<\/td> <td style=\"width: 403.417px\">\u00a0tag<\/td> <\/tr> <tr> <td style=\"width: 442.467px\">\u00a0Magyar \u00c1llatorvosi Kamara Orsz\u00e1gos SZATOK<\/td> <td style=\"width: 114.117px\">\u00a02004-2006<\/td> <td style=\"width: 403.417px\">\u00a0bizotts\u00e1gi tag<\/td> <\/tr> <tr> <td style=\"width: 442.467px\">\u00a0Magyar \u00c1llatorvosok Vil\u00e1gszervezete<\/td> <td style=\"width: 114.117px\">\u00a02003-2008<\/td> <td style=\"width: 403.417px\">\u00a0k\u00fcld\u00f6tt, hallgat\u00f3i napok szervez\u00e9si felel\u0151s<\/td> <\/tr> <tr> <td style=\"width: 442.467px\">\u00a0OTKA bizotts\u00e1g Agr\u00e1r-II.<\/td> <td style=\"width: 114.117px\">\u00a02003-2006<\/td> <td style=\"width: 403.417px\">\u00a0zs\u0171ritag<\/td> <\/tr> <\/tbody> <\/table> <p>&nbsp;<\/p> <p><strong>\u00a0<\/strong><strong>Eddigi szakdolgozat\/TDK hallgat\u00f3k sz\u00e1ma<\/strong><\/p> <p>Eddig \u00f6sszeseb\u00a052 (14 TDK\/38 szakdolgozat) hallgat\u00f3 t\u00e9mavezet\u00e9si feladatait l\u00e1ttam el.<\/p> <p><strong>PhD-hallgat\u00f3k:\u00a0 5 (3 akt\u00edv) <\/strong><\/p> <ul> <li>dr. Falus Fruzsina<\/li> <li>dr. Szab\u00f3 Korinna<\/li> <li>dr. Boros M\u00e1rton<\/li> <\/ul> <p><strong>Publik\u00e1ci\u00f3s lista (Top10)<\/strong><\/p> <table style=\"width: 1233px;height: 308px\"> <tbody> <tr> <td style=\"width: 42.0333px\">1.<\/td> <td style=\"width: 1174.97px\"> <p>Leor, Jonathan ; Tuvia, Shmuel ; Guetta, Victor ; Manczur, Ferenc ; Castel, David ; Willenz, Udi ; Petneh\u00e1zy, \u00f6rs ; Landa, Natali ; Feinberg, Micha S ; Konen, Eli et al.:Intracoronary injection of in situ forming alginate hydrogel reverses left ventricular remodeling after myocardial infarction in swine.<\/p> <p>JOURNAL OF THE AMERICAN COLLEGE OF CARDIOLOGY 54 : 11 pp. 1014-1023. , 10 p. (2009)<\/td> <\/tr> <tr> <td style=\"width: 42.0333px\">2.<\/td> <td style=\"width: 1174.97px\"> <p>Fox, PR ; Keene, BW ; Lamb, K ; Schober, KA ; Chetboul, V ; Fuentes, VL ; Wess, G ; Payne, JR ; Hogan, DF ; Motsinger-Reif, A et al.: International collaborative study to assess cardiovascular risk and evaluate long-term health in cats with preclinical hypertrophic cardiomyopathy and apparently healthy cats: The REVEAL Study<\/p> <p>JOURNAL OF VETERINARY INTERNAL MEDICINE 32 : 3 pp. 930-943. , 14 p. (2018)<\/td> <\/tr> <tr> <td style=\"width: 42.0333px\">3.<\/td> <td style=\"width: 1174.97px\"> <p>Hetyey, CS ; Manczur, F ; Dudas-Gyorki, Z ; Reiczigel, J ; Ribiczey, P ; Vajdovich, P ; Voros, K: Plasma antioxidant capacity in dogs with naturally occurring heart diseases<\/p> <p>JOURNAL OF VETERINARY MEDICINE SERIES A 54 : 1 pp. 36-39. , 4 p. (2007)<\/td> <\/tr> <tr> <td style=\"width: 42.0333px\">4.<\/td> <td style=\"width: 1174.97px\"> <p>Gy\u00f6ngy\u00f6si, Mariann ; P\u00f3sa, Anik\u00f3 ; Pavo, No\u00e9mi ; Hemetsberger, Rayyan ; Kvakan, Heda ; Steiner-Boker, S ; Petr\u00e1si, Zsolt ; Manczur, Ferenc ; Pavo, Imre J ; \u00c9des, Istv\u00e1n F et al.: Differential effect of ischaemic preconditioning on mobilisation and recruitment of haematopoietic and mesenchymal stem cells in porcine myocardial ischaemia-reperfusion<\/p> <p>THROMBOSIS AND HAEMOSTASIS 104 : 2 pp. 376-384. , 9 p. (2010)<\/td> <\/tr> <tr> <td style=\"width: 42.0333px\">5.<\/td> <td style=\"width: 1174.97px\"> <p>Dudas-Gyorki, Z ; Szabo, Z ; Manczur, F ; Voros, K: Echocardiographic and electrocardiographic examination of clinically healthy, conscious ferrets<\/p> <p>JOURNAL OF SMALL ANIMAL PRACTICE 52 : 1 pp. 18-25. , 8 p. (2011)<\/td> <\/tr> <tr> <td style=\"width: 42.0333px\">6.<\/td> <td style=\"width: 1174.97px\"> <p>Mathe, A ; Voros, K ; Nemeth, T ; Biksi, I ; Hetyey, C ; Manczur, F ; Tekes, L: Clinicopathological changes and effect of imidocarb therapy in dogs experimentally infected with Babesia canis<\/p> <p>ACTA VETERINARIA HUNGARICA 54 : 1 pp. 19-33. , 15 p. (2006)<\/td> <\/tr> <tr> <td style=\"width: 42.0333px\">7.<\/td> <td style=\"width: 1174.97px\"> <p>Manczur, F ; Voros, K ; Vrabely, T ; Wladar, S ; Nemeth, T ; Fenyves, B: Sonographic diagnosis of intestinal obstruction in the dog<\/p> <p>ACTA VETERINARIA HUNGARICA 46 : 1 pp. 35-45. , 11 p. (1998)<\/td> <\/tr> <tr> <td style=\"width: 42.0333px\">8.<\/td> <td style=\"width: 1174.97px\"> <p>Szatmari, V ; Osi, Z ; Manczur, F: Ultrasound-guided percutaneous drainage for treatment of pyonephrosis in two dogs<\/p> <p>JOURNAL OF THE AMERICAN VETERINARY MEDICAL ASSOCIATION 218 : 11 pp. 1796-1799. , 4 p. (2001)<\/td> <\/tr> <tr> <td style=\"width: 42.0333px\">9.<\/td> <td style=\"width: 1174.97px\"> <p>Voros, K ; Sterczer, A ; Manczur, F ; Gaal, T: Percutaneous ultrasound-guided cholecystocentesis in dogs<\/p> <p>ACTA VETERINARIA HUNGARICA 50 : 4 pp. 385-393. , 9 p. (2002)<\/td> <\/tr> <tr> <td style=\"width: 42.0333px\">10.<\/td> <td style=\"width: 1174.97px\"> <p>Manczur, F ; Voros, K: Gastrointestinal ultrasonography of the dog: A review of 265 cases (1996-1998)<\/p> <p>ACTA VETERINARIA HUNGARICA 48 : 1 pp. 9-21. , 13 p. (2000)<\/td> <\/tr> <\/tbody> <\/table> <p>https:\/\/m2.mtmt.hu\/gui2\/?type=authors&#038;mode=browse&#038;sel=10002413&#038;view=simpleList&#038;filterAndSortData=sort:citationCount;desc;firstAuthor;asc;filter:;;;;;<\/p> <p>&nbsp;<\/p>","protected":false},"excerpt":{"rendered":"<p>Bemutatkoz\u00e1s\u00a0\u00a0 1991-ben v\u00e9geztem az \u00c1llatorvostudom\u00e1nyi Egyetemen, 1994 janu\u00e1rj\u00e1ban csatlakoztam a Belgy\u00f3gy\u00e1szati Tansz\u00e9k munkat\u00e1rsaihoz PhD-hallgat\u00f3k\u00e9nt. PhD-kutat\u00e1som t\u00e9m\u00e1ja kuty\u00e1k gyomor-b\u00e9l csatorn\u00e1j\u00e1nak ultrahangvizsg\u00e1lata volt, melyet 2000-ben sikeresen megv\u00e9dtem. Kutat\u00e1som mellet kezdetben kis\u00e1llatok ultrahang diagnosztik\u00e1j\u00e1val \u00e9s kardiol\u00f3giai megbeteged\u00e9seivel, majd a 2000-es \u00e9vekt\u0151l a nefrol\u00f3giai betegek kivizsg\u00e1l\u00e1s\u00e1val \u00e9s ambul\u00e1ns ell\u00e1t\u00e1s\u00e1val foglalkoztam, tov\u00e1bb\u00e1 bekapcsol\u00f3dtam e t\u00e9mak\u00f6r\u00f6kkel kapcsolatos oktat\u00e1si feladatokba. 2000 ut\u00e1n<\/p>\n","protected":false},"author":5824,"featured_media":0,"parent":858,"menu_order":211,"comment_status":"closed","ping_status":"closed","template":"","meta":{"_acf_changed":false,"footnotes":""},"categories":[56],"tags":[],"class_list":["post-4291","page","type-page","status-publish","hentry","category-munkatarsak"],"acf":[],"_links":{"self":[{"href":"https:\/\/univet.hu\/hu\/wp-json\/wp\/v2\/pages\/4291","targetHints":{"allow":["GET"]}}],"collection":[{"href":"https:\/\/univet.hu\/hu\/wp-json\/wp\/v2\/pages"}],"about":[{"href":"https:\/\/univet.hu\/hu\/wp-json\/wp\/v2\/types\/page"}],"author":[{"embeddable":true,"href":"https:\/\/univet.hu\/hu\/wp-json\/wp\/v2\/users\/5824"}],"replies":[{"embeddable":true,"href":"https:\/\/univet.hu\/hu\/wp-json\/wp\/v2\/comments?post=4291"}],"version-history":[{"count":1,"href":"https:\/\/univet.hu\/hu\/wp-json\/wp\/v2\/pages\/4291\/revisions"}],"predecessor-version":[{"id":185600,"href":"https:\/\/univet.hu\/hu\/wp-json\/wp\/v2\/pages\/4291\/revisions\/185600"}],"up":[{"embeddable":true,"href":"https:\/\/univet.hu\/hu\/wp-json\/wp\/v2\/pages\/858"}],"wp:attachment":[{"href":"https:\/\/univet.hu\/hu\/wp-json\/wp\/v2\/media?parent=4291"}],"wp:term":[{"taxonomy":"category","embeddable":true,"href":"https:\/\/univet.hu\/hu\/wp-json\/wp\/v2\/categories?post=4291"},{"taxonomy":"post_tag","embeddable":true,"href":"https:\/\/univet.hu\/hu\/wp-json\/wp\/v2\/tags?post=4291"}],"curies":[{"name":"wp","href":"https:\/\/api.w.org\/{rel}","templated":true}]}}