{"id":4303,"date":"2016-09-29T10:54:00","date_gmt":"2016-09-29T08:54:00","guid":{"rendered":"http:\/\/univet.hu\/egyetem\/munkatarsak\/marosi-andras\/"},"modified":"2026-02-10T04:03:00","modified_gmt":"2026-02-10T03:03:00","slug":"marosi-andras","status":"publish","type":"page","link":"https:\/\/univet.hu\/hu\/egyetem\/munkatarsak\/marosi-andras\/","title":{"rendered":"Marosi Andr\u00e1s"},"content":{"rendered":"<p style=\"text-align: center;\"><strong><span style=\"font-size: 14pt;\">Bemutatkoz\u00e1s<\/span> <\/strong><\/p> <p>Dr. Marosi Andr\u00e1s 1989. szeptember 7-\u00e9n sz\u00fcletett Budapesten. 2008-ban felv\u00e9telt nyert az \u00c1llatorvostudom\u00e1nyi Egyetemre (akkori nev\u00e9n Szent Istv\u00e1n Egyetem \u00c1llatorvos-tudom\u00e1nyi Kar). \u00c1llatorvosi oklevel\u00e9t 2014-ben szerezte meg, majd az \u00e9v \u0151sz\u00e9t\u0151l a J\u00e1rv\u00e1nytani \u00e9s Mikrobiol\u00f3giai Tansz\u00e9k Virol\u00f3gia Kutat\u00f3csoportj\u00e1n\u00e1l helyezkedett el. 2015-ben vend\u00e9gkutat\u00f3k\u00e9nt az angliai Weybridge-ben m\u0171k\u00f6d\u0151 \u00c1llat-\u00e9s N\u00f6v\u00e9nyeg\u00e9szs\u00e9g\u00fcgyi Int\u00e9zetben szerzett tapasztalatokat. 2020-ban megv\u00e9dte PhD \u00e9rtekez\u00e9s\u00e9t (\u201eAntivir\u00e1lis \u00e9s gyullad\u00e1scs\u00f6kkent\u0151 hat\u00f3anyagok veszetts\u00e9g elleni hat\u00e1s\u00e1nak vizsg\u00e1lata sejtkult\u00far\u00e1ban \u00e9s eg\u00e9rmodellben\u201d). 2021-ig 7 szakdolgoz\u00f3 \u00e9s 3 TDK-hallgat\u00f3 t\u00e9mavezet\u0151je volt, ut\u00f3bbiak k\u00f6z\u00fcl egy hallgat\u00f3 a Tudom\u00e1nyos Di\u00e1kk\u00f6ri Konferenci\u00e1n III. d\u00edjat nyert el.<\/p> <p><strong>F\u0151bb kutat\u00e1si ter\u00fcletek:<\/strong><\/p> <ul> <li>v\u00edrusvakcin\u00e1k innovat\u00edv formul\u00e1ci\u00f3ja nanohordoz\u00f3kkal<\/li> <li>v\u00edrusinterferencia szerepe az antivir\u00e1lis ter\u00e1pi\u00e1ban<\/li> <li>RNS-v\u00edrusok elleni antivir\u00e1lis \u00e9s immunmodul\u00e1ns szerek hat\u00e1svizsg\u00e1lata<\/li> <li>zoonotikus \u00e9s vektor-k\u00f6zvet\u00edtette v\u00edrusok vizsg\u00e1lata<\/li> <li><u>mikrobiol\u00f3giai laborat\u00f3riumi m\u00f3dszerek:<\/u> v\u00edrusizol\u00e1l\u00e1s sejtteny\u00e9szetben, hagyom\u00e1nyos \u00e9s real-time PCR, szekven\u00e1l\u00e1s \u00e9s filogenetikai anal\u00edzis, immunfluoreszcencia, immunhisztok\u00e9mia, v\u00edrusneutraliz\u00e1ci\u00f3, ELISA, \u00e1llatk\u00eds\u00e9rletek tervez\u00e9se \u00e9s kivitelez\u00e9se<\/li> <\/ul> <p><strong>El\u0151rehalad\u00e1s<\/strong><\/p> <table width=\"985\"> <tbody> <tr> <td style=\"text-align: center;\" width=\"274\">\u00a0<strong>Munkahelyek<\/strong><\/td> <td style=\"text-align: center;\" width=\"379\"><strong>Int\u00e9zm\u00e9ny neve<\/strong><\/td> <td style=\"text-align: center;\" width=\"312\"><strong>beoszt\u00e1s<\/strong><\/td> <\/tr> <tr> <td style=\"text-align: center;\" width=\"274\">2021-<\/td> <td style=\"text-align: center;\" width=\"379\">\u00c1llatorvostudom\u00e1nyi Egyetem, J\u00e1rv\u00e1nytani \u00e9s Mikrobiol\u00f3giai Tansz\u00e9k<\/td> <td style=\"text-align: center;\" width=\"312\">egyetemi adjunktus<\/td> <\/tr> <tr> <td style=\"text-align: center;\" width=\"274\">2020-2021<\/td> <td style=\"text-align: center;\" width=\"379\">\u00c1llatorvostudom\u00e1nyi Egyetem, J\u00e1rv\u00e1nytani \u00e9s Mikrobiol\u00f3giai Tansz\u00e9k<\/td> <td style=\"text-align: center;\" width=\"312\">egyetemi tan\u00e1rseg\u00e9d<\/td> <\/tr> <tr> <td style=\"text-align: center;\" width=\"274\">2017\u20132020<\/td> <td style=\"text-align: center;\" width=\"379\">\u00c1llatorvostudom\u00e1nyi Egyetem, J\u00e1rv\u00e1nytani \u00e9s Mikrobiol\u00f3giai Tansz\u00e9k<\/td> <td style=\"text-align: center;\" width=\"312\">tansz\u00e9ki \u00e1llatorvos<\/td> <\/tr> <tr> <td style=\"text-align: center;\" width=\"274\">2014\u20132017<\/td> <td style=\"text-align: center;\" width=\"379\">SZIE \u00c1OTK, J\u00e1rv\u00e1nytani \u00e9s Mikrobiol\u00f3giai Tansz\u00e9k<\/td> <td style=\"text-align: center;\" width=\"312\">PhD-hallgat\u00f3<\/td> <\/tr> <\/tbody> <\/table> <p><strong>Szakmai szervezeti tags\u00e1g<\/strong><\/p> <table style=\"height: 112px;\" width=\"1015\"> <tbody> <tr> <td style=\"width: 744.667px; text-align: center;\"><strong>Bizotts\u00e1g neve<\/strong><\/td> <td style=\"width: 96.0667px; text-align: center;\"><strong>Id\u0151<\/strong><\/td> <td style=\"width: 153.867px; text-align: center;\"><strong>Tiszts\u00e9g<\/strong><\/td> <\/tr> <tr> <td style=\"width: 744.667px; text-align: center;\">Magyar Zoon\u00f3zis T\u00e1rsas\u00e1g<\/td> <td style=\"width: 96.0667px; text-align: center;\">2017-<\/td> <td style=\"width: 153.867px; text-align: center;\">tag<\/td> <\/tr> <tr> <td style=\"width: 744.667px; text-align: center;\">Ragad\u00f3s sz\u00e1j- \u00e9s k\u00f6r\u00f6mf\u00e1j\u00e1s Szak\u00e9rt\u0151i Csoport<\/td> <td style=\"width: 96.0667px; text-align: center;\">2021-<\/td> <td style=\"width: 153.867px; text-align: center;\">tag<\/td> <\/tr> <\/tbody> <\/table> <p><strong>Eddigi szakdolgozat\/TDK hallgat\u00f3k sz\u00e1ma: <\/strong>10<\/p> <p><strong>Publik\u00e1ci\u00f3s lista (Top10)<\/strong><\/p> <p>MTMT:\u00a0 <a href=\"https:\/\/m2.mtmt.hu\/gui2\/?type=authors&amp;mode=browse&amp;sel=10047396\">https:\/\/m2.mtmt.hu\/gui2\/?type=authors&amp;mode=browse&amp;sel=10047396<\/a><\/p> <table width=\"973\"> <tbody> <tr> <td>1.<\/td> <td><a href=\"https:\/\/m2.mtmt.hu\/gui2\/?type=authors&amp;mode=browse&amp;sel=10047396\">Marosi, A<\/a> ; Dufkova, L ; <a href=\"https:\/\/m2.mtmt.hu\/gui2\/?type=authors&amp;mode=browse&amp;sel=10032530\">Forro, B<\/a> ; <a href=\"https:\/\/m2.mtmt.hu\/gui2\/?type=authors&amp;mode=browse&amp;sel=10053350\">Felde, O<\/a> ; <a href=\"https:\/\/m2.mtmt.hu\/gui2\/?type=authors&amp;mode=browse&amp;sel=10013897\">Erdelyi, K<\/a> ; Sirmarova, J ; Palus, M ; Honig, V ; Salat, J ; Tikos, R et al. <a href=\"https:\/\/m2.mtmt.hu\/gui2\/?mode=browse&amp;params=publication;3388422\">Combination therapy of rabies-infected mice with inhibitors of pro-inflammatory host response, antiviral compounds and human rabies immunoglobulin.<\/a> VACCINE 37 : 33 pp. 4724-4735., 12 p. (2019)<\/td> <\/tr> <tr> <td>2.<\/td> <td><a href=\"https:\/\/m2.mtmt.hu\/gui2\/?type=authors&amp;mode=browse&amp;sel=10047396\">Marosi, A<\/a> ; <a href=\"https:\/\/m2.mtmt.hu\/gui2\/?type=authors&amp;mode=browse&amp;sel=10023050\">Forgach, P<\/a> ; <a href=\"https:\/\/m2.mtmt.hu\/gui2\/?type=authors&amp;mode=browse&amp;sel=10023042\">Gyuranecz, M<\/a> ; <a href=\"https:\/\/m2.mtmt.hu\/gui2\/?type=authors&amp;mode=browse&amp;sel=10044121\">Sulyok, KM<\/a> ; <a href=\"https:\/\/m2.mtmt.hu\/gui2\/?type=authors&amp;mode=browse&amp;sel=10000642\">Bakonyi, T<\/a> <a href=\"https:\/\/m2.mtmt.hu\/gui2\/?mode=browse&amp;params=publication;3338812\">Evaluation of in vitro inhibitory potential of type-I interferons and different antiviral compounds on rabies virus replication.<\/a> VACCINE 37 : 33 pp. 4663-4672., 10 p. (2019)<\/td> <\/tr> <tr> <td>3.<\/td> <td><a href=\"https:\/\/m2.mtmt.hu\/gui2\/?mode=browse&amp;params=publication;30911840\">\u00daj ismeretek a veszetts\u00e9g k\u00f3rfejl\u0151d\u00e9s\u00e9r\u0151l \u00e9s immunol\u00f3gi\u00e1j\u00e1r\u00f3l: Irodalmi \u00f6sszefoglal\u00f3<\/a> MAGYAR \u00c1LLATORVOSOK LAPJA 141 : 10 pp. 607-622., 16 p. (2019)<\/td> <\/tr> <tr> <td>4.<\/td> <td>Tatzber, Franz ; Wonisch, Willibald ; <a href=\"https:\/\/m2.mtmt.hu\/gui2\/?type=authors&amp;mode=browse&amp;sel=10023087\">Balka, Gyula<\/a> ; <a href=\"https:\/\/m2.mtmt.hu\/gui2\/?type=authors&amp;mode=browse&amp;sel=10047396\">Marosi, Andras<\/a> ; <a href=\"https:\/\/m2.mtmt.hu\/gui2\/?type=authors&amp;mode=browse&amp;sel=10002031\">Rusvai, Mikl\u00f3s<\/a> ; Resch, Ulrike ; Lindschinger, Meinrad ; Moerkl, Sabrina ; Cvirn, Gerhard <a href=\"https:\/\/m2.mtmt.hu\/gui2\/?mode=browse&amp;params=publication;32110987\">Coating with Hypertonic Saline Improves Virus Protection of Filtering Facepiece Manyfold\u2014Benefit of Salt Impregnation in Times of Pandemic<\/a> INTERNATIONAL JOURNAL OF ENVIRONMENTAL RESEARCH AND PUBLIC HEALTH 18 : 14 p. 7406 (2021)<\/td> <\/tr> <tr> <td>5.<\/td> <td><a href=\"https:\/\/m2.mtmt.hu\/gui2\/?type=authors&amp;mode=browse&amp;sel=10027578\">Boros, \u00c1kos<\/a> ; <a href=\"https:\/\/m2.mtmt.hu\/gui2\/?type=authors&amp;mode=browse&amp;sel=10073952\">L\u00e1szl\u00f3, Zolt\u00e1n<\/a> ; <a href=\"https:\/\/m2.mtmt.hu\/gui2\/?type=authors&amp;mode=browse&amp;sel=10038232\">Pankovics, P\u00e9ter<\/a> ; <a href=\"https:\/\/m2.mtmt.hu\/gui2\/?type=authors&amp;mode=browse&amp;sel=10047396\">Marosi, Andr\u00e1s<\/a> ; Albert, Mih\u00e1ly ; <a href=\"https:\/\/m2.mtmt.hu\/gui2\/?type=authors&amp;mode=browse&amp;sel=10013744\">Cs\u00e1gola, Attila<\/a> ; B\u00edr\u00f3, Hunor ; Fahsbender, Elizabeth ; Delwart, Eric ; <a href=\"https:\/\/m2.mtmt.hu\/gui2\/?type=authors&amp;mode=browse&amp;sel=10014621\">Reuter, G\u00e1bor<\/a> <a href=\"https:\/\/m2.mtmt.hu\/gui2\/?mode=browse&amp;params=publication;31275066\">High prevalence, genetic diversity and a potentially novel genotype of Sapelovirus A (Picornaviridae) in enteric and respiratory samples in Hungarian swine farms<\/a> JOURNAL OF GENERAL VIROLOGY 101 : 6 pp. 609-621., 13 p. (2020)<\/td> <\/tr> <tr> <td>6.<\/td> <td><a href=\"https:\/\/m2.mtmt.hu\/gui2\/?type=authors&amp;mode=browse&amp;sel=10063451\">Valk\u00f3, Anna<\/a> ; <a href=\"https:\/\/m2.mtmt.hu\/gui2\/?type=authors&amp;mode=browse&amp;sel=10047396\">Marosi, Andr\u00e1s<\/a> ; <a href=\"https:\/\/m2.mtmt.hu\/gui2\/?type=authors&amp;mode=browse&amp;sel=10013744\">Cs\u00e1gola, Attila<\/a> ; <a href=\"https:\/\/m2.mtmt.hu\/gui2\/?type=authors&amp;mode=browse&amp;sel=10068609\">Farkas, R\u00f3zsa<\/a> ; <a href=\"https:\/\/m2.mtmt.hu\/gui2\/?type=authors&amp;mode=browse&amp;sel=10047670\">R\u00f3nai, Zsuzsanna<\/a> ; <a href=\"https:\/\/m2.mtmt.hu\/gui2\/?type=authors&amp;mode=browse&amp;sel=10001189\">D\u00e1n, \u00c1d\u00e1m<\/a> <a href=\"https:\/\/m2.mtmt.hu\/gui2\/?mode=browse&amp;params=publication;30633830\">Frequency of diarrhoea-associated viruses in swine of various ages in Hungary<\/a> ACTA VETERINARIA HUNGARICA 67 : 1 pp. 140-150., 11 p. (2019)<\/td> <\/tr> <tr> <td>7.<\/td> <td><a href=\"https:\/\/m2.mtmt.hu\/gui2\/?type=authors&amp;mode=browse&amp;sel=10023380\">aszti-Gere, E<\/a> ; <a href=\"https:\/\/m2.mtmt.hu\/gui2\/?type=authors&amp;mode=browse&amp;sel=10023383\">Szeker, K<\/a> ; <a href=\"https:\/\/m2.mtmt.hu\/gui2\/?type=authors&amp;mode=browse&amp;sel=10013202\">Csibrik-Nemeth, E<\/a> ; <a href=\"https:\/\/m2.mtmt.hu\/gui2\/?type=authors&amp;mode=browse&amp;sel=10023377\">Csizinszky, R<\/a> ; <a href=\"https:\/\/m2.mtmt.hu\/gui2\/?type=authors&amp;mode=browse&amp;sel=10047396\">Marosi, A<\/a> ; <a href=\"https:\/\/m2.mtmt.hu\/gui2\/?type=authors&amp;mode=browse&amp;sel=10038399\">Palocz, O<\/a> ; <a href=\"https:\/\/m2.mtmt.hu\/gui2\/?type=authors&amp;mode=browse&amp;sel=10013542\">Farkas, O<\/a> ; <a href=\"https:\/\/m2.mtmt.hu\/gui2\/?type=authors&amp;mode=browse&amp;sel=10002267\">Galfi, P<\/a> <a href=\"https:\/\/m2.mtmt.hu\/gui2\/?mode=browse&amp;params=publication;1934088\">Metabolites of Lactobacillus plantarum 2142 Prevent Oxidative Stress-Induced Overexpression of Proinflammatory Cytokines in IPEC-J2 Cell Line<\/a> INFLAMMATION 35 : 4 pp. 1487-1499., 13 p. (2012)<\/td> <\/tr> <tr> <td>8.<\/td> <td>T\u00f3thn\u00e9, Schranz Edina ; Sz\u00f6r\u00e9nyi, \u00c1gnes ; <a href=\"https:\/\/m2.mtmt.hu\/gui2\/?type=authors&amp;mode=browse&amp;sel=10047396\">Marosi, Andr\u00e1s<\/a> <a href=\"https:\/\/m2.mtmt.hu\/gui2\/?mode=browse&amp;params=publication;2770423\">Primer multiplex chondrosarcoma (chondrosarcomatosis) gabonasikl\u00f3 [Elaphe (Pantherophis) guttata] m\u00e1j\u00e1ban : Esetismertet\u00e9s: Primer multiplex chondrosarcoma (chondrosarcomatosis) gabonasikl\u00f3 [Elaphe (Pantherophis) guttata] m\u00e1j\u00e1ban Esetismertet\u00e9s<\/a> MAGYAR \u00c1LLATORVOSOK LAPJA 134 : 6 pp. 349-352., 4 p. (2012)<\/td> <\/tr> <tr> <td>9.<\/td> <td><a href=\"https:\/\/m2.mtmt.hu\/gui2\/?type=authors&amp;mode=browse&amp;sel=10047396\">Marosi, Andr\u00e1s<\/a> ; <a href=\"https:\/\/m2.mtmt.hu\/gui2\/?type=authors&amp;mode=browse&amp;sel=10047481\">Juh\u00e1sz, Alexandra<\/a> ; <a href=\"https:\/\/m2.mtmt.hu\/gui2\/?type=authors&amp;mode=browse&amp;sel=10001491\">Gy\u0151rffy, Andrea<\/a> <a href=\"https:\/\/m2.mtmt.hu\/gui2\/?mode=browse&amp;params=publication;1429607\">Placent\u00e1ci\u00f3 elevensz\u00fcl\u0151 pikkelyes h\u00fcll\u0151kn\u00e9l 2. r\u00e9sz<\/a> MAGYAR \u00c1LLATORVOSOK LAPJA 133 : 4 pp. 242-250., 9 p. (2011)<\/td> <\/tr> <tr> <td>10.<\/td> <td><a href=\"https:\/\/m2.mtmt.hu\/gui2\/?type=authors&amp;mode=browse&amp;sel=10047396\">Marosi, Andr\u00e1s<\/a> ; <a href=\"https:\/\/m2.mtmt.hu\/gui2\/?type=authors&amp;mode=browse&amp;sel=10047481\">Juh\u00e1sz, Alexandra<\/a> ; <a href=\"https:\/\/m2.mtmt.hu\/gui2\/?type=authors&amp;mode=browse&amp;sel=10001491\">Gy\u0151rffy, Andrea<\/a> <a href=\"https:\/\/m2.mtmt.hu\/gui2\/?mode=browse&amp;params=publication;1429606\">Placent\u00e1ci\u00f3 elevensz\u00fcl\u0151 pikkelyes h\u00fcll\u0151kn\u00e9l 1. r\u00e9sz: Placentation in viviparous squamate reptiles. Part 1<\/a> MAGYAR \u00c1LLATORVOSOK LAPJA 133 : 3 pp. 182-189. , 8 p. (2011)<\/td> <\/tr> <\/tbody> <\/table> <p>&nbsp;<\/p>","protected":false},"excerpt":{"rendered":"<p>Bemutatkoz\u00e1s Dr. Marosi Andr\u00e1s 1989. szeptember 7-\u00e9n sz\u00fcletett Budapesten. 2008-ban felv\u00e9telt nyert az \u00c1llatorvostudom\u00e1nyi Egyetemre (akkori nev\u00e9n Szent Istv\u00e1n Egyetem \u00c1llatorvos-tudom\u00e1nyi Kar). \u00c1llatorvosi oklevel\u00e9t 2014-ben szerezte meg, majd az \u00e9v \u0151sz\u00e9t\u0151l a J\u00e1rv\u00e1nytani \u00e9s Mikrobiol\u00f3giai Tansz\u00e9k Virol\u00f3gia Kutat\u00f3csoportj\u00e1n\u00e1l helyezkedett el. 2015-ben vend\u00e9gkutat\u00f3k\u00e9nt az angliai Weybridge-ben m\u0171k\u00f6d\u0151 \u00c1llat-\u00e9s N\u00f6v\u00e9nyeg\u00e9szs\u00e9g\u00fcgyi Int\u00e9zetben szerzett tapasztalatokat. 2020-ban megv\u00e9dte PhD \u00e9rtekez\u00e9s\u00e9t<\/p>\n","protected":false},"author":5824,"featured_media":0,"parent":858,"menu_order":212,"comment_status":"closed","ping_status":"closed","template":"","meta":{"_acf_changed":false,"footnotes":""},"categories":[56],"tags":[],"class_list":["post-4303","page","type-page","status-publish","hentry","category-munkatarsak"],"acf":[],"_links":{"self":[{"href":"https:\/\/univet.hu\/hu\/wp-json\/wp\/v2\/pages\/4303","targetHints":{"allow":["GET"]}}],"collection":[{"href":"https:\/\/univet.hu\/hu\/wp-json\/wp\/v2\/pages"}],"about":[{"href":"https:\/\/univet.hu\/hu\/wp-json\/wp\/v2\/types\/page"}],"author":[{"embeddable":true,"href":"https:\/\/univet.hu\/hu\/wp-json\/wp\/v2\/users\/5824"}],"replies":[{"embeddable":true,"href":"https:\/\/univet.hu\/hu\/wp-json\/wp\/v2\/comments?post=4303"}],"version-history":[{"count":1,"href":"https:\/\/univet.hu\/hu\/wp-json\/wp\/v2\/pages\/4303\/revisions"}],"predecessor-version":[{"id":199698,"href":"https:\/\/univet.hu\/hu\/wp-json\/wp\/v2\/pages\/4303\/revisions\/199698"}],"up":[{"embeddable":true,"href":"https:\/\/univet.hu\/hu\/wp-json\/wp\/v2\/pages\/858"}],"wp:attachment":[{"href":"https:\/\/univet.hu\/hu\/wp-json\/wp\/v2\/media?parent=4303"}],"wp:term":[{"taxonomy":"category","embeddable":true,"href":"https:\/\/univet.hu\/hu\/wp-json\/wp\/v2\/categories?post=4303"},{"taxonomy":"post_tag","embeddable":true,"href":"https:\/\/univet.hu\/hu\/wp-json\/wp\/v2\/tags?post=4303"}],"curies":[{"name":"wp","href":"https:\/\/api.w.org\/{rel}","templated":true}]}}