{"id":4306,"date":"2017-07-24T12:11:00","date_gmt":"2017-07-24T10:11:00","guid":{"rendered":"http:\/\/univet.hu\/egyetem\/munkatarsak\/maroti-agots-akos\/"},"modified":"2026-02-10T04:03:00","modified_gmt":"2026-02-10T03:03:00","slug":"maroti-agots-akos","status":"publish","type":"page","link":"https:\/\/univet.hu\/hu\/egyetem\/munkatarsak\/maroti-agots-akos\/","title":{"rendered":"Mar\u00f3ti-Ag\u00f3ts \u00c1kos"},"content":{"rendered":"<p style=\"text-align: center;\"><span style=\"font-size: 14pt;\"><strong>Bemutatkoz\u00e1s\u00a0\u00a0<\/strong><\/span><\/p> <p>V\u00e9gzetts\u00e9g: \u00e1llatorvos doktor (2003)<br \/> Tudom\u00e1nyos fokozat: PhD (2011) PhD\/CSc kiad\u00f3 int\u00e9zm\u00e9ny: SzIE-\u00c1OTK<br \/> PhD\/CSc oklev\u00e9l anyak\u00f6nyvi sz\u00e1ma: 42\/2011<br \/> a PhD\/CSc \u00e9rtekez\u00e9s c\u00edme: A magyar sz\u00fcrke szarvasmarhafajta fenot\u00edpusos \u00e9s genot\u00edpusos vizsg\u00e1lata<\/p> <p>Habilit\u00e1ci\u00f3: 2016 \u00c1TE<\/p> <p>Szakter\u00fclet: Videok\u00e9p Analiz\u00e1l\u00e1sos Testm\u00e9retfelv\u00e9tel (VATEM), filogenetikai kutat\u00e1sok mitokondri\u00e1lis \u00f6r\u00f6k\u00edt\u0151anyag felhaszn\u00e1l\u00e1s\u00e1val szarvasmarha fajban, h\u00e1zi- \u00e9s t\u00e1rs\u00e1llatok \u00f6r\u00f6kletes betegs\u00e9geinek molekul\u00e1ris diagnosztik\u00e1ja, kutya mozg\u00e1sanal\u00edzis -mozg\u00e1sszervi megbeteged\u00e9sek diagnosztikai lehet\u0151s\u00e9g\u00e9nek vizsg\u00e1lata, a pod\u00f3liai fajtak\u00f6r k\u00fcllemi vizsg\u00e1lata VATEM m\u00f3dszerrel<\/p> <p>Gyakorlat: \u00f6r\u00f6kletes betegs\u00e9gek molekul\u00e1ris diagn\u00f3zisa, k\u00fcllemi b\u00edr\u00e1lat, fajtatan<\/p> <p>Nyelvismeretek<br \/> Angol k\u00f6z\u00e9p fokon \u00edr \u00e9s besz\u00e9l (C)<br \/> N\u00e9met k\u00f6z\u00e9p fokon \u00edr \u00e9s besz\u00e9l (C)<\/p> <p>Sz\u0171kebb szakter\u00fclet \u00e1llatteny\u00e9szt\u00e9si genetika, g\u00e9nmeg\u0151rz\u00e9s, 3D k\u00e9palkot\u00e1s, genetikai betegs\u00e9gek molekul\u00e1ris diagn\u00f3zisa, bioinformatika<\/p> <p><strong>F\u0151bb kutat\u00e1si ter\u00fcletek:<\/strong><\/p> <ul> <li>Fenotipiz\u00e1l\u00e1s korszer\u0171 eszk\u00f6zei<\/li> <li>\u0150shonos fajt\u00e1k filogenetikai kutat\u00e1sai<\/li> <li>Magyar kutyafajt\u00e1k belteny\u00e9szt\u00e9ses leroml\u00e1s\u00e1nak megakad\u00e1lyoz\u00e1sa (FEDO.HU)<\/li> <\/ul> <p><strong>El\u0151rehalad\u00e1s<\/strong><\/p> <table style=\"height: 145px; width: 949px;\"> <tbody> <tr style=\"height: 24px;\"> <td style=\"height: 24px; width: 275.1px;\"><strong>Munkahelyek<\/strong><\/td> <td style=\"height: 24px; width: 328.025px;\"><strong>Int\u00e9zm\u00e9ny<\/strong><\/td> <td style=\"height: 24px; width: 325.475px;\"><strong>beoszt\u00e1s<\/strong><\/td> <\/tr> <tr style=\"height: 25px;\"> <td style=\"height: 25px; width: 275.1px;\">2009-<\/td> <td style=\"height: 25px; width: 328.025px;\">SZIE-\u00c1OTK<\/td> <td style=\"height: 25px; width: 325.475px;\">tudom\u00e1nyos munkat\u00e1rs \u2013 kutat\u00f3<\/td> <\/tr> <tr style=\"height: 24px;\"> <td style=\"height: 24px; width: 275.1px;\">2006 \u2013<\/td> <td style=\"height: 24px; width: 328.025px;\">SZIE-\u00c1OTK<\/td> <td style=\"height: 24px; width: 325.475px;\">int\u00e9zeti \u00e1llatorvos \u2013 kutat\u00f3<\/td> <\/tr> <tr style=\"height: 24px;\"> <td style=\"height: 24px; width: 275.1px;\">2003 \u2013<\/td> <td style=\"height: 24px; width: 328.025px;\">SZIE-\u00c1OTK<\/td> <td style=\"height: 24px; width: 325.475px;\">doktorandusz<\/td> <\/tr> <\/tbody> <\/table> <p>&nbsp;<\/p> <p><strong>\u00a0<\/strong><strong>Eddigi szakdolgozat\/TDK hallgat\u00f3k sz\u00e1ma<\/strong><\/p> <p>13<\/p> <table style=\"height: 72px;\" width=\"569\"> <tbody> <tr style=\"height: 48px;\"> <td style=\"height: 48px; width: 559.8px;\" colspan=\"2\"><strong>PhD-hallgat\u00f3k<\/strong><\/td> <\/tr> <tr style=\"height: 24px;\"> <td style=\"height: 24px; width: 273.775px;\">\u00a01<\/td> <td style=\"height: 24px; width: 280.425px;\"><\/td> <\/tr> <\/tbody> <\/table> <p>&nbsp;<\/p> <p><strong>Publik\u00e1ci\u00f3s lista (Top10)<\/strong><\/p> <table> <tbody> <tr> <td width=\"50\"><strong>2021<\/strong><\/td> <td><a href=\"https:\/\/m2.mtmt.hu\/api\/publication\/32122910\"><strong>Gaspardy A, Berger B, Zabavnik-Piano J, Kovacs E, Annus K, Zenke P, Safar L, Maroti-Agots A: <em>Comparison of mtDNA control region among descendant breeds of the extinct Zaupel sheep revealed haplogroup C and D in Central Europe<\/em>, VETERINARY MEDICINE AND SCIENCE\u00a0 <\/strong><\/a><\/td> <\/tr> <tr> <td width=\"50\"><strong>2021<\/strong><\/td> <td><a href=\"https:\/\/m2.mtmt.hu\/api\/publication\/32264136\"><strong>Mar\u00f3ti-Ag\u00f3ts \u00c1kos, Csurgay Krist\u00f3f: <em>&#8222;Egy borj\u00fafark sem hib\u00e1zott&#8230;&#8221;<\/em>, , 2021 *<\/strong><\/a><\/td> <\/tr> <tr> <td width=\"50\"><strong>2020<\/strong><\/td> <td><a href=\"https:\/\/m2.mtmt.hu\/api\/publication\/31387857\"><strong>Kov\u00e1cs Endre, Mar\u00f3ti-Ag\u00f3ts \u00c1kos, Harmat Levente, Annus Kata, Zenke Petra, Tempfli K\u00e1roly, S\u00e1f\u00e1r L\u00e1szl\u00f3, G\u00e1sp\u00e1rdy Andr\u00e1s: <em>A cikta juh jellemz\u00e9se a mitokondri\u00e1lis DNS kontrollr\u00e9gi\u00f3ja alapj\u00e1n<\/em>, MAGYAR \u00c1LLATORVOSOK LAPJA 142: (7) pp. 421-428., 2020<br \/> Veterinary\u00a0(miscellaneous)\u00a0183\/200\u00a0(Q4)<br \/> (Scopus rangsor: foly\u00f3irat poz\u00edci\u00f3ja\/lista hossza) *<\/strong><\/a><\/td> <\/tr> <tr> <td width=\"50\"><strong>2020<\/strong><\/td> <td><a href=\"https:\/\/m2.mtmt.hu\/api\/publication\/31272308\"><strong>Zsolnai A., Mar\u00f3ti-Ag\u00f3ts \u00c1., Kov\u00e1cs A., B\u00e2lteanu A. V., Kaltenecker E., Anton I.: <em>Genetic position of Hungarian Grey among European cattle and identification of breed-specific markers<\/em>, ANIMAL: THE INTERNATIONAL JOURNAL OF ANIMAL BIOSCIENCES 14: (9) pp. 1786-1792., 2020; doi:10.1017\/S1751731120000634<br \/> Animal\u00a0Science\u00a0and\u00a0Zoology\u00a047\/419\u00a0(Q1)<br \/> (Scopus rangsor: foly\u00f3irat poz\u00edci\u00f3ja\/lista hossza) *<\/strong><\/a><\/td> <\/tr> <tr> <td width=\"50\"><strong>2019<\/strong><\/td> <td><strong>Kov\u00e1cs Endre, Tempfli K\u00e1roly, Shannon A., Zenke P., Mar\u00f3ti-Ag\u00f3ts \u00c1kos, S\u00e1f\u00e1r L., \u00c1. Bali Papp \u00c1gnes, G\u00e1sp\u00e1rdy Andr\u00e1s: <em>STR diversity of a historical sheep breed bottlenecked, the Cikta<\/em>, JOURNAL OF ANIMAL AND PLANT SCIENCES 29: (1) pp. 41-47., 2019<br \/> Animal\u00a0Science\u00a0and\u00a0Zoology\u00a0257\/401\u00a0(Q3)<br \/> (Scopus rangsor: foly\u00f3irat poz\u00edci\u00f3ja\/lista hossza) <\/strong><\/td> <\/tr> <tr> <td width=\"50\"><strong>2019<\/strong><\/td> <td><a href=\"https:\/\/m2.mtmt.hu\/api\/publication\/32263925\"><strong>Mar\u00f3ti-Ag\u00f3ts \u00c1kos, Nov\u00e1k Tam\u00e1s: <em>&#8222;L\u00e9lek \u00e9s bet\u0171&#8221;<\/em>, , 2019 *<\/strong><\/a><\/td> <\/tr> <tr> <td width=\"50\"><strong>2018<\/strong><\/td> <td><a href=\"https:\/\/m2.mtmt.hu\/api\/publication\/3421284\"><strong>A Beck, I Bod\u00f3, L J\u00e1vorka, A G\u00e1sp\u00e1rdy, M Szemenyei, \u00c1 Mar\u00f3ti-Ag\u00f3ts: <em>Phenotyping of Hungarian Grey bulls with the optometric VATEM method and launch of the PHENBANK<\/em>, In: EAAP, Scientific Committee (szerk.) Book of Abstracts of the 69th Annual Meeting of the European Federation of Animal Science, Wageningen Academic Publishers (2018) p. 288., 2018 *<\/strong><\/a><\/td> <\/tr> <tr> <td width=\"50\"><strong>2018<\/strong><\/td> <td><a href=\"https:\/\/m2.mtmt.hu\/api\/publication\/30370864\"><strong>G\u00e1sp\u00e1rdy Andr\u00e1s, Holly Viktoria, Zenke Petra, Mar\u00f3ti-Ag\u00f3ts \u00c1kos, S\u00e1f\u00e1r L\u00e1szl\u00f3, Bali Papp \u00c1gnes, Kov\u00e1cs Endre: <em>The response of prion genic variation to selection for scrapie resistance in Hungarian indigenous sheep breeds<\/em>, ACTA VETERINARIA HUNGARICA 66: (4) pp. 562-572., 2018; doi:10.1556\/004.2018.050<br \/> Veterinary\u00a0(miscellaneous)\u00a053\/181\u00a0(Q2)<br \/> (Scopus rangsor: foly\u00f3irat poz\u00edci\u00f3ja\/lista hossza) *<\/strong><\/a><\/td> <\/tr> <tr> <td width=\"50\"><strong>2017<\/strong><\/td> <td><a href=\"https:\/\/m2.mtmt.hu\/api\/publication\/3262050\"><strong>\u00c1 Mar\u00f3ti-Ag\u00f3ts, D F\u00fcrlinger, I Bod\u00f3, L Baracskay, E Kaltenecker, A G\u00e1sp\u00e1rdy: <em>Changing of the wither height in Hungarian Grey cattle breed in the last 15 years<\/em>, In: EAAP, scientific committee (szerk.) Book of Abstracts of the 68th Annual Meeting of the European Federation of Animal Science, Wageningen Academic Publishers (2017) p. 486., 2017 *<\/strong><\/a><\/td> <\/tr> <tr> <td width=\"50\"><strong>2017<\/strong><\/td> <td><a href=\"https:\/\/m2.mtmt.hu\/api\/publication\/3261797\"><strong>Mar\u00f3ti-Ag\u00f3ts \u00c1kos, Bod\u00f3 Imre, Zenke Petra, J\u00e1vorka Levente, Kaltenecker Endre, Baracskay Lajos, Beck Attila, F\u00fcrlinger D\u00f3ra, Szemenyei M\u00e1rton, Ratk\u00f3czi Om\u00e1r, G\u00e1sp\u00e1rdy Andr\u00e1s: <em>VATEM2 &#8211; Optometriai \u00e1llatm\u00e9r\u0151 rendszer<\/em>, MAGYAR \u00c1LLATORVOSOK LAPJA 139: (8) pp. 501-508., 2017<br \/> Veterinary\u00a0(miscellaneous)\u00a0146\/174\u00a0(Q4)<br \/> (Scopus rangsor: foly\u00f3irat poz\u00edci\u00f3ja\/lista hossza) *<\/strong><\/a><\/td> <\/tr> <tr> <td width=\"50\"><strong>2017<\/strong><\/td> <td><a href=\"https:\/\/m2.mtmt.hu\/api\/publication\/3131356\"><strong>Seregi B, Kapit\u00e1ny B, Mar\u00f3ti-Ag\u00f3ts \u00c1, Rihmer Z, Gonda X, D\u00f6me P: <em>Weak associations between the daily number of suicide cases and amount of daily sunlight<\/em>, PROGRESS IN NEURO-PSYCHOPHARMACOLOGY &amp; BIOLOGICAL PSYCHIATRY 73: pp. 41-48., 2017; doi:10.1016\/j.pnpbp.2016.10.003<br \/> Pharmacology\u00a035\/325\u00a0(Q1)<br \/> (Scopus rangsor: foly\u00f3irat poz\u00edci\u00f3ja\/lista hossza) *<\/strong><\/a><\/td> <\/tr> <tr> <td width=\"50\"><strong>2011<\/strong><\/td> <td><a href=\"https:\/\/m2.mtmt.hu\/api\/publication\/1431687\"><strong>Mar\u00f3ti-Ag\u00f3ts \u00c1, Bod\u00f3 I, J\u00e1vorka L, Gyurm\u00e1n A, Solymosi N, Zenke P, Skogseth M, Z\u00f6ld\u00e1g L: <em>Possible genetic sign of heat stress adaptation in Hungarian Grey Bos taurus breed<\/em>, ACTA BIOLOGICA HUNGARICA (1983-2018) 62: (1) pp. 65-72., 2011; doi:10.1556\/ABiol.61.2011.1.6<br \/> Biochemistry,\u00a0Genetics\u00a0and\u00a0Molecular\u00a0Biology\u00a0(miscellaneous)\u00a0122\/230\u00a0(Q3)<br \/> (Scopus rangsor: foly\u00f3irat poz\u00edci\u00f3ja\/lista hossza) *<\/strong><\/a><\/td> <\/tr> <tr> <td width=\"50\"><strong>2010<\/strong><\/td> <td><a href=\"https:\/\/m2.mtmt.hu\/api\/publication\/1655044\"><strong>Pariset L, Mariotti M, Nardone A, Soysal MI, Ozkan E, Williams JL, Dunner S, Leveziel H, Maroti-Agots A, Bodo I, Valentini A: <em>Relationships between Podolic cattle breeds assessed by single nucleotide polymorphisms (SNPs) genotyping.<\/em>, JOURNAL OF ANIMAL BREEDING AND GENETICS-ZEITSCHRIFT F\u00dcR TIERZUCHTUNG UND ZUCHTUNGSBIOLOGIE 127: (6) pp. 481-488., 2010; doi:10.1111\/j.1439-0388.2010.00868.x<br \/> Animal\u00a0Science\u00a0and\u00a0Zoology\u00a051\/363\u00a0(Q1)<br \/> (Scopus rangsor: foly\u00f3irat poz\u00edci\u00f3ja\/lista hossza) *<\/strong><\/a><\/td> <\/tr> <\/tbody> <\/table> <div> <p>&nbsp;<\/p> <\/div> <p>&nbsp;<\/p> <div> <p><strong>BioinfDEU<\/strong><\/p> <p>LWFS seq<br \/> GTTCGTGCTGGGCATCATCGGAAACTCCACACT<\/p> <\/div>","protected":false},"excerpt":{"rendered":"<p>Bemutatkoz\u00e1s\u00a0\u00a0 V\u00e9gzetts\u00e9g: \u00e1llatorvos doktor (2003) Tudom\u00e1nyos fokozat: PhD (2011) PhD\/CSc kiad\u00f3 int\u00e9zm\u00e9ny: SzIE-\u00c1OTK PhD\/CSc oklev\u00e9l anyak\u00f6nyvi sz\u00e1ma: 42\/2011 a PhD\/CSc \u00e9rtekez\u00e9s c\u00edme: A magyar sz\u00fcrke szarvasmarhafajta fenot\u00edpusos \u00e9s genot\u00edpusos vizsg\u00e1lata Habilit\u00e1ci\u00f3: 2016 \u00c1TE Szakter\u00fclet: Videok\u00e9p Analiz\u00e1l\u00e1sos Testm\u00e9retfelv\u00e9tel (VATEM), filogenetikai kutat\u00e1sok mitokondri\u00e1lis \u00f6r\u00f6k\u00edt\u0151anyag felhaszn\u00e1l\u00e1s\u00e1val szarvasmarha fajban, h\u00e1zi- \u00e9s t\u00e1rs\u00e1llatok \u00f6r\u00f6kletes betegs\u00e9geinek molekul\u00e1ris diagnosztik\u00e1ja, kutya mozg\u00e1sanal\u00edzis -mozg\u00e1sszervi<\/p>\n","protected":false},"author":5824,"featured_media":0,"parent":858,"menu_order":212,"comment_status":"closed","ping_status":"closed","template":"","meta":{"_acf_changed":false,"footnotes":""},"categories":[56],"tags":[],"class_list":["post-4306","page","type-page","status-publish","hentry","category-munkatarsak"],"acf":[],"_links":{"self":[{"href":"https:\/\/univet.hu\/hu\/wp-json\/wp\/v2\/pages\/4306","targetHints":{"allow":["GET"]}}],"collection":[{"href":"https:\/\/univet.hu\/hu\/wp-json\/wp\/v2\/pages"}],"about":[{"href":"https:\/\/univet.hu\/hu\/wp-json\/wp\/v2\/types\/page"}],"author":[{"embeddable":true,"href":"https:\/\/univet.hu\/hu\/wp-json\/wp\/v2\/users\/5824"}],"replies":[{"embeddable":true,"href":"https:\/\/univet.hu\/hu\/wp-json\/wp\/v2\/comments?post=4306"}],"version-history":[{"count":1,"href":"https:\/\/univet.hu\/hu\/wp-json\/wp\/v2\/pages\/4306\/revisions"}],"predecessor-version":[{"id":199699,"href":"https:\/\/univet.hu\/hu\/wp-json\/wp\/v2\/pages\/4306\/revisions\/199699"}],"up":[{"embeddable":true,"href":"https:\/\/univet.hu\/hu\/wp-json\/wp\/v2\/pages\/858"}],"wp:attachment":[{"href":"https:\/\/univet.hu\/hu\/wp-json\/wp\/v2\/media?parent=4306"}],"wp:term":[{"taxonomy":"category","embeddable":true,"href":"https:\/\/univet.hu\/hu\/wp-json\/wp\/v2\/categories?post=4306"},{"taxonomy":"post_tag","embeddable":true,"href":"https:\/\/univet.hu\/hu\/wp-json\/wp\/v2\/tags?post=4306"}],"curies":[{"name":"wp","href":"https:\/\/api.w.org\/{rel}","templated":true}]}}