{"id":4309,"date":"2017-09-07T09:02:00","date_gmt":"2017-09-07T07:02:00","guid":{"rendered":"http:\/\/univet.hu\/egyetem\/munkatarsak\/mathe-akos\/"},"modified":"2026-02-10T04:03:01","modified_gmt":"2026-02-10T03:03:01","slug":"mathe-akos","status":"publish","type":"page","link":"https:\/\/univet.hu\/hu\/egyetem\/munkatarsak\/mathe-akos\/","title":{"rendered":"M\u00e1th\u00e9 \u00c1kos"},"content":{"rendered":"<p style=\"text-align: center;\"><span style=\"font-size: 14pt;\"><strong>Bemutatkoz\u00e1s<\/strong><\/span><\/p> <p>\u00c1llatorvos-doktori diplom\u00e1mat 1994-ben szereztem. A v\u00e9gz\u00e9s \u00f3ta a Belgy\u00f3gy\u00e1szati Tansz\u00e9ken dolgozom, 2018-t\u00f3l egyetemi docens beoszt\u00e1sban. Kis\u00e1llatgy\u00f3gy\u00e1sz klinikus szak\u00e1llatorvosi diplom\u00e1mat 2003-ban vettem \u00e1t. PhD dolgozatomat 2007-ben v\u00e9dtem meg a kuty\u00e1k babesiosis\u00e1nak t\u00e9mak\u00f6r\u00e9ben.<\/p> <p>A Belgy\u00f3gy\u00e1szati Tansz\u00e9ken r\u00e9szt veszek a magyar \u00e9s angol nyelv\u0171 gradu\u00e1lis \u00e9s posztgradu\u00e1lis oktat\u00e1sban a belgy\u00f3gy\u00e1szat, az endokrinol\u00f3gia, valamint a b\u0151rgy\u00f3gy\u00e1szat t\u00e9mak\u00f6reiben. Az \u00c1llatorvostudom\u00e1nyi Egyetem Kis\u00e1llatklinik\u00e1j\u00e1n a Belgy\u00f3gy\u00e1szati Ambulancia vezet\u0151je voltam 2011-2024. k\u00f6z\u00f6tt. Tapasztalatomat folyamatosan b\u0151v\u00edtem az endokrinol\u00f3giai \u00e9s b\u0151rgy\u00f3gy\u00e1szati szakrendel\u00e9seken. Klinikai munk\u00e1m sor\u00e1n fontosnak tartom a kutya \u00e9s macska betegek komplex vizsg\u00e1lat\u00e1t \u00e9s \u00e9rt\u00e9kel\u00e9s\u00e9t, mivel a bonyolultabb esetekben sokszor egyszerre mer\u00fclnek fel b\u0151rgy\u00f3gy\u00e1szati, hormon\u00e1lis \u00e9s esetleg m\u00e1s szervi vonatkoz\u00e1sok is.<\/p> <p>K\u00e9t nagykor\u00fa gyermek \u00e9desapja vagyok.<\/p> <p><strong>F\u0151bb kutat\u00e1si ter\u00fcletek:<\/strong><\/p> <ul> <li>kuty\u00e1k babesiosisa<\/li> <li>kuty\u00e1k \u00e9s macsk\u00e1k hormon\u00e1lis betegs\u00e9gei<\/li> <\/ul> <p><strong>El\u0151rehalad\u00e1s<\/strong><\/p> <p><strong>Szakmai szervezeti tags\u00e1g<\/strong><\/p> <table style=\"height: 92px;\" width=\"1316\"> <tbody> <tr style=\"height: 10px;\"> <td style=\"width: 691.533px; height: 10px; text-align: center;\"><strong>Bizotts\u00e1g neve<\/strong><\/td> <td style=\"width: 137.1px; height: 10px; text-align: center;\"><strong>Id\u0151<\/strong><\/td> <td style=\"width: 465.367px; height: 10px; text-align: center;\"><strong>Tiszts\u00e9g<\/strong><\/td> <\/tr> <tr style=\"height: 24px;\"> <td style=\"width: 691.533px; height: 24px; text-align: center;\">European Society of Veterinary Endocrinology (ESVE)<\/td> <td style=\"width: 137.1px; height: 24px; text-align: center;\">2018-<\/td> <td style=\"width: 465.367px; height: 24px; text-align: center;\">tag<\/td> <\/tr> <tr style=\"height: 10px;\"> <td style=\"width: 691.533px; height: 10px; text-align: center;\">\u00a0Magyar B\u0151rgy\u00f3gy\u00e1sz \u00c1llatorvosok Egyes\u00fclete (MB\u00c1E)<\/td> <td style=\"width: 137.1px; height: 10px; text-align: center;\">\u00a02016-<\/td> <td style=\"width: 465.367px; height: 10px; text-align: center;\">\u00a0tag<\/td> <\/tr> <tr style=\"height: 24px;\"> <td style=\"width: 691.533px; height: 24px; text-align: center;\">\u00a0Magyar \u00c1llatorvosi Kamara F\u0151v\u00e1rosi Szervezete<\/td> <td style=\"width: 137.1px; height: 24px; text-align: center;\">\u00a02001-<\/td> <td style=\"width: 465.367px; height: 24px; text-align: center;\">\u00a0tag<\/td> <\/tr> <tr style=\"height: 24px;\"> <td style=\"width: 691.533px; height: 24px; text-align: center;\">\u00a0Magyar Kis\u00e1llatgy\u00f3gy\u00e1sz \u00c1llatorvosok Egyes\u00fclete (HSAVA)<\/td> <td style=\"width: 137.1px; height: 24px; text-align: center;\">\u00a02000-<\/td> <td style=\"width: 465.367px; height: 24px; text-align: center;\">\u00a0tag<\/td> <\/tr> <\/tbody> <\/table> <p><strong>Eddigi szakdolgozat\/TDK hallgat\u00f3k sz\u00e1ma<\/strong><\/p> <p>10<\/p> <p><strong>PhD-hallgat\u00f3k<\/strong><\/p> <p>1<\/p> <p><strong>Publik\u00e1ci\u00f3s lista (Top10)<\/strong><\/p> <p>MTMT:<\/p> <table style=\"width: 1300px; height: 326px;\"> <tbody> <tr> <td style=\"width: 37.0333px;\">1.<\/td> <td style=\"width: 1246.97px;\"> <p>Magdus, Melinda ; M\u00e1th\u00e9, \u00c1kos\u00a0 Endokrin eredet\u0171 belgy\u00f3gy\u00e1szati k\u00f3rform\u00e1k In: V\u00f6r\u00f6s, K\u00e1roly (szerk.)<\/p> <p>\u00c1llatorvosi belgy\u00f3gy\u00e1szat Budapest, Magyarorsz\u00e1g : Magyar \u00c1llatorvosi Kamara (2019) 960 p. pp. 707-752. , 46 p.<\/td> <\/tr> <tr> <td style=\"width: 37.0333px;\">2.<\/td> <td style=\"width: 1246.97px;\"> <p>Cs\u00f6ndes, Judit ; Fabian, Ibolya ; Szab\u00f3, Bernadett ; M\u00e1th\u00e9, \u00c1kos ; Vajdovich, P\u00e9ter Assessment of adrenocortical reserve capacity and inflammatory parameters in critically ill dogs<\/p> <p>ACTA VETERINARIA HUNGARICA 65 : 4 pp. 475-486. , 12 p. (2017)<\/td> <\/tr> <tr> <td style=\"width: 37.0333px;\">3.<\/td> <td style=\"width: 1246.97px;\"> <p>Cs\u00f6ndes, Judit ; Majoros, G\u00e1bor ; Ps\u00e1der, Roland ; Lajos, Zolt\u00e1n ; Manczur, Ferenc ; M\u00e1th\u00e9, \u00c1kos ; Vajdovich, P\u00e9ter Angiostrongylosis-related restrictive pneumopathy assessed by arterial blood gas analysis in a dog<\/p> <p>ACTA VETERINARIA HUNGARICA 63 : 1 pp. 16-29. , 14 p. (2015)<\/td> <\/tr> <tr> <td style=\"width: 37.0333px;\">4.<\/td> <td style=\"width: 1246.97px;\"> <p>V\u00f6r\u00f6s, K\u00e1roly ; Szilv\u00e1si, Vikt\u00f3ria ; Manczur, Ferenc ; M\u00e1th\u00e9, \u00c1kos ; Reiczigel, Jen\u0151 ; Nolte, Ingo ; Hungerb\u00fchler, Stephan Occurrence of mitral valve insufficiency in clinically healthy Beagle dogs<\/p> <p>ACTA VETERINARIA HUNGARICA 63 : 4 pp. 458-471. , 14 p. (2015)<\/td> <\/tr> <tr> <td style=\"width: 37.0333px;\">5.<\/td> <td style=\"width: 1246.97px;\"> <p>Ps\u00e1der, Roland ; Jakab, Csaba ; M\u00e1th\u00e9, \u00c1kos ; Balka, Gyula ; P\u00e1pa, Kinga ; Sterczer, \u00c1gnes Expression of claudins in the normal canine gastric mucosa<\/p> <p>ACTA VETERINARIA HUNGARICA 62 : 1 pp. 13-21. , 9 p. (2014)<\/td> <\/tr> <tr> <td style=\"width: 37.0333px;\">6.<\/td> <td style=\"width: 1246.97px;\"> <p>Szilv\u00e1si, V ; V\u00f6r\u00f6s, K ; Manczur, F ; Reiczigel, J ; Nov\u00e1k, I ; M\u00e1th\u00e9, \u00c1 ; Fekete, D Comparison of traditional and sensor-based electronic stethoscopes in Beagle dogs.<\/p> <p>ACTA VETERINARIA HUNGARICA 61 pp. 19-29. , 11 p. (2013)<\/td> <\/tr> <tr> <td style=\"width: 37.0333px;\">7.<\/td> <td style=\"width: 1246.97px;\"> <p>Papa, K ; Mathe, A ; Abonyi-Toth, Z ; Sterczer, A ; Psader, R ; Hetyey, C ; Vajdovich, P ; Voros, K Occurrence, clinical features and outcome of canine pancreatitis (80 cases).<\/p> <p>ACTA VETERINARIA HUNGARICA 59 : 1 pp. 37-52. , 16 p. (2011)<\/td> <\/tr> <tr> <td style=\"width: 37.0333px;\">8.<\/td> <td style=\"width: 1246.97px;\"> <p>Mathe, A ; Dobos-Kovacs, M ; Voros, K Histological and ultrastructural studies of renal lesions in Babesia canis infected dogs treated with imidocarb<\/p> <p>ACTA VETERINARIA HUNGARICA 55 : 4 pp. 511-523. , 13 p. (2007)<\/td> <\/tr> <tr> <td style=\"width: 37.0333px;\">9..<\/td> <td style=\"width: 1246.97px;\"> <p>Mathe, A ; Voros, K ; Papp, L ; Reiczigel, J Clinical manifestations of canine babesiosis in Hungary (63 cases)<\/p> <p>ACTA VETERINARIA HUNGARICA 54 : 3 pp. 367-385. , 19 p. (2006)<\/td> <\/tr> <tr> <td style=\"width: 37.0333px;\">10.<\/td> <td style=\"width: 1246.97px;\"> <p>Mathe, A ; Voros, K ; Nemeth, T ; Biksi, I ; Hetyey, C ; Manczur, F ; Tekes, L Clinicopathological changes and effect of imidocarb therapy in dogs experimentally infected with Babesia canis<\/p> <p>ACTA VETERINARIA HUNGARICA 54 : 1 pp. 19-33. , 15 p. (2006)<\/td> <\/tr> <\/tbody> <\/table> <p>&nbsp;<\/p>","protected":false},"excerpt":{"rendered":"<p>Bemutatkoz\u00e1s \u00c1llatorvos-doktori diplom\u00e1mat 1994-ben szereztem. A v\u00e9gz\u00e9s \u00f3ta a Belgy\u00f3gy\u00e1szati Tansz\u00e9ken dolgozom, 2018-t\u00f3l egyetemi docens beoszt\u00e1sban. Kis\u00e1llatgy\u00f3gy\u00e1sz klinikus szak\u00e1llatorvosi diplom\u00e1mat 2003-ban vettem \u00e1t. PhD dolgozatomat 2007-ben v\u00e9dtem meg a kuty\u00e1k babesiosis\u00e1nak t\u00e9mak\u00f6r\u00e9ben. A Belgy\u00f3gy\u00e1szati Tansz\u00e9ken r\u00e9szt veszek a magyar \u00e9s angol nyelv\u0171 gradu\u00e1lis \u00e9s posztgradu\u00e1lis oktat\u00e1sban a belgy\u00f3gy\u00e1szat, az endokrinol\u00f3gia, valamint a b\u0151rgy\u00f3gy\u00e1szat t\u00e9mak\u00f6reiben. Az<\/p>\n","protected":false},"author":5824,"featured_media":0,"parent":858,"menu_order":212,"comment_status":"closed","ping_status":"closed","template":"","meta":{"_acf_changed":false,"footnotes":""},"categories":[56],"tags":[],"class_list":["post-4309","page","type-page","status-publish","hentry","category-munkatarsak"],"acf":[],"_links":{"self":[{"href":"https:\/\/univet.hu\/hu\/wp-json\/wp\/v2\/pages\/4309","targetHints":{"allow":["GET"]}}],"collection":[{"href":"https:\/\/univet.hu\/hu\/wp-json\/wp\/v2\/pages"}],"about":[{"href":"https:\/\/univet.hu\/hu\/wp-json\/wp\/v2\/types\/page"}],"author":[{"embeddable":true,"href":"https:\/\/univet.hu\/hu\/wp-json\/wp\/v2\/users\/5824"}],"replies":[{"embeddable":true,"href":"https:\/\/univet.hu\/hu\/wp-json\/wp\/v2\/comments?post=4309"}],"version-history":[{"count":1,"href":"https:\/\/univet.hu\/hu\/wp-json\/wp\/v2\/pages\/4309\/revisions"}],"predecessor-version":[{"id":199700,"href":"https:\/\/univet.hu\/hu\/wp-json\/wp\/v2\/pages\/4309\/revisions\/199700"}],"up":[{"embeddable":true,"href":"https:\/\/univet.hu\/hu\/wp-json\/wp\/v2\/pages\/858"}],"wp:attachment":[{"href":"https:\/\/univet.hu\/hu\/wp-json\/wp\/v2\/media?parent=4309"}],"wp:term":[{"taxonomy":"category","embeddable":true,"href":"https:\/\/univet.hu\/hu\/wp-json\/wp\/v2\/categories?post=4309"},{"taxonomy":"post_tag","embeddable":true,"href":"https:\/\/univet.hu\/hu\/wp-json\/wp\/v2\/tags?post=4309"}],"curies":[{"name":"wp","href":"https:\/\/api.w.org\/{rel}","templated":true}]}}