{"id":4312,"date":"2017-03-28T15:33:00","date_gmt":"2017-03-28T13:33:00","guid":{"rendered":"http:\/\/univet.hu\/egyetem\/munkatarsak\/matis-gabor\/"},"modified":"2026-02-10T04:03:02","modified_gmt":"2026-02-10T03:03:02","slug":"matis-gabor","status":"publish","type":"page","link":"https:\/\/univet.hu\/hu\/egyetem\/munkatarsak\/matis-gabor\/","title":{"rendered":"M\u00e1tis G\u00e1bor"},"content":{"rendered":"<h4><b>V\u00e9gzetts\u00e9gek:<\/b><\/h4> <div><\/div> <div>\u00c1llatorvos-doktor: 2009<\/div> <div>PhD: 2013<\/div> <div>Habilit\u00e1ci\u00f3: 2018<\/div> <div>Vadeg\u00e9szs\u00e9gtani szak\u00e1llatorvos: 2019<\/div> <div><\/div> <div><\/div> <h4><b>Oktat\u00e1s:<\/b><\/h4> <div><\/div> <div>\u00c1llatorvosi biok\u00e9mia el\u0151ad\u00e1sok tart\u00e1sa magyar, n\u00e9met \u00e9s angol nyelven<\/div> <div>\u00c1llatorvosi biok\u00e9mia\u00a0gyakorlatok tart\u00e1sa n\u00e9met \u00e9s angol nyelven<\/div> <div>\u00d6sszehasonl\u00edt\u00f3 biok\u00e9mia \u00e9s Biol\u00f3giai k\u00e9mia el\u0151ad\u00e1sok tart\u00e1sa (biol\u00f3gus BSc \u00e9s MSc)<\/div> <div>Fakultat\u00edv tant\u00e1rgyak: Patobiok\u00e9mia, G\u00e9nseb\u00e9szet, Molekul\u00e1ris tumorbiol\u00f3gia<\/div> <div>K\u00e9r\u0151dz\u0151- \u00e9s Baromfi-eg\u00e9szs\u00e9g\u00fcgyi szak\u00e1llatorvosi el\u0151ad\u00e1sok tart\u00e1sa<\/div> <div>\u00c1llatorvostudom\u00e1nyi Doktori Iskola: oktat\u00f3, t\u00e9mavezet\u0151<\/div> <div><\/div> <div>Az \u00c1llatorvosi biok\u00e9mia\u00a0magyar \u00e9s n\u00e9met nyelv\u0171\u00a0oktat\u00e1s\u00e1nak felel\u0151se.<\/div> <div>\u00a0Fogad\u00f3\u00f3ra: H\u00e9tf\u0151,\u00a010:00-12:00<\/div> <div><\/div> <h4><b>Kutat\u00e1s:<\/b><\/h4> <div><\/div> <div>M\u00e1j eredet\u0171 sejtteny\u00e9szetek l\u00e9trehoz\u00e1sa, fejleszt\u00e9se, in vitro vizsg\u00e1latok v\u00e9gz\u00e9se<br \/> Egyes immunmodul\u00e1l\u00f3 faktorok (h\u0151stressz, mikotoxinok, lipopoliszacharidok) molekul\u00e1ris szint\u0171 hat\u00e1sainak vizsg\u00e1lata csirk\u00e9ben<\/div> <div>Antimikrobi\u00e1lis peptidek gyullad\u00e1scs\u00f6kkent\u0151 hat\u00e9konys\u00e1g\u00e1nak vizsg\u00e1lata<\/div> <div>M\u00e9regtelen\u00edt\u0151 folyamatok \u00f6sszehasonl\u00edt\u00f3 vizsg\u00e1lata vadon \u00e9l\u0151 \u00e9s h\u00e1zias\u00edtott \u00e1llatfajokban<\/div> <div>Takarm\u00e1nykieg\u00e9sz\u00edt\u0151k metabolikus hat\u00e1sainak vizsg\u00e1lata<\/div>","protected":false},"excerpt":{"rendered":"<p>V\u00e9gzetts\u00e9gek: \u00c1llatorvos-doktor: 2009 PhD: 2013 Habilit\u00e1ci\u00f3: 2018 Vadeg\u00e9szs\u00e9gtani szak\u00e1llatorvos: 2019 Oktat\u00e1s: \u00c1llatorvosi biok\u00e9mia el\u0151ad\u00e1sok tart\u00e1sa magyar, n\u00e9met \u00e9s angol nyelven \u00c1llatorvosi biok\u00e9mia\u00a0gyakorlatok tart\u00e1sa n\u00e9met \u00e9s angol nyelven \u00d6sszehasonl\u00edt\u00f3 biok\u00e9mia \u00e9s Biol\u00f3giai k\u00e9mia el\u0151ad\u00e1sok tart\u00e1sa (biol\u00f3gus BSc \u00e9s MSc) Fakultat\u00edv tant\u00e1rgyak: Patobiok\u00e9mia, G\u00e9nseb\u00e9szet, Molekul\u00e1ris tumorbiol\u00f3gia K\u00e9r\u0151dz\u0151- \u00e9s Baromfi-eg\u00e9szs\u00e9g\u00fcgyi szak\u00e1llatorvosi el\u0151ad\u00e1sok tart\u00e1sa \u00c1llatorvostudom\u00e1nyi Doktori Iskola: oktat\u00f3, t\u00e9mavezet\u0151<\/p>\n","protected":false},"author":5824,"featured_media":0,"parent":858,"menu_order":212,"comment_status":"closed","ping_status":"closed","template":"","meta":{"_acf_changed":false,"footnotes":""},"categories":[56],"tags":[],"class_list":["post-4312","page","type-page","status-publish","hentry","category-munkatarsak"],"acf":[],"_links":{"self":[{"href":"https:\/\/univet.hu\/hu\/wp-json\/wp\/v2\/pages\/4312","targetHints":{"allow":["GET"]}}],"collection":[{"href":"https:\/\/univet.hu\/hu\/wp-json\/wp\/v2\/pages"}],"about":[{"href":"https:\/\/univet.hu\/hu\/wp-json\/wp\/v2\/types\/page"}],"author":[{"embeddable":true,"href":"https:\/\/univet.hu\/hu\/wp-json\/wp\/v2\/users\/5824"}],"replies":[{"embeddable":true,"href":"https:\/\/univet.hu\/hu\/wp-json\/wp\/v2\/comments?post=4312"}],"version-history":[{"count":2,"href":"https:\/\/univet.hu\/hu\/wp-json\/wp\/v2\/pages\/4312\/revisions"}],"predecessor-version":[{"id":190645,"href":"https:\/\/univet.hu\/hu\/wp-json\/wp\/v2\/pages\/4312\/revisions\/190645"}],"up":[{"embeddable":true,"href":"https:\/\/univet.hu\/hu\/wp-json\/wp\/v2\/pages\/858"}],"wp:attachment":[{"href":"https:\/\/univet.hu\/hu\/wp-json\/wp\/v2\/media?parent=4312"}],"wp:term":[{"taxonomy":"category","embeddable":true,"href":"https:\/\/univet.hu\/hu\/wp-json\/wp\/v2\/categories?post=4312"},{"taxonomy":"post_tag","embeddable":true,"href":"https:\/\/univet.hu\/hu\/wp-json\/wp\/v2\/tags?post=4312"}],"curies":[{"name":"wp","href":"https:\/\/api.w.org\/{rel}","templated":true}]}}