{"id":43177,"date":"2019-09-06T12:12:16","date_gmt":"2019-09-06T10:12:16","guid":{"rendered":"https:\/\/univet.hu\/?page_id=43177"},"modified":"2025-09-10T10:19:06","modified_gmt":"2025-09-10T08:19:06","slug":"alkalmazott-etologia-2","status":"publish","type":"page","link":"https:\/\/univet.hu\/hu\/oktatas\/kurzusok\/alkalmazott-etologia-2\/","title":{"rendered":"Alkalmazott etol\u00f3gia"},"content":{"rendered":"<p>Az alkalmazott etol\u00f3gia tant\u00e1rgy keretein bel\u00fcl a hallgat\u00f3k megismerik az \u00e1llatorvosi praxisban leggyakrabban el\u0151fordul\u00f3 haszon\u00e1llat- \u00e9s kedvtel\u00e9sb\u0151l tartott \u00e1llatfajok norm\u00e1lis \u00e9s eg\u00e9szs\u00e9ges viselked\u00e9sform\u00e1it. A hallgat\u00f3k ez\u00e1ltal k\u00e9pesek lesznek felismerni a rossz tart\u00e1si k\u00f6r\u00fclm\u00e9nyek jeleit, azonos\u00edtani a rendellenes viselked\u00e9sform\u00e1kat egyedi \u00e9s \u00e1llom\u00e1nyszinten egyar\u00e1nt, ill. felm\u00e9rni az azokat kiv\u00e1lt\u00f3 k\u00f6rnyezeti t\u00e9nyez\u0151ket. A hallgat\u00f3k elsaj\u00e1t\u00edtj\u00e1k az \u00e1llatj\u00f3ll\u00e9t tudom\u00e1ny, az \u00e1llatj\u00f3ll\u00e9ti helyzet felm\u00e9r\u00e9s\u00e9nek alapjait. Az alkalmazott etol\u00f3gia kurzus seg\u00edti a leend\u0151 \u00e1llatorvosokat az ember-\u00e1llat kapcsolatok jobb meg\u00e9rt\u00e9s\u00e9ben, ill. a j\u00f3 \u00e1llatj\u00f3ll\u00e9ti helyzet melletti gazdas\u00e1gos termel\u00e9s egyens\u00faly\u00e1nak kialak\u00edt\u00e1s\u00e1ban.<\/p> <p>&nbsp;<\/p>","protected":false},"excerpt":{"rendered":"<p>Az alkalmazott etol\u00f3gia tant\u00e1rgy keretein bel\u00fcl a hallgat\u00f3k megismerik az \u00e1llatorvosi praxisban leggyakrabban el\u0151fordul\u00f3 haszon\u00e1llat- \u00e9s kedvtel\u00e9sb\u0151l tartott \u00e1llatfajok norm\u00e1lis \u00e9s eg\u00e9szs\u00e9ges viselked\u00e9sform\u00e1it. A hallgat\u00f3k ez\u00e1ltal k\u00e9pesek lesznek felismerni a rossz tart\u00e1si k\u00f6r\u00fclm\u00e9nyek jeleit, azonos\u00edtani a rendellenes viselked\u00e9sform\u00e1kat egyedi \u00e9s \u00e1llom\u00e1nyszinten egyar\u00e1nt, ill. felm\u00e9rni az azokat kiv\u00e1lt\u00f3 k\u00f6rnyezeti t\u00e9nyez\u0151ket. A hallgat\u00f3k elsaj\u00e1t\u00edtj\u00e1k az \u00e1llatj\u00f3ll\u00e9t tudom\u00e1ny,<\/p>\n","protected":false},"author":3837,"featured_media":0,"parent":677,"menu_order":0,"comment_status":"closed","ping_status":"closed","template":"","meta":{"_acf_changed":false,"footnotes":""},"categories":[],"tags":[],"class_list":["post-43177","page","type-page","status-publish","hentry"],"acf":[],"_links":{"self":[{"href":"https:\/\/univet.hu\/hu\/wp-json\/wp\/v2\/pages\/43177","targetHints":{"allow":["GET"]}}],"collection":[{"href":"https:\/\/univet.hu\/hu\/wp-json\/wp\/v2\/pages"}],"about":[{"href":"https:\/\/univet.hu\/hu\/wp-json\/wp\/v2\/types\/page"}],"author":[{"embeddable":true,"href":"https:\/\/univet.hu\/hu\/wp-json\/wp\/v2\/users\/3837"}],"replies":[{"embeddable":true,"href":"https:\/\/univet.hu\/hu\/wp-json\/wp\/v2\/comments?post=43177"}],"version-history":[{"count":1,"href":"https:\/\/univet.hu\/hu\/wp-json\/wp\/v2\/pages\/43177\/revisions"}],"predecessor-version":[{"id":190366,"href":"https:\/\/univet.hu\/hu\/wp-json\/wp\/v2\/pages\/43177\/revisions\/190366"}],"up":[{"embeddable":true,"href":"https:\/\/univet.hu\/hu\/wp-json\/wp\/v2\/pages\/677"}],"wp:attachment":[{"href":"https:\/\/univet.hu\/hu\/wp-json\/wp\/v2\/media?parent=43177"}],"wp:term":[{"taxonomy":"category","embeddable":true,"href":"https:\/\/univet.hu\/hu\/wp-json\/wp\/v2\/categories?post=43177"},{"taxonomy":"post_tag","embeddable":true,"href":"https:\/\/univet.hu\/hu\/wp-json\/wp\/v2\/tags?post=43177"}],"curies":[{"name":"wp","href":"https:\/\/api.w.org\/{rel}","templated":true}]}}