{"id":4339,"date":"2018-05-03T13:29:00","date_gmt":"2018-05-03T11:29:00","guid":{"rendered":"http:\/\/univet.hu\/egyetem\/munkatarsak\/mozer-aniko\/"},"modified":"2026-02-10T04:02:09","modified_gmt":"2026-02-10T03:02:09","slug":"mozer-aniko","status":"publish","type":"page","link":"https:\/\/univet.hu\/hu\/egyetem\/munkatarsak\/mozer-aniko\/","title":{"rendered":"M\u00f3zer Anik\u00f3"},"content":{"rendered":"<p style=\"text-align: center\"><span style=\"font-size: 14pt\"><strong>Bemutatkoz\u00e1s\u00a0\u00a0<\/strong><\/span><\/p> <p>1989-ben sz\u00fclettem Budapesten. M\u00e1r eg\u00e9szen fiatalon megfogalmaz\u00f3dott bennem a gondolat, hogy \u00e1llatorvos szeretn\u00e9k lenni. 13 \u00e9vesen betekint\u00e9st nyerhettem egy \u00e1llatorvosi rendel\u0151 mindennapjaiba, \u00e9s ez ir\u00e1ny\u00fa elk\u00f6telez\u0151d\u00e9sem megszil\u00e1rdult.<\/p> <p>Gimn\u00e1ziumi tanulm\u00e1nyaim ut\u00e1n r\u00f6vid ideig az ELTE biol\u00f3gia szakos hallgat\u00f3ja voltam, majd felv\u00e9telt nyertem a Szent Istv\u00e1n Egyetem \u00c1llatorvos-tudom\u00e1nyi Kar\u00e1ra. 2018 m\u00e1rcius\u00e1ban v\u00e9geztem az akkor m\u00e1r k\u00fcl\u00f6n\u00e1ll\u00f3 \u00c1llatorvostudom\u00e1nyi Egyetemen.<\/p> <p>M\u00e1sod\u00e9ves hallgat\u00f3k\u00e9nt keltette fel \u00e9rdekl\u0151d\u00e9semet az egzotikus \u00e1llatok gy\u00f3gy\u00e1szata. Egyetemi \u00e9veim alatt sok id\u0151t t\u00f6lt\u00f6ttem a Belgy\u00f3gy\u00e1szati Tansz\u00e9k Egzotikus Oszt\u00e1ly\u00e1nak klinik\u00e1j\u00e1n. Negyed\u00e9ves hallgat\u00f3k\u00e9nt lehet\u0151s\u00e9gem ny\u00edlt bekapcsol\u00f3dni az akkor m\u00e1r \u00f6n\u00e1ll\u00f3 Tansz\u00e9k mindennapi munk\u00e1j\u00e1ba.<\/p> <p>V\u00e9gz\u00e9s ut\u00e1n klinikai \u00e1llatorvosk\u00e9nt kezdtem el dolgozni a Tansz\u00e9ken. Tud\u00e1somat \u00e9s gyakorlatomat t\u00f6bb eur\u00f3pai egyetem egzotikus klinik\u00e1j\u00e1n fejlesztettem (Hannover, Brno, Kassa).<\/p> <p>Sz\u00edvesen veszek r\u00e9szt tov\u00e1bbk\u00e9pz\u00e9seken, els\u0151sorban a nyulak \u00e9s r\u00e1gcs\u00e1l\u00f3k gy\u00f3gy\u00e1szat\u00e1nak t\u00e9mak\u00f6r\u00e9ben. 2022 m\u00e1rcius\u00e1ban szereztem meg az egzotikus \u00e1llatgy\u00f3gy\u00e1sz szak\u00e1llatorvosi diplom\u00e1t.<\/p> <p>&nbsp;<\/p> <p><strong>Jelenleg a koll\u00e9gan\u0151 sz\u00fcl\u00e9si szabads\u00e1gon van.<\/strong><\/p>","protected":false},"excerpt":{"rendered":"<p>Bemutatkoz\u00e1s\u00a0\u00a0 1989-ben sz\u00fclettem Budapesten. M\u00e1r eg\u00e9szen fiatalon megfogalmaz\u00f3dott bennem a gondolat, hogy \u00e1llatorvos szeretn\u00e9k lenni. 13 \u00e9vesen betekint\u00e9st nyerhettem egy \u00e1llatorvosi rendel\u0151 mindennapjaiba, \u00e9s ez ir\u00e1ny\u00fa elk\u00f6telez\u0151d\u00e9sem megszil\u00e1rdult. Gimn\u00e1ziumi tanulm\u00e1nyaim ut\u00e1n r\u00f6vid ideig az ELTE biol\u00f3gia szakos hallgat\u00f3ja voltam, majd felv\u00e9telt nyertem a Szent Istv\u00e1n Egyetem \u00c1llatorvos-tudom\u00e1nyi Kar\u00e1ra. 2018 m\u00e1rcius\u00e1ban v\u00e9geztem az akkor m\u00e1r k\u00fcl\u00f6n\u00e1ll\u00f3<\/p>\n","protected":false},"author":5824,"featured_media":0,"parent":858,"menu_order":211,"comment_status":"closed","ping_status":"closed","template":"","meta":{"_acf_changed":false,"footnotes":""},"categories":[56],"tags":[],"class_list":["post-4339","page","type-page","status-publish","hentry","category-munkatarsak"],"acf":[],"_links":{"self":[{"href":"https:\/\/univet.hu\/hu\/wp-json\/wp\/v2\/pages\/4339","targetHints":{"allow":["GET"]}}],"collection":[{"href":"https:\/\/univet.hu\/hu\/wp-json\/wp\/v2\/pages"}],"about":[{"href":"https:\/\/univet.hu\/hu\/wp-json\/wp\/v2\/types\/page"}],"author":[{"embeddable":true,"href":"https:\/\/univet.hu\/hu\/wp-json\/wp\/v2\/users\/5824"}],"replies":[{"embeddable":true,"href":"https:\/\/univet.hu\/hu\/wp-json\/wp\/v2\/comments?post=4339"}],"version-history":[{"count":3,"href":"https:\/\/univet.hu\/hu\/wp-json\/wp\/v2\/pages\/4339\/revisions"}],"predecessor-version":[{"id":181764,"href":"https:\/\/univet.hu\/hu\/wp-json\/wp\/v2\/pages\/4339\/revisions\/181764"}],"up":[{"embeddable":true,"href":"https:\/\/univet.hu\/hu\/wp-json\/wp\/v2\/pages\/858"}],"wp:attachment":[{"href":"https:\/\/univet.hu\/hu\/wp-json\/wp\/v2\/media?parent=4339"}],"wp:term":[{"taxonomy":"category","embeddable":true,"href":"https:\/\/univet.hu\/hu\/wp-json\/wp\/v2\/categories?post=4339"},{"taxonomy":"post_tag","embeddable":true,"href":"https:\/\/univet.hu\/hu\/wp-json\/wp\/v2\/tags?post=4339"}],"curies":[{"name":"wp","href":"https:\/\/api.w.org\/{rel}","templated":true}]}}