{"id":43470,"date":"2019-09-11T10:26:18","date_gmt":"2019-09-11T08:26:18","guid":{"rendered":"https:\/\/univet.hu\/?page_id=43470"},"modified":"2026-02-10T03:59:30","modified_gmt":"2026-02-10T02:59:30","slug":"szabo-korinna","status":"publish","type":"page","link":"https:\/\/univet.hu\/hu\/egyetem\/munkatarsak\/szabo-korinna\/","title":{"rendered":"Szab\u00f3 Korinna \u00c9va"},"content":{"rendered":"<p style=\"text-align: center;\"><span style=\"font-size: 14pt;\"><strong>Bemutatkoz\u00e1s\u00a0 \u00a0<\/strong><\/span><\/p> <p>Jelenleg PhD hallgat\u00f3k\u00e9nt dolgozom a tansz\u00e9ken, f\u0151 kutat\u00e1si ter\u00fcletem a nefrol\u00f3gia. Mindennapi munk\u00e1m sor\u00e1n r\u00e9szt veszek az intenz\u00edv oszt\u00e1lyon lev\u0151 betegek ell\u00e1t\u00e1s\u00e1ban, tov\u00e1bb\u00e1 a Nefrol\u00f3giai \u00e9s Urol\u00f3giai Szakrendel\u00e9sre \u00e9rkez\u0151 p\u00e1ciensek kivizsg\u00e1l\u00e1s\u00e1ban \u00e9s hossz\u00fat\u00e1v\u00fa kezel\u00e9s\u00e9ben.<\/p> <p>A Dial\u00edzis Oszt\u00e1ly munkat\u00e1rsak\u00e9nt munk\u00e1m r\u00e9sze a k\u00fcl\u00f6n\u00f6sen s\u00falyos akut veseel\u00e9gtelens\u00e9gben szenved\u0151 \u00e1llatok dial\u00edzis kezel\u00e9se is.<\/p> <p>A Kis\u00e1llatgy\u00f3gy\u00e1szat t\u00e1rgy hallgat\u00f3inak elm\u00e9leti \u00e9s gyakorlati k\u00e9pz\u00e9s\u00e9ben is akt\u00edvan r\u00e9szt veszek.<\/p> <p><strong>F\u0151bb kutat\u00e1si ter\u00fcletek: <\/strong><\/p> <ul> <li>Belgy\u00f3gy\u00e1szat\/Nefrol\u00f3gia<\/li> <\/ul>","protected":false},"excerpt":{"rendered":"<p>Bemutatkoz\u00e1s\u00a0 \u00a0 Jelenleg PhD hallgat\u00f3k\u00e9nt dolgozom a tansz\u00e9ken, f\u0151 kutat\u00e1si ter\u00fcletem a nefrol\u00f3gia. Mindennapi munk\u00e1m sor\u00e1n r\u00e9szt veszek az intenz\u00edv oszt\u00e1lyon lev\u0151 betegek ell\u00e1t\u00e1s\u00e1ban, tov\u00e1bb\u00e1 a Nefrol\u00f3giai \u00e9s Urol\u00f3giai Szakrendel\u00e9sre \u00e9rkez\u0151 p\u00e1ciensek kivizsg\u00e1l\u00e1s\u00e1ban \u00e9s hossz\u00fat\u00e1v\u00fa kezel\u00e9s\u00e9ben. A Dial\u00edzis Oszt\u00e1ly munkat\u00e1rsak\u00e9nt munk\u00e1m r\u00e9sze a k\u00fcl\u00f6n\u00f6sen s\u00falyos akut veseel\u00e9gtelens\u00e9gben szenved\u0151 \u00e1llatok dial\u00edzis kezel\u00e9se is. A Kis\u00e1llatgy\u00f3gy\u00e1szat t\u00e1rgy<\/p>\n","protected":false},"author":5824,"featured_media":0,"parent":858,"menu_order":38,"comment_status":"closed","ping_status":"closed","template":"","meta":{"_acf_changed":false,"footnotes":""},"categories":[],"tags":[],"class_list":["post-43470","page","type-page","status-publish","hentry"],"acf":[],"_links":{"self":[{"href":"https:\/\/univet.hu\/hu\/wp-json\/wp\/v2\/pages\/43470","targetHints":{"allow":["GET"]}}],"collection":[{"href":"https:\/\/univet.hu\/hu\/wp-json\/wp\/v2\/pages"}],"about":[{"href":"https:\/\/univet.hu\/hu\/wp-json\/wp\/v2\/types\/page"}],"author":[{"embeddable":true,"href":"https:\/\/univet.hu\/hu\/wp-json\/wp\/v2\/users\/5824"}],"replies":[{"embeddable":true,"href":"https:\/\/univet.hu\/hu\/wp-json\/wp\/v2\/comments?post=43470"}],"version-history":[{"count":1,"href":"https:\/\/univet.hu\/hu\/wp-json\/wp\/v2\/pages\/43470\/revisions"}],"predecessor-version":[{"id":199495,"href":"https:\/\/univet.hu\/hu\/wp-json\/wp\/v2\/pages\/43470\/revisions\/199495"}],"up":[{"embeddable":true,"href":"https:\/\/univet.hu\/hu\/wp-json\/wp\/v2\/pages\/858"}],"wp:attachment":[{"href":"https:\/\/univet.hu\/hu\/wp-json\/wp\/v2\/media?parent=43470"}],"wp:term":[{"taxonomy":"category","embeddable":true,"href":"https:\/\/univet.hu\/hu\/wp-json\/wp\/v2\/categories?post=43470"},{"taxonomy":"post_tag","embeddable":true,"href":"https:\/\/univet.hu\/hu\/wp-json\/wp\/v2\/tags?post=43470"}],"curies":[{"name":"wp","href":"https:\/\/api.w.org\/{rel}","templated":true}]}}