{"id":4354,"date":"2017-04-03T14:20:00","date_gmt":"2017-04-03T12:20:00","guid":{"rendered":"http:\/\/univet.hu\/egyetem\/munkatarsak\/muller-linda\/"},"modified":"2026-02-10T04:00:08","modified_gmt":"2026-02-10T03:00:08","slug":"muller-linda","status":"publish","type":"page","link":"https:\/\/univet.hu\/hu\/egyetem\/munkatarsak\/muller-linda\/","title":{"rendered":"M\u00fcller Linda"},"content":{"rendered":"<p>&nbsp;<\/p> <h2>Bemutatkoz\u00e1s<\/h2> <div> <p>Fogad\u00f3\u00f3ra: H\u00e9tf\u0151 13:00-15:00<\/p> <p><a href=\"https:\/\/vm.mtmt.hu\/www\/index.php#\" data-replaced=\"true\">Publik\u00e1ci\u00f3k list\u00e1ja<\/a><\/p> <\/div> <h2>Tev\u00e9kenys\u00e9g<\/h2> <div> <p>El\u0151ad\u00e1sok \u00e9s gyakorlatok tart\u00e1sa magyar \u00e9s angol nyelv\u0171 k\u00e9pz\u00e9sek keret\u00e9ben.<\/p> <\/div>","protected":false},"excerpt":{"rendered":"<p>&nbsp; Bemutatkoz\u00e1s Fogad\u00f3\u00f3ra: H\u00e9tf\u0151 13:00-15:00 Publik\u00e1ci\u00f3k list\u00e1ja Tev\u00e9kenys\u00e9g El\u0151ad\u00e1sok \u00e9s gyakorlatok tart\u00e1sa magyar \u00e9s angol nyelv\u0171 k\u00e9pz\u00e9sek keret\u00e9ben.<\/p>\n","protected":false},"author":5824,"featured_media":0,"parent":858,"menu_order":210,"comment_status":"closed","ping_status":"closed","template":"","meta":{"_acf_changed":false,"footnotes":""},"categories":[56],"tags":[],"class_list":["post-4354","page","type-page","status-publish","hentry","category-munkatarsak"],"acf":[],"_links":{"self":[{"href":"https:\/\/univet.hu\/hu\/wp-json\/wp\/v2\/pages\/4354","targetHints":{"allow":["GET"]}}],"collection":[{"href":"https:\/\/univet.hu\/hu\/wp-json\/wp\/v2\/pages"}],"about":[{"href":"https:\/\/univet.hu\/hu\/wp-json\/wp\/v2\/types\/page"}],"author":[{"embeddable":true,"href":"https:\/\/univet.hu\/hu\/wp-json\/wp\/v2\/users\/5824"}],"replies":[{"embeddable":true,"href":"https:\/\/univet.hu\/hu\/wp-json\/wp\/v2\/comments?post=4354"}],"version-history":[{"count":1,"href":"https:\/\/univet.hu\/hu\/wp-json\/wp\/v2\/pages\/4354\/revisions"}],"predecessor-version":[{"id":188448,"href":"https:\/\/univet.hu\/hu\/wp-json\/wp\/v2\/pages\/4354\/revisions\/188448"}],"up":[{"embeddable":true,"href":"https:\/\/univet.hu\/hu\/wp-json\/wp\/v2\/pages\/858"}],"wp:attachment":[{"href":"https:\/\/univet.hu\/hu\/wp-json\/wp\/v2\/media?parent=4354"}],"wp:term":[{"taxonomy":"category","embeddable":true,"href":"https:\/\/univet.hu\/hu\/wp-json\/wp\/v2\/categories?post=4354"},{"taxonomy":"post_tag","embeddable":true,"href":"https:\/\/univet.hu\/hu\/wp-json\/wp\/v2\/tags?post=4354"}],"curies":[{"name":"wp","href":"https:\/\/api.w.org\/{rel}","templated":true}]}}