{"id":43540,"date":"2019-09-12T07:16:46","date_gmt":"2019-09-12T05:16:46","guid":{"rendered":"https:\/\/univet.hu\/?page_id=43540"},"modified":"2022-09-10T12:29:20","modified_gmt":"2022-09-10T10:29:20","slug":"kvantitativ-allatorvosi-epidemiologia","status":"publish","type":"page","link":"https:\/\/univet.hu\/hu\/oktatas\/kurzusok\/kvantitativ-allatorvosi-epidemiologia\/","title":{"rendered":"Kvantitat\u00edv \u00e1llatorvosi epidemiol\u00f3gia"},"content":{"rendered":"<p>A kvantitat\u00edv \u00e1llatorvosi epidemiol\u00f3gi\u00e1n ugyanazt \u00e9rtj\u00fck, amit angolul epidemiol\u00f3gi\u00e1nak neveznek. Vagyis egy olyan alkalmazott matematikai tudom\u00e1nyter\u00fcletet, amely az eg\u00e9szs\u00e9ggel kapcsolatos esem\u00e9nyeknek popul\u00e1ci\u00f3s szint\u0171 vizsg\u00e1lat\u00e1val foglalkozik. A tant\u00e1rgy ehhez a c\u00e9lhoz kapcsol\u00f3d\u00f3 kvantitat\u00edv m\u00f3dszerekkel, azok eredm\u00e9nyeinek \u00e9rtelmez\u00e9si lehet\u0151s\u00e9geivel ismerteti meg a hallgat\u00f3kat.<\/p> <p><strong><span style=\"font-size: 18pt;\">El\u0151ad\u00f3: Dr. Solymosi Norbert egyetemi docens<\/span><\/strong><\/p>","protected":false},"excerpt":{"rendered":"<p>A kvantitat\u00edv \u00e1llatorvosi epidemiol\u00f3gi\u00e1n ugyanazt \u00e9rtj\u00fck, amit angolul epidemiol\u00f3gi\u00e1nak neveznek. Vagyis egy olyan alkalmazott matematikai tudom\u00e1nyter\u00fcletet, amely az eg\u00e9szs\u00e9ggel kapcsolatos esem\u00e9nyeknek popul\u00e1ci\u00f3s szint\u0171 vizsg\u00e1lat\u00e1val foglalkozik. A tant\u00e1rgy ehhez a c\u00e9lhoz kapcsol\u00f3d\u00f3 kvantitat\u00edv m\u00f3dszerekkel, azok eredm\u00e9nyeinek \u00e9rtelmez\u00e9si lehet\u0151s\u00e9geivel ismerteti meg a hallgat\u00f3kat. El\u0151ad\u00f3: Dr. Solymosi Norbert egyetemi docens<\/p>\n","protected":false},"author":3837,"featured_media":0,"parent":677,"menu_order":0,"comment_status":"closed","ping_status":"closed","template":"","meta":{"_acf_changed":false,"footnotes":""},"categories":[],"tags":[],"class_list":["post-43540","page","type-page","status-publish","hentry"],"acf":[],"_links":{"self":[{"href":"https:\/\/univet.hu\/hu\/wp-json\/wp\/v2\/pages\/43540","targetHints":{"allow":["GET"]}}],"collection":[{"href":"https:\/\/univet.hu\/hu\/wp-json\/wp\/v2\/pages"}],"about":[{"href":"https:\/\/univet.hu\/hu\/wp-json\/wp\/v2\/types\/page"}],"author":[{"embeddable":true,"href":"https:\/\/univet.hu\/hu\/wp-json\/wp\/v2\/users\/3837"}],"replies":[{"embeddable":true,"href":"https:\/\/univet.hu\/hu\/wp-json\/wp\/v2\/comments?post=43540"}],"version-history":[{"count":0,"href":"https:\/\/univet.hu\/hu\/wp-json\/wp\/v2\/pages\/43540\/revisions"}],"up":[{"embeddable":true,"href":"https:\/\/univet.hu\/hu\/wp-json\/wp\/v2\/pages\/677"}],"wp:attachment":[{"href":"https:\/\/univet.hu\/hu\/wp-json\/wp\/v2\/media?parent=43540"}],"wp:term":[{"taxonomy":"category","embeddable":true,"href":"https:\/\/univet.hu\/hu\/wp-json\/wp\/v2\/categories?post=43540"},{"taxonomy":"post_tag","embeddable":true,"href":"https:\/\/univet.hu\/hu\/wp-json\/wp\/v2\/tags?post=43540"}],"curies":[{"name":"wp","href":"https:\/\/api.w.org\/{rel}","templated":true}]}}