{"id":4357,"date":"2015-12-19T19:29:00","date_gmt":"2015-12-19T18:29:00","guid":{"rendered":"http:\/\/univet.hu\/egyetem\/munkatarsak\/nagy-gabor\/"},"modified":"2026-02-10T04:00:08","modified_gmt":"2026-02-10T03:00:08","slug":"nagy-gabor","status":"publish","type":"page","link":"https:\/\/univet.hu\/hu\/egyetem\/munkatarsak\/nagy-gabor\/","title":{"rendered":"Nagy G\u00e1bor"},"content":{"rendered":"<p><span style=\"font-size: 14pt;font-family: impact, sans-serif\"><strong>Szem\u00e9lyi adatok<\/strong><\/span><\/p> <h4>N\u00e9v: Nagy G\u00e1bor<\/h4> <p>Sz\u00fclet\u00e9si hely: Budapest<\/p> <p>Sz\u00fclet\u00e9si id\u0151: 1957.08.23.<\/p> <p>Csal\u00e1di \u00e1llapot: n\u0151s<\/p> <p>Lak\u00f3hely: 1194 Budapest, Zombor u. 57.<\/p> <p><span style=\"font-family: impact, sans-serif;font-size: 14pt\">El\u0151rehalad\u00e1s<\/span><\/p> <table style=\"height: 407px;width: 811px\" width=\"811\"> <tbody> <tr style=\"height: 24px\"> <td style=\"height: 24px;width: 178px;text-align: center;vertical-align: middle\"> <p style=\"text-align: center\"> <\/td> <td style=\"height: 24px;width: 617px;text-align: center;vertical-align: middle\"> <p style=\"text-align: center\"><strong>\u00c1llatorvostudom\u00e1nyi Egyetem Gy\u00f3gyszertani \u00e9s Toxikol\u00f3giai Tansz\u00e9k<\/strong><\/p> <\/td> <\/tr> <tr style=\"height: 56px\"> <td style=\"width: 178px;text-align: center;height: 56px\">2016 &#8211; jelenleg<\/td> <td style=\"width: 617px;height: 56px;text-align: center\">tudom\u00e1nyos munkat\u00e1rs<\/td> <\/tr> <tr style=\"height: 80px\"> <td style=\"height: 80px;width: 178px;text-align: center\"><\/td> <td style=\"height: 80px;width: 617px;text-align: center\"><strong>Szent Istv\u00e1n Egyetem, \u00c1llatorvos-tudom\u00e1nyi Kar Gy\u00f3gyszertani \u00e9s M\u00e9regtani Tansz\u00e9k<\/strong><\/td> <\/tr> <tr style=\"height: 24px\"> <td style=\"width: 178px;height: 24px;text-align: center\">2000-2016<\/td> <td style=\"width: 617px;height: 24px;text-align: center\">tudom\u00e1nyos munkat\u00e1rs<\/td> <\/tr> <tr style=\"height: 48px\"> <td style=\"width: 178px;text-align: center;height: 48px\"><\/td> <td style=\"width: 617px;text-align: center;height: 48px\"><strong>\u00c1llatorvostudom\u00e1nyi Egyetem Gy\u00f3gyszertani \u00e9s Toxikol\u00f3giai Tansz\u00e9k<\/strong><\/td> <\/tr> <tr style=\"height: 24px\"> <td style=\"width: 178px;height: 24px;text-align: center\">1997-2000<\/td> <td style=\"width: 617px;height: 24px;text-align: center\">tudom\u00e1nyos munkat\u00e1rs<\/td> <\/tr> <tr style=\"height: 24px\"> <td style=\"height: 24px;width: 178px;text-align: center\"> <p style=\"text-align: center\"> <\/td> <td style=\"height: 24px;width: 617px;text-align: center\"> <p style=\"text-align: center\"><strong>\u00c1llatorvosi Egyetem K\u00f6zponti Laborat\u00f3rium<\/strong><\/p> <\/td> <\/tr> <tr style=\"height: 56px\"> <td style=\"width: 178px;text-align: center;height: 56px\">1987-1997<\/td> <td style=\"width: 617px;height: 56px\"> <p style=\"text-align: center\">tudom\u00e1nyos munkat\u00e1rs<\/p> <\/td> <\/tr> <tr> <td style=\"width: 178px;text-align: center\"><\/td> <td style=\"width: 617px\"> <p style=\"text-align: center\"><strong>Magyar Tudom\u00e1nyos Akad\u00e9mia<\/strong><\/p> <\/td> <\/tr> <tr> <td style=\"width: 178px;text-align: center\">1983-1987<\/td> <td style=\"width: 617px\"> <p style=\"text-align: center\">TMB \u00f6szt\u00f6nd\u00edjas a BME \u00c1ltal\u00e1nos \u00e9s Analitikai K\u00e9mia\u00a0Tansz\u00e9k\u00e9nek Folyad\u00e9kkromatogr\u00e1fi\u00e1s csoportj\u00e1ban<\/p> <\/td> <\/tr> <tr> <td style=\"width: 178px;text-align: center\"><\/td> <td style=\"width: 617px\"> <p style=\"text-align: center\"><strong>CAOLA KHV Kutat\u00e1si-Fejleszt\u00e9si B\u00e1zis<\/strong><\/p> <\/td> <\/tr> <tr> <td style=\"width: 178px;text-align: center\">1981-1983<\/td> <td style=\"width: 617px\"> <p style=\"text-align: center\">kutat\u00f3 m\u00e9rn\u00f6k<\/p> <\/td> <\/tr> <\/tbody> <\/table> <hr align=\"center\" size=\"5\" width=\"60%\" \/> <p>&nbsp;<\/p> <p><span style=\"font-family: impact, sans-serif;font-size: 14pt\"><strong>Tanulm\u00e1nyok, v\u00e9gzetts\u00e9g, fokozatok<\/strong><\/span><\/p> <p><span style=\"font-family: impact, sans-serif\">El\u0151rehalad\u00e1s<\/span><\/p> <table style=\"height: 463px;width: 811px\" width=\"811\"> <tbody> <tr style=\"height: 24px\"> <td style=\"height: 24px;width: 178px;text-align: center;vertical-align: middle\"><strong>2011., 2013., 2015., 2017.,\u00a0<\/strong><strong>2019.<\/strong><\/td> <td style=\"height: 24px;width: 617px;text-align: center;vertical-align: middle\"> <p style=\"text-align: center\"><strong>GLP tanfolyam <\/strong>(Magyar Toxikol\u00f3giai T\u00e1rsas\u00e1g GLP szekci\u00f3ja)<\/p> <\/td> <\/tr> <tr style=\"height: 56px\"> <td style=\"width: 178px;text-align: center;height: 56px\"><strong>2016., 2017., 2018., 2019.<\/strong><\/td> <td style=\"width: 617px;height: 56px\"> <p style=\"text-align: center\"><strong>Kromatogr\u00e1fi\u00e1s szemin\u00e1rium, tov\u00e1bbk\u00e9pz\u00e9s <\/strong>(Szeged, Magyar\u00a0K\u00e9mikusok Egyes\u00fclete)<\/p> <\/td> <\/tr> <tr style=\"height: 24px\"> <td style=\"height: 24px;width: 178px;text-align: center\">\u00a02011<\/td> <td style=\"height: 24px;width: 617px;text-align: center\"><strong>Kromatogr\u00e1fi\u00e1s szemin\u00e1rium <\/strong>(Merck)<\/td> <\/tr> <tr style=\"height: 24px\"> <td style=\"width: 178px;height: 24px;text-align: center\">2008<\/td> <td style=\"width: 617px;height: 24px;text-align: center\"><strong>GLP tanfolyam <\/strong>(Szegedi Tudom\u00e1nyegyetem, \u00a0Gy\u00f3gyszer\u00e9sztudom\u00e1nyi Kar, Gy\u00f3gyszerfel\u00fcgyeleti Int\u00e9zet)<\/td> <\/tr> <tr style=\"height: 24px\"> <td style=\"width: 178px;height: 24px;text-align: center\">2008<\/td> <td style=\"width: 617px;height: 24px;text-align: center\"><strong>GLP tanfolyam <\/strong>(Magyar Elv\u00e1laszt\u00e1studom\u00e1nyi T\u00e1rsas\u00e1g)<\/td> <\/tr> <tr style=\"height: 24px\"> <td style=\"width: 178px;height: 23px;text-align: center\">2007<\/td> <td style=\"width: 617px;height: 23px;text-align: center\"><strong>GLP tanfolyam <\/strong>(Magyar Elv\u00e1laszt\u00e1studom\u00e1nyi T\u00e1rsas\u00e1g) Nemzetk\u00f6zi Balaton Szimp\u00f3zium: Nagyhat\u00e9konys\u00e1g\u00fa<span style=\"font-family: inherit;font-size: inherit\">\u00a0elv\u00e1laszt\u00e1si m\u00f3dszerek\u00a0\u00a0<\/span><\/td> <\/tr> <tr style=\"height: 48px\"> <td style=\"width: 178px;text-align: center;height: 48px\">\u00a02005<\/td> <td style=\"width: 617px;text-align: center;height: 48px\"><strong>Magyar Toxikol\u00f3gusok T\u00e1rsas\u00e1ga, Szemin\u00e1rium\u00a0<\/strong>Nemzetk\u00f6zileg harmoniz\u00e1lt eur\u00f3pai k\u00f6vetelm\u00e9nyrendszer<span style=\"font-family: inherit;font-size: inherit\">\u00a0labor\u00e1llatok sz\u00e1m\u00e1ra<\/span><\/td> <\/tr> <tr style=\"height: 24px\"> <td style=\"width: 178px;height: 24px;text-align: center\">\u00a02001<\/td> <td style=\"width: 617px;height: 24px;text-align: center\"><strong>GLP tanfolyam <\/strong>(ogyi tov\u00e1bbk\u00e9pz\u00e9si Tanfolyam (A helyes laborat\u00f3riumi gyakorlat \/GLP\/ elm\u00e9lete \u00e9s\u00a0gyakorlata)<\/td> <\/tr> <tr style=\"height: 24px\"> <td style=\"width: 178px;height: 24px;text-align: center\">\u00a02001<\/td> <td style=\"width: 617px;height: 24px;text-align: center\"><strong>\u00c1ltal\u00e1nos toxikol\u00f3giai tov\u00e1bbk\u00e9pzp\u00e9s <\/strong>(SZIE-\u00c1OTK \u00c1llatorvos tov\u00e1bbk\u00e9pz\u00e9s)<\/td> <\/tr> <tr style=\"height: 24px\"> <td style=\"height: 24px;width: 178px;text-align: center\"> <p style=\"text-align: center\">\u00a01989<\/p> <\/td> <td style=\"height: 24px;width: 617px;text-align: center\"><strong>Magyar K\u00e9mikusok Egyes\u00fclete <\/strong>analitikai k\u00e9miai szak\u00e9rt\u0151<\/td> <\/tr> <tr style=\"height: 56px\"> <td style=\"width: 178px;text-align: center;height: 56px\">\u00a01981<\/td> <td style=\"width: 617px;height: 56px\"> <p style=\"text-align: center\"><strong>BME Vegy\u00e9szm\u00e9rn\u00f6ki Kar <\/strong>okl. vegy\u00e9szm\u00e9rn\u00f6k<\/p> <\/td> <\/tr> <tr style=\"height: 56px\"> <td style=\"width: 178px;text-align: center;height: 56px\">1979<\/td> <td style=\"width: 617px;height: 56px\"> <p style=\"text-align: center\"><strong>BME Vegy\u00e9szm\u00e9rn\u00f6ki Kar <\/strong>\u00a0vegy\u00e9sz \u00fczemm\u00e9rn\u00f6k<\/p> <\/td> <\/tr> <\/tbody> <\/table> <p>&nbsp;<\/p> <hr align=\"center\" size=\"5\" width=\"60%\" \/> <p><span style=\"font-family: impact, sans-serif;font-size: 14pt\"><strong>K\u00e9pzetts\u00e9g, tudom\u00e1nyos \u00e9rdekl\u0151d\u00e9si ter\u00fclet<\/strong><\/span><\/p> <p><span style=\"font-family: impact, sans-serif\"><strong>K\u00e9pzetts\u00e9g<\/strong><\/span><\/p> <ul> <li>Gy\u00f3gyszerek, vitaminok, antioxid\u00e1nsok, mikotoxinok nagyhat\u00e9konys\u00e1g\u00fa folyad\u00e9kkromatogr\u00e1fi\u00e1s vizsg\u00e1lata, LC-MS vizsg\u00e1latok.<\/li> <li>Ill\u00f3zs\u00edrsavak \u00e9s tejsav g\u00e1zkromatogr\u00e1fi\u00e1s vizsg\u00e1lata.<\/li> <li>HPLC-, LC-MS\u2013s m\u00f3dszerek kidolgoz\u00e1sa \u00e9s valid\u00e1l\u00e1sa.<\/li> <\/ul> <p><span style=\"font-family: impact, sans-serif\"><strong>Tudom\u00e1nym\u00e9r\u00e9si adatok<\/strong><\/span><\/p> <ul> <li>Tudom\u00e1nyos k\u00f6zlem\u00e9nyek sz\u00e1ma: 24<\/li> <li>\u00d6ssz-impakt faktor:10,107<\/li> <li>10 legfontosabb k\u00f6zlem\u00e9ny impakt faktora: 9,446<\/li> <\/ul> <p><span style=\"font-family: impact, sans-serif\"><strong>\u00c9rdekl\u0151d\u00e9si ter\u00fclet<\/strong><\/span><\/p> <ul> <li>\u00c1llatgy\u00f3gy\u00e1szati k\u00e9sz\u00edtm\u00e9nyek analitik\u00e1ja farmakokinetikai \u00e9s szermaradv\u00e1ny vizsg\u00e1latokhoz.<\/li> <li>Zs\u00edr- \u00e9s v\u00edzoldhat\u00f3 vitaminok meghat\u00e1roz\u00e1sa k\u00fcl\u00f6nb\u00f6z\u0151 biol\u00f3giai m\u00e1trixokb\u00f3l.<\/li> <li>HPLC, LC-MS \u2013 analitikai m\u00f3dszerek kidolgoz\u00e1sa, valid\u00e1l\u00e1sa<\/li> <li>HPLC-, LC-MS-s laborok akkredit\u00e1l\u00e1sa<\/li> <\/ul> <p><span style=\"font-family: impact, sans-serif\"><strong>Oktat\u00e1s<\/strong><\/span><\/p> <ul> <li>1997 \u2013 magyar, angol oktat\u00e1sban gy\u00f3gyszertani gyakorlat vezet\u00e9se<\/li> <\/ul> <p><span style=\"font-family: impact, sans-serif\"><strong>Nyelvismeret<\/strong><\/span><\/p> <ul> <li>Angol: k\u00f6z\u00e9pfok\u00fa \u2019C\u2019 t\u00edpus\u00fa \u00e1llami nyelvvizsga<\/li> <li>Orosz: alapfok\u00fa \u2019A\u2019 t\u00edpus\u00fa \u00e1llami nyelvvizsga<\/li> <\/ul> <p><span style=\"font-family: impact, sans-serif\"><strong>Egy\u00e9b k\u00e9pzetts\u00e9g<\/strong><\/span><\/p> <ul> <li>Sz\u00e1m\u00edt\u00f3g\u00e9pes ismeret: felhaszn\u00e1l\u00f3i szint\u0171 Windows, Word, Excel, PowerPoint, internet<\/li> <li>\u201eB\u201d kateg\u00f3ri\u00e1s jogos\u00edtv\u00e1ny<\/li> <\/ul> <p><span style=\"font-family: impact, sans-serif\"><strong>Publik\u00e1ci\u00f3s teljes\u00edtm\u00e9ny:<\/strong><\/span><\/p> <p style=\"text-align: center\">MTMT:\u00a0<a href=\"https:\/\/m2.mtmt.hu\/gui2\/?type=authors&amp;mode=browse&amp;sel=authors10023382\">https:\/\/m2.mtmt.hu\/gui2\/?type=authors&amp;mode=browse&amp;sel=authors10023382<\/a><\/p> <table style=\"border-collapse: collapse;width: 100%;height: 528px\"> <tbody> <tr style=\"height: 72px\"> <td style=\"width: 7.53012%;height: 72px\">1.<\/td> <td style=\"width: 92.4699%;height: 72px\">Kerek, \u00c1.; Ecsedi, B.G.; Szab\u00f3, \u00c1.; Szimr\u00f3k, Z.; Paliczn\u00e9 Kust\u00e1n, B.; Jerzsele, \u00c1.; Nagy, G., \u201cStability Studies of the Dilution Seriesof Different Antibiotic Stock Solutions in Culture Medium Incubated at 37 C.\u201c Antibiotics 2024, 13, 549. https:\/\/doi.org\/10.3390\/antibiotics13060549<\/td> <\/tr> <tr style=\"height: 72px\"> <td style=\"width: 7.53012%;height: 72px\">2.<\/td> <td style=\"width: 92.4699%;height: 72px\">Fedor, Z.; Szentkir\u00e1lyi-T\u00f3th, A.; Nagy, G.; Szimr\u00f3k, Z.; Varga, E.; P\u00e1szti, A.; P\u00e1szti, Z.; Jerzsele, \u00c1.; Pilgram, O.; Steinmetzer, T.; et al. \u201cInterspecies Comparisons of the Effects of Potential Antiviral 3-Amidinophenylalanine Derivatives on Cytochrome P450 1A2 Isoenzyme. \u201c Vet. Sci. 2022, 9, 156. https:\/\/doi.org\/10.3390\/vetsci9040156<\/td> <\/tr> <tr style=\"height: 96px\"> <td style=\"width: 7.53012%;height: 96px\">3.<\/td> <td style=\"width: 92.4699%;height: 96px\">P\u00e1szti-Gere, E.; Szentkir\u00e1lyi, A.; Fedor, Z.; Nagy, G.; Szimr\u00f3k, Z.; P\u00e1szti, Z.; P\u00e1szti, A.; Pilgram, O.; Steinmetzer, T.; Bodn\u00e1rov\u00e1, S.; Flisz\u00e1r-Ny\u00fal, E.; Po\u00f3r, M., \u201cIn vitro interaction of potential antiviral TMPRSS2 inhibitors with human serum albumin and cytochrome P 450 isoenzymes. \u201c Biomedicine &amp; Pharmacotherapy, Volume 146,2022, 112513, ISSN 0753-3322, https:\/\/doi.org\/10.1016\/j.biopha.2021.112513.<\/td> <\/tr> <tr style=\"height: 48px\"> <td style=\"width: 7.53012%;height: 48px\">4.<\/td> <td style=\"width: 92.4699%;height: 48px\">C. Gy\u00f6rgy, N. G\u00e1bor, and P. Orsolya, \u201cInterspecies differences in antimicrobial drug pharmacokinetics in birds,\u201d in International Journal of Health, Animal Science and Food Safety, vol. 5, 2018, p. 70.<\/td> <\/tr> <tr style=\"height: 48px\"> <td style=\"width: 7.53012%;height: 48px\">5.<\/td> <td style=\"width: 92.4699%;height: 48px\">P. Orsolya, N. G\u00e1bor, and C. Gy\u00f6rgy, \u201cInjection site dependence of pharmacokinetics of antimicrobials in goose,\u201d in International Journal of Health, Animal Science and Food Safety, vol. 5, 2018, p. 87.<\/td> <\/tr> <tr style=\"height: 48px\"> <td style=\"width: 7.53012%;height: 48px\">6.<\/td> <td style=\"width: 92.4699%;height: 48px\">B. Gyetvai, \u00c1. Jerzsele, E. P\u00e1szti-Gere, G. Nagy, and P. G\u00e1lfi, \u201cGentamicin sulphate permeation through porcine intestinal epithelial cell monolayer,\u201d ACTA VETERINARIA HUNGARICA, vol. 63, no. 1, pp. 60\u201368, 2015.<\/td> <\/tr> <tr style=\"height: 72px\"> <td style=\"width: 7.53012%;height: 72px\">7.<\/td> <td style=\"width: 92.4699%;height: 72px\">G. Csik\u00f3, G. Nagy, G. M\u00e1tis, Z. Neogr\u00e1dy, A. Kulcs\u00e1r, \u00c1. Jerzsele, K. Szek\u00e9r, and P. G\u00e1lfi, \u201cEffects of dietary sodium butyrate on hepatic biotransformation and pharmacokinetics of erythromycin in chickens,\u201d JOURNAL OF VETERINARY PHARMACOLOGY AND THERAPEUTICS, vol. 37, no. 4, pp. 406\u2013412, 2014.<\/td> <\/tr> <tr style=\"height: 24px\"> <td style=\"width: 7.53012%;height: 24px\">8.<\/td> <td style=\"width: 92.4699%;height: 24px\">G. Csik\u00f3, O. Farkas, P. G\u00e1lfi, \u00c1. Jerzsele, C. K\u0151v\u00e1g\u00f3, J. Lehel, and G. Nagy, VETERINARY PHARMACOLOGY PRACTICAL. Budapest: A\/3 Nyomdaipari \u00e9s Kiad\u00f3i Szolg\u00e1ltat\u00f3 Kft., 2014.<\/td> <\/tr> <tr style=\"height: 24px\"> <td style=\"width: 7.53012%;height: 24px\">9.<\/td> <td style=\"width: 92.4699%;height: 24px\">G. Csik\u00f3, O. Farkas, P. G\u00e1lfi, \u00c1. Jerzsele, C. K\u0151v\u00e1g\u00f3, J. Lehel, and G. Nagy, \u00c1LLATORVOSI GY\u00d3GYSZERTANI GYAKORLATOK. Budapest: A\/3 Nyomdaipari \u00e9s Kiad\u00f3i Szolg\u00e1ltat\u00f3 Kft., 2014.<\/td> <\/tr> <tr style=\"height: 24px\"> <td style=\"width: 7.53012%;height: 24px\">10.<\/td> <td style=\"width: 92.4699%;height: 24px\">G. Csik\u00f3, G. Nagy, G. M\u00e1tis, Z. Neogrady, and P. G\u00e1lfi, \u201cThe effect of dietary sodium butyrate on the pharmacokinetics of erythromycin in broiler chickens,\u201d in Abstracts of the 12th International Congress of the European Association for Veterinary Pharmacology and Toxicology (EAVPT 2012), 2012, pp. 54\u201355.<\/td> <\/tr> <\/tbody> <\/table> <p>&nbsp;<\/p> <p>(Friss\u00edtve: 2025. janu\u00e1r)<\/p>","protected":false},"excerpt":{"rendered":"<p>Szem\u00e9lyi adatok N\u00e9v: Nagy G\u00e1bor Sz\u00fclet\u00e9si hely: Budapest Sz\u00fclet\u00e9si id\u0151: 1957.08.23. Csal\u00e1di \u00e1llapot: n\u0151s Lak\u00f3hely: 1194 Budapest, Zombor u. 57. El\u0151rehalad\u00e1s \u00c1llatorvostudom\u00e1nyi Egyetem Gy\u00f3gyszertani \u00e9s Toxikol\u00f3giai Tansz\u00e9k 2016 &#8211; jelenleg tudom\u00e1nyos munkat\u00e1rs Szent Istv\u00e1n Egyetem, \u00c1llatorvos-tudom\u00e1nyi Kar Gy\u00f3gyszertani \u00e9s M\u00e9regtani Tansz\u00e9k 2000-2016 tudom\u00e1nyos munkat\u00e1rs \u00c1llatorvostudom\u00e1nyi Egyetem Gy\u00f3gyszertani \u00e9s Toxikol\u00f3giai Tansz\u00e9k 1997-2000 tudom\u00e1nyos munkat\u00e1rs \u00c1llatorvosi Egyetem<\/p>\n","protected":false},"author":5824,"featured_media":0,"parent":858,"menu_order":210,"comment_status":"closed","ping_status":"closed","template":"","meta":{"_acf_changed":false,"footnotes":""},"categories":[56],"tags":[],"class_list":["post-4357","page","type-page","status-publish","hentry","category-munkatarsak"],"acf":[],"_links":{"self":[{"href":"https:\/\/univet.hu\/hu\/wp-json\/wp\/v2\/pages\/4357","targetHints":{"allow":["GET"]}}],"collection":[{"href":"https:\/\/univet.hu\/hu\/wp-json\/wp\/v2\/pages"}],"about":[{"href":"https:\/\/univet.hu\/hu\/wp-json\/wp\/v2\/types\/page"}],"author":[{"embeddable":true,"href":"https:\/\/univet.hu\/hu\/wp-json\/wp\/v2\/users\/5824"}],"replies":[{"embeddable":true,"href":"https:\/\/univet.hu\/hu\/wp-json\/wp\/v2\/comments?post=4357"}],"version-history":[{"count":2,"href":"https:\/\/univet.hu\/hu\/wp-json\/wp\/v2\/pages\/4357\/revisions"}],"predecessor-version":[{"id":173967,"href":"https:\/\/univet.hu\/hu\/wp-json\/wp\/v2\/pages\/4357\/revisions\/173967"}],"up":[{"embeddable":true,"href":"https:\/\/univet.hu\/hu\/wp-json\/wp\/v2\/pages\/858"}],"wp:attachment":[{"href":"https:\/\/univet.hu\/hu\/wp-json\/wp\/v2\/media?parent=4357"}],"wp:term":[{"taxonomy":"category","embeddable":true,"href":"https:\/\/univet.hu\/hu\/wp-json\/wp\/v2\/categories?post=4357"},{"taxonomy":"post_tag","embeddable":true,"href":"https:\/\/univet.hu\/hu\/wp-json\/wp\/v2\/tags?post=4357"}],"curies":[{"name":"wp","href":"https:\/\/api.w.org\/{rel}","templated":true}]}}