{"id":4369,"date":"2018-01-31T12:01:00","date_gmt":"2018-01-31T11:01:00","guid":{"rendered":"http:\/\/univet.hu\/egyetem\/munkatarsak\/nemes-peter\/"},"modified":"2026-02-10T04:00:10","modified_gmt":"2026-02-10T03:00:10","slug":"nemes-peter","status":"publish","type":"page","link":"https:\/\/univet.hu\/hu\/egyetem\/munkatarsak\/nemes-peter\/","title":{"rendered":"Nemes P\u00e9ter"},"content":{"rendered":"<p>&nbsp;<\/p> <h2>Bemutatkoz\u00e1s<\/h2> <div> <p>Fogad\u00f3\u00f3ra_Kedd 09:00-10:00<\/p> <\/div>","protected":false},"excerpt":{"rendered":"<p>&nbsp; Bemutatkoz\u00e1s Fogad\u00f3\u00f3ra_Kedd 09:00-10:00<\/p>\n","protected":false},"author":5824,"featured_media":0,"parent":858,"menu_order":210,"comment_status":"closed","ping_status":"closed","template":"","meta":{"_acf_changed":false,"footnotes":""},"categories":[56],"tags":[],"class_list":["post-4369","page","type-page","status-publish","hentry","category-munkatarsak"],"acf":[],"_links":{"self":[{"href":"https:\/\/univet.hu\/hu\/wp-json\/wp\/v2\/pages\/4369","targetHints":{"allow":["GET"]}}],"collection":[{"href":"https:\/\/univet.hu\/hu\/wp-json\/wp\/v2\/pages"}],"about":[{"href":"https:\/\/univet.hu\/hu\/wp-json\/wp\/v2\/types\/page"}],"author":[{"embeddable":true,"href":"https:\/\/univet.hu\/hu\/wp-json\/wp\/v2\/users\/5824"}],"replies":[{"embeddable":true,"href":"https:\/\/univet.hu\/hu\/wp-json\/wp\/v2\/comments?post=4369"}],"version-history":[{"count":1,"href":"https:\/\/univet.hu\/hu\/wp-json\/wp\/v2\/pages\/4369\/revisions"}],"predecessor-version":[{"id":199549,"href":"https:\/\/univet.hu\/hu\/wp-json\/wp\/v2\/pages\/4369\/revisions\/199549"}],"up":[{"embeddable":true,"href":"https:\/\/univet.hu\/hu\/wp-json\/wp\/v2\/pages\/858"}],"wp:attachment":[{"href":"https:\/\/univet.hu\/hu\/wp-json\/wp\/v2\/media?parent=4369"}],"wp:term":[{"taxonomy":"category","embeddable":true,"href":"https:\/\/univet.hu\/hu\/wp-json\/wp\/v2\/categories?post=4369"},{"taxonomy":"post_tag","embeddable":true,"href":"https:\/\/univet.hu\/hu\/wp-json\/wp\/v2\/tags?post=4369"}],"curies":[{"name":"wp","href":"https:\/\/api.w.org\/{rel}","templated":true}]}}