{"id":4384,"date":"2016-05-08T20:45:00","date_gmt":"2016-05-08T18:45:00","guid":{"rendered":"http:\/\/univet.hu\/egyetem\/munkatarsak\/nogradi-anna\/"},"modified":"2026-02-10T04:00:12","modified_gmt":"2026-02-10T03:00:12","slug":"nogradi-anna-linda","status":"publish","type":"page","link":"https:\/\/univet.hu\/hu\/egyetem\/munkatarsak\/nogradi-anna-linda\/","title":{"rendered":"N\u00f3gr\u00e1di Anna Linda"},"content":{"rendered":"<p style=\"text-align: center\"><strong>Bemutatkoz\u00e1s\u00a0\u00a0 <\/strong><\/p> <p>Dr. N\u00f3gr\u00e1di Anna Linda Budapesten sz\u00fcletett, tanulm\u00e1nyait az American International School of Budapest-ben kezdte, majd a Deutsche Schule Budapest-ben folytatta, ahol \u00e9retts\u00e9gizett. 2002-ben felv\u00e9telt nyert a Budapesti K\u00f6zgazdas\u00e1gtudom\u00e1nyi \u00e9s \u00c1llamigazgat\u00e1si Egyetem (k\u00e9s\u0151bbi Budapesti Corvinus Egyetem) \u00e1ltal\u00e1nos k\u00f6zgazd\u00e1sz szak\u00e1ra, ahol a gazd\u00e1lkod\u00e1studom\u00e1nyi karon marketing f\u0151szakir\u00e1nyon 2007-ben diplom\u00e1t szerzett. 2005-ben ezzel p\u00e1rhuzamosan elkezdte tanulm\u00e1nyait a Szent Istv\u00e1n Egyetem \u00c1llatorvostudom\u00e1nyi Kar\u00e1n, mely m\u00e1ra \u00f6n\u00e1ll\u00f3 \u00c1llatorvostudom\u00e1nyi Egyetem, majd 2011-ben \u00e1llatorvosi diplom\u00e1t is szerzett. 2018-ban egzotikus szak\u00e1llatorvoss\u00e1 v\u00e1lt \u00e9s alap\u00edt\u00f3 tagja az Egzotikus \u00c1llatgy\u00f3gy\u00e1sz Szakorvosok T\u00e1rsas\u00e1g\u00e1nak. 2020-ban megv\u00e9dte doktori disszert\u00e1ci\u00f3j\u00e1t \u201cEgyes egzotikus eml\u0151s\u00f6k megbeteged\u00e9seinek vizsg\u00e1lata \u00e9s azok \u00e9letkori saj\u00e1toss\u00e1gai\u201d c\u00edmmel \u00e9s PhD-fokozatot szerzett.<\/p> <p><strong>F\u0151bb kutat\u00e1si ter\u00fcletek:<\/strong><\/p> <ul> <li>Nyulak \u00e9s r\u00e1gcs\u00e1l\u00f3k seb\u00e9szete<\/li> <li>Egzotikus eml\u0151s\u00f6k \u00e9s h\u00fcll\u0151k szem\u00e9szeti megbeteged\u00e9sei<\/li> <li>Egzotikus eml\u0151s\u00f6k, h\u00fcll\u0151k \u00e9s madarak altat\u00e1sa<\/li> <\/ul> <p><strong>El\u0151rehalad\u00e1s<\/strong><\/p> <table style=\"height: 112px\" width=\"426\"> <tbody> <tr> <td style=\"width: 58.6562px\">2007<\/td> <td style=\"width: 351.344px\">K\u00f6zgazd\u00e1sz<\/td> <\/tr> <tr> <td style=\"width: 58.6562px\">2011<\/td> <td style=\"width: 351.344px\">\u00c1llatorvos<\/td> <\/tr> <tr> <td style=\"width: 58.6562px\">2018<\/td> <td style=\"width: 351.344px\">Egzotikus szak\u00e1llatorvos<\/td> <\/tr> <tr> <td style=\"width: 58.6562px\">2020<\/td> <td style=\"width: 351.344px\">PhD. fokozat szerz\u00e9se<\/td> <\/tr> <\/tbody> <\/table> <p>&nbsp;<\/p> <p>&nbsp;<\/p> <table style=\"height: 325px\" width=\"1141\"> <tbody> <tr style=\"height: 56px\"> <td style=\"width: 265.344px;height: 56px;text-align: center\"><strong>Munkahelyek<\/strong><\/td> <td style=\"width: 481.219px;height: 56px;text-align: center\"><strong>Int\u00e9zm\u00e9ny neve<\/strong><\/td> <td style=\"width: 372.438px;height: 56px;text-align: center\"><strong>beoszt\u00e1s<\/strong><\/td> <\/tr> <tr style=\"height: 49px\"> <td style=\"width: 265.344px;height: 49px;text-align: center\">2021-<\/td> <td style=\"width: 481.219px;height: 49px;text-align: center\">\u00c1llatorvostudom\u00e1nyi Egyetem, <span data-olk-copy-source=\"MessageBody\">Egzotikus\u00e1llat-, Vad-, Hal- \u00e9s M\u00e9heg\u00e9szs\u00e9g\u00fcgyi Tansz\u00e9k<\/span><\/td> <td style=\"width: 372.438px;height: 49px;text-align: center\">adjunktus<\/td> <\/tr> <tr style=\"height: 68px\"> <td style=\"width: 265.344px;height: 68px;text-align: center\">2014-2021<\/td> <td style=\"width: 481.219px;height: 68px;text-align: center\">\u00c1llatorvostudom\u00e1nyi Egyetem, Egzotikus\u00e1llat-\u00e9s Vadeg\u00e9szs\u00e9g\u00fcgyi Tansz\u00e9k<\/td> <td style=\"width: 372.438px;height: 68px;text-align: center\">klinikus \u00e1llatorvos<\/td> <\/tr> <tr style=\"height: 80px\"> <td style=\"width: 265.344px;height: 80px;text-align: center\">2012-2015<\/td> <td style=\"width: 481.219px;height: 80px;text-align: center\">SZIE \u00c1OTK, Seb\u00e9szeti \u00e9s Szem\u00e9szeti Tansz\u00e9k<\/td> <td style=\"width: 372.438px;height: 80px;text-align: center\">klinikus \u00e1llatorvos<\/td> <\/tr> <tr style=\"height: 72px\"> <td style=\"width: 265.344px;height: 72px;text-align: center\">2014-2017<\/td> <td style=\"width: 481.219px;height: 72px;text-align: center\">SZIE \u00c1OTK, Seb\u00e9szeti \u00e9s Szem\u00e9szeti Tansz\u00e9k\/Egzotikus\u00e1llat-\u00e9s Vadeg\u00e9szs\u00e9g\u00fcgyi Tansz\u00e9k<\/td> <td style=\"width: 372.438px;height: 72px;text-align: center\">PhD-hallgat\u00f3<\/td> <\/tr> <\/tbody> <\/table> <p><strong>Szakmai szervezeti tags\u00e1g<\/strong><\/p> <table style=\"height: 97px\" width=\"664\"> <tbody> <tr style=\"height: 27px\"> <td style=\"width: 343.297px;height: 27px;text-align: center\"><strong>Bizotts\u00e1g neve<\/strong><\/td> <td style=\"width: 67.5938px;height: 27px;text-align: center\"><strong>Id\u0151<\/strong><\/td> <td style=\"width: 231.109px;height: 27px;text-align: center\"><strong>Tiszts\u00e9g<\/strong><\/td> <\/tr> <tr style=\"height: 70px\"> <td style=\"width: 343.297px;height: 70px;text-align: center\">Egzotikus \u00c1llatgy\u00f3gy\u00e1sz Szakorvosok T\u00e1rsas\u00e1ga<\/td> <td style=\"width: 67.5938px;height: 70px;text-align: center\">2021-<\/td> <td style=\"width: 231.109px;height: 70px;text-align: center\">alap\u00edt\u00f3 tag<\/td> <\/tr> <\/tbody> <\/table> <p><strong>Eddigi szakdolgozat\/TDK hallgat\u00f3k sz\u00e1ma: 6<\/strong><\/p> <p><strong>Publik\u00e1ci\u00f3s lista (Top10)<\/strong><\/p> <p>MTMT:<\/p> <table style=\"height: 320px\" width=\"1302\"> <tbody> <tr> <td style=\"width: 21.0312px\">1.<\/td> <td style=\"width: 1264.97px\">N\u00f3gr\u00e1di AL, Cope I, Csat\u00e1ri D, Arany-T\u00f3th A, Dud\u00e1s-Gy\u00f6rki Z, Vajdovich P, N\u00e9meth T, Hetyey Cs. Diagnosis and surgical managment of idiopathic bile duct cysts in a bearded dragon (Pogona vitticeps). <strong><em>UK Vet Companion Animal <\/em>27:<\/strong>(1) <em>1-5 <\/em>(2022)<\/td> <\/tr> <tr> <td style=\"width: 21.0312px\">2.<\/td> <td style=\"width: 1264.97px\">N\u00f3gr\u00e1di AL, Balogh M, Hoitsy M, S\u00f3s-Koroknai , Vincze B, Kutasi O, S\u00f3s E. Elektrokardiogr\u00e1fiai referencia\u00e9rt\u00e9kek meghat\u00e1roz\u00e1sa nem-altatott aldabrai \u00f3ri\u00e1stekn\u0151s\u00f6kben (Aldabrachelys gigantea, Schweigger, 1812) <strong><em>Magyar \u00c1llatorvosok Lapja<\/em><\/strong><strong>143<\/strong>(6):359-366 (2021)<\/td> <\/tr> <tr> <td style=\"width: 21.0312px\">3.<\/td> <td style=\"width: 1264.97px\">N\u00f3gr\u00e1di AL, Kojer J, Csat\u00e1ri D, Cope I, N\u00e9meth T. Facial reconstructive surgery after tumour removal in a guinea pig (Cavia porcellus). <strong><em>UK Vet Companion Animal <\/em>26:<\/strong>(1) <em>1-4 <\/em>(2021)<\/td> <\/tr> <tr> <td style=\"width: 21.0312px\">4.<\/td> <td style=\"width: 1264.97px\">N\u00f3gr\u00e1di AL, Battay M, Cope I, N\u00e9meth T The effect on the anaesthetised rabbit (Oryctolagus cuniculus) by warming 60 or 80 centimetres of the anaesthetic circuit with a 40\u00b0C surrounding liquid. <strong><em>UK Vet Companion Animal 25<\/em><\/strong>(9):pp. 1-5 (2020)<\/td> <\/tr> <tr> <td style=\"width: 21.0312px\">5.<\/td> <td style=\"width: 1264.97px\">N\u00f3gr\u00e1di AL, Bi\u00e1csi A, Kert\u00e9sz P. Szemnyom\u00e1sm\u00e9r\u00e9s, k\u00f6nnytermel\u00e9sm\u00e9r\u00e9s \u00e9s a szemr\u00e9shossz meg\u00e1llap\u00edt\u00e1sa oroszl\u00e1nokban <strong><em>Magyar \u00c1llatorvosok Lapja<\/em><\/strong><strong>142 <\/strong>(10):611-618 (2020)<\/td> <\/tr> <tr> <td style=\"width: 21.0312px\">6.<\/td> <td style=\"width: 1264.97px\">N\u00f3gr\u00e1di AL,\u00a0Szentg\u00e1li Z,\u00a0Battay M,\u00a0Cope I,\u00a0G\u00e1l J,\u00a0N\u00e9methMeasurement of tear production and establishment of reference values in guinea pigs (<em>Cavia porcellus<\/em>) using a modified Schirmer tear test <strong><em>Veterinary Record<\/em><\/strong><strong>186: <\/strong><em>p.<\/em><strong>\u00a0<\/strong><em>321<\/em>. (2020)<\/td> <\/tr> <tr> <td style=\"width: 21.0312px\">7.<\/td> <td style=\"width: 1264.97px\">N\u00f3gr\u00e1di AL, Battay M, Cope I, G\u00e1l J, Dunay MP Az inhal\u00e1ci\u00f3s g\u00e1zkever\u00e9k meleg\u00edt\u00e9s\u00e9nek hat\u00e1sa nyulak (<em>Oryctolagus cuniculus<\/em>) \u00e9s tengerimalacok (<em>Cavia porcellus<\/em>) intraoperat\u00edv testh\u0151m\u00e9rs\u00e9klet\u00e9re. <strong><em>Magyar \u00c1llatorvosok Lapja<\/em><\/strong> <strong>141<\/strong>: (2) <em>93-100.<\/em> (2019)<\/td> <\/tr> <tr> <td style=\"width: 21.0312px\">8.<\/td> <td style=\"width: 1264.97px\">N\u00f3gr\u00e1di AL, Balogh M: Establishment of methodology for non-invasive electrocardiographic measurements in turtles and tortoises. <strong><em>Acta Veterinaria Hungarica<\/em><\/strong> <strong>66<\/strong>:(3) <em> 365-375<\/em>. 2018<\/td> <\/tr> <tr> <td style=\"width: 21.0312px\">9.<\/td> <td style=\"width: 1264.97px\">N\u00f3gr\u00e1di AL, Cope I, Balogh M, G\u00e1l J Review of gastric torsion in eight guinea pigs (Cavia porcellus). <strong><em>Acta Veterinaria Hungarica<\/em><\/strong> <strong>65<\/strong>: (4) <em> 487-499.<\/em> (2017)<\/td> <\/tr> <tr> <td style=\"width: 21.0312px\">10.<\/td> <td style=\"width: 1264.97px\">N\u00f3gr\u00e1di AL, Csik\u00f3 Gy, G\u00e1l J Gyomormegterhel\u00e9s \u00e9s helyzetv\u00e1ltoz\u00e1s tengerimalacban (Cavia porcellus). Esetismertet\u00e9s.<strong> <em>Magyar \u00c1llatorvosok Lapja <\/em>137<\/strong>: (3) <em> 159-165<\/em>. (2015)<\/td> <\/tr> <\/tbody> <\/table> <p>&nbsp;<\/p>","protected":false},"excerpt":{"rendered":"<p>Bemutatkoz\u00e1s\u00a0\u00a0 Dr. N\u00f3gr\u00e1di Anna Linda Budapesten sz\u00fcletett, tanulm\u00e1nyait az American International School of Budapest-ben kezdte, majd a Deutsche Schule Budapest-ben folytatta, ahol \u00e9retts\u00e9gizett. 2002-ben felv\u00e9telt nyert a Budapesti K\u00f6zgazdas\u00e1gtudom\u00e1nyi \u00e9s \u00c1llamigazgat\u00e1si Egyetem (k\u00e9s\u0151bbi Budapesti Corvinus Egyetem) \u00e1ltal\u00e1nos k\u00f6zgazd\u00e1sz szak\u00e1ra, ahol a gazd\u00e1lkod\u00e1studom\u00e1nyi karon marketing f\u0151szakir\u00e1nyon 2007-ben diplom\u00e1t szerzett. 2005-ben ezzel p\u00e1rhuzamosan elkezdte tanulm\u00e1nyait a Szent<\/p>\n","protected":false},"author":5824,"featured_media":0,"parent":858,"menu_order":210,"comment_status":"closed","ping_status":"closed","template":"","meta":{"_acf_changed":false,"footnotes":""},"categories":[56],"tags":[],"class_list":["post-4384","page","type-page","status-publish","hentry","category-munkatarsak"],"acf":[],"_links":{"self":[{"href":"https:\/\/univet.hu\/hu\/wp-json\/wp\/v2\/pages\/4384","targetHints":{"allow":["GET"]}}],"collection":[{"href":"https:\/\/univet.hu\/hu\/wp-json\/wp\/v2\/pages"}],"about":[{"href":"https:\/\/univet.hu\/hu\/wp-json\/wp\/v2\/types\/page"}],"author":[{"embeddable":true,"href":"https:\/\/univet.hu\/hu\/wp-json\/wp\/v2\/users\/5824"}],"replies":[{"embeddable":true,"href":"https:\/\/univet.hu\/hu\/wp-json\/wp\/v2\/comments?post=4384"}],"version-history":[{"count":1,"href":"https:\/\/univet.hu\/hu\/wp-json\/wp\/v2\/pages\/4384\/revisions"}],"predecessor-version":[{"id":181662,"href":"https:\/\/univet.hu\/hu\/wp-json\/wp\/v2\/pages\/4384\/revisions\/181662"}],"up":[{"embeddable":true,"href":"https:\/\/univet.hu\/hu\/wp-json\/wp\/v2\/pages\/858"}],"wp:attachment":[{"href":"https:\/\/univet.hu\/hu\/wp-json\/wp\/v2\/media?parent=4384"}],"wp:term":[{"taxonomy":"category","embeddable":true,"href":"https:\/\/univet.hu\/hu\/wp-json\/wp\/v2\/categories?post=4384"},{"taxonomy":"post_tag","embeddable":true,"href":"https:\/\/univet.hu\/hu\/wp-json\/wp\/v2\/tags?post=4384"}],"curies":[{"name":"wp","href":"https:\/\/api.w.org\/{rel}","templated":true}]}}