{"id":4390,"date":"2016-05-06T16:22:00","date_gmt":"2016-05-06T14:22:00","guid":{"rendered":"http:\/\/univet.hu\/egyetem\/munkatarsak\/nyiredi-krisztina\/"},"modified":"2026-02-10T04:00:12","modified_gmt":"2026-02-10T03:00:12","slug":"nyiredi-krisztina","status":"publish","type":"page","link":"https:\/\/univet.hu\/hu\/egyetem\/munkatarsak\/nyiredi-krisztina\/","title":{"rendered":"Nyiredy Krisztina"},"content":{"rendered":"<p>Bemutatkoz\u00e1s<\/p> <p>Az ELTE B\u00f6lcs\u00e9szettudom\u00e1nyi Kar\u00e1n szerezte diplom\u00e1j\u00e1t. P\u00e1ly\u00e1ja elej\u00e9n Spanyolorsz\u00e1gban tan\u00edtott nyelviskol\u00e1kban. 1994-t\u0151l a zs\u00e1mb\u00e9ki Apor Vilmos Tan\u00edt\u00f3k\u00e9pz\u0151 F\u0151iskol\u00e1n tan\u00e1rseg\u00e9dk\u00e9nt dolgozott, majd \u00e9vekig az alap- \u00e9s k\u00f6z\u00e9pfok\u00fa oktat\u00e1sban \u00e9s az ELTE Idegennyelv\u0171 Tov\u00e1bbk\u00e9pz\u0151 K\u00f6zpontban oktatott angol, illetve spanyol nyelvet. Jelenleg r\u00e9szben mag\u00e1ntan\u00e1rk\u00e9nt dolgozik.<\/p> <p>2010 -ben kezdett tan\u00edtani az \u00c1llatorvostudom\u00e1nyi Egyetemen \u00f3raad\u00f3 tan\u00e1rk\u00e9nt. Jelenleg spanyol nyelvet oktat a magyar \u00e9s idegennyelv\u0171 k\u00e9pz\u00e9sben, illetve angol nyelvvizsga el\u0151k\u00e9sz\u00edt\u0151 kurzust tart magyar hallgat\u00f3knak.<\/p>","protected":false},"excerpt":{"rendered":"<p>Bemutatkoz\u00e1s Az ELTE B\u00f6lcs\u00e9szettudom\u00e1nyi Kar\u00e1n szerezte diplom\u00e1j\u00e1t. P\u00e1ly\u00e1ja elej\u00e9n Spanyolorsz\u00e1gban tan\u00edtott nyelviskol\u00e1kban. 1994-t\u0151l a zs\u00e1mb\u00e9ki Apor Vilmos Tan\u00edt\u00f3k\u00e9pz\u0151 F\u0151iskol\u00e1n tan\u00e1rseg\u00e9dk\u00e9nt dolgozott, majd \u00e9vekig az alap- \u00e9s k\u00f6z\u00e9pfok\u00fa oktat\u00e1sban \u00e9s az ELTE Idegennyelv\u0171 Tov\u00e1bbk\u00e9pz\u0151 K\u00f6zpontban oktatott angol, illetve spanyol nyelvet. Jelenleg r\u00e9szben mag\u00e1ntan\u00e1rk\u00e9nt dolgozik. 2010 -ben kezdett tan\u00edtani az \u00c1llatorvostudom\u00e1nyi Egyetemen \u00f3raad\u00f3 tan\u00e1rk\u00e9nt. Jelenleg spanyol nyelvet<\/p>\n","protected":false},"author":5824,"featured_media":0,"parent":858,"menu_order":210,"comment_status":"closed","ping_status":"closed","template":"","meta":{"_acf_changed":false,"footnotes":""},"categories":[56],"tags":[],"class_list":["post-4390","page","type-page","status-publish","hentry","category-munkatarsak"],"acf":[],"_links":{"self":[{"href":"https:\/\/univet.hu\/hu\/wp-json\/wp\/v2\/pages\/4390","targetHints":{"allow":["GET"]}}],"collection":[{"href":"https:\/\/univet.hu\/hu\/wp-json\/wp\/v2\/pages"}],"about":[{"href":"https:\/\/univet.hu\/hu\/wp-json\/wp\/v2\/types\/page"}],"author":[{"embeddable":true,"href":"https:\/\/univet.hu\/hu\/wp-json\/wp\/v2\/users\/5824"}],"replies":[{"embeddable":true,"href":"https:\/\/univet.hu\/hu\/wp-json\/wp\/v2\/comments?post=4390"}],"version-history":[{"count":1,"href":"https:\/\/univet.hu\/hu\/wp-json\/wp\/v2\/pages\/4390\/revisions"}],"predecessor-version":[{"id":199552,"href":"https:\/\/univet.hu\/hu\/wp-json\/wp\/v2\/pages\/4390\/revisions\/199552"}],"up":[{"embeddable":true,"href":"https:\/\/univet.hu\/hu\/wp-json\/wp\/v2\/pages\/858"}],"wp:attachment":[{"href":"https:\/\/univet.hu\/hu\/wp-json\/wp\/v2\/media?parent=4390"}],"wp:term":[{"taxonomy":"category","embeddable":true,"href":"https:\/\/univet.hu\/hu\/wp-json\/wp\/v2\/categories?post=4390"},{"taxonomy":"post_tag","embeddable":true,"href":"https:\/\/univet.hu\/hu\/wp-json\/wp\/v2\/tags?post=4390"}],"curies":[{"name":"wp","href":"https:\/\/api.w.org\/{rel}","templated":true}]}}