{"id":4420,"date":"2018-01-25T15:04:00","date_gmt":"2018-01-25T14:04:00","guid":{"rendered":"http:\/\/univet.hu\/egyetem\/munkatarsak\/ozsvari-laszlo\/"},"modified":"2026-02-10T04:02:14","modified_gmt":"2026-02-10T03:02:14","slug":"ozsvari-laszlo","status":"publish","type":"page","link":"https:\/\/univet.hu\/hu\/egyetem\/munkatarsak\/ozsvari-laszlo\/","title":{"rendered":"\u00d3zsv\u00e1ri L\u00e1szl\u00f3"},"content":{"rendered":"<p style=\"text-align: center;\"><span style=\"font-size: 14pt;\"><strong>Bemutatkoz\u00e1s<\/strong><\/span><\/p> <p>\u00d3zsv\u00e1ri L\u00e1szl\u00f3 az \u00c1llatorvostudom\u00e1nyi Egyetem T\u00f6rv\u00e9nysz\u00e9ki \u00c1llatorvostani \u00e9s Gazdas\u00e1gtudom\u00e1nyi Tansz\u00e9k\u00e9nek vezet\u0151je \u00e9s oktat\u00e1si rektorhelyettese. Kor\u00e1bban a F\u00f6ldm\u0171vel\u00e9s\u00fcgyi \u00e9s Vid\u00e9kfejleszt\u00e9si Miniszt\u00e9riumban dolgozott az \u00c1llateg\u00e9szs\u00e9g\u00fcgyi \u00e9s \u00c1llatj\u00f3l\u00e9ti Oszt\u00e1ly vezet\u0151jek\u00e9nt, r\u00e9szt vett a k\u00fcl\u00f6nb\u00f6z\u0151 \u00e1llatfajok fert\u0151z\u0151 betegs\u00e9geinek orsz\u00e1gos j\u00e1rv\u00e1nyv\u00e9delmi \u00e9s mentes\u00edt\u00e9si programjaiban mind nemzeti, mind nemzetk\u00f6zi egy\u00fcttm\u0171k\u00f6d\u00e9sben. \u00c1llatorvosi diplom\u00e1j\u00e1t a budapesti \u00c1llatorvostudom\u00e1nyi Egyetemen, gazd\u00e1lkod\u00e1s- \u00e9s szervez\u00e9studom\u00e1nyi PhD fokozat\u00e1t a Szent Istv\u00e1n Egyetemen, MBA diplom\u00e1j\u00e1t a Webster Egyetemen szerezte. T\u00f6bb mint 20 \u00e9ves fels\u0151oktat\u00e1si tapasztalattal rendelkez\u0151 egyetemi docens, aki multidiszciplin\u00e1ris szak\u00e9rtelemmel rendelkezik az \u00e1llateg\u00e9szs\u00e9g\u00fcgyi gazdas\u00e1gtan \u00e9s menedzsment, az \u00e9lelmiszerl\u00e1nc-biztons\u00e1g \u00e9s az \u00e1llateg\u00e9szs\u00e9g\u00fcgyi igazgat\u00e1s ter\u00fclet\u00e9n. Sz\u00e1mos hazai \u00e9s nemzetk\u00f6zi kutat\u00e1si projekt r\u00e9sztvev\u0151je, \u00e9s t\u00f6bb \u00e1llatfajra (pl. szarvasmarha, sert\u00e9s, hal) kiterjed\u0151 kutat\u00e1sokat v\u00e9gez, amelyek eredm\u00e9nyek\u00e9nt kb. 120 lektor\u00e1lt foly\u00f3iratcikk, 15 tan- \u00e9s k\u00e9zik\u00f6nyv fejezet, valamint sz\u00e1mos hazai \u00e9s nemzetk\u00f6zi konferencia-el\u0151ad\u00e1s \u00e9s -poszter sz\u00fcletett.<\/p> <p><strong><u>F\u0151bb kutat\u00e1si ter\u00fcletek:<\/u><\/strong><\/p> <ul> <li>\u00c1llateg\u00e9szs\u00e9g\u00fcgyi gazdas\u00e1gtan \u00e9s menedzsment<\/li> <li>\u00c1llatorvosi praxismenedzsment<\/li> <li>\u00c1llateg\u00e9szs\u00e9g\u00fcgyi igazgat\u00e1s, \u00e1llatv\u00e9delem<\/li> <\/ul> <p><strong><u>Publik\u00e1ci\u00f3s lista (Top10)<\/u><\/strong><\/p> <table style=\"height: 323px;\" width=\"946\"> <tbody> <tr> <td style=\"width: 34px;\">1.<\/td> <td style=\"width: 897.2px;\">Ozsvari L., Lang Zs., Monostori A., Kostoulas P., Fodor I.:\u00a0<strong>Bayesian estimation of the true prevalence of paratuberculosis in Hungarian dairy cattle herds<\/strong>, PREVENTIVE VETERINARY MEDICINE 183: p. 105124. (2020)<br \/> <a href=\"https:\/\/dx.doi.org\/10.1016\/j.prevetmed.2020.105124\"><strong>URL<\/strong><\/a><\/td> <\/tr> <tr> <td style=\"width: 34px;\">2.<\/td> <td style=\"width: 897.2px;\">Ozsvari Laszlo, Harnos Andrea, Lang Zsolt, Monostori Attila, Strain Sam, Fodor Istvan:\u00a0<strong>The Impact of Paratuberculosis on Milk Production, Fertility, and Culling in Large Commercial Hungarian Dairy Herds<\/strong>, FRONTIERS IN VETERINARY SCIENCE 7: 565324 (2020)<br \/> <a href=\"https:\/\/doi.org\/10.3389%2Ffvets.2020.565324\"><strong>URL<\/strong><\/a><\/td> <\/tr> <tr> <td style=\"width: 34px;\">3.<\/td> <td style=\"width: 897.2px;\">Fodor I., G\u00e1bor Gy., Lang Zs., Abonyi-T\u00f3th Zs., \u00d3zsv\u00e1ri L:\u00a0<strong>Relationship between reproductive management practices and fertility in primiparous and multiparous dairy cows<\/strong>, CANADIAN JOURNAL OF VETERINARY RESEARCH-REVUE CANADIENNE DE RECHERCHE VETERINAIRE 83: (3) pp. 218-227. (2019)<\/td> <\/tr> <tr> <td style=\"width: 34px;\">4.<\/td> <td style=\"width: 897.2px;\">Fodor I, Baumgartner W, Abonyi-T\u00f3th Z, Lang Z, \u00d3zsv\u00e1ri L:\u00a0<strong>Associations between management practices and major reproductive parameters of Holstein-Friesian replacement heifers<\/strong>, ANIMAL REPRODUCTION SCIENCE 188: pp. 114-122. (2018)<br \/> <a href=\"https:\/\/dx.doi.org\/10.1016\/j.anireprosci.2017.11.015\"><strong>URL<\/strong><\/a><\/td> <\/tr> <tr> <td style=\"width: 34px;\">5.<\/td> <td style=\"width: 897.2px;\">Fodor I, Abonyi-Toth Z, Ozsvari L:\u00a0<strong>Management practices associated with reproductive performance in Holstein cows on large commercial dairy farms.<\/strong>, ANIMAL: THE INTERNATIONAL JOURNAL OF ANIMAL BIOSCIENCES 12: (11) pp. 2401-6. (2018)<br \/> <a href=\"https:\/\/dx.doi.org\/10.1017\/S1751731118000101\"><strong>URL<\/strong><\/a><\/td> <\/tr> <tr> <td style=\"width: 34px;\">6.<\/td> <td style=\"width: 897.2px;\">Szilvia Vetter, L\u00e1szl\u00f3 Vasa, L\u00e1szl\u00f3 \u00d3zsv\u00e1ri:\u00a0<strong>Economic aspects of animal welfare<\/strong>, ACTA POLYTECHNICA HUNGARICA 11: (7) pp. 119-134. (2014)<br \/> <a href=\"https:\/\/doi.org\/10.12700%2FAPH.11.07.2014.07.8\"><strong>URL<\/strong><\/a><\/td> <\/tr> <tr> <td style=\"width: 34px;\">7.<\/td> <td style=\"width: 897.2px;\">Reiczigel J, Foldi J, Ozsvari L:\u00a0<strong>Exact confidence limits for prevalence of a disease with an imperfect diagnostic test<\/strong>, EPIDEMIOLOGY AND INFECTION 138: (11) pp. 1674-1678. (2010)<br \/> <a href=\"https:\/\/dx.doi.org\/10.1017\/S0950268810000385\"><strong>URL<\/strong><\/a><\/td> <\/tr> <tr> <td style=\"width: 34px;\">8.<\/td> <td style=\"width: 897.2px;\">Gabor G, Toth F, Ozsvari L, Abonyi-Toth Z, Sasser RG:\u00a0<strong>Factors influencing pregnancy rate and late embryonic loss in dairycattle<\/strong>, REPRODUCTION IN DOMESTIC ANIMALS 43: (1) pp. 53-58. (2008)<br \/> <a href=\"https:\/\/doi.org\/10.1111%2Fj.1439-0531.2007.00854.x\"><strong>URL<\/strong><\/a><\/td> <\/tr> <tr> <td style=\"width: 34px;\">9.<\/td> <td style=\"width: 897.2px;\">Gabor G, Torth F, Ozsvari L, Abonyi-Toth Z, Sasser RG:\u00a0<strong>Early detection of pregnancy and embryonic loss in dairy cattle by ELISA tests<\/strong>, REPRODUCTION IN DOMESTIC ANIMALS 42: (6) pp. 633-636. (2007)<br \/> <a href=\"https:\/\/dx.doi.org\/10.1111\/j.1439-0531.2006.00834.x\"><strong>URL<\/strong><\/a><\/td> <\/tr> <tr> <td style=\"width: 34px;\">10.<\/td> <td style=\"width: 897.2px;\">Ozsvari L, Barna R, Visnyei L:\u00a0<strong>L\u00e1bv\u00e9gbetegs\u00e9gek okozta gazdas\u00e1gi vesztes\u00e9gek nagy\u00fczemi holstein-fr\u00edz tehen\u00e9szetekben<\/strong>, MAGYAR \u00c1LLATORVOSOK LAPJA 129: (1) pp. 23-28. (2007)<\/td> <\/tr> <\/tbody> <\/table> <p>&nbsp;<\/p> <p>&nbsp;<\/p> <p>&nbsp;<\/p>","protected":false},"excerpt":{"rendered":"<p>Bemutatkoz\u00e1s \u00d3zsv\u00e1ri L\u00e1szl\u00f3 az \u00c1llatorvostudom\u00e1nyi Egyetem T\u00f6rv\u00e9nysz\u00e9ki \u00c1llatorvostani \u00e9s Gazdas\u00e1gtudom\u00e1nyi Tansz\u00e9k\u00e9nek vezet\u0151je \u00e9s oktat\u00e1si rektorhelyettese. Kor\u00e1bban a F\u00f6ldm\u0171vel\u00e9s\u00fcgyi \u00e9s Vid\u00e9kfejleszt\u00e9si Miniszt\u00e9riumban dolgozott az \u00c1llateg\u00e9szs\u00e9g\u00fcgyi \u00e9s \u00c1llatj\u00f3l\u00e9ti Oszt\u00e1ly vezet\u0151jek\u00e9nt, r\u00e9szt vett a k\u00fcl\u00f6nb\u00f6z\u0151 \u00e1llatfajok fert\u0151z\u0151 betegs\u00e9geinek orsz\u00e1gos j\u00e1rv\u00e1nyv\u00e9delmi \u00e9s mentes\u00edt\u00e9si programjaiban mind nemzeti, mind nemzetk\u00f6zi egy\u00fcttm\u0171k\u00f6d\u00e9sben. \u00c1llatorvosi diplom\u00e1j\u00e1t a budapesti \u00c1llatorvostudom\u00e1nyi Egyetemen, gazd\u00e1lkod\u00e1s- \u00e9s szervez\u00e9studom\u00e1nyi PhD<\/p>\n","protected":false},"author":5824,"featured_media":0,"parent":858,"menu_order":211,"comment_status":"closed","ping_status":"closed","template":"","meta":{"_acf_changed":false,"footnotes":""},"categories":[56],"tags":[],"class_list":["post-4420","page","type-page","status-publish","hentry","category-munkatarsak"],"acf":[],"_links":{"self":[{"href":"https:\/\/univet.hu\/hu\/wp-json\/wp\/v2\/pages\/4420","targetHints":{"allow":["GET"]}}],"collection":[{"href":"https:\/\/univet.hu\/hu\/wp-json\/wp\/v2\/pages"}],"about":[{"href":"https:\/\/univet.hu\/hu\/wp-json\/wp\/v2\/types\/page"}],"author":[{"embeddable":true,"href":"https:\/\/univet.hu\/hu\/wp-json\/wp\/v2\/users\/5824"}],"replies":[{"embeddable":true,"href":"https:\/\/univet.hu\/hu\/wp-json\/wp\/v2\/comments?post=4420"}],"version-history":[{"count":3,"href":"https:\/\/univet.hu\/hu\/wp-json\/wp\/v2\/pages\/4420\/revisions"}],"predecessor-version":[{"id":188036,"href":"https:\/\/univet.hu\/hu\/wp-json\/wp\/v2\/pages\/4420\/revisions\/188036"}],"up":[{"embeddable":true,"href":"https:\/\/univet.hu\/hu\/wp-json\/wp\/v2\/pages\/858"}],"wp:attachment":[{"href":"https:\/\/univet.hu\/hu\/wp-json\/wp\/v2\/media?parent=4420"}],"wp:term":[{"taxonomy":"category","embeddable":true,"href":"https:\/\/univet.hu\/hu\/wp-json\/wp\/v2\/categories?post=4420"},{"taxonomy":"post_tag","embeddable":true,"href":"https:\/\/univet.hu\/hu\/wp-json\/wp\/v2\/tags?post=4420"}],"curies":[{"name":"wp","href":"https:\/\/api.w.org\/{rel}","templated":true}]}}