{"id":4438,"date":"2017-09-12T11:32:00","date_gmt":"2017-09-12T09:32:00","guid":{"rendered":"http:\/\/univet.hu\/egyetem\/munkatarsak\/palkovicsne-pezsa-nikolett\/"},"modified":"2026-02-10T04:02:18","modified_gmt":"2026-02-10T03:02:18","slug":"palkovicsne-pezsa-nikolett","status":"publish","type":"page","link":"https:\/\/univet.hu\/hu\/egyetem\/munkatarsak\/palkovicsne-pezsa-nikolett\/","title":{"rendered":"P\u00e9zsa Nikolett"},"content":{"rendered":"<p><span style=\"font-family: impact, sans-serif\"><strong>Tanulm\u00e1nyok<\/strong><\/span><\/p> <p>2007-ben v\u00e9gzett okleveles biom\u00e9rn\u00f6kk\u00e9nt a Budapesti M\u0171szaki \u00e9s Gazdas\u00e1gtudom\u00e1nyi Egyetem Vegy\u00e9szm\u00e9rn\u00f6ki Kar\u00e1n.<\/p> <p>2006-ban f\u00e9l \u00e9vet Erasmus hallgat\u00f3k\u00e9nt Sv\u00e9dorsz\u00e1gban t\u00f6lt\u00f6tt (Lunds University).<\/p> <p>2012-ben okleveles m\u00e9rn\u00f6ktan\u00e1ri oklevelet szerezett a Budapesti M\u0171szaki \u00e9s Gazdas\u00e1gtudom\u00e1nyi Egyetemen.<\/p> <p>2014-ben v\u00e9gzett a Szent Istv\u00e1n Egyetem \u00c1llatorvos-tudom\u00e1nyi Kar\u00e1n lovas-tan\u00e1r (hippol\u00f3gus) \u00e9s \u2013 szervez\u0151 szakon.<\/p> <p>2017-ben kezdte meg PhD tanulm\u00e1nyait az \u00c1llatorvostudom\u00e1nyi Egyetem Doktori Iskol\u00e1j\u00e1ban. T\u00e9mavezet\u0151i Dr. Farkas Orsolya \u00e9s Dr. R\u00e1cz Bence.<\/p> <p><span style=\"font-family: impact, sans-serif\"><strong>Munkahelyek<\/strong><\/span><\/p> <p>2007-2014: BME-EJJT \u00fcgyv\u00edv\u0151 szak\u00e9rt\u0151<\/p> <p>2010-2011: 1 \u00e9ves \u00f6szt\u00f6nd\u00edj keret\u00e9ben Jap\u00e1nban kutatott (Shizuoka University). Kutat\u00e1si t\u00e9m\u00e1ja a bioetanol el\u0151\u00e1ll\u00edt\u00e1s volt pap\u00edripari hullad\u00e9kb\u00f3l.<\/p> <p><span style=\"font-family: impact, sans-serif\"><strong>Tudom\u00e1nyos szakter\u00fclet\/kutat\u00e1si ter\u00fclet<\/strong><\/span><\/p> <p>K\u00fcl\u00f6nb\u00f6z\u0151 probiotikumok hat\u00e1s\u00e1t vizsg\u00e1lja b\u00e9lh\u00e1msejtek funkcion\u00e1lis \u00e9s molekul\u00e1ris \u00e1llapot\u00e1ra.<\/p> <p>TDK-hallgat\u00f3k sz\u00e1ma: t\u00e1rst\u00e9mavezet\u0151k\u00e9nt 4 TDK-hallgat\u00f3val foglalkozott.<\/p> <p>&nbsp;<\/p> <p><span style=\"font-family: impact, sans-serif\">El\u0151rehalad\u00e1s<\/span><\/p> <table style=\"height: 58px\" width=\"218\"> <tbody> <tr> <td style=\"width: 101px\">2017 &#8211;<\/td> <td style=\"width: 101px;text-align: center\">PhD hallgat\u00f3<\/td> <\/tr> <\/tbody> <\/table> <p><span style=\"font-family: impact, sans-serif\"><strong>Publik\u00e1ci\u00f3s lista:<\/strong><\/span><\/p> <p style=\"text-align: center\">MTMT:\u00a0<a href=\"https:\/\/m2.mtmt.hu\/gui2\/?type=authors&amp;mode=browse&amp;sel=authors10061966\">https:\/\/m2.mtmt.hu\/gui2\/?type=authors&amp;mode=browse&amp;sel=authors10061966<\/a><\/p> <p>(Friss\u00edtve: 2021. augusztus)<\/p>","protected":false},"excerpt":{"rendered":"<p>Tanulm\u00e1nyok 2007-ben v\u00e9gzett okleveles biom\u00e9rn\u00f6kk\u00e9nt a Budapesti M\u0171szaki \u00e9s Gazdas\u00e1gtudom\u00e1nyi Egyetem Vegy\u00e9szm\u00e9rn\u00f6ki Kar\u00e1n. 2006-ban f\u00e9l \u00e9vet Erasmus hallgat\u00f3k\u00e9nt Sv\u00e9dorsz\u00e1gban t\u00f6lt\u00f6tt (Lunds University). 2012-ben okleveles m\u00e9rn\u00f6ktan\u00e1ri oklevelet szerezett a Budapesti M\u0171szaki \u00e9s Gazdas\u00e1gtudom\u00e1nyi Egyetemen. 2014-ben v\u00e9gzett a Szent Istv\u00e1n Egyetem \u00c1llatorvos-tudom\u00e1nyi Kar\u00e1n lovas-tan\u00e1r (hippol\u00f3gus) \u00e9s \u2013 szervez\u0151 szakon. 2017-ben kezdte meg PhD tanulm\u00e1nyait az \u00c1llatorvostudom\u00e1nyi Egyetem<\/p>\n","protected":false},"author":5824,"featured_media":0,"parent":858,"menu_order":211,"comment_status":"closed","ping_status":"closed","template":"","meta":{"_acf_changed":false,"footnotes":""},"categories":[56],"tags":[],"class_list":["post-4438","page","type-page","status-publish","hentry","category-munkatarsak"],"acf":[],"_links":{"self":[{"href":"https:\/\/univet.hu\/hu\/wp-json\/wp\/v2\/pages\/4438","targetHints":{"allow":["GET"]}}],"collection":[{"href":"https:\/\/univet.hu\/hu\/wp-json\/wp\/v2\/pages"}],"about":[{"href":"https:\/\/univet.hu\/hu\/wp-json\/wp\/v2\/types\/page"}],"author":[{"embeddable":true,"href":"https:\/\/univet.hu\/hu\/wp-json\/wp\/v2\/users\/5824"}],"replies":[{"embeddable":true,"href":"https:\/\/univet.hu\/hu\/wp-json\/wp\/v2\/comments?post=4438"}],"version-history":[{"count":1,"href":"https:\/\/univet.hu\/hu\/wp-json\/wp\/v2\/pages\/4438\/revisions"}],"predecessor-version":[{"id":184544,"href":"https:\/\/univet.hu\/hu\/wp-json\/wp\/v2\/pages\/4438\/revisions\/184544"}],"up":[{"embeddable":true,"href":"https:\/\/univet.hu\/hu\/wp-json\/wp\/v2\/pages\/858"}],"wp:attachment":[{"href":"https:\/\/univet.hu\/hu\/wp-json\/wp\/v2\/media?parent=4438"}],"wp:term":[{"taxonomy":"category","embeddable":true,"href":"https:\/\/univet.hu\/hu\/wp-json\/wp\/v2\/categories?post=4438"},{"taxonomy":"post_tag","embeddable":true,"href":"https:\/\/univet.hu\/hu\/wp-json\/wp\/v2\/tags?post=4438"}],"curies":[{"name":"wp","href":"https:\/\/api.w.org\/{rel}","templated":true}]}}