{"id":44409,"date":"2019-09-25T10:41:09","date_gmt":"2019-09-25T08:41:09","guid":{"rendered":"https:\/\/univet.hu\/?page_id=44409"},"modified":"2019-11-21T11:21:54","modified_gmt":"2019-11-21T10:21:54","slug":"koszontjuk-az-ate-alumni-oldalan","status":"publish","type":"page","link":"https:\/\/univet.hu\/hu\/alumni\/koszontjuk-az-ate-alumni-oldalan\/","title":{"rendered":"K\u00f6sz\u00f6ntj\u00fck az \u00c1TE Alumni oldal\u00e1n"},"content":{"rendered":"<h3><a href=\"https:\/\/univet.hu\/wp-content\/uploads\/2018\/06\/sotonyi-peter.jpg\"><img loading=\"lazy\" decoding=\"async\" class=\"alignright wp-image-5647 size-medium\" src=\"https:\/\/univet.hu\/wp-content\/uploads\/2018\/06\/sotonyi-peter-268x320.jpg\" alt=\"\" width=\"268\" height=\"320\" srcset=\"https:\/\/univet.hu\/wp-content\/uploads\/2018\/06\/sotonyi-peter-268x320.jpg 268w, https:\/\/univet.hu\/wp-content\/uploads\/2018\/06\/sotonyi-peter.jpg 637w\" sizes=\"auto, (max-width: 268px) 100vw, 268px\" \/><\/a>Kedves Koll\u00e9g\u00e1m!<\/h3> <p>K\u00f6sz\u00f6nt\u00f6m az \u00c1llatorvostudom\u00e1nyi Egyetem Alumni oldal\u00e1n. Fontosnak tartom, hogy v\u00e9gzett \u00e1llatorvosaink az egyetemr\u0151l kil\u00e9pve is r\u00e9szei maradjanak annak az \u00f6sszetart\u00f3, egym\u00e1st seg\u00edt\u0151, \u00e9p\u00edt\u0151 k\u00f6z\u00f6ss\u00e9gnek, amit a 232 \u00e9ves Alma Mater falai k\u00f6z\u00f6tt megtapasztalhattak. Sz\u00e1mos kultur\u00e1lis \u00e9s szakmai tal\u00e1lkoz\u00f3t szervez\u00fcnk, ahol volt hallgat\u00f3ink, imm\u00e1r \u00e1llatorvos koll\u00e9g\u00e1ink, megoszthatj\u00e1k tapasztalataikat, megvitathatj\u00e1k az aktu\u00e1lis \u00e1llateg\u00e9szs\u00e9g\u00fcgyi t\u00e9m\u00e1kat vagy feleleven\u00edthetik egyetemi \u00e9lm\u00e9nyeiket. \u00c9vfolyamtal\u00e1lkoz\u00f3kat szervez\u00fcnk, hogy \u00fajra \u00f6sszehozzuk a 10 illetve 25 \u00e9ve v\u00e9gzett hallgat\u00f3inkat, valamint folyamatosan megosztjuk az egyetemmel \u00e9s a k\u00e9pz\u00e9ssel kapcsolatos legfontosabb h\u00edreinket.<\/p> <p>Az elm\u00falt \u00e9vtizedek sok v\u00e1ltoz\u00e1st hoztak, de egyetem\u00fcnk 232 \u00e9ve t\u00f6retlen\u00fcl vallott alapelvei nem v\u00e1ltoztak: a k\u00e9pz\u00e9s c\u00e9lja ma is az, hogy olyan \u00e1llatorvosokat k\u00e9pezz\u00fcnk, akik az \u00e1llatorvosi hivat\u00e1s b\u00e1rmely ter\u00fclet\u00e9n meg\u00e1llj\u00e1k a hely\u00fcket \u00e9s tov\u00e1bb viszik a magyar \u00e1llatorvosl\u00e1s j\u00f3h\u00edr\u00e9t.<\/p> <p>Rem\u00e9lem \u00d6n is akt\u00edv tagja lesz Alumni K\u00f6z\u00f6ss\u00e9g\u00fcnknek!<\/p> <p style=\"text-align: left;\"><strong>Dr. S\u00f3tonyi P\u00e9ter<\/strong><\/p> <p style=\"text-align: left;\">rektor<\/p>","protected":false},"excerpt":{"rendered":"<p>Kedves Koll\u00e9g\u00e1m! K\u00f6sz\u00f6nt\u00f6m az \u00c1llatorvostudom\u00e1nyi Egyetem Alumni oldal\u00e1n. Fontosnak tartom, hogy v\u00e9gzett \u00e1llatorvosaink az egyetemr\u0151l kil\u00e9pve is r\u00e9szei maradjanak annak az \u00f6sszetart\u00f3, egym\u00e1st seg\u00edt\u0151, \u00e9p\u00edt\u0151 k\u00f6z\u00f6ss\u00e9gnek, amit a 232 \u00e9ves Alma Mater falai k\u00f6z\u00f6tt megtapasztalhattak. Sz\u00e1mos kultur\u00e1lis \u00e9s szakmai tal\u00e1lkoz\u00f3t szervez\u00fcnk, ahol volt hallgat\u00f3ink, imm\u00e1r \u00e1llatorvos koll\u00e9g\u00e1ink, megoszthatj\u00e1k tapasztalataikat, megvitathatj\u00e1k az aktu\u00e1lis \u00e1llateg\u00e9szs\u00e9g\u00fcgyi t\u00e9m\u00e1kat vagy<\/p>\n","protected":false},"author":7,"featured_media":0,"parent":44410,"menu_order":0,"comment_status":"closed","ping_status":"closed","template":"","meta":{"_acf_changed":false,"footnotes":""},"categories":[],"tags":[],"class_list":["post-44409","page","type-page","status-publish","hentry"],"acf":[],"_links":{"self":[{"href":"https:\/\/univet.hu\/hu\/wp-json\/wp\/v2\/pages\/44409","targetHints":{"allow":["GET"]}}],"collection":[{"href":"https:\/\/univet.hu\/hu\/wp-json\/wp\/v2\/pages"}],"about":[{"href":"https:\/\/univet.hu\/hu\/wp-json\/wp\/v2\/types\/page"}],"author":[{"embeddable":true,"href":"https:\/\/univet.hu\/hu\/wp-json\/wp\/v2\/users\/7"}],"replies":[{"embeddable":true,"href":"https:\/\/univet.hu\/hu\/wp-json\/wp\/v2\/comments?post=44409"}],"version-history":[{"count":0,"href":"https:\/\/univet.hu\/hu\/wp-json\/wp\/v2\/pages\/44409\/revisions"}],"up":[{"embeddable":true,"href":"https:\/\/univet.hu\/hu\/wp-json\/wp\/v2\/pages\/44410"}],"wp:attachment":[{"href":"https:\/\/univet.hu\/hu\/wp-json\/wp\/v2\/media?parent=44409"}],"wp:term":[{"taxonomy":"category","embeddable":true,"href":"https:\/\/univet.hu\/hu\/wp-json\/wp\/v2\/categories?post=44409"},{"taxonomy":"post_tag","embeddable":true,"href":"https:\/\/univet.hu\/hu\/wp-json\/wp\/v2\/tags?post=44409"}],"curies":[{"name":"wp","href":"https:\/\/api.w.org\/{rel}","templated":true}]}}