{"id":44416,"date":"2019-09-25T10:49:01","date_gmt":"2019-09-25T08:49:01","guid":{"rendered":"https:\/\/univet.hu\/?page_id=44416"},"modified":"2023-09-08T09:30:56","modified_gmt":"2023-09-08T07:30:56","slug":"csatlakozzon-az-alumni-online-kozossegehez","status":"publish","type":"page","link":"https:\/\/univet.hu\/hu\/alumni\/csatlakozzon-az-alumni-online-kozossegehez\/","title":{"rendered":"Csatlakozzon az \u00c1TE Alumni Online K\u00f6z\u00f6ss\u00e9g\u00e9hez"},"content":{"rendered":"<p><strong>Alumni Irod\u00e1nk sz\u00e1mos olyan szolg\u00e1ltat\u00e1st ny\u00fajt az \u00c1llatorvostudom\u00e1nyi Egyetem v\u00e9gzett hallgat\u00f3inak, amelyek lehet\u0151s\u00e9get k\u00edn\u00e1lnak arra, hogy a v\u00e9gzett hallgat\u00f3k k\u00f6z\u00f6tti szakmai \u00e9s bar\u00e1ti kapcsolatok felelevenedjenek \u00e9s \u00fajra elm\u00e9ly\u00fcljenek. <\/strong><\/p> <p><strong>Arra biztatjuk \u00d6n\u00f6ket, hogy legyenek az egykori Alma Mater\u00fck sz\u00f6vets\u00e9gesei \u00e9s csatlakozzanak az Alumni Online K\u00f6z\u00f6ss\u00e9ghez, vegyenek r\u00e9szt annak szerte\u00e1gaz\u00f3, kultur\u00e1lis \u00e9s szakmai rendezv\u00e9nyein.<\/strong><\/p> <p>Az \u00e9vente, sz\u00e1mos alkalommal megrendez\u00e9sre ker\u00fcl\u0151 <a href=\"https:\/\/univet.hu\/hu\/alumniminta\/evfolyamtalalkozok\/\" target=\"_blank\" rel=\"noopener\"><strong>Alumni\u00a0\u00e9vfolyamtal\u00e1lkoz\u00f3ink<\/strong><\/a> lehet\u0151s\u00e9get k\u00edn\u00e1lnak arra, hogy az \u00c1llatorvostudom\u00e1nyi Egyetem egykori di\u00e1kjai \u00fajra tal\u00e1lkozzanak egym\u00e1ssal \u00e9s feleleven\u00edts\u00e9k k\u00f6z\u00f6s eml\u00e9keiket, megossz\u00e1k egym\u00e1ssal szakmai karrierj\u00fck felejthetetlen pillanatait, m\u00e9rf\u00f6ldk\u00f6veit.<\/p> <p><a href=\"https:\/\/univet.hu\/wp-content\/uploads\/2019\/10\/regioszttali.png\"><img loading=\"lazy\" decoding=\"async\" class=\"size-full wp-image-45157 aligncenter\" src=\"https:\/\/univet.hu\/wp-content\/uploads\/2019\/10\/regioszttali.png\" alt=\"\" width=\"799\" height=\"401\" srcset=\"https:\/\/univet.hu\/wp-content\/uploads\/2019\/10\/regioszttali.png 799w, https:\/\/univet.hu\/wp-content\/uploads\/2019\/10\/regioszttali-320x161.png 320w, https:\/\/univet.hu\/wp-content\/uploads\/2019\/10\/regioszttali-768x385.png 768w, https:\/\/univet.hu\/wp-content\/uploads\/2019\/10\/regioszttali-440x220.png 440w\" sizes=\"auto, (max-width: 799px) 100vw, 799px\" \/><\/a><\/p> <p>&nbsp;<\/p> <p>Az <a href=\"https:\/\/univet.hu\/hu\/alumniminta\/szakmai-es-kozossegi-forumok\/\" target=\"_blank\" rel=\"noopener\"><strong>Alumni F\u00f3rumokon<\/strong><\/a> az Alumni tagjaink is kezdem\u00e9nyezhetik szakmai t\u00e9m\u00e1k megvitat\u00e1s\u00e1t, kutat\u00e1si eredm\u00e9nyek k\u00f6zz\u00e9t\u00e9tel\u00e9t, szakmai tapasztalatok sz\u00e9lesk\u00f6r\u0171 megoszt\u00e1s\u00e1t. Term\u00e9szetesen olyan f\u00f3rumok is el\u00e9rhet\u0151k lesznek, ahol a szem\u00e9lyesebb, k\u00f6tetlen t\u00e9m\u00e1j\u00fa besz\u00e9lget\u00e9sek \u00e9s kapcsolatfelv\u00e9tel is lehets\u00e9ges.<\/p> <p>Amennyiben nem tudott r\u00e9szt venni saj\u00e1t \u00e9vfolyam\u00e1nak a tal\u00e1lkoz\u00f3j\u00e1n, l\u00e1togasson el az <strong><a href=\"https:\/\/univet.hu\/hu\/alumniminta\/alumni-tagok\/alumni-interjuk-tortenetek\/\" target=\"_blank\" rel=\"noopener\">Alumni interj\u00fak\u00a0\u00e9s t\u00f6rt\u00e9netek<\/a>\u00a0<\/strong>men\u00fcpontba, ahol elolvashatja egykori di\u00e1kt\u00e1rsair\u00f3l sz\u00f3l\u00f3 bejegyz\u00e9seinket, valamint\u00a0megoszthatja vel\u00fcnk saj\u00e1t karriert\u00f6rt\u00e9net\u00e9t is.<\/p> <p>A havi rendszeress\u00e9g\u0171 <a href=\"https:\/\/univet.hu\/hu\/alumniminta\/alumni-hirlevel\/\" target=\"_blank\" rel=\"noopener\"><strong>Alumni h\u00edrleveleinkben<\/strong><\/a> besz\u00e1molunk az Egyetem aktu\u00e1lis esem\u00e9nyeir\u0151l \u00e9s legfrissebb h\u00edreir\u0151l, konferenci\u00e1inkr\u00f3l, postgradu\u00e1lis k\u00e9pz\u00e9seinkr\u0151l, Alumni tal\u00e1lkoz\u00f3kr\u00f3l \u00e9s az egyetemi di\u00e1k\u00e9letr\u0151l.<\/p> <p>Partnereink k\u00f6zrem\u0171k\u00f6d\u00e9s\u00e9vel\u00a0<a href=\"https:\/\/univet.hu\/hu\/alumniminta\/alumni-karrier-iroda\/\" target=\"_blank\" rel=\"noopener\"><strong>Karrier irod\u00e1nk<\/strong><\/a> sz\u00e1mos magyar \u00e9s nemzetk\u00f6zi \u00e1llatorvos poz\u00edci\u00f3t hirdet meg v\u00e9gzett hallgat\u00f3ink sz\u00e1m\u00e1ra. L\u00e1togasson el az oldalra \u00e9s b\u00f6ng\u00e9sszen az aktu\u00e1lis \u00e1ll\u00e1saj\u00e1nlataink k\u00f6z\u00f6tt. Amennyiben <strong>gyakornokot<\/strong> vagy <strong>p\u00e1lyakezd\u0151<\/strong> \u00e1llatorvost keres, k\u00e9rj\u00fck, vegye fel vel\u00fcnk a kapcsolatot a <a class=\"decrypt\" rel=\"sfoef{wfozAvojwfu\/iv\" href=\"javascript:void(0);\">[Kattintson az emailc\u00edmhez]<\/a> e-mail c\u00edmen.<\/p> <p><a href=\"https:\/\/univet.hu\/hu\/alumniminta\/alumni-kartya\/\" target=\"_blank\" rel=\"noopener\"><strong>Alumni k\u00e1rty\u00e1nk<\/strong><\/a>\u00a0haszn\u00e1lat\u00e1val sz\u00e1mos egyetemi szolg\u00e1ltat\u00e1sunk \u00e9rhet\u0151 el ingyenesen vagy jelent\u0151s kedvezm\u00e9nnyel. Partnereink felaj\u00e1nl\u00e1s\u00e1nak k\u00f6sz\u00f6nhet\u0151en, kedvez\u0151bb \u00e1ron foglalhat sz\u00e1ll\u00e1st, vehet r\u00e9szt budapesti kultur\u00e1lis \u00e9s rekre\u00e1ci\u00f3s programokon. Partnerlist\u00e1nkat folyamatosan b\u0151v\u00edtj\u00fck!<\/p> <p><a href=\"https:\/\/univet.hu\/wp-content\/uploads\/2019\/10\/osztalykep.jpg\"><img loading=\"lazy\" decoding=\"async\" class=\"size-large wp-image-45565 aligncenter\" src=\"https:\/\/univet.hu\/wp-content\/uploads\/2019\/10\/osztalykep-960x640.jpg\" alt=\"\" width=\"640\" height=\"427\" srcset=\"https:\/\/univet.hu\/wp-content\/uploads\/2019\/10\/osztalykep-960x640.jpg 960w, https:\/\/univet.hu\/wp-content\/uploads\/2019\/10\/osztalykep-320x213.jpg 320w, https:\/\/univet.hu\/wp-content\/uploads\/2019\/10\/osztalykep-768x512.jpg 768w, https:\/\/univet.hu\/wp-content\/uploads\/2019\/10\/osztalykep.jpg 1327w\" sizes=\"auto, (max-width: 640px) 100vw, 640px\" \/><\/a><\/p> <p>Abban az esetben, ha \u00d6n is szeretne akt\u00edvan r\u00e9szt venni Egyetem\u00fcnk \u00e9let\u00e9ben, <a href=\"https:\/\/univet.hu\/hu\/alumniminta\/alumni-onkentesseg\/\" target=\"_blank\" rel=\"noopener\"><strong>Alumni \u00f6nk\u00e9ntess\u00e9gre<\/strong><\/a> is van lehet\u0151s\u00e9g. Ilyenek az egyetemi rendezv\u00e9nyein val\u00f3 k\u00f6zrem\u0171k\u00f6d\u00e9s, ak\u00e1r mint megh\u00edvott el\u0151ad\u00f3, ak\u00e1r mint operat\u00edv munk\u00e1ban seg\u00edt\u0151 koll\u00e9ga. A k\u00f6zelj\u00f6v\u0151ben szeretn\u00e9nk \u00e9letre h\u00edvni az <strong>Alumni mentor<\/strong> programot is, amelynek sor\u00e1n szakmai seg\u00edts\u00e9get ny\u00fajthat jelenlegi hallgat\u00f3inknak.<\/p> <p>Alap\u00edtv\u00e1nyunkon kereszt\u00fcl <a href=\"https:\/\/univet.hu\/hu\/alumniminta\/alumni-adomanyozas\/\" target=\"_blank\" rel=\"noopener\"><strong>Alumni adom\u00e1ny<\/strong><\/a> felaj\u00e1nl\u00e1s\u00e1val is tudja t\u00e1mogatni az egyetem \u00e9let\u00e9t, legyen sz\u00f3 kutat\u00e1sr\u00f3l, fejleszt\u00e9sr\u0151l, tehets\u00e9ggondoz\u00e1sr\u00f3l vagy di\u00e1k\u00e9let sz\u00ednesebb\u00e9 t\u00e9tel\u00e9r\u0151l.<\/p> <p><strong>K\u00e9rj\u00fck, <a href=\"https:\/\/indico.univet.hu\/e\/AlumniRegisztracio\" target=\"_blank\" rel=\"noopener\">itt<\/a> regisztr\u00e1ljon az el\u00e9rhet\u0151 Alumni szolg\u00e1ltat\u00e1saink\u00e9rt!<\/strong><\/p> <p>&nbsp;<\/p>","protected":false},"excerpt":{"rendered":"<p>Alumni Irod\u00e1nk sz\u00e1mos olyan szolg\u00e1ltat\u00e1st ny\u00fajt az \u00c1llatorvostudom\u00e1nyi Egyetem v\u00e9gzett hallgat\u00f3inak, amelyek lehet\u0151s\u00e9get k\u00edn\u00e1lnak arra, hogy a v\u00e9gzett hallgat\u00f3k k\u00f6z\u00f6tti szakmai \u00e9s bar\u00e1ti kapcsolatok felelevenedjenek \u00e9s \u00fajra elm\u00e9ly\u00fcljenek. Arra biztatjuk \u00d6n\u00f6ket, hogy legyenek az egykori Alma Mater\u00fck sz\u00f6vets\u00e9gesei \u00e9s csatlakozzanak az Alumni Online K\u00f6z\u00f6ss\u00e9ghez, vegyenek r\u00e9szt annak szerte\u00e1gaz\u00f3, kultur\u00e1lis \u00e9s szakmai rendezv\u00e9nyein. Az \u00e9vente, sz\u00e1mos<\/p>\n","protected":false},"author":7,"featured_media":0,"parent":44410,"menu_order":0,"comment_status":"closed","ping_status":"closed","template":"","meta":{"_acf_changed":false,"footnotes":""},"categories":[],"tags":[],"class_list":["post-44416","page","type-page","status-publish","hentry"],"acf":[],"_links":{"self":[{"href":"https:\/\/univet.hu\/hu\/wp-json\/wp\/v2\/pages\/44416","targetHints":{"allow":["GET"]}}],"collection":[{"href":"https:\/\/univet.hu\/hu\/wp-json\/wp\/v2\/pages"}],"about":[{"href":"https:\/\/univet.hu\/hu\/wp-json\/wp\/v2\/types\/page"}],"author":[{"embeddable":true,"href":"https:\/\/univet.hu\/hu\/wp-json\/wp\/v2\/users\/7"}],"replies":[{"embeddable":true,"href":"https:\/\/univet.hu\/hu\/wp-json\/wp\/v2\/comments?post=44416"}],"version-history":[{"count":0,"href":"https:\/\/univet.hu\/hu\/wp-json\/wp\/v2\/pages\/44416\/revisions"}],"up":[{"embeddable":true,"href":"https:\/\/univet.hu\/hu\/wp-json\/wp\/v2\/pages\/44410"}],"wp:attachment":[{"href":"https:\/\/univet.hu\/hu\/wp-json\/wp\/v2\/media?parent=44416"}],"wp:term":[{"taxonomy":"category","embeddable":true,"href":"https:\/\/univet.hu\/hu\/wp-json\/wp\/v2\/categories?post=44416"},{"taxonomy":"post_tag","embeddable":true,"href":"https:\/\/univet.hu\/hu\/wp-json\/wp\/v2\/tags?post=44416"}],"curies":[{"name":"wp","href":"https:\/\/api.w.org\/{rel}","templated":true}]}}