{"id":44419,"date":"2019-09-25T10:53:21","date_gmt":"2019-09-25T08:53:21","guid":{"rendered":"https:\/\/univet.hu\/?page_id=44419"},"modified":"2023-07-17T08:09:42","modified_gmt":"2023-07-17T06:09:42","slug":"alumni-regisztracio","status":"publish","type":"page","link":"https:\/\/univet.hu\/hu\/alumni\/alumni-tagok\/alumni-regisztracio\/","title":{"rendered":"Regisztr\u00e1ci\u00f3"},"content":{"rendered":"<p>&nbsp;<\/p> <p><strong>Csatlakozzon \u00d6n is az \u00c1TE Alumni Online K\u00f6z\u00f6ss\u00e9g\u00e9hez! <\/strong><\/p> <p><strong>Regisztr\u00e1ljon a kedvezm\u00e9nyes szolg\u00e1ltat\u00e1sok\u00e9rt, amelyeket <\/strong><strong>csak a regisztr\u00e1lt \u00c1TE Alumni Online K\u00f6z\u00f6ss\u00e9g\u00e9nek tagjai tudnak ig\u00e9nybe venni.<\/strong><\/p> <p>K\u00e9rj\u00fck, kattintson\u00a0<a href=\"https:\/\/indico.univet.hu\/e\/AlumniRegisztracio\" target=\"_blank\" rel=\"noopener\">ide<\/a> a regisztr\u00e1ci\u00f3hoz!<\/p> <p>&nbsp;<\/p> <p>&nbsp;<\/p> <p>&nbsp;<\/p> <p>&nbsp;<\/p>","protected":false},"excerpt":{"rendered":"<p>&nbsp; Csatlakozzon \u00d6n is az \u00c1TE Alumni Online K\u00f6z\u00f6ss\u00e9g\u00e9hez! Regisztr\u00e1ljon a kedvezm\u00e9nyes szolg\u00e1ltat\u00e1sok\u00e9rt, amelyeket csak a regisztr\u00e1lt \u00c1TE Alumni Online K\u00f6z\u00f6ss\u00e9g\u00e9nek tagjai tudnak ig\u00e9nybe venni. K\u00e9rj\u00fck, kattintson\u00a0ide a regisztr\u00e1ci\u00f3hoz! &nbsp; &nbsp; &nbsp; &nbsp;<\/p>\n","protected":false},"author":7,"featured_media":0,"parent":44425,"menu_order":85,"comment_status":"closed","ping_status":"closed","template":"","meta":{"_acf_changed":false,"footnotes":""},"categories":[],"tags":[],"class_list":["post-44419","page","type-page","status-publish","hentry"],"acf":[],"_links":{"self":[{"href":"https:\/\/univet.hu\/hu\/wp-json\/wp\/v2\/pages\/44419","targetHints":{"allow":["GET"]}}],"collection":[{"href":"https:\/\/univet.hu\/hu\/wp-json\/wp\/v2\/pages"}],"about":[{"href":"https:\/\/univet.hu\/hu\/wp-json\/wp\/v2\/types\/page"}],"author":[{"embeddable":true,"href":"https:\/\/univet.hu\/hu\/wp-json\/wp\/v2\/users\/7"}],"replies":[{"embeddable":true,"href":"https:\/\/univet.hu\/hu\/wp-json\/wp\/v2\/comments?post=44419"}],"version-history":[{"count":0,"href":"https:\/\/univet.hu\/hu\/wp-json\/wp\/v2\/pages\/44419\/revisions"}],"up":[{"embeddable":true,"href":"https:\/\/univet.hu\/hu\/wp-json\/wp\/v2\/pages\/44425"}],"wp:attachment":[{"href":"https:\/\/univet.hu\/hu\/wp-json\/wp\/v2\/media?parent=44419"}],"wp:term":[{"taxonomy":"category","embeddable":true,"href":"https:\/\/univet.hu\/hu\/wp-json\/wp\/v2\/categories?post=44419"},{"taxonomy":"post_tag","embeddable":true,"href":"https:\/\/univet.hu\/hu\/wp-json\/wp\/v2\/tags?post=44419"}],"curies":[{"name":"wp","href":"https:\/\/api.w.org\/{rel}","templated":true}]}}